{"id":11769,"date":"2022-07-27T08:55:11","date_gmt":"2022-07-27T06:55:11","guid":{"rendered":"https:\/\/amatech.com.pl\/sklep\/czesci-zamienne\/kolo-amazone-iv-4-14\/"},"modified":"2026-04-28T14:56:00","modified_gmt":"2026-04-28T12:56:00","slug":"kolo-amazone-iv-4-14","status":"publish","type":"product","link":"https:\/\/amatech.com.pl\/sklep\/czesci-zamienne\/kolo-amazone-iv-4-14\/","title":{"rendered":"KO\u0141O AMAZONE    A9-1-3"},"content":{"rendered":"<p><span style=\"font-size:20px\"><strong>KO&#321;O &#346;CIE&#379;EK TECHNOLOGICZNYCH&nbsp; 3363500<\/strong><\/p>\n<p><strong>Zastosowanie<\/strong><\/span><\/p>\n<p>AD 03 Super\/Special&nbsp;od 05-2002<br \/>AD 2500, 3000, 3500, 4000 Super\/Special&nbsp;&nbsp;od 01-2011<br \/>D9 2500, 3000, 3500, 4000 Super\/Special&nbsp;&nbsp;od 01-2011<\/p>\n<p><span style=\"font-size:18px\"><strong>Wymiary<\/strong><\/span><br \/><span style=\"font-size: 12px\">D&#322;ugo&#347;&#263;&nbsp; 62 mm<br \/>Szeroko&#347;&#263; 62 mm<br \/>Wysoko&#347;&#263;&nbsp; 18 mm<\/span><\/p>\n<p><span style=\"font-size:18px\"><strong>Producent<br \/>Amazone<\/strong><\/span><\/p>\n<p><\/p>\n","protected":false},"excerpt":{"rendered":"<p>IV-1-1<\/p>\n","protected":false},"featured_media":15533,"template":"","meta":{"_kad_post_transparent":"default","_kad_post_title":"","_kad_post_layout":"default","_kad_post_sidebar_id":"","_kad_post_content_style":"default","_kad_post_vertical_padding":"default","_kad_post_feature":"","_kad_post_feature_position":"","_kad_post_header":false,"_kad_post_footer":false},"product_cat":[324,274,289,275],"product_tag":[],"class_list":{"0":"post-11769","1":"product","2":"type-product","3":"status-publish","4":"has-post-thumbnail","6":"product_cat-amazone-zbozowe","7":"product_cat-siewniki","8":"product_cat-sklep-internetowy","9":"product_cat-zbozowe","11":"first","12":"instock","13":"taxable","14":"shipping-taxable","15":"purchasable","16":"product-type-simple","17":"entry","18":"content-bg","19":"loop-entry"},"yoast_head":"<!-- This site is optimized with the Yoast SEO plugin v24.9 - https:\/\/yoast.com\/wordpress\/plugins\/seo\/ -->\n<title>KO\u0141O AMAZONE  A9-1-3 - AMATECH - Maszyny rolnicze, cz\u0119\u015bci zamienne, serwis<\/title>\n<meta name=\"robots\" content=\"index, follow, max-snippet:-1, max-image-preview:large, max-video-preview:-1\" \/>\n<link rel=\"canonical\" href=\"https:\/\/amatech.com.pl\/sklep\/czesci-zamienne\/kolo-amazone-iv-4-14\/\" \/>\n<meta property=\"og:locale\" content=\"pl_PL\" \/>\n<meta property=\"og:type\" content=\"article\" \/>\n<meta property=\"og:title\" content=\"KO\u0141O AMAZONE  A9-1-3 - AMATECH - Maszyny rolnicze, cz\u0119\u015bci zamienne, serwis\" \/>\n<meta property=\"og:description\" content=\"IV-1-1\" \/>\n<meta property=\"og:url\" content=\"https:\/\/amatech.com.pl\/sklep\/czesci-zamienne\/kolo-amazone-iv-4-14\/\" \/>\n<meta property=\"og:site_name\" content=\"AMATECH - Maszyny rolnicze, cz\u0119\u015bci zamienne, serwis\" \/>\n<meta property=\"article:publisher\" content=\"https:\/\/www.facebook.com\/amatech.poznanski\/\" \/>\n<meta property=\"article:modified_time\" content=\"2026-04-28T12:56:00+00:00\" \/>\n<meta property=\"og:image\" content=\"https:\/\/amatech.com.pl\/sklep\/wp-content\/uploads\/2023\/11\/KOLO-AMAZONE-IV-4-14.jpg\" \/>\n\t<meta property=\"og:image:width\" content=\"640\" \/>\n\t<meta property=\"og:image:height\" content=\"480\" \/>\n\t<meta property=\"og:image:type\" content=\"image\/jpeg\" \/>\n<meta name=\"twitter:card\" content=\"summary_large_image\" \/>\n<script type=\"application\/ld+json\" class=\"yoast-schema-graph\">{\"@context\":\"https:\/\/schema.org\",\"@graph\":[{\"@type\":\"WebPage\",\"@id\":\"https:\/\/amatech.com.pl\/sklep\/czesci-zamienne\/kolo-amazone-iv-4-14\/\",\"url\":\"https:\/\/amatech.com.pl\/sklep\/czesci-zamienne\/kolo-amazone-iv-4-14\/\",\"name\":\"KO\u0141O AMAZONE A9-1-3 - AMATECH - Maszyny rolnicze, cz\u0119\u015bci zamienne, serwis\",\"isPartOf\":{\"@id\":\"https:\/\/amatech.com.pl\/sklep\/#website\"},\"primaryImageOfPage\":{\"@id\":\"https:\/\/amatech.com.pl\/sklep\/czesci-zamienne\/kolo-amazone-iv-4-14\/#primaryimage\"},\"image\":{\"@id\":\"https:\/\/amatech.com.pl\/sklep\/czesci-zamienne\/kolo-amazone-iv-4-14\/#primaryimage\"},\"thumbnailUrl\":\"https:\/\/amatech.com.pl\/sklep\/wp-content\/uploads\/2023\/11\/KOLO-AMAZONE-IV-4-14.jpg\",\"datePublished\":\"2022-07-27T06:55:11+00:00\",\"dateModified\":\"2026-04-28T12:56:00+00:00\",\"breadcrumb\":{\"@id\":\"https:\/\/amatech.com.pl\/sklep\/czesci-zamienne\/kolo-amazone-iv-4-14\/#breadcrumb\"},\"inLanguage\":\"pl-PL\",\"potentialAction\":[{\"@type\":\"ReadAction\",\"target\":[\"https:\/\/amatech.com.pl\/sklep\/czesci-zamienne\/kolo-amazone-iv-4-14\/\"]}]},{\"@type\":\"ImageObject\",\"inLanguage\":\"pl-PL\",\"@id\":\"https:\/\/amatech.com.pl\/sklep\/czesci-zamienne\/kolo-amazone-iv-4-14\/#primaryimage\",\"url\":\"https:\/\/amatech.com.pl\/sklep\/wp-content\/uploads\/2023\/11\/KOLO-AMAZONE-IV-4-14.jpg\",\"contentUrl\":\"https:\/\/amatech.com.pl\/sklep\/wp-content\/uploads\/2023\/11\/KOLO-AMAZONE-IV-4-14.jpg\",\"width\":640,\"height\":480,\"caption\":\"KO\u0141O AMAZONE IV-4-14\"},{\"@type\":\"BreadcrumbList\",\"@id\":\"https:\/\/amatech.com.pl\/sklep\/czesci-zamienne\/kolo-amazone-iv-4-14\/#breadcrumb\",\"itemListElement\":[{\"@type\":\"ListItem\",\"position\":1,\"name\":\"Strona g\u0142\u00f3wna\",\"item\":\"https:\/\/amatech.com.pl\/sklep\/\"},{\"@type\":\"ListItem\",\"position\":2,\"name\":\"Sklep\",\"item\":\"https:\/\/amatech.com.pl\/sklep\/\"},{\"@type\":\"ListItem\",\"position\":3,\"name\":\"KO\u0141O AMAZONE A9-1-3\"}]},{\"@type\":\"WebSite\",\"@id\":\"https:\/\/amatech.com.pl\/sklep\/#website\",\"url\":\"https:\/\/amatech.com.pl\/sklep\/\",\"name\":\"AMATECH - Maszyny rolnicze, cz\u0119\u015bci zamienne, serwis\",\"description\":\"AMATECH - Jaros\u0142aw Pozna\u0144ski - Zajmujemy si\u0119 sprzeda\u017c\u0105 maszyn i urz\u0105dze\u0144 rolniczych budowlanych oraz oryginalnych cz\u0119\u015bci zamiennych. Sklep on-line.\",\"publisher\":{\"@id\":\"https:\/\/amatech.com.pl\/sklep\/#organization\"},\"potentialAction\":[{\"@type\":\"SearchAction\",\"target\":{\"@type\":\"EntryPoint\",\"urlTemplate\":\"https:\/\/amatech.com.pl\/sklep\/?s={search_term_string}\"},\"query-input\":{\"@type\":\"PropertyValueSpecification\",\"valueRequired\":true,\"valueName\":\"search_term_string\"}}],\"inLanguage\":\"pl-PL\"},{\"@type\":\"Organization\",\"@id\":\"https:\/\/amatech.com.pl\/sklep\/#organization\",\"name\":\"AMATECH - Maszyny rolnicze, cz\u0119\u015bci zamienne, amazone, krone\",\"url\":\"https:\/\/amatech.com.pl\/sklep\/\",\"logo\":{\"@type\":\"ImageObject\",\"inLanguage\":\"pl-PL\",\"@id\":\"https:\/\/amatech.com.pl\/sklep\/#\/schema\/logo\/image\/\",\"url\":\"https:\/\/amatech.com.pl\/sklep\/wp-content\/uploads\/2021\/11\/amatech-logo.png\",\"contentUrl\":\"https:\/\/amatech.com.pl\/sklep\/wp-content\/uploads\/2021\/11\/amatech-logo.png\",\"width\":266,\"height\":57,\"caption\":\"AMATECH - Maszyny rolnicze, cz\u0119\u015bci zamienne, amazone, krone\"},\"image\":{\"@id\":\"https:\/\/amatech.com.pl\/sklep\/#\/schema\/logo\/image\/\"},\"sameAs\":[\"https:\/\/www.facebook.com\/amatech.poznanski\/\"]}]}<\/script>\n<!-- \/ Yoast SEO plugin. -->","yoast_head_json":{"title":"KO\u0141O AMAZONE  A9-1-3 - AMATECH - Maszyny rolnicze, cz\u0119\u015bci zamienne, serwis","robots":{"index":"index","follow":"follow","max-snippet":"max-snippet:-1","max-image-preview":"max-image-preview:large","max-video-preview":"max-video-preview:-1"},"canonical":"https:\/\/amatech.com.pl\/sklep\/czesci-zamienne\/kolo-amazone-iv-4-14\/","og_locale":"pl_PL","og_type":"article","og_title":"KO\u0141O AMAZONE  A9-1-3 - AMATECH - Maszyny rolnicze, cz\u0119\u015bci zamienne, serwis","og_description":"IV-1-1","og_url":"https:\/\/amatech.com.pl\/sklep\/czesci-zamienne\/kolo-amazone-iv-4-14\/","og_site_name":"AMATECH - Maszyny rolnicze, cz\u0119\u015bci zamienne, serwis","article_publisher":"https:\/\/www.facebook.com\/amatech.poznanski\/","article_modified_time":"2026-04-28T12:56:00+00:00","og_image":[{"width":640,"height":480,"url":"https:\/\/amatech.com.pl\/sklep\/wp-content\/uploads\/2023\/11\/KOLO-AMAZONE-IV-4-14.jpg","type":"image\/jpeg"}],"twitter_card":"summary_large_image","schema":{"@context":"https:\/\/schema.org","@graph":[{"@type":"WebPage","@id":"https:\/\/amatech.com.pl\/sklep\/czesci-zamienne\/kolo-amazone-iv-4-14\/","url":"https:\/\/amatech.com.pl\/sklep\/czesci-zamienne\/kolo-amazone-iv-4-14\/","name":"KO\u0141O AMAZONE A9-1-3 - AMATECH - Maszyny rolnicze, cz\u0119\u015bci zamienne, serwis","isPartOf":{"@id":"https:\/\/amatech.com.pl\/sklep\/#website"},"primaryImageOfPage":{"@id":"https:\/\/amatech.com.pl\/sklep\/czesci-zamienne\/kolo-amazone-iv-4-14\/#primaryimage"},"image":{"@id":"https:\/\/amatech.com.pl\/sklep\/czesci-zamienne\/kolo-amazone-iv-4-14\/#primaryimage"},"thumbnailUrl":"https:\/\/amatech.com.pl\/sklep\/wp-content\/uploads\/2023\/11\/KOLO-AMAZONE-IV-4-14.jpg","datePublished":"2022-07-27T06:55:11+00:00","dateModified":"2026-04-28T12:56:00+00:00","breadcrumb":{"@id":"https:\/\/amatech.com.pl\/sklep\/czesci-zamienne\/kolo-amazone-iv-4-14\/#breadcrumb"},"inLanguage":"pl-PL","potentialAction":[{"@type":"ReadAction","target":["https:\/\/amatech.com.pl\/sklep\/czesci-zamienne\/kolo-amazone-iv-4-14\/"]}]},{"@type":"ImageObject","inLanguage":"pl-PL","@id":"https:\/\/amatech.com.pl\/sklep\/czesci-zamienne\/kolo-amazone-iv-4-14\/#primaryimage","url":"https:\/\/amatech.com.pl\/sklep\/wp-content\/uploads\/2023\/11\/KOLO-AMAZONE-IV-4-14.jpg","contentUrl":"https:\/\/amatech.com.pl\/sklep\/wp-content\/uploads\/2023\/11\/KOLO-AMAZONE-IV-4-14.jpg","width":640,"height":480,"caption":"KO\u0141O AMAZONE IV-4-14"},{"@type":"BreadcrumbList","@id":"https:\/\/amatech.com.pl\/sklep\/czesci-zamienne\/kolo-amazone-iv-4-14\/#breadcrumb","itemListElement":[{"@type":"ListItem","position":1,"name":"Strona g\u0142\u00f3wna","item":"https:\/\/amatech.com.pl\/sklep\/"},{"@type":"ListItem","position":2,"name":"Sklep","item":"https:\/\/amatech.com.pl\/sklep\/"},{"@type":"ListItem","position":3,"name":"KO\u0141O AMAZONE A9-1-3"}]},{"@type":"WebSite","@id":"https:\/\/amatech.com.pl\/sklep\/#website","url":"https:\/\/amatech.com.pl\/sklep\/","name":"AMATECH - Maszyny rolnicze, cz\u0119\u015bci zamienne, serwis","description":"AMATECH - Jaros\u0142aw Pozna\u0144ski - Zajmujemy si\u0119 sprzeda\u017c\u0105 maszyn i urz\u0105dze\u0144 rolniczych budowlanych oraz oryginalnych cz\u0119\u015bci zamiennych. Sklep on-line.","publisher":{"@id":"https:\/\/amatech.com.pl\/sklep\/#organization"},"potentialAction":[{"@type":"SearchAction","target":{"@type":"EntryPoint","urlTemplate":"https:\/\/amatech.com.pl\/sklep\/?s={search_term_string}"},"query-input":{"@type":"PropertyValueSpecification","valueRequired":true,"valueName":"search_term_string"}}],"inLanguage":"pl-PL"},{"@type":"Organization","@id":"https:\/\/amatech.com.pl\/sklep\/#organization","name":"AMATECH - Maszyny rolnicze, cz\u0119\u015bci zamienne, amazone, krone","url":"https:\/\/amatech.com.pl\/sklep\/","logo":{"@type":"ImageObject","inLanguage":"pl-PL","@id":"https:\/\/amatech.com.pl\/sklep\/#\/schema\/logo\/image\/","url":"https:\/\/amatech.com.pl\/sklep\/wp-content\/uploads\/2021\/11\/amatech-logo.png","contentUrl":"https:\/\/amatech.com.pl\/sklep\/wp-content\/uploads\/2021\/11\/amatech-logo.png","width":266,"height":57,"caption":"AMATECH - Maszyny rolnicze, cz\u0119\u015bci zamienne, amazone, krone"},"image":{"@id":"https:\/\/amatech.com.pl\/sklep\/#\/schema\/logo\/image\/"},"sameAs":["https:\/\/www.facebook.com\/amatech.poznanski\/"]}]}},"_links":{"self":[{"href":"https:\/\/amatech.com.pl\/sklep\/wp-json\/wp\/v2\/product\/11769"}],"collection":[{"href":"https:\/\/amatech.com.pl\/sklep\/wp-json\/wp\/v2\/product"}],"about":[{"href":"https:\/\/amatech.com.pl\/sklep\/wp-json\/wp\/v2\/types\/product"}],"wp:featuredmedia":[{"embeddable":true,"href":"https:\/\/amatech.com.pl\/sklep\/wp-json\/wp\/v2\/media\/15533"}],"wp:attachment":[{"href":"https:\/\/amatech.com.pl\/sklep\/wp-json\/wp\/v2\/media?parent=11769"}],"wp:term":[{"taxonomy":"product_cat","embeddable":true,"href":"https:\/\/amatech.com.pl\/sklep\/wp-json\/wp\/v2\/product_cat?post=11769"},{"taxonomy":"product_tag","embeddable":true,"href":"https:\/\/amatech.com.pl\/sklep\/wp-json\/wp\/v2\/product_tag?post=11769"}],"curies":[{"name":"wp","href":"https:\/\/api.w.org\/{rel}","templated":true}]}}