{"id":11781,"date":"2022-07-27T08:55:18","date_gmt":"2022-07-27T06:55:18","guid":{"rendered":"https:\/\/amatech.com.pl\/sklep\/czesci-zamienne\/lejek-2-dzielny-d8-ad-xiii-2\/"},"modified":"2026-04-28T14:56:24","modified_gmt":"2026-04-28T12:56:24","slug":"lejek-2-dzielny-d8-ad-xiii-2","status":"publish","type":"product","link":"https:\/\/amatech.com.pl\/sklep\/czesci-zamienne\/lejek-2-dzielny-d8-ad-xiii-2\/","title":{"rendered":"LEJEK 2-DZIELNY D8 AD   D5-4"},"content":{"rendered":"<p><font size=\"4\"><font face=\"Verdana\"><font style=\"margin: 0px;padding: 0px;border: 0px;font-style: normal;font-weight: 400;font-size: 14px;line-height: inherit;font-family: Arial, Tahoma, Verdana, sans-serif;vertical-align: baseline;letter-spacing: normal;text-align: start;text-indent: 0px;text-transform: none\"><strong style=\"margin:0px;padding:0px;border:0px;font-style:inherit;font-variant:inherit;font-weight:bold;font-size:inherit;line-height:inherit;font-family:inherit;vertical-align:baseline\">Rura teleskopowa wysiewaj&#261;ca<br style=\"margin:0px;padding:0px;border:0px;font:inherit;vertical-align:baseline\"><br style=\"margin:0px;padding:0px;border:0px;font:inherit;vertical-align:baseline\">Typy: D8, D9, AD2, AD03, RP-AD2, AD8, RPD, AD<\/strong><\/font><\/font><\/font><br style=\"margin:0px;padding:0px;border:0px;font:inherit;vertical-align:baseline\"><\/p>\n<div class=\"oeNumber\" style=\"border:0px;margin:0px;padding:0px;text-align:start\"><span style=\"font-size:14px\"><span style=\"font-style:normal\"><span><span><span><span><span><span><span style=\"font-weight:400\"><span><span style=\"line-height:inherit\"><span style=\"font-family:Arial, Tahoma, Verdana, sans-serif\"><span><span><span><span><span><span style=\"vertical-align:baseline\"><span><span><span style=\"color:#0e0e0e\"><span style=\"letter-spacing:normal\"><span><span style=\"text-transform:none\"><span><span><span><span style=\"background-color:#ffffff\"><span><span><span><font size=\"4\"><font style=\"margin: 0px;padding: 0px;border: 0px;font: inherit;vertical-align: baseline\"><font face=\"Verdana\"><font style=\"margin: 0px;padding: 0px;border: 0px;font: inherit;vertical-align: baseline\"><strong style=\"margin:0px;padding:0px;border:0px;font-style:inherit;font-variant:inherit;font-weight:bold;font-size:inherit;line-height:inherit;font-family:inherit;vertical-align:baseline\"><span class=\"key\" style=\"border:0px;margin:0px;padding:0px;font:inherit\"><span style=\"vertical-align:baseline\"><span><span>Nr por\u00f3wnawczy<\/span><\/span><\/span><\/span>:&nbsp;<span class=\"val\" style=\"border:0px;margin:0px;padding:0px;font:inherit\"><span style=\"vertical-align:baseline\"><span><span>952355<\/span><\/span><\/span><\/span><\/strong><\/font><\/font><\/font><\/font><\/span><\/span><\/span><\/span><\/span><\/span><\/span><\/span><\/span><\/span><\/span><\/span><\/span><\/span><\/span><\/span><\/span><\/span><\/span><\/span><\/span><\/span><\/span><\/span><\/span><\/span><\/span><\/span><\/span><\/span><\/span><\/div>\n","protected":false},"excerpt":{"rendered":"<p>IV-3<\/p>\n","protected":false},"featured_media":15839,"template":"","meta":{"_kad_post_transparent":"","_kad_post_title":"","_kad_post_layout":"","_kad_post_sidebar_id":"","_kad_post_content_style":"","_kad_post_vertical_padding":"","_kad_post_feature":"","_kad_post_feature_position":"","_kad_post_header":false,"_kad_post_footer":false},"product_cat":[324,274,289,275],"product_tag":[],"class_list":{"0":"post-11781","1":"product","2":"type-product","3":"status-publish","4":"has-post-thumbnail","6":"product_cat-amazone-zbozowe","7":"product_cat-siewniki","8":"product_cat-sklep-internetowy","9":"product_cat-zbozowe","11":"first","12":"instock","13":"taxable","14":"shipping-taxable","15":"purchasable","16":"product-type-simple","17":"entry","18":"content-bg","19":"loop-entry"},"yoast_head":"<!-- This site is optimized with the Yoast SEO plugin v24.9 - https:\/\/yoast.com\/wordpress\/plugins\/seo\/ -->\n<title>LEJEK 2-DZIELNY D8 AD  D5-4 - AMATECH - Maszyny rolnicze, cz\u0119\u015bci zamienne, serwis<\/title>\n<meta name=\"robots\" content=\"index, follow, max-snippet:-1, max-image-preview:large, max-video-preview:-1\" \/>\n<link rel=\"canonical\" href=\"https:\/\/amatech.com.pl\/sklep\/czesci-zamienne\/lejek-2-dzielny-d8-ad-xiii-2\/\" \/>\n<meta property=\"og:locale\" content=\"pl_PL\" \/>\n<meta property=\"og:type\" content=\"article\" \/>\n<meta property=\"og:title\" content=\"LEJEK 2-DZIELNY D8 AD  D5-4 - AMATECH - Maszyny rolnicze, cz\u0119\u015bci zamienne, serwis\" \/>\n<meta property=\"og:description\" content=\"IV-3\" \/>\n<meta property=\"og:url\" content=\"https:\/\/amatech.com.pl\/sklep\/czesci-zamienne\/lejek-2-dzielny-d8-ad-xiii-2\/\" \/>\n<meta property=\"og:site_name\" content=\"AMATECH - Maszyny rolnicze, cz\u0119\u015bci zamienne, serwis\" \/>\n<meta property=\"article:publisher\" content=\"https:\/\/www.facebook.com\/amatech.poznanski\/\" \/>\n<meta property=\"article:modified_time\" content=\"2026-04-28T12:56:24+00:00\" \/>\n<meta property=\"og:image\" content=\"https:\/\/amatech.com.pl\/sklep\/wp-content\/uploads\/2023\/11\/LEJEK-2-DZIELNY-D8-AD-XIII-2.jpg\" \/>\n\t<meta property=\"og:image:width\" content=\"640\" \/>\n\t<meta property=\"og:image:height\" content=\"480\" \/>\n\t<meta property=\"og:image:type\" content=\"image\/jpeg\" \/>\n<meta name=\"twitter:card\" content=\"summary_large_image\" \/>\n<script type=\"application\/ld+json\" class=\"yoast-schema-graph\">{\"@context\":\"https:\/\/schema.org\",\"@graph\":[{\"@type\":\"WebPage\",\"@id\":\"https:\/\/amatech.com.pl\/sklep\/czesci-zamienne\/lejek-2-dzielny-d8-ad-xiii-2\/\",\"url\":\"https:\/\/amatech.com.pl\/sklep\/czesci-zamienne\/lejek-2-dzielny-d8-ad-xiii-2\/\",\"name\":\"LEJEK 2-DZIELNY D8 AD D5-4 - AMATECH - Maszyny rolnicze, cz\u0119\u015bci zamienne, serwis\",\"isPartOf\":{\"@id\":\"https:\/\/amatech.com.pl\/sklep\/#website\"},\"primaryImageOfPage\":{\"@id\":\"https:\/\/amatech.com.pl\/sklep\/czesci-zamienne\/lejek-2-dzielny-d8-ad-xiii-2\/#primaryimage\"},\"image\":{\"@id\":\"https:\/\/amatech.com.pl\/sklep\/czesci-zamienne\/lejek-2-dzielny-d8-ad-xiii-2\/#primaryimage\"},\"thumbnailUrl\":\"https:\/\/amatech.com.pl\/sklep\/wp-content\/uploads\/2023\/11\/LEJEK-2-DZIELNY-D8-AD-XIII-2.jpg\",\"datePublished\":\"2022-07-27T06:55:18+00:00\",\"dateModified\":\"2026-04-28T12:56:24+00:00\",\"breadcrumb\":{\"@id\":\"https:\/\/amatech.com.pl\/sklep\/czesci-zamienne\/lejek-2-dzielny-d8-ad-xiii-2\/#breadcrumb\"},\"inLanguage\":\"pl-PL\",\"potentialAction\":[{\"@type\":\"ReadAction\",\"target\":[\"https:\/\/amatech.com.pl\/sklep\/czesci-zamienne\/lejek-2-dzielny-d8-ad-xiii-2\/\"]}]},{\"@type\":\"ImageObject\",\"inLanguage\":\"pl-PL\",\"@id\":\"https:\/\/amatech.com.pl\/sklep\/czesci-zamienne\/lejek-2-dzielny-d8-ad-xiii-2\/#primaryimage\",\"url\":\"https:\/\/amatech.com.pl\/sklep\/wp-content\/uploads\/2023\/11\/LEJEK-2-DZIELNY-D8-AD-XIII-2.jpg\",\"contentUrl\":\"https:\/\/amatech.com.pl\/sklep\/wp-content\/uploads\/2023\/11\/LEJEK-2-DZIELNY-D8-AD-XIII-2.jpg\",\"width\":640,\"height\":480,\"caption\":\"LEJEK 2-DZIELNY D8 AD XIII-2\"},{\"@type\":\"BreadcrumbList\",\"@id\":\"https:\/\/amatech.com.pl\/sklep\/czesci-zamienne\/lejek-2-dzielny-d8-ad-xiii-2\/#breadcrumb\",\"itemListElement\":[{\"@type\":\"ListItem\",\"position\":1,\"name\":\"Strona g\u0142\u00f3wna\",\"item\":\"https:\/\/amatech.com.pl\/sklep\/\"},{\"@type\":\"ListItem\",\"position\":2,\"name\":\"Sklep\",\"item\":\"https:\/\/amatech.com.pl\/sklep\/\"},{\"@type\":\"ListItem\",\"position\":3,\"name\":\"LEJEK 2-DZIELNY D8 AD D5-4\"}]},{\"@type\":\"WebSite\",\"@id\":\"https:\/\/amatech.com.pl\/sklep\/#website\",\"url\":\"https:\/\/amatech.com.pl\/sklep\/\",\"name\":\"AMATECH - Maszyny rolnicze, cz\u0119\u015bci zamienne, serwis\",\"description\":\"AMATECH - Jaros\u0142aw Pozna\u0144ski - Zajmujemy si\u0119 sprzeda\u017c\u0105 maszyn i urz\u0105dze\u0144 rolniczych budowlanych oraz oryginalnych cz\u0119\u015bci zamiennych. Sklep on-line.\",\"publisher\":{\"@id\":\"https:\/\/amatech.com.pl\/sklep\/#organization\"},\"potentialAction\":[{\"@type\":\"SearchAction\",\"target\":{\"@type\":\"EntryPoint\",\"urlTemplate\":\"https:\/\/amatech.com.pl\/sklep\/?s={search_term_string}\"},\"query-input\":{\"@type\":\"PropertyValueSpecification\",\"valueRequired\":true,\"valueName\":\"search_term_string\"}}],\"inLanguage\":\"pl-PL\"},{\"@type\":\"Organization\",\"@id\":\"https:\/\/amatech.com.pl\/sklep\/#organization\",\"name\":\"AMATECH - Maszyny rolnicze, cz\u0119\u015bci zamienne, amazone, krone\",\"url\":\"https:\/\/amatech.com.pl\/sklep\/\",\"logo\":{\"@type\":\"ImageObject\",\"inLanguage\":\"pl-PL\",\"@id\":\"https:\/\/amatech.com.pl\/sklep\/#\/schema\/logo\/image\/\",\"url\":\"https:\/\/amatech.com.pl\/sklep\/wp-content\/uploads\/2021\/11\/amatech-logo.png\",\"contentUrl\":\"https:\/\/amatech.com.pl\/sklep\/wp-content\/uploads\/2021\/11\/amatech-logo.png\",\"width\":266,\"height\":57,\"caption\":\"AMATECH - Maszyny rolnicze, cz\u0119\u015bci zamienne, amazone, krone\"},\"image\":{\"@id\":\"https:\/\/amatech.com.pl\/sklep\/#\/schema\/logo\/image\/\"},\"sameAs\":[\"https:\/\/www.facebook.com\/amatech.poznanski\/\"]}]}<\/script>\n<!-- \/ Yoast SEO plugin. -->","yoast_head_json":{"title":"LEJEK 2-DZIELNY D8 AD  D5-4 - AMATECH - Maszyny rolnicze, cz\u0119\u015bci zamienne, serwis","robots":{"index":"index","follow":"follow","max-snippet":"max-snippet:-1","max-image-preview":"max-image-preview:large","max-video-preview":"max-video-preview:-1"},"canonical":"https:\/\/amatech.com.pl\/sklep\/czesci-zamienne\/lejek-2-dzielny-d8-ad-xiii-2\/","og_locale":"pl_PL","og_type":"article","og_title":"LEJEK 2-DZIELNY D8 AD  D5-4 - AMATECH - Maszyny rolnicze, cz\u0119\u015bci zamienne, serwis","og_description":"IV-3","og_url":"https:\/\/amatech.com.pl\/sklep\/czesci-zamienne\/lejek-2-dzielny-d8-ad-xiii-2\/","og_site_name":"AMATECH - Maszyny rolnicze, cz\u0119\u015bci zamienne, serwis","article_publisher":"https:\/\/www.facebook.com\/amatech.poznanski\/","article_modified_time":"2026-04-28T12:56:24+00:00","og_image":[{"width":640,"height":480,"url":"https:\/\/amatech.com.pl\/sklep\/wp-content\/uploads\/2023\/11\/LEJEK-2-DZIELNY-D8-AD-XIII-2.jpg","type":"image\/jpeg"}],"twitter_card":"summary_large_image","schema":{"@context":"https:\/\/schema.org","@graph":[{"@type":"WebPage","@id":"https:\/\/amatech.com.pl\/sklep\/czesci-zamienne\/lejek-2-dzielny-d8-ad-xiii-2\/","url":"https:\/\/amatech.com.pl\/sklep\/czesci-zamienne\/lejek-2-dzielny-d8-ad-xiii-2\/","name":"LEJEK 2-DZIELNY D8 AD D5-4 - AMATECH - Maszyny rolnicze, cz\u0119\u015bci zamienne, serwis","isPartOf":{"@id":"https:\/\/amatech.com.pl\/sklep\/#website"},"primaryImageOfPage":{"@id":"https:\/\/amatech.com.pl\/sklep\/czesci-zamienne\/lejek-2-dzielny-d8-ad-xiii-2\/#primaryimage"},"image":{"@id":"https:\/\/amatech.com.pl\/sklep\/czesci-zamienne\/lejek-2-dzielny-d8-ad-xiii-2\/#primaryimage"},"thumbnailUrl":"https:\/\/amatech.com.pl\/sklep\/wp-content\/uploads\/2023\/11\/LEJEK-2-DZIELNY-D8-AD-XIII-2.jpg","datePublished":"2022-07-27T06:55:18+00:00","dateModified":"2026-04-28T12:56:24+00:00","breadcrumb":{"@id":"https:\/\/amatech.com.pl\/sklep\/czesci-zamienne\/lejek-2-dzielny-d8-ad-xiii-2\/#breadcrumb"},"inLanguage":"pl-PL","potentialAction":[{"@type":"ReadAction","target":["https:\/\/amatech.com.pl\/sklep\/czesci-zamienne\/lejek-2-dzielny-d8-ad-xiii-2\/"]}]},{"@type":"ImageObject","inLanguage":"pl-PL","@id":"https:\/\/amatech.com.pl\/sklep\/czesci-zamienne\/lejek-2-dzielny-d8-ad-xiii-2\/#primaryimage","url":"https:\/\/amatech.com.pl\/sklep\/wp-content\/uploads\/2023\/11\/LEJEK-2-DZIELNY-D8-AD-XIII-2.jpg","contentUrl":"https:\/\/amatech.com.pl\/sklep\/wp-content\/uploads\/2023\/11\/LEJEK-2-DZIELNY-D8-AD-XIII-2.jpg","width":640,"height":480,"caption":"LEJEK 2-DZIELNY D8 AD XIII-2"},{"@type":"BreadcrumbList","@id":"https:\/\/amatech.com.pl\/sklep\/czesci-zamienne\/lejek-2-dzielny-d8-ad-xiii-2\/#breadcrumb","itemListElement":[{"@type":"ListItem","position":1,"name":"Strona g\u0142\u00f3wna","item":"https:\/\/amatech.com.pl\/sklep\/"},{"@type":"ListItem","position":2,"name":"Sklep","item":"https:\/\/amatech.com.pl\/sklep\/"},{"@type":"ListItem","position":3,"name":"LEJEK 2-DZIELNY D8 AD D5-4"}]},{"@type":"WebSite","@id":"https:\/\/amatech.com.pl\/sklep\/#website","url":"https:\/\/amatech.com.pl\/sklep\/","name":"AMATECH - Maszyny rolnicze, cz\u0119\u015bci zamienne, serwis","description":"AMATECH - Jaros\u0142aw Pozna\u0144ski - Zajmujemy si\u0119 sprzeda\u017c\u0105 maszyn i urz\u0105dze\u0144 rolniczych budowlanych oraz oryginalnych cz\u0119\u015bci zamiennych. Sklep on-line.","publisher":{"@id":"https:\/\/amatech.com.pl\/sklep\/#organization"},"potentialAction":[{"@type":"SearchAction","target":{"@type":"EntryPoint","urlTemplate":"https:\/\/amatech.com.pl\/sklep\/?s={search_term_string}"},"query-input":{"@type":"PropertyValueSpecification","valueRequired":true,"valueName":"search_term_string"}}],"inLanguage":"pl-PL"},{"@type":"Organization","@id":"https:\/\/amatech.com.pl\/sklep\/#organization","name":"AMATECH - Maszyny rolnicze, cz\u0119\u015bci zamienne, amazone, krone","url":"https:\/\/amatech.com.pl\/sklep\/","logo":{"@type":"ImageObject","inLanguage":"pl-PL","@id":"https:\/\/amatech.com.pl\/sklep\/#\/schema\/logo\/image\/","url":"https:\/\/amatech.com.pl\/sklep\/wp-content\/uploads\/2021\/11\/amatech-logo.png","contentUrl":"https:\/\/amatech.com.pl\/sklep\/wp-content\/uploads\/2021\/11\/amatech-logo.png","width":266,"height":57,"caption":"AMATECH - Maszyny rolnicze, cz\u0119\u015bci zamienne, amazone, krone"},"image":{"@id":"https:\/\/amatech.com.pl\/sklep\/#\/schema\/logo\/image\/"},"sameAs":["https:\/\/www.facebook.com\/amatech.poznanski\/"]}]}},"_links":{"self":[{"href":"https:\/\/amatech.com.pl\/sklep\/wp-json\/wp\/v2\/product\/11781"}],"collection":[{"href":"https:\/\/amatech.com.pl\/sklep\/wp-json\/wp\/v2\/product"}],"about":[{"href":"https:\/\/amatech.com.pl\/sklep\/wp-json\/wp\/v2\/types\/product"}],"wp:featuredmedia":[{"embeddable":true,"href":"https:\/\/amatech.com.pl\/sklep\/wp-json\/wp\/v2\/media\/15839"}],"wp:attachment":[{"href":"https:\/\/amatech.com.pl\/sklep\/wp-json\/wp\/v2\/media?parent=11781"}],"wp:term":[{"taxonomy":"product_cat","embeddable":true,"href":"https:\/\/amatech.com.pl\/sklep\/wp-json\/wp\/v2\/product_cat?post=11781"},{"taxonomy":"product_tag","embeddable":true,"href":"https:\/\/amatech.com.pl\/sklep\/wp-json\/wp\/v2\/product_tag?post=11781"}],"curies":[{"name":"wp","href":"https:\/\/api.w.org\/{rel}","templated":true}]}}