{"id":11783,"date":"2022-07-27T08:55:19","date_gmt":"2022-07-27T06:55:19","guid":{"rendered":"https:\/\/amatech.com.pl\/sklep\/czesci-zamienne\/przewod-nasienny-3dzielny-v-6\/"},"modified":"2026-04-28T14:56:25","modified_gmt":"2026-04-28T12:56:25","slug":"przewod-nasienny-3dzielny-v-6","status":"publish","type":"product","link":"https:\/\/amatech.com.pl\/sklep\/czesci-zamienne\/przewod-nasienny-3dzielny-v-6\/","title":{"rendered":"PRZEW\u00d3D NASIENNY 3DZIELNY     D3-2"},"content":{"rendered":"<table role=\"grid\" class=\" cke_show_border\">\n<tbody id=\"j_idt650_data\">\n<tr data-ri=\"0\">\n<td role=\"gridcell\">52<\/td>\n<td role=\"gridcell\">23<\/td>\n<td role=\"gridcell\"><a data-cke-saved-href=\"https:\/\/portal.amazone.de\/spareparts\/catalog.jsf?fun=usage&amp;filter=catalog%2FMH329%2Fpath%2F%2C0%2C649%2Factive%2F649%3A697&amp;identNr=952756&amp;conversationContext=o\" href=\"https:\/\/portal.amazone.de\/spareparts\/catalog.jsf?fun=usage&amp;filter=catalog%2FMH329%2Fpath%2F%2C0%2C649%2Factive%2F649%3A697&amp;identNr=952756&amp;conversationContext=o\">Redlica RoTeC, pojedyncze cz&#281;&#347;ci<\/a><\/td>\n<td role=\"gridcell\">MH329<\/td>\n<td role=\"gridcell\">D9-120 Super<\/td>\n<td role=\"gridcell\">od 09-1999<\/td>\n<\/tr>\n<tr data-ri=\"1\">\n<td role=\"gridcell\">26<\/td>\n<td role=\"gridcell\">25<\/td>\n<td role=\"gridcell\"><a data-cke-saved-href=\"https:\/\/portal.amazone.de\/spareparts\/catalog.jsf?fun=usage&amp;filter=catalog%2FMH329%2Fpath%2F%2C0%2C724%2Factive%2F724%3A740&amp;identNr=952756&amp;conversationContext=o\" href=\"https:\/\/portal.amazone.de\/spareparts\/catalog.jsf?fun=usage&amp;filter=catalog%2FMH329%2Fpath%2F%2C0%2C724%2Factive%2F724%3A740&amp;identNr=952756&amp;conversationContext=o\">Redlica WS, pojedyncze cz&#281;&#347;ci<\/a><\/td>\n<td role=\"gridcell\">MH329<\/td>\n<td role=\"gridcell\">D9-120 Super<\/td>\n<td role=\"gridcell\">od 09-1999<\/td>\n<\/tr>\n<tr data-ri=\"2\">\n<td role=\"gridcell\">2<\/td>\n<td role=\"gridcell\">D30<\/td>\n<td role=\"gridcell\"><a data-cke-saved-href=\"https:\/\/portal.amazone.de\/spareparts\/catalog.jsf?fun=usage&amp;filter=catalog%2FMH665%2Fpath%2F%2C0%2C1602%2Factive%2F1602%3A1604&amp;identNr=952756&amp;conversationContext=o\" href=\"https:\/\/portal.amazone.de\/spareparts\/catalog.jsf?fun=usage&amp;filter=catalog%2FMH665%2Fpath%2F%2C0%2C1602%2Factive%2F1602%3A1604&amp;identNr=952756&amp;conversationContext=o\">Przew\u00f3d siewny (WS \/ RoTeC)<\/a><\/td>\n<td role=\"gridcell\">MH665<\/td>\n<td role=\"gridcell\">D9 2500, 3000, 3500, 4000 Super\/Special<\/td>\n<td role=\"gridcell\">od 01-2011<\/td>\n<\/tr>\n<tr data-ri=\"3\">\n<td role=\"gridcell\">3<\/td>\n<td role=\"gridcell\">D30<\/td>\n<td role=\"gridcell\"><a data-cke-saved-href=\"https:\/\/portal.amazone.de\/spareparts\/catalog.jsf?fun=usage&amp;filter=catalog%2FMH665%2Fpath%2F%2C0%2C1602%2Factive%2F1602%3A1605&amp;identNr=952756&amp;conversationContext=o\" href=\"https:\/\/portal.amazone.de\/spareparts\/catalog.jsf?fun=usage&amp;filter=catalog%2FMH665%2Fpath%2F%2C0%2C1602%2Factive%2F1602%3A1605&amp;identNr=952756&amp;conversationContext=o\">Przew\u00f3d siewny (WS \/ RoTeC)<\/a><\/td>\n<td role=\"gridcell\">MH665<\/td>\n<td role=\"gridcell\">D9 2500, 3000, 3500, 4000 Super\/Special<\/td>\n<td role=\"gridcell\">od 01-2011<\/td>\n<\/tr>\n<tr data-ri=\"4\">\n<td role=\"gridcell\">52<\/td>\n<td role=\"gridcell\">23<\/td>\n<td role=\"gridcell\"><a data-cke-saved-href=\"https:\/\/portal.amazone.de\/spareparts\/catalog.jsf?fun=usage&amp;filter=catalog%2FMH305%2Fpath%2F%2C0%2C775%2Factive%2F775%3A823&amp;identNr=952756&amp;conversationContext=o\" href=\"https:\/\/portal.amazone.de\/spareparts\/catalog.jsf?fun=usage&amp;filter=catalog%2FMH305%2Fpath%2F%2C0%2C775%2Factive%2F775%3A823&amp;identNr=952756&amp;conversationContext=o\">Redlica RoTeC, pojedyncze cz&#281;&#347;ci<\/a><\/td>\n<td role=\"gridcell\">MH305<\/td>\n<td role=\"gridcell\">D9 Super\/Special<\/td>\n<td role=\"gridcell\">od 05-2002<\/td>\n<\/tr>\n<tr data-ri=\"5\">\n<td role=\"gridcell\">26<\/td>\n<td role=\"gridcell\">25<\/td>\n<td role=\"gridcell\"><a data-cke-saved-href=\"https:\/\/portal.amazone.de\/spareparts\/catalog.jsf?fun=usage&amp;filter=catalog%2FMH305%2Fpath%2F%2C0%2C881%2Factive%2F881%3A897&amp;identNr=952756&amp;conversationContext=o\" href=\"https:\/\/portal.amazone.de\/spareparts\/catalog.jsf?fun=usage&amp;filter=catalog%2FMH305%2Fpath%2F%2C0%2C881%2Factive%2F881%3A897&amp;identNr=952756&amp;conversationContext=o\">Redlica WS, pojedyncze cz&#281;&#347;ci<\/a><\/td>\n<td role=\"gridcell\">MH305<\/td>\n<td role=\"gridcell\">D9 Super\/Special<\/td>\n<td role=\"gridcell\">od 05-2002<\/td>\n<\/tr>\n<tr data-ri=\"6\">\n<td role=\"gridcell\">6<\/td>\n<td role=\"gridcell\">13<\/td>\n<td role=\"gridcell\"><a data-cke-saved-href=\"https:\/\/portal.amazone.de\/spareparts\/catalog.jsf?fun=usage&amp;filter=catalog%2FMH220%2Fpath%2F%2C0%2C252%2Factive%2F252%3A258&amp;identNr=952756&amp;conversationContext=o\" href=\"https:\/\/portal.amazone.de\/spareparts\/catalog.jsf?fun=usage&amp;filter=catalog%2FMH220%2Fpath%2F%2C0%2C252%2Factive%2F252%3A258&amp;identNr=952756&amp;conversationContext=o\">Redlice rolkowe od 7.96 (1\/3)<\/a><\/td>\n<td role=\"gridcell\">MH220<\/td>\n<td role=\"gridcell\">MD 8<\/td>\n<td role=\"gridcell\">od 05-1997<\/td>\n<\/tr>\n<tr data-ri=\"7\">\n<td role=\"gridcell\">6<\/td>\n<td role=\"gridcell\">Fig. 7<\/td>\n<td role=\"gridcell\"><a data-cke-saved-href=\"https:\/\/portal.amazone.de\/spareparts\/catalog.jsf?fun=usage&amp;filter=catalog%2FMH191%2Fpath%2F%2C0%2C107%2Factive%2F107%3A113&amp;identNr=952756&amp;conversationContext=o\" href=\"https:\/\/portal.amazone.de\/spareparts\/catalog.jsf?fun=usage&amp;filter=catalog%2FMH191%2Fpath%2F%2C0%2C107%2Factive%2F107%3A113&amp;identNr=952756&amp;conversationContext=o\">Redlice rolkowe od 7. 96 (1\/2)<\/a><\/td>\n<td role=\"gridcell\">MH191<\/td>\n<td role=\"gridcell\">Redlice rolkowe do AD2<\/td>\n<td role=\"gridcell\">od 05-1996<\/td>\n<\/tr>\n<tr data-ri=\"8\">\n<td role=\"gridcell\">14<\/td>\n<td role=\"gridcell\">Fig. 7<\/td>\n<td role=\"gridcell\"><a data-cke-saved-href=\"https:\/\/portal.amazone.de\/spareparts\/catalog.jsf?fun=usage&amp;filter=catalog%2FMH191%2Fpath%2F%2C0%2C107%2Factive%2F107%3A120&amp;identNr=952756&amp;conversationContext=o\" href=\"https:\/\/portal.amazone.de\/spareparts\/catalog.jsf?fun=usage&amp;filter=catalog%2FMH191%2Fpath%2F%2C0%2C107%2Factive%2F107%3A120&amp;identNr=952756&amp;conversationContext=o\">Redlice rolkowe od 7. 96 (1\/2)<\/a><\/td>\n<td role=\"gridcell\">MH191<\/td>\n<td role=\"gridcell\">Redlice rolkowe do AD2<\/td>\n<td role=\"gridcell\">od 05-1996<\/td>\n<\/tr>\n<\/tbody>\n<\/table>\n","protected":false},"excerpt":{"rendered":"<p>52 23 Redlica RoTeC, pojedyncze cz&#281;&#347;ci MH329 D9-120 Super od 09-1999 26 25 Redlica WS, pojedyncze cz&#281;&#347;ci MH329 D9-120 Super od 09-1999 2 D30 Przew\u00f3d siewny (WS \/ RoTeC) MH665 D9 2500, 3000, 3500, 4000 Super\/Special od 01-2011 3 D30 Przew\u00f3d siewny (WS \/ RoTeC) MH665 D9 2500, 3000, 3500, 4000 Super\/Special od 01-2011 52&#8230;<\/p>\n","protected":false},"featured_media":15842,"template":"","meta":{"_kad_post_transparent":"","_kad_post_title":"","_kad_post_layout":"","_kad_post_sidebar_id":"","_kad_post_content_style":"","_kad_post_vertical_padding":"","_kad_post_feature":"","_kad_post_feature_position":"","_kad_post_header":false,"_kad_post_footer":false},"product_cat":[324,274,289,275],"product_tag":[],"class_list":{"0":"post-11783","1":"product","2":"type-product","3":"status-publish","4":"has-post-thumbnail","6":"product_cat-amazone-zbozowe","7":"product_cat-siewniki","8":"product_cat-sklep-internetowy","9":"product_cat-zbozowe","11":"first","12":"instock","13":"taxable","14":"shipping-taxable","15":"purchasable","16":"product-type-simple","17":"entry","18":"content-bg","19":"loop-entry"},"yoast_head":"<!-- This site is optimized with the Yoast SEO plugin v24.9 - https:\/\/yoast.com\/wordpress\/plugins\/seo\/ -->\n<title>PRZEW\u00d3D NASIENNY 3DZIELNY   D3-2 - AMATECH - Maszyny rolnicze, cz\u0119\u015bci zamienne, serwis<\/title>\n<meta name=\"robots\" content=\"index, follow, max-snippet:-1, max-image-preview:large, max-video-preview:-1\" \/>\n<link rel=\"canonical\" href=\"https:\/\/amatech.com.pl\/sklep\/czesci-zamienne\/przewod-nasienny-3dzielny-v-6\/\" \/>\n<meta property=\"og:locale\" content=\"pl_PL\" \/>\n<meta property=\"og:type\" content=\"article\" \/>\n<meta property=\"og:title\" content=\"PRZEW\u00d3D NASIENNY 3DZIELNY   D3-2 - AMATECH - Maszyny rolnicze, cz\u0119\u015bci zamienne, serwis\" \/>\n<meta property=\"og:description\" content=\"52 23 Redlica RoTeC, pojedyncze cz&#281;&#347;ci MH329 D9-120 Super od 09-1999 26 25 Redlica WS, pojedyncze cz&#281;&#347;ci MH329 D9-120 Super od 09-1999 2 D30 Przew\u00f3d siewny (WS \/ RoTeC) MH665 D9 2500, 3000, 3500, 4000 Super\/Special od 01-2011 3 D30 Przew\u00f3d siewny (WS \/ RoTeC) MH665 D9 2500, 3000, 3500, 4000 Super\/Special od 01-2011 52...\" \/>\n<meta property=\"og:url\" content=\"https:\/\/amatech.com.pl\/sklep\/czesci-zamienne\/przewod-nasienny-3dzielny-v-6\/\" \/>\n<meta property=\"og:site_name\" content=\"AMATECH - Maszyny rolnicze, cz\u0119\u015bci zamienne, serwis\" \/>\n<meta property=\"article:publisher\" content=\"https:\/\/www.facebook.com\/amatech.poznanski\/\" \/>\n<meta property=\"article:modified_time\" content=\"2026-04-28T12:56:25+00:00\" \/>\n<meta property=\"og:image\" content=\"https:\/\/amatech.com.pl\/sklep\/wp-content\/uploads\/2023\/11\/PRZEWOD-NASIENNY-3DZIELNY-V-6.jpg\" \/>\n\t<meta property=\"og:image:width\" content=\"640\" \/>\n\t<meta property=\"og:image:height\" content=\"480\" \/>\n\t<meta property=\"og:image:type\" content=\"image\/jpeg\" \/>\n<meta name=\"twitter:card\" content=\"summary_large_image\" \/>\n<script type=\"application\/ld+json\" class=\"yoast-schema-graph\">{\"@context\":\"https:\/\/schema.org\",\"@graph\":[{\"@type\":\"WebPage\",\"@id\":\"https:\/\/amatech.com.pl\/sklep\/czesci-zamienne\/przewod-nasienny-3dzielny-v-6\/\",\"url\":\"https:\/\/amatech.com.pl\/sklep\/czesci-zamienne\/przewod-nasienny-3dzielny-v-6\/\",\"name\":\"PRZEW\u00d3D NASIENNY 3DZIELNY D3-2 - AMATECH - Maszyny rolnicze, cz\u0119\u015bci zamienne, serwis\",\"isPartOf\":{\"@id\":\"https:\/\/amatech.com.pl\/sklep\/#website\"},\"primaryImageOfPage\":{\"@id\":\"https:\/\/amatech.com.pl\/sklep\/czesci-zamienne\/przewod-nasienny-3dzielny-v-6\/#primaryimage\"},\"image\":{\"@id\":\"https:\/\/amatech.com.pl\/sklep\/czesci-zamienne\/przewod-nasienny-3dzielny-v-6\/#primaryimage\"},\"thumbnailUrl\":\"https:\/\/amatech.com.pl\/sklep\/wp-content\/uploads\/2023\/11\/PRZEWOD-NASIENNY-3DZIELNY-V-6.jpg\",\"datePublished\":\"2022-07-27T06:55:19+00:00\",\"dateModified\":\"2026-04-28T12:56:25+00:00\",\"breadcrumb\":{\"@id\":\"https:\/\/amatech.com.pl\/sklep\/czesci-zamienne\/przewod-nasienny-3dzielny-v-6\/#breadcrumb\"},\"inLanguage\":\"pl-PL\",\"potentialAction\":[{\"@type\":\"ReadAction\",\"target\":[\"https:\/\/amatech.com.pl\/sklep\/czesci-zamienne\/przewod-nasienny-3dzielny-v-6\/\"]}]},{\"@type\":\"ImageObject\",\"inLanguage\":\"pl-PL\",\"@id\":\"https:\/\/amatech.com.pl\/sklep\/czesci-zamienne\/przewod-nasienny-3dzielny-v-6\/#primaryimage\",\"url\":\"https:\/\/amatech.com.pl\/sklep\/wp-content\/uploads\/2023\/11\/PRZEWOD-NASIENNY-3DZIELNY-V-6.jpg\",\"contentUrl\":\"https:\/\/amatech.com.pl\/sklep\/wp-content\/uploads\/2023\/11\/PRZEWOD-NASIENNY-3DZIELNY-V-6.jpg\",\"width\":640,\"height\":480,\"caption\":\"PRZEW\u00d3D NASIENNY 3DZIELNY V-6\"},{\"@type\":\"BreadcrumbList\",\"@id\":\"https:\/\/amatech.com.pl\/sklep\/czesci-zamienne\/przewod-nasienny-3dzielny-v-6\/#breadcrumb\",\"itemListElement\":[{\"@type\":\"ListItem\",\"position\":1,\"name\":\"Strona g\u0142\u00f3wna\",\"item\":\"https:\/\/amatech.com.pl\/sklep\/\"},{\"@type\":\"ListItem\",\"position\":2,\"name\":\"Sklep\",\"item\":\"https:\/\/amatech.com.pl\/sklep\/\"},{\"@type\":\"ListItem\",\"position\":3,\"name\":\"PRZEW\u00d3D NASIENNY 3DZIELNY D3-2\"}]},{\"@type\":\"WebSite\",\"@id\":\"https:\/\/amatech.com.pl\/sklep\/#website\",\"url\":\"https:\/\/amatech.com.pl\/sklep\/\",\"name\":\"AMATECH - Maszyny rolnicze, cz\u0119\u015bci zamienne, serwis\",\"description\":\"AMATECH - Jaros\u0142aw Pozna\u0144ski - Zajmujemy si\u0119 sprzeda\u017c\u0105 maszyn i urz\u0105dze\u0144 rolniczych budowlanych oraz oryginalnych cz\u0119\u015bci zamiennych. Sklep on-line.\",\"publisher\":{\"@id\":\"https:\/\/amatech.com.pl\/sklep\/#organization\"},\"potentialAction\":[{\"@type\":\"SearchAction\",\"target\":{\"@type\":\"EntryPoint\",\"urlTemplate\":\"https:\/\/amatech.com.pl\/sklep\/?s={search_term_string}\"},\"query-input\":{\"@type\":\"PropertyValueSpecification\",\"valueRequired\":true,\"valueName\":\"search_term_string\"}}],\"inLanguage\":\"pl-PL\"},{\"@type\":\"Organization\",\"@id\":\"https:\/\/amatech.com.pl\/sklep\/#organization\",\"name\":\"AMATECH - Maszyny rolnicze, cz\u0119\u015bci zamienne, amazone, krone\",\"url\":\"https:\/\/amatech.com.pl\/sklep\/\",\"logo\":{\"@type\":\"ImageObject\",\"inLanguage\":\"pl-PL\",\"@id\":\"https:\/\/amatech.com.pl\/sklep\/#\/schema\/logo\/image\/\",\"url\":\"https:\/\/amatech.com.pl\/sklep\/wp-content\/uploads\/2021\/11\/amatech-logo.png\",\"contentUrl\":\"https:\/\/amatech.com.pl\/sklep\/wp-content\/uploads\/2021\/11\/amatech-logo.png\",\"width\":266,\"height\":57,\"caption\":\"AMATECH - Maszyny rolnicze, cz\u0119\u015bci zamienne, amazone, krone\"},\"image\":{\"@id\":\"https:\/\/amatech.com.pl\/sklep\/#\/schema\/logo\/image\/\"},\"sameAs\":[\"https:\/\/www.facebook.com\/amatech.poznanski\/\"]}]}<\/script>\n<!-- \/ Yoast SEO plugin. -->","yoast_head_json":{"title":"PRZEW\u00d3D NASIENNY 3DZIELNY   D3-2 - AMATECH - Maszyny rolnicze, cz\u0119\u015bci zamienne, serwis","robots":{"index":"index","follow":"follow","max-snippet":"max-snippet:-1","max-image-preview":"max-image-preview:large","max-video-preview":"max-video-preview:-1"},"canonical":"https:\/\/amatech.com.pl\/sklep\/czesci-zamienne\/przewod-nasienny-3dzielny-v-6\/","og_locale":"pl_PL","og_type":"article","og_title":"PRZEW\u00d3D NASIENNY 3DZIELNY   D3-2 - AMATECH - Maszyny rolnicze, cz\u0119\u015bci zamienne, serwis","og_description":"52 23 Redlica RoTeC, pojedyncze cz&#281;&#347;ci MH329 D9-120 Super od 09-1999 26 25 Redlica WS, pojedyncze cz&#281;&#347;ci MH329 D9-120 Super od 09-1999 2 D30 Przew\u00f3d siewny (WS \/ RoTeC) MH665 D9 2500, 3000, 3500, 4000 Super\/Special od 01-2011 3 D30 Przew\u00f3d siewny (WS \/ RoTeC) MH665 D9 2500, 3000, 3500, 4000 Super\/Special od 01-2011 52...","og_url":"https:\/\/amatech.com.pl\/sklep\/czesci-zamienne\/przewod-nasienny-3dzielny-v-6\/","og_site_name":"AMATECH - Maszyny rolnicze, cz\u0119\u015bci zamienne, serwis","article_publisher":"https:\/\/www.facebook.com\/amatech.poznanski\/","article_modified_time":"2026-04-28T12:56:25+00:00","og_image":[{"width":640,"height":480,"url":"https:\/\/amatech.com.pl\/sklep\/wp-content\/uploads\/2023\/11\/PRZEWOD-NASIENNY-3DZIELNY-V-6.jpg","type":"image\/jpeg"}],"twitter_card":"summary_large_image","schema":{"@context":"https:\/\/schema.org","@graph":[{"@type":"WebPage","@id":"https:\/\/amatech.com.pl\/sklep\/czesci-zamienne\/przewod-nasienny-3dzielny-v-6\/","url":"https:\/\/amatech.com.pl\/sklep\/czesci-zamienne\/przewod-nasienny-3dzielny-v-6\/","name":"PRZEW\u00d3D NASIENNY 3DZIELNY D3-2 - AMATECH - Maszyny rolnicze, cz\u0119\u015bci zamienne, serwis","isPartOf":{"@id":"https:\/\/amatech.com.pl\/sklep\/#website"},"primaryImageOfPage":{"@id":"https:\/\/amatech.com.pl\/sklep\/czesci-zamienne\/przewod-nasienny-3dzielny-v-6\/#primaryimage"},"image":{"@id":"https:\/\/amatech.com.pl\/sklep\/czesci-zamienne\/przewod-nasienny-3dzielny-v-6\/#primaryimage"},"thumbnailUrl":"https:\/\/amatech.com.pl\/sklep\/wp-content\/uploads\/2023\/11\/PRZEWOD-NASIENNY-3DZIELNY-V-6.jpg","datePublished":"2022-07-27T06:55:19+00:00","dateModified":"2026-04-28T12:56:25+00:00","breadcrumb":{"@id":"https:\/\/amatech.com.pl\/sklep\/czesci-zamienne\/przewod-nasienny-3dzielny-v-6\/#breadcrumb"},"inLanguage":"pl-PL","potentialAction":[{"@type":"ReadAction","target":["https:\/\/amatech.com.pl\/sklep\/czesci-zamienne\/przewod-nasienny-3dzielny-v-6\/"]}]},{"@type":"ImageObject","inLanguage":"pl-PL","@id":"https:\/\/amatech.com.pl\/sklep\/czesci-zamienne\/przewod-nasienny-3dzielny-v-6\/#primaryimage","url":"https:\/\/amatech.com.pl\/sklep\/wp-content\/uploads\/2023\/11\/PRZEWOD-NASIENNY-3DZIELNY-V-6.jpg","contentUrl":"https:\/\/amatech.com.pl\/sklep\/wp-content\/uploads\/2023\/11\/PRZEWOD-NASIENNY-3DZIELNY-V-6.jpg","width":640,"height":480,"caption":"PRZEW\u00d3D NASIENNY 3DZIELNY V-6"},{"@type":"BreadcrumbList","@id":"https:\/\/amatech.com.pl\/sklep\/czesci-zamienne\/przewod-nasienny-3dzielny-v-6\/#breadcrumb","itemListElement":[{"@type":"ListItem","position":1,"name":"Strona g\u0142\u00f3wna","item":"https:\/\/amatech.com.pl\/sklep\/"},{"@type":"ListItem","position":2,"name":"Sklep","item":"https:\/\/amatech.com.pl\/sklep\/"},{"@type":"ListItem","position":3,"name":"PRZEW\u00d3D NASIENNY 3DZIELNY D3-2"}]},{"@type":"WebSite","@id":"https:\/\/amatech.com.pl\/sklep\/#website","url":"https:\/\/amatech.com.pl\/sklep\/","name":"AMATECH - Maszyny rolnicze, cz\u0119\u015bci zamienne, serwis","description":"AMATECH - Jaros\u0142aw Pozna\u0144ski - Zajmujemy si\u0119 sprzeda\u017c\u0105 maszyn i urz\u0105dze\u0144 rolniczych budowlanych oraz oryginalnych cz\u0119\u015bci zamiennych. Sklep on-line.","publisher":{"@id":"https:\/\/amatech.com.pl\/sklep\/#organization"},"potentialAction":[{"@type":"SearchAction","target":{"@type":"EntryPoint","urlTemplate":"https:\/\/amatech.com.pl\/sklep\/?s={search_term_string}"},"query-input":{"@type":"PropertyValueSpecification","valueRequired":true,"valueName":"search_term_string"}}],"inLanguage":"pl-PL"},{"@type":"Organization","@id":"https:\/\/amatech.com.pl\/sklep\/#organization","name":"AMATECH - Maszyny rolnicze, cz\u0119\u015bci zamienne, amazone, krone","url":"https:\/\/amatech.com.pl\/sklep\/","logo":{"@type":"ImageObject","inLanguage":"pl-PL","@id":"https:\/\/amatech.com.pl\/sklep\/#\/schema\/logo\/image\/","url":"https:\/\/amatech.com.pl\/sklep\/wp-content\/uploads\/2021\/11\/amatech-logo.png","contentUrl":"https:\/\/amatech.com.pl\/sklep\/wp-content\/uploads\/2021\/11\/amatech-logo.png","width":266,"height":57,"caption":"AMATECH - Maszyny rolnicze, cz\u0119\u015bci zamienne, amazone, krone"},"image":{"@id":"https:\/\/amatech.com.pl\/sklep\/#\/schema\/logo\/image\/"},"sameAs":["https:\/\/www.facebook.com\/amatech.poznanski\/"]}]}},"_links":{"self":[{"href":"https:\/\/amatech.com.pl\/sklep\/wp-json\/wp\/v2\/product\/11783"}],"collection":[{"href":"https:\/\/amatech.com.pl\/sklep\/wp-json\/wp\/v2\/product"}],"about":[{"href":"https:\/\/amatech.com.pl\/sklep\/wp-json\/wp\/v2\/types\/product"}],"wp:featuredmedia":[{"embeddable":true,"href":"https:\/\/amatech.com.pl\/sklep\/wp-json\/wp\/v2\/media\/15842"}],"wp:attachment":[{"href":"https:\/\/amatech.com.pl\/sklep\/wp-json\/wp\/v2\/media?parent=11783"}],"wp:term":[{"taxonomy":"product_cat","embeddable":true,"href":"https:\/\/amatech.com.pl\/sklep\/wp-json\/wp\/v2\/product_cat?post=11783"},{"taxonomy":"product_tag","embeddable":true,"href":"https:\/\/amatech.com.pl\/sklep\/wp-json\/wp\/v2\/product_tag?post=11783"}],"curies":[{"name":"wp","href":"https:\/\/api.w.org\/{rel}","templated":true}]}}