{"id":11803,"date":"2022-07-27T08:55:29","date_gmt":"2022-07-27T06:55:29","guid":{"rendered":"https:\/\/amatech.com.pl\/sklep\/czesci-zamienne\/wkret-imbusowy-do-siewnika-iii-2-3\/"},"modified":"2026-04-28T11:36:31","modified_gmt":"2026-04-28T09:36:31","slug":"wkret-imbusowy-do-siewnika-iii-2-3","status":"publish","type":"product","link":"https:\/\/amatech.com.pl\/sklep\/czesci-zamienne\/wkret-imbusowy-do-siewnika-iii-2-3\/","title":{"rendered":"WKR\u0118T IMBUSOWY DO SIEWNIKA   A7-5-6"},"content":{"rendered":"<p><span style=\"font-size:16px\"><strong>WKR&#280;T IMBUSOWY DO SIEWNIKA<\/strong><\/span><\/p>\n<table role=\"grid\" class=\" cke_show_border\">\n<thead id=\"j_idt650_head\">\n<tr>\n<th id=\"j_idt650:j_idt651\" aria-label=\"Poz.\" scope=\"col\">Poz.<\/th>\n<th id=\"j_idt650:j_idt653\" aria-label=\" : activate to sort column ascending\" scope=\"col\"><\/th>\n<th id=\"j_idt650:j_idt655\" aria-label=\"Podzesp\u00f3&#322;: activate to sort column descending\" scope=\"col\">Podzesp\u00f3&#322;<\/th>\n<th id=\"j_idt650:j_idt660\" aria-label=\" : activate to sort column ascending\" scope=\"col\"><\/th>\n<th id=\"j_idt650:j_idt662\" aria-label=\"Katalog: activate to sort column descending\" scope=\"col\">Katalog<\/th>\n<th id=\"j_idt650:j_idt664\" aria-label=\"Obowi&#261;zywanie\" scope=\"col\">Obowi&#261;zywanie<\/th>\n<\/tr>\n<\/thead>\n<tbody id=\"j_idt650_data\">\n<tr data-ri=\"0\">\n<td role=\"gridcell\">14<\/td>\n<td role=\"gridcell\">5<\/td>\n<td role=\"gridcell\"><a data-cke-saved-href=\"https:\/\/portal.amazone.de\/spareparts\/catalog.jsf?fun=usage&amp;filter=catalog%2FMH309%2Fpath%2F%2C0%2C123%2Factive%2F123%3A134&amp;identNr=DA580&amp;conversationContext=2l\" href=\"https:\/\/portal.amazone.de\/spareparts\/catalog.jsf?fun=usage&amp;filter=catalog%2FMH309%2Fpath%2F%2C0%2C123%2Factive%2F123%3A134&amp;identNr=DA580&amp;conversationContext=2l\">Wa&#322;ek wysiewaj&#261;cy \/ sprz&#281;g&#322;o od&#322;&#261;czaj&#261;ce<\/a><\/td>\n<td role=\"gridcell\">MH309<\/td>\n<td role=\"gridcell\">AD 03 Super\/Special<\/td>\n<td role=\"gridcell\">od 05-2002<\/td>\n<\/tr>\n<tr data-ri=\"1\">\n<td role=\"gridcell\">10<\/td>\n<td role=\"gridcell\">7<\/td>\n<td role=\"gridcell\"><a data-cke-saved-href=\"https:\/\/portal.amazone.de\/spareparts\/catalog.jsf?fun=usage&amp;filter=catalog%2FMH085%2Fpath%2F%2C0%2C92%2Factive%2F92%3A98&amp;identNr=DA580&amp;conversationContext=2l\" href=\"https:\/\/portal.amazone.de\/spareparts\/catalog.jsf?fun=usage&amp;filter=catalog%2FMH085%2Fpath%2F%2C0%2C92%2Factive%2F92%3A98&amp;identNr=DA580&amp;conversationContext=2l\">K\u00f3&#322;ko wysiewaj&#261;ce Elite, k\u00f3&#322;ko wysiewaj&#261;ce do fasoli, obudowa wysiewaj&#261;ca<\/a><\/td>\n<td role=\"gridcell\">MH085<\/td>\n<td role=\"gridcell\">AD2; RP-AD2<\/td>\n<td role=\"gridcell\">od 12-1992<\/td>\n<\/tr>\n<tr data-ri=\"2\">\n<td role=\"gridcell\">26<\/td>\n<td role=\"gridcell\">C3<\/td>\n<td role=\"gridcell\"><a data-cke-saved-href=\"https:\/\/portal.amazone.de\/spareparts\/catalog.jsf?fun=usage&amp;filter=catalog%2FMH651%2Fpath%2F%2C0%2C745%2Factive%2F745%3A770&amp;identNr=DA580&amp;conversationContext=2l\" href=\"https:\/\/portal.amazone.de\/spareparts\/catalog.jsf?fun=usage&amp;filter=catalog%2FMH651%2Fpath%2F%2C0%2C745%2Factive%2F745%3A770&amp;identNr=DA580&amp;conversationContext=2l\">Wa&#322;ek wysiewaj&#261;cy<\/a><\/td>\n<td role=\"gridcell\">MH651<\/td>\n<td role=\"gridcell\">AD 2500, 3000, 3500, 4000 Super\/Special<\/td>\n<td role=\"gridcell\">od 01-2011<\/td>\n<\/tr>\n<tr data-ri=\"3\">\n<td role=\"gridcell\">44<\/td>\n<td role=\"gridcell\">Fig. 10<\/td>\n<td role=\"gridcell\"><a data-cke-saved-href=\"https:\/\/portal.amazone.de\/spareparts\/catalog.jsf?fun=usage&amp;filter=catalog%2FMH015%2Fpath%2F%2C0%2C259%2Factive%2F259%3A277&amp;identNr=DA580&amp;conversationContext=2l\" href=\"https:\/\/portal.amazone.de\/spareparts\/catalog.jsf?fun=usage&amp;filter=catalog%2FMH015%2Fpath%2F%2C0%2C259%2Factive%2F259%3A277&amp;identNr=DA580&amp;conversationContext=2l\">Wa&#322;ek wysiewaj&#261;cy, k\u00f3&#322;ko wysiewaj&#261;ce Elite, obudowa wysiewaj&#261;ca<\/a><\/td>\n<td role=\"gridcell\">MH015<\/td>\n<td role=\"gridcell\">AD 251, 301 Special<\/td>\n<td role=\"gridcell\">od 10-1991<\/td>\n<\/tr>\n<tr data-ri=\"4\">\n<td role=\"gridcell\">2<\/td>\n<td role=\"gridcell\">D1<\/td>\n<td role=\"gridcell\"><a data-cke-saved-href=\"https:\/\/portal.amazone.de\/spareparts\/catalog.jsf?fun=usage&amp;filter=catalog%2FMH531%2Fpath%2F%2C0%2C124%2Factive%2F124%3A126&amp;identNr=DA580&amp;conversationContext=2l\" href=\"https:\/\/portal.amazone.de\/spareparts\/catalog.jsf?fun=usage&amp;filter=catalog%2FMH531%2Fpath%2F%2C0%2C124%2Factive%2F124%3A126&amp;identNr=DA580&amp;conversationContext=2l\">System wysiewu C-Drill 3000 \/ 4000<\/a><\/td>\n<td role=\"gridcell\">MH531<\/td>\n<td role=\"gridcell\">C-Drill<\/td>\n<td role=\"gridcell\">od 03-2007<\/td>\n<\/tr>\n<tr data-ri=\"5\">\n<td role=\"gridcell\">42<\/td>\n<td role=\"gridcell\">Fig. 9<\/td>\n<td role=\"gridcell\"><a data-cke-saved-href=\"https:\/\/portal.amazone.de\/spareparts\/catalog.jsf?fun=usage&amp;filter=catalog%2FMH312%2Fpath%2F%2C0%2C286%2Factive%2F286%3A308&amp;identNr=DA580&amp;conversationContext=2l\" href=\"https:\/\/portal.amazone.de\/spareparts\/catalog.jsf?fun=usage&amp;filter=catalog%2FMH312%2Fpath%2F%2C0%2C286%2Factive%2F286%3A308&amp;identNr=DA580&amp;conversationContext=2l\">K\u00f3&#322;ka wysiewaj&#261;ce Elite<\/a><\/td>\n<td role=\"gridcell\">MH312<\/td>\n<td role=\"gridcell\">D7-25, D7-30, D7-33, D7-40 Super S<\/td>\n<td role=\"gridcell\">od 11-1990<\/td>\n<\/tr>\n<tr data-ri=\"6\">\n<td role=\"gridcell\">34<\/td>\n<td role=\"gridcell\">Fig. 20<\/td>\n<td role=\"gridcell\"><a data-cke-saved-href=\"https:\/\/portal.amazone.de\/spareparts\/catalog.jsf?fun=usage&amp;filter=catalog%2FMH396%2Fpath%2F%2C0%2C569%2Factive%2F569%3A605&amp;identNr=DA580&amp;conversationContext=2l\" href=\"https:\/\/portal.amazone.de\/spareparts\/catalog.jsf?fun=usage&amp;filter=catalog%2FMH396%2Fpath%2F%2C0%2C569%2Factive%2F569%3A605&amp;identNr=DA580&amp;conversationContext=2l\">Wa&#322;ek wysiewaj&#261;cy, obudowa wysiewaj&#261;ca, k\u00f3&#322;ko wysiewaj&#261;ce Elite (1\/2)<\/a><\/td>\n<td role=\"gridcell\">MH396<\/td>\n<td role=\"gridcell\">D7 30-E-R, 40-E-R, 30-E-N, 40-E-N<\/td>\n<td role=\"gridcell\">od 08-1985<\/td>\n<\/tr>\n<tr data-ri=\"7\">\n<td role=\"gridcell\">53<\/td>\n<td role=\"gridcell\">11<\/td>\n<td role=\"gridcell\"><a data-cke-saved-href=\"https:\/\/portal.amazone.de\/spareparts\/catalog.jsf?fun=usage&amp;filter=catalog%2FMH050%2Fpath%2F%2C0%2C299%2Factive%2F299%3A332&amp;identNr=DA580&amp;conversationContext=2l\" href=\"https:\/\/portal.amazone.de\/spareparts\/catalog.jsf?fun=usage&amp;filter=catalog%2FMH050%2Fpath%2F%2C0%2C299%2Factive%2F299%3A332&amp;identNr=DA580&amp;conversationContext=2l\">Wa&#322;ek wysiewaj&#261;cy<\/a><\/td>\n<td role=\"gridcell\">MH050<\/td>\n<td role=\"gridcell\">D8-25, D8-30, D8-40 Super; D8-20, D8-25, D8-30 Special<\/td>\n<td role=\"gridcell\">od 11-1986<\/td>\n<\/tr>\n<tr data-ri=\"8\">\n<td role=\"gridcell\">10<\/td>\n<td role=\"gridcell\">Fig. 13<\/td>\n<td role=\"gridcell\"><a data-cke-saved-href=\"https:\/\/portal.amazone.de\/spareparts\/catalog.jsf?fun=usage&amp;filter=catalog%2FMH008%2Fpath%2F%2C0%2C361%2Factive%2F361%3A367&amp;identNr=DA580&amp;conversationContext=2l\" href=\"https:\/\/portal.amazone.de\/spareparts\/catalog.jsf?fun=usage&amp;filter=catalog%2FMH008%2Fpath%2F%2C0%2C361%2Factive%2F361%3A367&amp;identNr=DA580&amp;conversationContext=2l\">Wa&#322;ek wysiewaj&#261;cy Elite, obudowa wysiewaj&#261;ca<\/a><\/td>\n<td role=\"gridcell\">MH008<\/td>\n<td role=\"gridcell\">D8-30, D8-40 ER; D8-30, D8-40, D8-48, D8-60 EN<\/td>\n<td role=\"gridcell\">od 06-1988<\/td>\n<\/tr>\n<tr data-ri=\"9\">\n<td role=\"gridcell\">10<\/td>\n<td role=\"gridcell\">Fig. 7<\/td>\n<td role=\"gridcell\"><a data-cke-saved-href=\"https:\/\/portal.amazone.de\/spareparts\/catalog.jsf?fun=usage&amp;filter=catalog%2FMH201%2Fpath%2F%2C0%2C155%2Factive%2F155%3A161&amp;identNr=DA580&amp;conversationContext=2l\" href=\"https:\/\/portal.amazone.de\/spareparts\/catalog.jsf?fun=usage&amp;filter=catalog%2FMH201%2Fpath%2F%2C0%2C155%2Factive%2F155%3A161&amp;identNr=DA580&amp;conversationContext=2l\">K\u00f3&#322;ko wysiewaj&#261;ce, obudowa wysiewaj&#261;ca<\/a><\/td>\n<td role=\"gridcell\">MH201<\/td>\n<td role=\"gridcell\">D8-45 Super, 8-60 Super<\/td>\n<td role=\"gridcell\">od 10-1996<\/td>\n<\/tr>\n<tr data-ri=\"10\">\n<td role=\"gridcell\">14<\/td>\n<td role=\"gridcell\">11<\/td>\n<td role=\"gridcell\"><a data-cke-saved-href=\"https:\/\/portal.amazone.de\/spareparts\/catalog.jsf?fun=usage&amp;filter=catalog%2FMH329%2Fpath%2F%2C0%2C250%2Factive%2F250%3A258&amp;identNr=DA580&amp;conversationContext=2l\" href=\"https:\/\/portal.amazone.de\/spareparts\/catalog.jsf?fun=usage&amp;filter=catalog%2FMH329%2Fpath%2F%2C0%2C250%2Factive%2F250%3A258&amp;identNr=DA580&amp;conversationContext=2l\">Wa&#322;ek wysiewaj&#261;cy, sprz&#281;g&#322;o od&#322;&#261;czaj&#261;ce<\/a><\/td>\n<td role=\"gridcell\">MH329<\/td>\n<td role=\"gridcell\">D9-120 Super<\/td>\n<td role=\"gridcell\">od 09-1999<\/td>\n<\/tr>\n<tr data-ri=\"11\">\n<td role=\"gridcell\">26<\/td>\n<td role=\"gridcell\">C3<\/td>\n<td role=\"gridcell\"><a data-cke-saved-href=\"https:\/\/portal.amazone.de\/spareparts\/catalog.jsf?fun=usage&amp;filter=catalog%2FMH665%2Fpath%2F%2C0%2C497%2Factive%2F497%3A522&amp;identNr=DA580&amp;conversationContext=2l\" href=\"https:\/\/portal.amazone.de\/spareparts\/catalog.jsf?fun=usage&amp;filter=catalog%2FMH665%2Fpath%2F%2C0%2C497%2Factive%2F497%3A522&amp;identNr=DA580&amp;conversationContext=2l\">Wa&#322;ek wysiewaj&#261;cy<\/a><\/td>\n<td role=\"gridcell\">MH665<\/td>\n<td role=\"gridcell\">D9 2500, 3000, 3500, 4000 Super\/Special<\/td>\n<td role=\"gridcell\">od 01-2011<\/td>\n<\/tr>\n<tr data-ri=\"12\">\n<td role=\"gridcell\">3<\/td>\n<td role=\"gridcell\">C015<\/td>\n<td role=\"gridcell\"><a data-cke-saved-href=\"https:\/\/portal.amazone.de\/spareparts\/catalog.jsf?fun=usage&amp;filter=catalog%2FMH720%2Fpath%2F%2C0%2C488%2Factive%2F488%3A491&amp;identNr=DA580&amp;conversationContext=2l\" href=\"https:\/\/portal.amazone.de\/spareparts\/catalog.jsf?fun=usage&amp;filter=catalog%2FMH720%2Fpath%2F%2C0%2C488%2Factive%2F488%3A491&amp;identNr=DA580&amp;conversationContext=2l\">Wa&#322;ek wysiewaj&#261;cy &#8212; zbo&#380;e<\/a><\/td>\n<td role=\"gridcell\">MH720<\/td>\n<td role=\"gridcell\">D9 6000-TC<\/td>\n<td role=\"gridcell\">od 01-2012<\/td>\n<\/tr>\n<tr data-ri=\"13\">\n<td role=\"gridcell\">14<\/td>\n<td role=\"gridcell\">4<\/td>\n<td role=\"gridcell\"><a data-cke-saved-href=\"https:\/\/portal.amazone.de\/spareparts\/catalog.jsf?fun=usage&amp;filter=catalog%2FMH361%2Fpath%2F%2C0%2C66%2Factive%2F66%3A74&amp;identNr=DA580&amp;conversationContext=2l\" href=\"https:\/\/portal.amazone.de\/spareparts\/catalog.jsf?fun=usage&amp;filter=catalog%2FMH361%2Fpath%2F%2C0%2C66%2Factive%2F66%3A74&amp;identNr=DA580&amp;conversationContext=2l\">Wa&#322;ek wysiewaj&#261;cy \/ sprz&#281;g&#322;o od&#322;&#261;czaj&#261;ce<\/a><\/td>\n<td role=\"gridcell\">MH361<\/td>\n<td role=\"gridcell\">D9-60 Super<\/td>\n<td role=\"gridcell\">od 04-2002<\/td>\n<\/tr>\n<tr data-ri=\"14\">\n<td role=\"gridcell\">14<\/td>\n<td role=\"gridcell\">5<\/td>\n<td role=\"gridcell\"><a data-cke-saved-href=\"https:\/\/portal.amazone.de\/spareparts\/catalog.jsf?fun=usage&amp;filter=catalog%2FMH305%2Fpath%2F%2C0%2C108%2Factive%2F108%3A118&amp;identNr=DA580&amp;conversationContext=2l\" href=\"https:\/\/portal.amazone.de\/spareparts\/catalog.jsf?fun=usage&amp;filter=catalog%2FMH305%2Fpath%2F%2C0%2C108%2Factive%2F108%3A118&amp;identNr=DA580&amp;conversationContext=2l\">Wa&#322;ek wysiewaj&#261;cy \/ sprz&#281;g&#322;o od&#322;&#261;czaj&#261;ce<\/a><\/td>\n<td role=\"gridcell\">MH305<\/td>\n<td role=\"gridcell\">D9 Super\/Special<\/td>\n<td role=\"gridcell\">od 05-2002<\/td>\n<\/tr>\n<tr data-ri=\"15\">\n<td role=\"gridcell\">10<\/td>\n<td role=\"gridcell\">7<\/td>\n<td role=\"gridcell\"><a data-cke-saved-href=\"https:\/\/portal.amazone.de\/spareparts\/catalog.jsf?fun=usage&amp;filter=catalog%2FMH220%2Fpath%2F%2C0%2C138%2Factive%2F138%3A144&amp;identNr=DA580&amp;conversationContext=2l\" href=\"https:\/\/portal.amazone.de\/spareparts\/catalog.jsf?fun=usage&amp;filter=catalog%2FMH220%2Fpath%2F%2C0%2C138%2Factive%2F138%3A144&amp;identNr=DA580&amp;conversationContext=2l\">K\u00f3&#322;ko wysiewaj&#261;ce, obudowa wysiewaj&#261;ca<\/a><\/td>\n<td role=\"gridcell\">MH220<\/td>\n<td role=\"gridcell\">MD 8<\/td>\n<td role=\"gridcell\">od 05-1997<\/td>\n<\/tr>\n<tr data-ri=\"16\">\n<td role=\"gridcell\">54<\/td>\n<td role=\"gridcell\">Fig. 10<\/td>\n<td role=\"gridcell\"><a data-cke-saved-href=\"https:\/\/portal.amazone.de\/spareparts\/catalog.jsf?fun=usage&amp;filter=catalog%2FMH009%2Fpath%2F%2C0%2C230%2Factive%2F230%3A251&amp;identNr=DA580&amp;conversationContext=2l\" href=\"https:\/\/portal.amazone.de\/spareparts\/catalog.jsf?fun=usage&amp;filter=catalog%2FMH009%2Fpath%2F%2C0%2C230%2Factive%2F230%3A251&amp;identNr=DA580&amp;conversationContext=2l\">Wa&#322;ek wysiewaj&#261;cy, k\u00f3&#322;ko wysiewaj&#261;ce Elite, obudowa wysiewaj&#261;ca<\/a><\/td>\n<td role=\"gridcell\">MH009<\/td>\n<td role=\"gridcell\">RPD; AD8: 251, 301, 401<\/td>\n<td role=\"gridcell\">od 05-1989<\/td>\n<\/tr>\n<tr data-ri=\"17\">\n<td role=\"gridcell\">10<\/td>\n<td role=\"gridcell\">Fig: 12<\/td>\n<td role=\"gridcell\"><a data-cke-saved-href=\"https:\/\/portal.amazone.de\/spareparts\/catalog.jsf?fun=usage&amp;filter=catalog%2FMH397%2Fpath%2F%2C0%2C253%2Factive%2F253%3A264&amp;identNr=DA580&amp;conversationContext=2l\" href=\"https:\/\/portal.amazone.de\/spareparts\/catalog.jsf?fun=usage&amp;filter=catalog%2FMH397%2Fpath%2F%2C0%2C253%2Factive%2F253%3A264&amp;identNr=DA580&amp;conversationContext=2l\">Obudowa wysiewaj&#261;ca z akcesoriami kompl.<\/a><\/td>\n<td role=\"gridcell\">MH397<\/td>\n<td role=\"gridcell\">Siewnik do siewu bezpo&#347;redniego NT 300<\/td>\n<td role=\"gridcell\">od 09-1992<\/td>\n<\/tr>\n<tr data-ri=\"18\">\n<td role=\"gridcell\">14<\/td>\n<td role=\"gridcell\">4<\/td>\n<td role=\"gridcell\"><a data-cke-saved-href=\"https:\/\/portal.amazone.de\/spareparts\/catalog.jsf?fun=usage&amp;filter=catalog%2FMH366%2Fpath%2F%2C0%2C73%2Factive%2F73%3A82&amp;identNr=DA580&amp;conversationContext=2l\" href=\"https:\/\/portal.amazone.de\/spareparts\/catalog.jsf?fun=usage&amp;filter=catalog%2FMH366%2Fpath%2F%2C0%2C73%2Factive%2F73%3A82&amp;identNr=DA580&amp;conversationContext=2l\">Wa&#322;ek wysiewaj&#261;cy \/ sprz&#281;g&#322;o od&#322;&#261;czaj&#261;ce<\/a><\/td>\n<td role=\"gridcell\">MH366<\/td>\n<td role=\"gridcell\">Variant 3-1500, 4-2100<\/td>\n<td role=\"gridcell\">od 05-2000<\/td>\n<\/tr>\n<\/tbody>\n<\/table>\n","protected":false},"excerpt":{"rendered":"<p>IV-1-6<\/p>\n","protected":false},"featured_media":15904,"template":"","meta":{"_kad_post_transparent":"","_kad_post_title":"","_kad_post_layout":"","_kad_post_sidebar_id":"","_kad_post_content_style":"","_kad_post_vertical_padding":"","_kad_post_feature":"","_kad_post_feature_position":"","_kad_post_header":false,"_kad_post_footer":false},"product_cat":[324,274,289,275],"product_tag":[],"class_list":{"0":"post-11803","1":"product","2":"type-product","3":"status-publish","4":"has-post-thumbnail","6":"product_cat-amazone-zbozowe","7":"product_cat-siewniki","8":"product_cat-sklep-internetowy","9":"product_cat-zbozowe","11":"first","12":"instock","13":"taxable","14":"shipping-taxable","15":"purchasable","16":"product-type-simple","17":"entry","18":"content-bg","19":"loop-entry"},"yoast_head":"<!-- This site is optimized with the Yoast SEO plugin v24.9 - https:\/\/yoast.com\/wordpress\/plugins\/seo\/ -->\n<title>WKR\u0118T IMBUSOWY DO SIEWNIKA  A7-5-6 - AMATECH - Maszyny rolnicze, cz\u0119\u015bci zamienne, serwis<\/title>\n<meta name=\"robots\" content=\"index, follow, max-snippet:-1, max-image-preview:large, max-video-preview:-1\" \/>\n<link rel=\"canonical\" href=\"https:\/\/amatech.com.pl\/sklep\/czesci-zamienne\/wkret-imbusowy-do-siewnika-iii-2-3\/\" \/>\n<meta property=\"og:locale\" content=\"pl_PL\" \/>\n<meta property=\"og:type\" content=\"article\" \/>\n<meta property=\"og:title\" content=\"WKR\u0118T IMBUSOWY DO SIEWNIKA  A7-5-6 - AMATECH - Maszyny rolnicze, cz\u0119\u015bci zamienne, serwis\" \/>\n<meta property=\"og:description\" content=\"IV-1-6\" \/>\n<meta property=\"og:url\" content=\"https:\/\/amatech.com.pl\/sklep\/czesci-zamienne\/wkret-imbusowy-do-siewnika-iii-2-3\/\" \/>\n<meta property=\"og:site_name\" content=\"AMATECH - Maszyny rolnicze, cz\u0119\u015bci zamienne, serwis\" \/>\n<meta property=\"article:publisher\" content=\"https:\/\/www.facebook.com\/amatech.poznanski\/\" \/>\n<meta property=\"article:modified_time\" content=\"2026-04-28T09:36:31+00:00\" \/>\n<meta property=\"og:image\" content=\"https:\/\/amatech.com.pl\/sklep\/wp-content\/uploads\/2023\/11\/WKRET-IMBUSOWY-DO-SIEWNIKA-III-2-3.jpg\" \/>\n\t<meta property=\"og:image:width\" content=\"458\" \/>\n\t<meta property=\"og:image:height\" content=\"458\" \/>\n\t<meta property=\"og:image:type\" content=\"image\/jpeg\" \/>\n<meta name=\"twitter:card\" content=\"summary_large_image\" \/>\n<meta name=\"twitter:label1\" content=\"Szacowany czas czytania\" \/>\n\t<meta name=\"twitter:data1\" content=\"1 minuta\" \/>\n<script type=\"application\/ld+json\" class=\"yoast-schema-graph\">{\"@context\":\"https:\/\/schema.org\",\"@graph\":[{\"@type\":\"WebPage\",\"@id\":\"https:\/\/amatech.com.pl\/sklep\/czesci-zamienne\/wkret-imbusowy-do-siewnika-iii-2-3\/\",\"url\":\"https:\/\/amatech.com.pl\/sklep\/czesci-zamienne\/wkret-imbusowy-do-siewnika-iii-2-3\/\",\"name\":\"WKR\u0118T IMBUSOWY DO SIEWNIKA A7-5-6 - AMATECH - Maszyny rolnicze, cz\u0119\u015bci zamienne, serwis\",\"isPartOf\":{\"@id\":\"https:\/\/amatech.com.pl\/sklep\/#website\"},\"primaryImageOfPage\":{\"@id\":\"https:\/\/amatech.com.pl\/sklep\/czesci-zamienne\/wkret-imbusowy-do-siewnika-iii-2-3\/#primaryimage\"},\"image\":{\"@id\":\"https:\/\/amatech.com.pl\/sklep\/czesci-zamienne\/wkret-imbusowy-do-siewnika-iii-2-3\/#primaryimage\"},\"thumbnailUrl\":\"https:\/\/amatech.com.pl\/sklep\/wp-content\/uploads\/2023\/11\/WKRET-IMBUSOWY-DO-SIEWNIKA-III-2-3.jpg\",\"datePublished\":\"2022-07-27T06:55:29+00:00\",\"dateModified\":\"2026-04-28T09:36:31+00:00\",\"breadcrumb\":{\"@id\":\"https:\/\/amatech.com.pl\/sklep\/czesci-zamienne\/wkret-imbusowy-do-siewnika-iii-2-3\/#breadcrumb\"},\"inLanguage\":\"pl-PL\",\"potentialAction\":[{\"@type\":\"ReadAction\",\"target\":[\"https:\/\/amatech.com.pl\/sklep\/czesci-zamienne\/wkret-imbusowy-do-siewnika-iii-2-3\/\"]}]},{\"@type\":\"ImageObject\",\"inLanguage\":\"pl-PL\",\"@id\":\"https:\/\/amatech.com.pl\/sklep\/czesci-zamienne\/wkret-imbusowy-do-siewnika-iii-2-3\/#primaryimage\",\"url\":\"https:\/\/amatech.com.pl\/sklep\/wp-content\/uploads\/2023\/11\/WKRET-IMBUSOWY-DO-SIEWNIKA-III-2-3.jpg\",\"contentUrl\":\"https:\/\/amatech.com.pl\/sklep\/wp-content\/uploads\/2023\/11\/WKRET-IMBUSOWY-DO-SIEWNIKA-III-2-3.jpg\",\"width\":458,\"height\":458,\"caption\":\"WKR\u0118T IMBUSOWY DO SIEWNIKA III-2-3\"},{\"@type\":\"BreadcrumbList\",\"@id\":\"https:\/\/amatech.com.pl\/sklep\/czesci-zamienne\/wkret-imbusowy-do-siewnika-iii-2-3\/#breadcrumb\",\"itemListElement\":[{\"@type\":\"ListItem\",\"position\":1,\"name\":\"Strona g\u0142\u00f3wna\",\"item\":\"https:\/\/amatech.com.pl\/sklep\/\"},{\"@type\":\"ListItem\",\"position\":2,\"name\":\"Sklep\",\"item\":\"https:\/\/amatech.com.pl\/sklep\/\"},{\"@type\":\"ListItem\",\"position\":3,\"name\":\"WKR\u0118T IMBUSOWY DO SIEWNIKA A7-5-6\"}]},{\"@type\":\"WebSite\",\"@id\":\"https:\/\/amatech.com.pl\/sklep\/#website\",\"url\":\"https:\/\/amatech.com.pl\/sklep\/\",\"name\":\"AMATECH - Maszyny rolnicze, cz\u0119\u015bci zamienne, serwis\",\"description\":\"AMATECH - Jaros\u0142aw Pozna\u0144ski - Zajmujemy si\u0119 sprzeda\u017c\u0105 maszyn i urz\u0105dze\u0144 rolniczych budowlanych oraz oryginalnych cz\u0119\u015bci zamiennych. Sklep on-line.\",\"publisher\":{\"@id\":\"https:\/\/amatech.com.pl\/sklep\/#organization\"},\"potentialAction\":[{\"@type\":\"SearchAction\",\"target\":{\"@type\":\"EntryPoint\",\"urlTemplate\":\"https:\/\/amatech.com.pl\/sklep\/?s={search_term_string}\"},\"query-input\":{\"@type\":\"PropertyValueSpecification\",\"valueRequired\":true,\"valueName\":\"search_term_string\"}}],\"inLanguage\":\"pl-PL\"},{\"@type\":\"Organization\",\"@id\":\"https:\/\/amatech.com.pl\/sklep\/#organization\",\"name\":\"AMATECH - Maszyny rolnicze, cz\u0119\u015bci zamienne, amazone, krone\",\"url\":\"https:\/\/amatech.com.pl\/sklep\/\",\"logo\":{\"@type\":\"ImageObject\",\"inLanguage\":\"pl-PL\",\"@id\":\"https:\/\/amatech.com.pl\/sklep\/#\/schema\/logo\/image\/\",\"url\":\"https:\/\/amatech.com.pl\/sklep\/wp-content\/uploads\/2021\/11\/amatech-logo.png\",\"contentUrl\":\"https:\/\/amatech.com.pl\/sklep\/wp-content\/uploads\/2021\/11\/amatech-logo.png\",\"width\":266,\"height\":57,\"caption\":\"AMATECH - Maszyny rolnicze, cz\u0119\u015bci zamienne, amazone, krone\"},\"image\":{\"@id\":\"https:\/\/amatech.com.pl\/sklep\/#\/schema\/logo\/image\/\"},\"sameAs\":[\"https:\/\/www.facebook.com\/amatech.poznanski\/\"]}]}<\/script>\n<!-- \/ Yoast SEO plugin. -->","yoast_head_json":{"title":"WKR\u0118T IMBUSOWY DO SIEWNIKA  A7-5-6 - AMATECH - Maszyny rolnicze, cz\u0119\u015bci zamienne, serwis","robots":{"index":"index","follow":"follow","max-snippet":"max-snippet:-1","max-image-preview":"max-image-preview:large","max-video-preview":"max-video-preview:-1"},"canonical":"https:\/\/amatech.com.pl\/sklep\/czesci-zamienne\/wkret-imbusowy-do-siewnika-iii-2-3\/","og_locale":"pl_PL","og_type":"article","og_title":"WKR\u0118T IMBUSOWY DO SIEWNIKA  A7-5-6 - AMATECH - Maszyny rolnicze, cz\u0119\u015bci zamienne, serwis","og_description":"IV-1-6","og_url":"https:\/\/amatech.com.pl\/sklep\/czesci-zamienne\/wkret-imbusowy-do-siewnika-iii-2-3\/","og_site_name":"AMATECH - Maszyny rolnicze, cz\u0119\u015bci zamienne, serwis","article_publisher":"https:\/\/www.facebook.com\/amatech.poznanski\/","article_modified_time":"2026-04-28T09:36:31+00:00","og_image":[{"width":458,"height":458,"url":"https:\/\/amatech.com.pl\/sklep\/wp-content\/uploads\/2023\/11\/WKRET-IMBUSOWY-DO-SIEWNIKA-III-2-3.jpg","type":"image\/jpeg"}],"twitter_card":"summary_large_image","twitter_misc":{"Szacowany czas czytania":"1 minuta"},"schema":{"@context":"https:\/\/schema.org","@graph":[{"@type":"WebPage","@id":"https:\/\/amatech.com.pl\/sklep\/czesci-zamienne\/wkret-imbusowy-do-siewnika-iii-2-3\/","url":"https:\/\/amatech.com.pl\/sklep\/czesci-zamienne\/wkret-imbusowy-do-siewnika-iii-2-3\/","name":"WKR\u0118T IMBUSOWY DO SIEWNIKA A7-5-6 - AMATECH - Maszyny rolnicze, cz\u0119\u015bci zamienne, serwis","isPartOf":{"@id":"https:\/\/amatech.com.pl\/sklep\/#website"},"primaryImageOfPage":{"@id":"https:\/\/amatech.com.pl\/sklep\/czesci-zamienne\/wkret-imbusowy-do-siewnika-iii-2-3\/#primaryimage"},"image":{"@id":"https:\/\/amatech.com.pl\/sklep\/czesci-zamienne\/wkret-imbusowy-do-siewnika-iii-2-3\/#primaryimage"},"thumbnailUrl":"https:\/\/amatech.com.pl\/sklep\/wp-content\/uploads\/2023\/11\/WKRET-IMBUSOWY-DO-SIEWNIKA-III-2-3.jpg","datePublished":"2022-07-27T06:55:29+00:00","dateModified":"2026-04-28T09:36:31+00:00","breadcrumb":{"@id":"https:\/\/amatech.com.pl\/sklep\/czesci-zamienne\/wkret-imbusowy-do-siewnika-iii-2-3\/#breadcrumb"},"inLanguage":"pl-PL","potentialAction":[{"@type":"ReadAction","target":["https:\/\/amatech.com.pl\/sklep\/czesci-zamienne\/wkret-imbusowy-do-siewnika-iii-2-3\/"]}]},{"@type":"ImageObject","inLanguage":"pl-PL","@id":"https:\/\/amatech.com.pl\/sklep\/czesci-zamienne\/wkret-imbusowy-do-siewnika-iii-2-3\/#primaryimage","url":"https:\/\/amatech.com.pl\/sklep\/wp-content\/uploads\/2023\/11\/WKRET-IMBUSOWY-DO-SIEWNIKA-III-2-3.jpg","contentUrl":"https:\/\/amatech.com.pl\/sklep\/wp-content\/uploads\/2023\/11\/WKRET-IMBUSOWY-DO-SIEWNIKA-III-2-3.jpg","width":458,"height":458,"caption":"WKR\u0118T IMBUSOWY DO SIEWNIKA III-2-3"},{"@type":"BreadcrumbList","@id":"https:\/\/amatech.com.pl\/sklep\/czesci-zamienne\/wkret-imbusowy-do-siewnika-iii-2-3\/#breadcrumb","itemListElement":[{"@type":"ListItem","position":1,"name":"Strona g\u0142\u00f3wna","item":"https:\/\/amatech.com.pl\/sklep\/"},{"@type":"ListItem","position":2,"name":"Sklep","item":"https:\/\/amatech.com.pl\/sklep\/"},{"@type":"ListItem","position":3,"name":"WKR\u0118T IMBUSOWY DO SIEWNIKA A7-5-6"}]},{"@type":"WebSite","@id":"https:\/\/amatech.com.pl\/sklep\/#website","url":"https:\/\/amatech.com.pl\/sklep\/","name":"AMATECH - Maszyny rolnicze, cz\u0119\u015bci zamienne, serwis","description":"AMATECH - Jaros\u0142aw Pozna\u0144ski - Zajmujemy si\u0119 sprzeda\u017c\u0105 maszyn i urz\u0105dze\u0144 rolniczych budowlanych oraz oryginalnych cz\u0119\u015bci zamiennych. Sklep on-line.","publisher":{"@id":"https:\/\/amatech.com.pl\/sklep\/#organization"},"potentialAction":[{"@type":"SearchAction","target":{"@type":"EntryPoint","urlTemplate":"https:\/\/amatech.com.pl\/sklep\/?s={search_term_string}"},"query-input":{"@type":"PropertyValueSpecification","valueRequired":true,"valueName":"search_term_string"}}],"inLanguage":"pl-PL"},{"@type":"Organization","@id":"https:\/\/amatech.com.pl\/sklep\/#organization","name":"AMATECH - Maszyny rolnicze, cz\u0119\u015bci zamienne, amazone, krone","url":"https:\/\/amatech.com.pl\/sklep\/","logo":{"@type":"ImageObject","inLanguage":"pl-PL","@id":"https:\/\/amatech.com.pl\/sklep\/#\/schema\/logo\/image\/","url":"https:\/\/amatech.com.pl\/sklep\/wp-content\/uploads\/2021\/11\/amatech-logo.png","contentUrl":"https:\/\/amatech.com.pl\/sklep\/wp-content\/uploads\/2021\/11\/amatech-logo.png","width":266,"height":57,"caption":"AMATECH - Maszyny rolnicze, cz\u0119\u015bci zamienne, amazone, krone"},"image":{"@id":"https:\/\/amatech.com.pl\/sklep\/#\/schema\/logo\/image\/"},"sameAs":["https:\/\/www.facebook.com\/amatech.poznanski\/"]}]}},"_links":{"self":[{"href":"https:\/\/amatech.com.pl\/sklep\/wp-json\/wp\/v2\/product\/11803"}],"collection":[{"href":"https:\/\/amatech.com.pl\/sklep\/wp-json\/wp\/v2\/product"}],"about":[{"href":"https:\/\/amatech.com.pl\/sklep\/wp-json\/wp\/v2\/types\/product"}],"wp:featuredmedia":[{"embeddable":true,"href":"https:\/\/amatech.com.pl\/sklep\/wp-json\/wp\/v2\/media\/15904"}],"wp:attachment":[{"href":"https:\/\/amatech.com.pl\/sklep\/wp-json\/wp\/v2\/media?parent=11803"}],"wp:term":[{"taxonomy":"product_cat","embeddable":true,"href":"https:\/\/amatech.com.pl\/sklep\/wp-json\/wp\/v2\/product_cat?post=11803"},{"taxonomy":"product_tag","embeddable":true,"href":"https:\/\/amatech.com.pl\/sklep\/wp-json\/wp\/v2\/product_tag?post=11803"}],"curies":[{"name":"wp","href":"https:\/\/api.w.org\/{rel}","templated":true}]}}