{"id":12004,"date":"2022-08-16T11:38:35","date_gmt":"2022-08-16T09:38:35","guid":{"rendered":"https:\/\/amatech.com.pl\/sklep\/czesci-zamienne\/filtr-oleju-silnika-perkins-ii-3\/"},"modified":"2026-03-11T06:47:21","modified_gmt":"2026-03-11T05:47:21","slug":"filtr-oleju-silnika-perkins-ii-3","status":"publish","type":"product","link":"https:\/\/amatech.com.pl\/sklep\/czesci-zamienne\/filtr-oleju-silnika-perkins-ii-3\/","title":{"rendered":"FILTR OLEJU SILNIKA PERKINS   II-1"},"content":{"rendered":"<h1>Filtr oleju silnika MANITOU 133755<\/h1>\n<p><\/p>\n<p>Indeks katalogowy:&nbsp;133755<\/p>\n<ul id=\"lightSlider\">\n<li data-thumb=\"\/\/a.assecobs.com\/_img\/czescimanitou\/bcbffeee-1d48-45a7-aa5b-cc1b0fec553a\/filtr-oleju-silnika-manitou-133755.jpg?p=thumb\">&nbsp;Opis produktu:&nbsp;\n<ul>\n<li data-attr-val-id=\"2299\">FILTR OLEJU SILNIKA MANITOU 133755<\/li>\n<\/ul>\n<\/li>\n<\/ul>\n<ul>\n<li data-attribute-id=\"1002\">&nbsp;Pozosta&#322;e indeksy:&nbsp;\n<ul>\n<li data-attr-val-id=\"2300\">133755, P554403, LF701<\/li>\n<\/ul>\n<\/li>\n<li data-attribute-id=\"1006\">&nbsp;Stosowany w &#322;adowarkach:&nbsp;\n<ul>\n<li data-attr-val-id=\"2304\">MANITOU MT \/ MLT \/ MLA \/ MVT<\/li>\n<\/ul>\n<\/li>\n<li data-attribute-id=\"1008\">&nbsp;Stosowany w w\u00f3zkach wid&#322;owych:&nbsp;\n<ul>\n<li data-attr-val-id=\"2305\">MANITOU M \/ MC \/ MSI \/ MCE \/ MH \/ MA \/ MB\/ MI \/ 4 RM \/ 4 RE<\/li>\n<\/ul>\n<\/li>\n<li data-attribute-id=\"2\">&nbsp;Producent:&nbsp;MANITOU<\/li>\n<\/ul>\n","protected":false},"excerpt":{"rendered":"<p>Filtr oleju silnika MANITOU 133755 Indeks katalogowy:&nbsp;133755 &nbsp;Opis produktu:&nbsp; FILTR OLEJU SILNIKA MANITOU 133755 &nbsp;Pozosta&#322;e indeksy:&nbsp; 133755, P554403, LF701 &nbsp;Stosowany w &#322;adowarkach:&nbsp; MANITOU MT \/ MLT \/ MLA \/ MVT &nbsp;Stosowany w w\u00f3zkach wid&#322;owych:&nbsp; MANITOU M \/ MC \/ MSI \/ MCE \/ MH \/ MA \/ MB\/ MI \/ 4 RM \/ 4 RE&#8230;<\/p>\n","protected":false},"featured_media":15376,"template":"","meta":{"_kad_post_transparent":"","_kad_post_title":"","_kad_post_layout":"","_kad_post_sidebar_id":"","_kad_post_content_style":"","_kad_post_vertical_padding":"","_kad_post_feature":"","_kad_post_feature_position":"","_kad_post_header":false,"_kad_post_footer":false},"product_cat":[253,290,292,289,254],"product_tag":[],"class_list":{"0":"post-12004","1":"product","2":"type-product","3":"status-publish","4":"has-post-thumbnail","6":"product_cat-ladowarki","7":"product_cat-manitou","8":"product_cat-manitou-przegubowe","9":"product_cat-sklep-internetowy","10":"product_cat-teleskopowe","12":"first","13":"outofstock","14":"taxable","15":"shipping-taxable","16":"purchasable","17":"product-type-simple","18":"entry","19":"content-bg","20":"loop-entry"},"yoast_head":"<!-- This site is optimized with the Yoast SEO plugin v24.9 - https:\/\/yoast.com\/wordpress\/plugins\/seo\/ -->\n<title>FILTR OLEJU SILNIKA PERKINS  II-1 - AMATECH - Maszyny rolnicze, cz\u0119\u015bci zamienne, serwis<\/title>\n<meta name=\"robots\" content=\"index, follow, max-snippet:-1, max-image-preview:large, max-video-preview:-1\" \/>\n<link rel=\"canonical\" href=\"https:\/\/amatech.com.pl\/sklep\/czesci-zamienne\/filtr-oleju-silnika-perkins-ii-3\/\" \/>\n<meta property=\"og:locale\" content=\"pl_PL\" \/>\n<meta property=\"og:type\" content=\"article\" \/>\n<meta property=\"og:title\" content=\"FILTR OLEJU SILNIKA PERKINS  II-1 - AMATECH - Maszyny rolnicze, cz\u0119\u015bci zamienne, serwis\" \/>\n<meta property=\"og:description\" content=\"Filtr oleju silnika MANITOU 133755 Indeks katalogowy:&nbsp;133755 &nbsp;Opis produktu:&nbsp; FILTR OLEJU SILNIKA MANITOU 133755 &nbsp;Pozosta&#322;e indeksy:&nbsp; 133755, P554403, LF701 &nbsp;Stosowany w &#322;adowarkach:&nbsp; MANITOU MT \/ MLT \/ MLA \/ MVT &nbsp;Stosowany w w\u00f3zkach wid&#322;owych:&nbsp; MANITOU M \/ MC \/ MSI \/ MCE \/ MH \/ MA \/ MB\/ MI \/ 4 RM \/ 4 RE...\" \/>\n<meta property=\"og:url\" content=\"https:\/\/amatech.com.pl\/sklep\/czesci-zamienne\/filtr-oleju-silnika-perkins-ii-3\/\" \/>\n<meta property=\"og:site_name\" content=\"AMATECH - Maszyny rolnicze, cz\u0119\u015bci zamienne, serwis\" \/>\n<meta property=\"article:publisher\" content=\"https:\/\/www.facebook.com\/amatech.poznanski\/\" \/>\n<meta property=\"article:modified_time\" content=\"2026-03-11T05:47:21+00:00\" \/>\n<meta property=\"og:image\" content=\"https:\/\/amatech.com.pl\/sklep\/wp-content\/uploads\/2023\/04\/FILTR-OLEJU-SILNIKA-PERKINS-II-1_42638.jpg\" \/>\n\t<meta property=\"og:image:width\" content=\"1724\" \/>\n\t<meta property=\"og:image:height\" content=\"1080\" \/>\n\t<meta property=\"og:image:type\" content=\"image\/jpeg\" \/>\n<meta name=\"twitter:card\" content=\"summary_large_image\" \/>\n<script type=\"application\/ld+json\" class=\"yoast-schema-graph\">{\"@context\":\"https:\/\/schema.org\",\"@graph\":[{\"@type\":\"WebPage\",\"@id\":\"https:\/\/amatech.com.pl\/sklep\/czesci-zamienne\/filtr-oleju-silnika-perkins-ii-3\/\",\"url\":\"https:\/\/amatech.com.pl\/sklep\/czesci-zamienne\/filtr-oleju-silnika-perkins-ii-3\/\",\"name\":\"FILTR OLEJU SILNIKA PERKINS II-1 - AMATECH - Maszyny rolnicze, cz\u0119\u015bci zamienne, serwis\",\"isPartOf\":{\"@id\":\"https:\/\/amatech.com.pl\/sklep\/#website\"},\"primaryImageOfPage\":{\"@id\":\"https:\/\/amatech.com.pl\/sklep\/czesci-zamienne\/filtr-oleju-silnika-perkins-ii-3\/#primaryimage\"},\"image\":{\"@id\":\"https:\/\/amatech.com.pl\/sklep\/czesci-zamienne\/filtr-oleju-silnika-perkins-ii-3\/#primaryimage\"},\"thumbnailUrl\":\"https:\/\/amatech.com.pl\/sklep\/wp-content\/uploads\/2023\/11\/FILTR-OLEJU-SILNIKA-PERKINS-II-1.jpg\",\"datePublished\":\"2022-08-16T09:38:35+00:00\",\"dateModified\":\"2026-03-11T05:47:21+00:00\",\"breadcrumb\":{\"@id\":\"https:\/\/amatech.com.pl\/sklep\/czesci-zamienne\/filtr-oleju-silnika-perkins-ii-3\/#breadcrumb\"},\"inLanguage\":\"pl-PL\",\"potentialAction\":[{\"@type\":\"ReadAction\",\"target\":[\"https:\/\/amatech.com.pl\/sklep\/czesci-zamienne\/filtr-oleju-silnika-perkins-ii-3\/\"]}]},{\"@type\":\"ImageObject\",\"inLanguage\":\"pl-PL\",\"@id\":\"https:\/\/amatech.com.pl\/sklep\/czesci-zamienne\/filtr-oleju-silnika-perkins-ii-3\/#primaryimage\",\"url\":\"https:\/\/amatech.com.pl\/sklep\/wp-content\/uploads\/2023\/11\/FILTR-OLEJU-SILNIKA-PERKINS-II-1.jpg\",\"contentUrl\":\"https:\/\/amatech.com.pl\/sklep\/wp-content\/uploads\/2023\/11\/FILTR-OLEJU-SILNIKA-PERKINS-II-1.jpg\",\"width\":1724,\"height\":1080,\"caption\":\"FILTR OLEJU SILNIKA PERKINS II-1\"},{\"@type\":\"BreadcrumbList\",\"@id\":\"https:\/\/amatech.com.pl\/sklep\/czesci-zamienne\/filtr-oleju-silnika-perkins-ii-3\/#breadcrumb\",\"itemListElement\":[{\"@type\":\"ListItem\",\"position\":1,\"name\":\"Strona g\u0142\u00f3wna\",\"item\":\"https:\/\/amatech.com.pl\/sklep\/\"},{\"@type\":\"ListItem\",\"position\":2,\"name\":\"Sklep\",\"item\":\"https:\/\/amatech.com.pl\/sklep\/\"},{\"@type\":\"ListItem\",\"position\":3,\"name\":\"FILTR OLEJU SILNIKA PERKINS II-1\"}]},{\"@type\":\"WebSite\",\"@id\":\"https:\/\/amatech.com.pl\/sklep\/#website\",\"url\":\"https:\/\/amatech.com.pl\/sklep\/\",\"name\":\"AMATECH - Maszyny rolnicze, cz\u0119\u015bci zamienne, serwis\",\"description\":\"AMATECH - Jaros\u0142aw Pozna\u0144ski - Zajmujemy si\u0119 sprzeda\u017c\u0105 maszyn i urz\u0105dze\u0144 rolniczych budowlanych oraz oryginalnych cz\u0119\u015bci zamiennych. Sklep on-line.\",\"publisher\":{\"@id\":\"https:\/\/amatech.com.pl\/sklep\/#organization\"},\"potentialAction\":[{\"@type\":\"SearchAction\",\"target\":{\"@type\":\"EntryPoint\",\"urlTemplate\":\"https:\/\/amatech.com.pl\/sklep\/?s={search_term_string}\"},\"query-input\":{\"@type\":\"PropertyValueSpecification\",\"valueRequired\":true,\"valueName\":\"search_term_string\"}}],\"inLanguage\":\"pl-PL\"},{\"@type\":\"Organization\",\"@id\":\"https:\/\/amatech.com.pl\/sklep\/#organization\",\"name\":\"AMATECH - Maszyny rolnicze, cz\u0119\u015bci zamienne, amazone, krone\",\"url\":\"https:\/\/amatech.com.pl\/sklep\/\",\"logo\":{\"@type\":\"ImageObject\",\"inLanguage\":\"pl-PL\",\"@id\":\"https:\/\/amatech.com.pl\/sklep\/#\/schema\/logo\/image\/\",\"url\":\"https:\/\/amatech.com.pl\/sklep\/wp-content\/uploads\/2021\/11\/amatech-logo.png\",\"contentUrl\":\"https:\/\/amatech.com.pl\/sklep\/wp-content\/uploads\/2021\/11\/amatech-logo.png\",\"width\":266,\"height\":57,\"caption\":\"AMATECH - Maszyny rolnicze, cz\u0119\u015bci zamienne, amazone, krone\"},\"image\":{\"@id\":\"https:\/\/amatech.com.pl\/sklep\/#\/schema\/logo\/image\/\"},\"sameAs\":[\"https:\/\/www.facebook.com\/amatech.poznanski\/\"]}]}<\/script>\n<!-- \/ Yoast SEO plugin. -->","yoast_head_json":{"title":"FILTR OLEJU SILNIKA PERKINS  II-1 - AMATECH - Maszyny rolnicze, cz\u0119\u015bci zamienne, serwis","robots":{"index":"index","follow":"follow","max-snippet":"max-snippet:-1","max-image-preview":"max-image-preview:large","max-video-preview":"max-video-preview:-1"},"canonical":"https:\/\/amatech.com.pl\/sklep\/czesci-zamienne\/filtr-oleju-silnika-perkins-ii-3\/","og_locale":"pl_PL","og_type":"article","og_title":"FILTR OLEJU SILNIKA PERKINS  II-1 - AMATECH - Maszyny rolnicze, cz\u0119\u015bci zamienne, serwis","og_description":"Filtr oleju silnika MANITOU 133755 Indeks katalogowy:&nbsp;133755 &nbsp;Opis produktu:&nbsp; FILTR OLEJU SILNIKA MANITOU 133755 &nbsp;Pozosta&#322;e indeksy:&nbsp; 133755, P554403, LF701 &nbsp;Stosowany w &#322;adowarkach:&nbsp; MANITOU MT \/ MLT \/ MLA \/ MVT &nbsp;Stosowany w w\u00f3zkach wid&#322;owych:&nbsp; MANITOU M \/ MC \/ MSI \/ MCE \/ MH \/ MA \/ MB\/ MI \/ 4 RM \/ 4 RE...","og_url":"https:\/\/amatech.com.pl\/sklep\/czesci-zamienne\/filtr-oleju-silnika-perkins-ii-3\/","og_site_name":"AMATECH - Maszyny rolnicze, cz\u0119\u015bci zamienne, serwis","article_publisher":"https:\/\/www.facebook.com\/amatech.poznanski\/","article_modified_time":"2026-03-11T05:47:21+00:00","og_image":[{"width":1724,"height":1080,"url":"https:\/\/amatech.com.pl\/sklep\/wp-content\/uploads\/2023\/04\/FILTR-OLEJU-SILNIKA-PERKINS-II-1_42638.jpg","type":"image\/jpeg"}],"twitter_card":"summary_large_image","schema":{"@context":"https:\/\/schema.org","@graph":[{"@type":"WebPage","@id":"https:\/\/amatech.com.pl\/sklep\/czesci-zamienne\/filtr-oleju-silnika-perkins-ii-3\/","url":"https:\/\/amatech.com.pl\/sklep\/czesci-zamienne\/filtr-oleju-silnika-perkins-ii-3\/","name":"FILTR OLEJU SILNIKA PERKINS II-1 - AMATECH - Maszyny rolnicze, cz\u0119\u015bci zamienne, serwis","isPartOf":{"@id":"https:\/\/amatech.com.pl\/sklep\/#website"},"primaryImageOfPage":{"@id":"https:\/\/amatech.com.pl\/sklep\/czesci-zamienne\/filtr-oleju-silnika-perkins-ii-3\/#primaryimage"},"image":{"@id":"https:\/\/amatech.com.pl\/sklep\/czesci-zamienne\/filtr-oleju-silnika-perkins-ii-3\/#primaryimage"},"thumbnailUrl":"https:\/\/amatech.com.pl\/sklep\/wp-content\/uploads\/2023\/11\/FILTR-OLEJU-SILNIKA-PERKINS-II-1.jpg","datePublished":"2022-08-16T09:38:35+00:00","dateModified":"2026-03-11T05:47:21+00:00","breadcrumb":{"@id":"https:\/\/amatech.com.pl\/sklep\/czesci-zamienne\/filtr-oleju-silnika-perkins-ii-3\/#breadcrumb"},"inLanguage":"pl-PL","potentialAction":[{"@type":"ReadAction","target":["https:\/\/amatech.com.pl\/sklep\/czesci-zamienne\/filtr-oleju-silnika-perkins-ii-3\/"]}]},{"@type":"ImageObject","inLanguage":"pl-PL","@id":"https:\/\/amatech.com.pl\/sklep\/czesci-zamienne\/filtr-oleju-silnika-perkins-ii-3\/#primaryimage","url":"https:\/\/amatech.com.pl\/sklep\/wp-content\/uploads\/2023\/11\/FILTR-OLEJU-SILNIKA-PERKINS-II-1.jpg","contentUrl":"https:\/\/amatech.com.pl\/sklep\/wp-content\/uploads\/2023\/11\/FILTR-OLEJU-SILNIKA-PERKINS-II-1.jpg","width":1724,"height":1080,"caption":"FILTR OLEJU SILNIKA PERKINS II-1"},{"@type":"BreadcrumbList","@id":"https:\/\/amatech.com.pl\/sklep\/czesci-zamienne\/filtr-oleju-silnika-perkins-ii-3\/#breadcrumb","itemListElement":[{"@type":"ListItem","position":1,"name":"Strona g\u0142\u00f3wna","item":"https:\/\/amatech.com.pl\/sklep\/"},{"@type":"ListItem","position":2,"name":"Sklep","item":"https:\/\/amatech.com.pl\/sklep\/"},{"@type":"ListItem","position":3,"name":"FILTR OLEJU SILNIKA PERKINS II-1"}]},{"@type":"WebSite","@id":"https:\/\/amatech.com.pl\/sklep\/#website","url":"https:\/\/amatech.com.pl\/sklep\/","name":"AMATECH - Maszyny rolnicze, cz\u0119\u015bci zamienne, serwis","description":"AMATECH - Jaros\u0142aw Pozna\u0144ski - Zajmujemy si\u0119 sprzeda\u017c\u0105 maszyn i urz\u0105dze\u0144 rolniczych budowlanych oraz oryginalnych cz\u0119\u015bci zamiennych. Sklep on-line.","publisher":{"@id":"https:\/\/amatech.com.pl\/sklep\/#organization"},"potentialAction":[{"@type":"SearchAction","target":{"@type":"EntryPoint","urlTemplate":"https:\/\/amatech.com.pl\/sklep\/?s={search_term_string}"},"query-input":{"@type":"PropertyValueSpecification","valueRequired":true,"valueName":"search_term_string"}}],"inLanguage":"pl-PL"},{"@type":"Organization","@id":"https:\/\/amatech.com.pl\/sklep\/#organization","name":"AMATECH - Maszyny rolnicze, cz\u0119\u015bci zamienne, amazone, krone","url":"https:\/\/amatech.com.pl\/sklep\/","logo":{"@type":"ImageObject","inLanguage":"pl-PL","@id":"https:\/\/amatech.com.pl\/sklep\/#\/schema\/logo\/image\/","url":"https:\/\/amatech.com.pl\/sklep\/wp-content\/uploads\/2021\/11\/amatech-logo.png","contentUrl":"https:\/\/amatech.com.pl\/sklep\/wp-content\/uploads\/2021\/11\/amatech-logo.png","width":266,"height":57,"caption":"AMATECH - Maszyny rolnicze, cz\u0119\u015bci zamienne, amazone, krone"},"image":{"@id":"https:\/\/amatech.com.pl\/sklep\/#\/schema\/logo\/image\/"},"sameAs":["https:\/\/www.facebook.com\/amatech.poznanski\/"]}]}},"_links":{"self":[{"href":"https:\/\/amatech.com.pl\/sklep\/wp-json\/wp\/v2\/product\/12004"}],"collection":[{"href":"https:\/\/amatech.com.pl\/sklep\/wp-json\/wp\/v2\/product"}],"about":[{"href":"https:\/\/amatech.com.pl\/sklep\/wp-json\/wp\/v2\/types\/product"}],"wp:featuredmedia":[{"embeddable":true,"href":"https:\/\/amatech.com.pl\/sklep\/wp-json\/wp\/v2\/media\/15376"}],"wp:attachment":[{"href":"https:\/\/amatech.com.pl\/sklep\/wp-json\/wp\/v2\/media?parent=12004"}],"wp:term":[{"taxonomy":"product_cat","embeddable":true,"href":"https:\/\/amatech.com.pl\/sklep\/wp-json\/wp\/v2\/product_cat?post=12004"},{"taxonomy":"product_tag","embeddable":true,"href":"https:\/\/amatech.com.pl\/sklep\/wp-json\/wp\/v2\/product_tag?post=12004"}],"curies":[{"name":"wp","href":"https:\/\/api.w.org\/{rel}","templated":true}]}}