{"id":12400,"date":"2022-08-16T11:44:23","date_gmt":"2022-08-16T09:44:23","guid":{"rendered":"https:\/\/amatech.com.pl\/sklep\/czesci-zamienne\/mocowanie-sita-plastikowe-nowy-typ-iii-4-20\/"},"modified":"2026-04-17T16:01:28","modified_gmt":"2026-04-17T14:01:28","slug":"mocowanie-sita-plastikowe-nowy-typ-iii-4-20","status":"publish","type":"product","link":"https:\/\/amatech.com.pl\/sklep\/czesci-zamienne\/mocowanie-sita-plastikowe-nowy-typ-iii-4-20\/","title":{"rendered":"MOCOWANIE SITA PLASTIKOWE NOWY TYP  III-4-20"},"content":{"rendered":"<p>MOCOWANIE SITA PLASTIKOWE NOWY TYP<\/p>\n","protected":false},"excerpt":{"rendered":"<p>MOCOWANIE SITA PLASTIKOWE NOWY TYP<\/p>\n","protected":false},"featured_media":15772,"template":"","meta":{"_kad_post_transparent":"","_kad_post_title":"","_kad_post_layout":"","_kad_post_sidebar_id":"","_kad_post_content_style":"","_kad_post_vertical_padding":"","_kad_post_feature":"","_kad_post_feature_position":"","_kad_post_header":false,"_kad_post_footer":false},"product_cat":[312,269,289],"product_tag":[],"class_list":{"0":"post-12400","1":"product","2":"type-product","3":"status-publish","4":"has-post-thumbnail","6":"product_cat-amazone","7":"product_cat-rozsiewacze","8":"product_cat-sklep-internetowy","10":"first","11":"outofstock","12":"taxable","13":"shipping-taxable","14":"purchasable","15":"product-type-simple","16":"entry","17":"content-bg","18":"loop-entry"},"yoast_head":"<!-- This site is optimized with the Yoast SEO plugin v24.9 - https:\/\/yoast.com\/wordpress\/plugins\/seo\/ -->\n<title>MOCOWANIE SITA PLASTIKOWE NOWY TYP III-4-20 - AMATECH - Maszyny rolnicze, cz\u0119\u015bci zamienne, serwis<\/title>\n<meta name=\"robots\" content=\"index, follow, max-snippet:-1, max-image-preview:large, max-video-preview:-1\" \/>\n<link rel=\"canonical\" href=\"https:\/\/amatech.com.pl\/sklep\/czesci-zamienne\/mocowanie-sita-plastikowe-nowy-typ-iii-4-20\/\" \/>\n<meta property=\"og:locale\" content=\"pl_PL\" \/>\n<meta property=\"og:type\" content=\"article\" \/>\n<meta property=\"og:title\" content=\"MOCOWANIE SITA PLASTIKOWE NOWY TYP III-4-20 - AMATECH - Maszyny rolnicze, cz\u0119\u015bci zamienne, serwis\" \/>\n<meta property=\"og:description\" content=\"MOCOWANIE SITA PLASTIKOWE NOWY TYP\" \/>\n<meta property=\"og:url\" content=\"https:\/\/amatech.com.pl\/sklep\/czesci-zamienne\/mocowanie-sita-plastikowe-nowy-typ-iii-4-20\/\" \/>\n<meta property=\"og:site_name\" content=\"AMATECH - Maszyny rolnicze, cz\u0119\u015bci zamienne, serwis\" \/>\n<meta property=\"article:publisher\" content=\"https:\/\/www.facebook.com\/amatech.poznanski\/\" \/>\n<meta property=\"article:modified_time\" content=\"2026-04-17T14:01:28+00:00\" \/>\n<meta property=\"og:image\" content=\"https:\/\/amatech.com.pl\/sklep\/wp-content\/uploads\/2023\/11\/MOCOWANIE-SITA-PLASTIKOWE-NOWY-TYP-III-4-20.jpg\" \/>\n\t<meta property=\"og:image:width\" content=\"640\" \/>\n\t<meta property=\"og:image:height\" content=\"480\" \/>\n\t<meta property=\"og:image:type\" content=\"image\/jpeg\" \/>\n<meta name=\"twitter:card\" content=\"summary_large_image\" \/>\n<script type=\"application\/ld+json\" class=\"yoast-schema-graph\">{\"@context\":\"https:\/\/schema.org\",\"@graph\":[{\"@type\":\"WebPage\",\"@id\":\"https:\/\/amatech.com.pl\/sklep\/czesci-zamienne\/mocowanie-sita-plastikowe-nowy-typ-iii-4-20\/\",\"url\":\"https:\/\/amatech.com.pl\/sklep\/czesci-zamienne\/mocowanie-sita-plastikowe-nowy-typ-iii-4-20\/\",\"name\":\"MOCOWANIE SITA PLASTIKOWE NOWY TYP III-4-20 - AMATECH - Maszyny rolnicze, cz\u0119\u015bci zamienne, serwis\",\"isPartOf\":{\"@id\":\"https:\/\/amatech.com.pl\/sklep\/#website\"},\"primaryImageOfPage\":{\"@id\":\"https:\/\/amatech.com.pl\/sklep\/czesci-zamienne\/mocowanie-sita-plastikowe-nowy-typ-iii-4-20\/#primaryimage\"},\"image\":{\"@id\":\"https:\/\/amatech.com.pl\/sklep\/czesci-zamienne\/mocowanie-sita-plastikowe-nowy-typ-iii-4-20\/#primaryimage\"},\"thumbnailUrl\":\"https:\/\/amatech.com.pl\/sklep\/wp-content\/uploads\/2023\/11\/MOCOWANIE-SITA-PLASTIKOWE-NOWY-TYP-III-4-20.jpg\",\"datePublished\":\"2022-08-16T09:44:23+00:00\",\"dateModified\":\"2026-04-17T14:01:28+00:00\",\"breadcrumb\":{\"@id\":\"https:\/\/amatech.com.pl\/sklep\/czesci-zamienne\/mocowanie-sita-plastikowe-nowy-typ-iii-4-20\/#breadcrumb\"},\"inLanguage\":\"pl-PL\",\"potentialAction\":[{\"@type\":\"ReadAction\",\"target\":[\"https:\/\/amatech.com.pl\/sklep\/czesci-zamienne\/mocowanie-sita-plastikowe-nowy-typ-iii-4-20\/\"]}]},{\"@type\":\"ImageObject\",\"inLanguage\":\"pl-PL\",\"@id\":\"https:\/\/amatech.com.pl\/sklep\/czesci-zamienne\/mocowanie-sita-plastikowe-nowy-typ-iii-4-20\/#primaryimage\",\"url\":\"https:\/\/amatech.com.pl\/sklep\/wp-content\/uploads\/2023\/11\/MOCOWANIE-SITA-PLASTIKOWE-NOWY-TYP-III-4-20.jpg\",\"contentUrl\":\"https:\/\/amatech.com.pl\/sklep\/wp-content\/uploads\/2023\/11\/MOCOWANIE-SITA-PLASTIKOWE-NOWY-TYP-III-4-20.jpg\",\"width\":640,\"height\":480,\"caption\":\"MOCOWANIE SITA PLASTIKOWE NOWY TYP III-4-20\"},{\"@type\":\"BreadcrumbList\",\"@id\":\"https:\/\/amatech.com.pl\/sklep\/czesci-zamienne\/mocowanie-sita-plastikowe-nowy-typ-iii-4-20\/#breadcrumb\",\"itemListElement\":[{\"@type\":\"ListItem\",\"position\":1,\"name\":\"Strona g\u0142\u00f3wna\",\"item\":\"https:\/\/amatech.com.pl\/sklep\/\"},{\"@type\":\"ListItem\",\"position\":2,\"name\":\"Sklep\",\"item\":\"https:\/\/amatech.com.pl\/sklep\/\"},{\"@type\":\"ListItem\",\"position\":3,\"name\":\"MOCOWANIE SITA PLASTIKOWE NOWY TYP III-4-20\"}]},{\"@type\":\"WebSite\",\"@id\":\"https:\/\/amatech.com.pl\/sklep\/#website\",\"url\":\"https:\/\/amatech.com.pl\/sklep\/\",\"name\":\"AMATECH - Maszyny rolnicze, cz\u0119\u015bci zamienne, serwis\",\"description\":\"AMATECH - Jaros\u0142aw Pozna\u0144ski - Zajmujemy si\u0119 sprzeda\u017c\u0105 maszyn i urz\u0105dze\u0144 rolniczych budowlanych oraz oryginalnych cz\u0119\u015bci zamiennych. Sklep on-line.\",\"publisher\":{\"@id\":\"https:\/\/amatech.com.pl\/sklep\/#organization\"},\"potentialAction\":[{\"@type\":\"SearchAction\",\"target\":{\"@type\":\"EntryPoint\",\"urlTemplate\":\"https:\/\/amatech.com.pl\/sklep\/?s={search_term_string}\"},\"query-input\":{\"@type\":\"PropertyValueSpecification\",\"valueRequired\":true,\"valueName\":\"search_term_string\"}}],\"inLanguage\":\"pl-PL\"},{\"@type\":\"Organization\",\"@id\":\"https:\/\/amatech.com.pl\/sklep\/#organization\",\"name\":\"AMATECH - Maszyny rolnicze, cz\u0119\u015bci zamienne, amazone, krone\",\"url\":\"https:\/\/amatech.com.pl\/sklep\/\",\"logo\":{\"@type\":\"ImageObject\",\"inLanguage\":\"pl-PL\",\"@id\":\"https:\/\/amatech.com.pl\/sklep\/#\/schema\/logo\/image\/\",\"url\":\"https:\/\/amatech.com.pl\/sklep\/wp-content\/uploads\/2021\/11\/amatech-logo.png\",\"contentUrl\":\"https:\/\/amatech.com.pl\/sklep\/wp-content\/uploads\/2021\/11\/amatech-logo.png\",\"width\":266,\"height\":57,\"caption\":\"AMATECH - Maszyny rolnicze, cz\u0119\u015bci zamienne, amazone, krone\"},\"image\":{\"@id\":\"https:\/\/amatech.com.pl\/sklep\/#\/schema\/logo\/image\/\"},\"sameAs\":[\"https:\/\/www.facebook.com\/amatech.poznanski\/\"]}]}<\/script>\n<!-- \/ Yoast SEO plugin. -->","yoast_head_json":{"title":"MOCOWANIE SITA PLASTIKOWE NOWY TYP III-4-20 - AMATECH - Maszyny rolnicze, cz\u0119\u015bci zamienne, serwis","robots":{"index":"index","follow":"follow","max-snippet":"max-snippet:-1","max-image-preview":"max-image-preview:large","max-video-preview":"max-video-preview:-1"},"canonical":"https:\/\/amatech.com.pl\/sklep\/czesci-zamienne\/mocowanie-sita-plastikowe-nowy-typ-iii-4-20\/","og_locale":"pl_PL","og_type":"article","og_title":"MOCOWANIE SITA PLASTIKOWE NOWY TYP III-4-20 - AMATECH - Maszyny rolnicze, cz\u0119\u015bci zamienne, serwis","og_description":"MOCOWANIE SITA PLASTIKOWE NOWY TYP","og_url":"https:\/\/amatech.com.pl\/sklep\/czesci-zamienne\/mocowanie-sita-plastikowe-nowy-typ-iii-4-20\/","og_site_name":"AMATECH - Maszyny rolnicze, cz\u0119\u015bci zamienne, serwis","article_publisher":"https:\/\/www.facebook.com\/amatech.poznanski\/","article_modified_time":"2026-04-17T14:01:28+00:00","og_image":[{"width":640,"height":480,"url":"https:\/\/amatech.com.pl\/sklep\/wp-content\/uploads\/2023\/11\/MOCOWANIE-SITA-PLASTIKOWE-NOWY-TYP-III-4-20.jpg","type":"image\/jpeg"}],"twitter_card":"summary_large_image","schema":{"@context":"https:\/\/schema.org","@graph":[{"@type":"WebPage","@id":"https:\/\/amatech.com.pl\/sklep\/czesci-zamienne\/mocowanie-sita-plastikowe-nowy-typ-iii-4-20\/","url":"https:\/\/amatech.com.pl\/sklep\/czesci-zamienne\/mocowanie-sita-plastikowe-nowy-typ-iii-4-20\/","name":"MOCOWANIE SITA PLASTIKOWE NOWY TYP III-4-20 - AMATECH - Maszyny rolnicze, cz\u0119\u015bci zamienne, serwis","isPartOf":{"@id":"https:\/\/amatech.com.pl\/sklep\/#website"},"primaryImageOfPage":{"@id":"https:\/\/amatech.com.pl\/sklep\/czesci-zamienne\/mocowanie-sita-plastikowe-nowy-typ-iii-4-20\/#primaryimage"},"image":{"@id":"https:\/\/amatech.com.pl\/sklep\/czesci-zamienne\/mocowanie-sita-plastikowe-nowy-typ-iii-4-20\/#primaryimage"},"thumbnailUrl":"https:\/\/amatech.com.pl\/sklep\/wp-content\/uploads\/2023\/11\/MOCOWANIE-SITA-PLASTIKOWE-NOWY-TYP-III-4-20.jpg","datePublished":"2022-08-16T09:44:23+00:00","dateModified":"2026-04-17T14:01:28+00:00","breadcrumb":{"@id":"https:\/\/amatech.com.pl\/sklep\/czesci-zamienne\/mocowanie-sita-plastikowe-nowy-typ-iii-4-20\/#breadcrumb"},"inLanguage":"pl-PL","potentialAction":[{"@type":"ReadAction","target":["https:\/\/amatech.com.pl\/sklep\/czesci-zamienne\/mocowanie-sita-plastikowe-nowy-typ-iii-4-20\/"]}]},{"@type":"ImageObject","inLanguage":"pl-PL","@id":"https:\/\/amatech.com.pl\/sklep\/czesci-zamienne\/mocowanie-sita-plastikowe-nowy-typ-iii-4-20\/#primaryimage","url":"https:\/\/amatech.com.pl\/sklep\/wp-content\/uploads\/2023\/11\/MOCOWANIE-SITA-PLASTIKOWE-NOWY-TYP-III-4-20.jpg","contentUrl":"https:\/\/amatech.com.pl\/sklep\/wp-content\/uploads\/2023\/11\/MOCOWANIE-SITA-PLASTIKOWE-NOWY-TYP-III-4-20.jpg","width":640,"height":480,"caption":"MOCOWANIE SITA PLASTIKOWE NOWY TYP III-4-20"},{"@type":"BreadcrumbList","@id":"https:\/\/amatech.com.pl\/sklep\/czesci-zamienne\/mocowanie-sita-plastikowe-nowy-typ-iii-4-20\/#breadcrumb","itemListElement":[{"@type":"ListItem","position":1,"name":"Strona g\u0142\u00f3wna","item":"https:\/\/amatech.com.pl\/sklep\/"},{"@type":"ListItem","position":2,"name":"Sklep","item":"https:\/\/amatech.com.pl\/sklep\/"},{"@type":"ListItem","position":3,"name":"MOCOWANIE SITA PLASTIKOWE NOWY TYP III-4-20"}]},{"@type":"WebSite","@id":"https:\/\/amatech.com.pl\/sklep\/#website","url":"https:\/\/amatech.com.pl\/sklep\/","name":"AMATECH - Maszyny rolnicze, cz\u0119\u015bci zamienne, serwis","description":"AMATECH - Jaros\u0142aw Pozna\u0144ski - Zajmujemy si\u0119 sprzeda\u017c\u0105 maszyn i urz\u0105dze\u0144 rolniczych budowlanych oraz oryginalnych cz\u0119\u015bci zamiennych. Sklep on-line.","publisher":{"@id":"https:\/\/amatech.com.pl\/sklep\/#organization"},"potentialAction":[{"@type":"SearchAction","target":{"@type":"EntryPoint","urlTemplate":"https:\/\/amatech.com.pl\/sklep\/?s={search_term_string}"},"query-input":{"@type":"PropertyValueSpecification","valueRequired":true,"valueName":"search_term_string"}}],"inLanguage":"pl-PL"},{"@type":"Organization","@id":"https:\/\/amatech.com.pl\/sklep\/#organization","name":"AMATECH - Maszyny rolnicze, cz\u0119\u015bci zamienne, amazone, krone","url":"https:\/\/amatech.com.pl\/sklep\/","logo":{"@type":"ImageObject","inLanguage":"pl-PL","@id":"https:\/\/amatech.com.pl\/sklep\/#\/schema\/logo\/image\/","url":"https:\/\/amatech.com.pl\/sklep\/wp-content\/uploads\/2021\/11\/amatech-logo.png","contentUrl":"https:\/\/amatech.com.pl\/sklep\/wp-content\/uploads\/2021\/11\/amatech-logo.png","width":266,"height":57,"caption":"AMATECH - Maszyny rolnicze, cz\u0119\u015bci zamienne, amazone, krone"},"image":{"@id":"https:\/\/amatech.com.pl\/sklep\/#\/schema\/logo\/image\/"},"sameAs":["https:\/\/www.facebook.com\/amatech.poznanski\/"]}]}},"_links":{"self":[{"href":"https:\/\/amatech.com.pl\/sklep\/wp-json\/wp\/v2\/product\/12400"}],"collection":[{"href":"https:\/\/amatech.com.pl\/sklep\/wp-json\/wp\/v2\/product"}],"about":[{"href":"https:\/\/amatech.com.pl\/sklep\/wp-json\/wp\/v2\/types\/product"}],"wp:featuredmedia":[{"embeddable":true,"href":"https:\/\/amatech.com.pl\/sklep\/wp-json\/wp\/v2\/media\/15772"}],"wp:attachment":[{"href":"https:\/\/amatech.com.pl\/sklep\/wp-json\/wp\/v2\/media?parent=12400"}],"wp:term":[{"taxonomy":"product_cat","embeddable":true,"href":"https:\/\/amatech.com.pl\/sklep\/wp-json\/wp\/v2\/product_cat?post=12400"},{"taxonomy":"product_tag","embeddable":true,"href":"https:\/\/amatech.com.pl\/sklep\/wp-json\/wp\/v2\/product_tag?post=12400"}],"curies":[{"name":"wp","href":"https:\/\/api.w.org\/{rel}","templated":true}]}}