{"id":13244,"date":"2023-04-04T14:56:14","date_gmt":"2023-04-04T12:56:14","guid":{"rendered":"https:\/\/amatech.com.pl\/sklep\/czesci-zamienne\/filtr-oleju-silnika-steyr-xiv-2\/"},"modified":"2026-05-06T15:01:26","modified_gmt":"2026-05-06T13:01:26","slug":"filtr-oleju-silnika-steyr-xiv-2","status":"publish","type":"product","link":"https:\/\/amatech.com.pl\/sklep\/czesci-zamienne\/filtr-oleju-silnika-steyr-xiv-2\/","title":{"rendered":"FILTR OLEJU SILNIKA STEYR     L2-4"},"content":{"rendered":"<p><b>Wyst&#281;puje m.in.<\/b><\/p>\n<p><b>New Holland<\/b><\/p>\n<p><b>Ci&#261;gniki<\/b><\/p>\n<ul>\n<li>T4.XXF: T4.75F, T4.85F, T4.95F, T4.105F<\/li>\n<li>T4.XXLP: T4.75LP, T4.85LP, T4.95LP, T4.105LP<\/li>\n<li>T4.XXX TRACTORS: T4.55, T4.65, T4.75, T4.85, T4.95, T4.105, T4.115<\/li>\n<li>T4000: T4020, T4030<\/li>\n<li>T4000F: T4030F, T4040F, T4050F, T4060F<\/li>\n<li>TD4000F: TD4020F, TD4030F, TD4040F, TD4.70F, TD4.80F, TD4.90F<\/li>\n<li>TD5: TD5.65, TD5.75, TD5.85, TD5.95, TD5.105, TD5.115<\/li>\n<li>TD5000: TD5010, TD5020, TD5030<\/li>\n<li>TDF: TD65F, TD75F, TD85F<\/li>\n<\/ul>\n<p><b>&#321;adowarki<\/b><\/p>\n<ul>\n<li>200 SERIES: C227, C232, C238, L223, L225, L230<\/li>\n<li>C100 SERIES: C185<\/li>\n<li>L100 SERIES: L180, L185<\/li>\n<\/ul>\n<p><b>Koparko-&#322;adowarki<\/b><\/p>\n<ul>\n<li>200 SERIES: C227, C232, C238<\/li>\n<li>L: L223, L230<\/li>\n<\/ul>\n<p><b>CASE<\/b><\/p>\n<p><b>Ci&#261;gniki<\/b><\/p>\n<ul>\n<li>FARMALL: FARMALL 55C, FARMALL 65A, FARMALL 65C, FARMALL 75A, FARMALL 75C, FARMALL 85A, FARMALL 85C, FARMALL 95A, FARMALL 95C, FARMALL 105A, FARMALL 105C, FARMALL 115A<\/li>\n<li>JX: JX60, JX70, JX80<\/li>\n<li>QUANTUM C: QUANTUM 65C, QUANTUM 75C<\/li>\n<li>QUANTUM F: QUANTUM 75F, QUANTUM 85F, QUANTUM 95F, QUANTUM 105F<\/li>\n<li>QUANTUM N: QUANTUM 75N, QUANTUM 85N, QUANTUM 95N, QUANTUM 105N<\/li>\n<li>QUANTUM V: QUANTUM 65V, QUANTUM 75V, QUANTUM 85V, QUANTUM 95V, QUANTUM 105V<\/li>\n<\/ul>\n<p><b>&#321;adowarki<\/b><\/p>\n<ul>\n<li>400: 420<\/li>\n<li>CT: 420CT<\/li>\n<li>S-SERIES: SR200, SR220, SR250, SV250, SV300<\/li>\n<li>T-SERIES: TR270, TR320, TV380<\/li>\n<\/ul>\n<p><b>STEYR<\/b><\/p>\n<p><b>Ci&#261;gniki<\/b><\/p>\n<ul>\n<li>KOMPAKT: 4055S KOMPAKT, 4065 KOMPAKT, 4065S KOMPAKT, 4075 KOMPAKT, 4085 KOMPAKT, 4095 KOMPAKT, 4105 KOMPAKT, 4115 KOMPAKT<\/li>\n<li>MULTI SERIES: 4095 MULTI, 4105 MULTI, 4115 MULT<\/li>\n<\/ul>\n<p><b>Kod producenta:&nbsp;<\/b>47535939 , 504182851 , 504182852 , 5801724485 , 87679494 , 87679496 , 87679598,&nbsp;SP4833, SO10106<\/p>\n","protected":false},"excerpt":{"rendered":"<p>Wyst&#281;puje m.in. New Holland Ci&#261;gniki T4.XXF: T4.75F, T4.85F, T4.95F, T4.105F T4.XXLP: T4.75LP, T4.85LP, T4.95LP, T4.105LP T4.XXX TRACTORS: T4.55, T4.65, T4.75, T4.85, T4.95, T4.105, T4.115 T4000: T4020, T4030 T4000F: T4030F, T4040F, T4050F, T4060F TD4000F: TD4020F, TD4030F, TD4040F, TD4.70F, TD4.80F, TD4.90F TD5: TD5.65, TD5.75, TD5.85, TD5.95, TD5.105, TD5.115 TD5000: TD5010, TD5020, TD5030 TDF: TD65F, TD75F, TD85F &#321;adowarki&#8230;<\/p>\n","protected":false},"featured_media":15547,"template":"","meta":{"_kad_post_transparent":"","_kad_post_title":"","_kad_post_layout":"","_kad_post_sidebar_id":"","_kad_post_content_style":"","_kad_post_vertical_padding":"","_kad_post_feature":"","_kad_post_feature_position":"","_kad_post_header":false,"_kad_post_footer":false},"product_cat":[332,333,289,330],"product_tag":[],"class_list":{"0":"post-13244","1":"product","2":"type-product","3":"status-publish","4":"has-post-thumbnail","6":"product_cat-case-ciagniki-rolnicze","7":"product_cat-new-holland-ciagniki-rolnicze","8":"product_cat-sklep-internetowy","9":"product_cat-steyr","11":"first","12":"instock","13":"taxable","14":"shipping-taxable","15":"purchasable","16":"product-type-simple","17":"entry","18":"content-bg","19":"loop-entry"},"yoast_head":"<!-- This site is optimized with the Yoast SEO plugin v24.9 - https:\/\/yoast.com\/wordpress\/plugins\/seo\/ -->\n<title>FILTR OLEJU SILNIKA STEYR   L2-4 - AMATECH - Maszyny rolnicze, cz\u0119\u015bci zamienne, serwis<\/title>\n<meta name=\"robots\" content=\"index, follow, max-snippet:-1, max-image-preview:large, max-video-preview:-1\" \/>\n<link rel=\"canonical\" href=\"https:\/\/amatech.com.pl\/sklep\/czesci-zamienne\/filtr-oleju-silnika-steyr-xiv-2\/\" \/>\n<meta property=\"og:locale\" content=\"pl_PL\" \/>\n<meta property=\"og:type\" content=\"article\" \/>\n<meta property=\"og:title\" content=\"FILTR OLEJU SILNIKA STEYR   L2-4 - AMATECH - Maszyny rolnicze, cz\u0119\u015bci zamienne, serwis\" \/>\n<meta property=\"og:description\" content=\"Wyst&#281;puje m.in. New Holland Ci&#261;gniki T4.XXF: T4.75F, T4.85F, T4.95F, T4.105F T4.XXLP: T4.75LP, T4.85LP, T4.95LP, T4.105LP T4.XXX TRACTORS: T4.55, T4.65, T4.75, T4.85, T4.95, T4.105, T4.115 T4000: T4020, T4030 T4000F: T4030F, T4040F, T4050F, T4060F TD4000F: TD4020F, TD4030F, TD4040F, TD4.70F, TD4.80F, TD4.90F TD5: TD5.65, TD5.75, TD5.85, TD5.95, TD5.105, TD5.115 TD5000: TD5010, TD5020, TD5030 TDF: TD65F, TD75F, TD85F &#321;adowarki...\" \/>\n<meta property=\"og:url\" content=\"https:\/\/amatech.com.pl\/sklep\/czesci-zamienne\/filtr-oleju-silnika-steyr-xiv-2\/\" \/>\n<meta property=\"og:site_name\" content=\"AMATECH - Maszyny rolnicze, cz\u0119\u015bci zamienne, serwis\" \/>\n<meta property=\"article:publisher\" content=\"https:\/\/www.facebook.com\/amatech.poznanski\/\" \/>\n<meta property=\"article:modified_time\" content=\"2026-05-06T13:01:26+00:00\" \/>\n<meta property=\"og:image\" content=\"https:\/\/amatech.com.pl\/sklep\/wp-content\/uploads\/2023\/11\/FILTR-OLEJU-SILNIKA-STEYR-XIV-2-scaled.jpg\" \/>\n\t<meta property=\"og:image:width\" content=\"2560\" \/>\n\t<meta property=\"og:image:height\" content=\"1920\" \/>\n\t<meta property=\"og:image:type\" content=\"image\/jpeg\" \/>\n<meta name=\"twitter:card\" content=\"summary_large_image\" \/>\n<meta name=\"twitter:label1\" content=\"Szacowany czas czytania\" \/>\n\t<meta name=\"twitter:data1\" content=\"1 minuta\" \/>\n<script type=\"application\/ld+json\" class=\"yoast-schema-graph\">{\"@context\":\"https:\/\/schema.org\",\"@graph\":[{\"@type\":\"WebPage\",\"@id\":\"https:\/\/amatech.com.pl\/sklep\/czesci-zamienne\/filtr-oleju-silnika-steyr-xiv-2\/\",\"url\":\"https:\/\/amatech.com.pl\/sklep\/czesci-zamienne\/filtr-oleju-silnika-steyr-xiv-2\/\",\"name\":\"FILTR OLEJU SILNIKA STEYR L2-4 - AMATECH - Maszyny rolnicze, cz\u0119\u015bci zamienne, serwis\",\"isPartOf\":{\"@id\":\"https:\/\/amatech.com.pl\/sklep\/#website\"},\"primaryImageOfPage\":{\"@id\":\"https:\/\/amatech.com.pl\/sklep\/czesci-zamienne\/filtr-oleju-silnika-steyr-xiv-2\/#primaryimage\"},\"image\":{\"@id\":\"https:\/\/amatech.com.pl\/sklep\/czesci-zamienne\/filtr-oleju-silnika-steyr-xiv-2\/#primaryimage\"},\"thumbnailUrl\":\"https:\/\/amatech.com.pl\/sklep\/wp-content\/uploads\/2023\/11\/FILTR-OLEJU-SILNIKA-STEYR-XIV-2-scaled.jpg\",\"datePublished\":\"2023-04-04T12:56:14+00:00\",\"dateModified\":\"2026-05-06T13:01:26+00:00\",\"breadcrumb\":{\"@id\":\"https:\/\/amatech.com.pl\/sklep\/czesci-zamienne\/filtr-oleju-silnika-steyr-xiv-2\/#breadcrumb\"},\"inLanguage\":\"pl-PL\",\"potentialAction\":[{\"@type\":\"ReadAction\",\"target\":[\"https:\/\/amatech.com.pl\/sklep\/czesci-zamienne\/filtr-oleju-silnika-steyr-xiv-2\/\"]}]},{\"@type\":\"ImageObject\",\"inLanguage\":\"pl-PL\",\"@id\":\"https:\/\/amatech.com.pl\/sklep\/czesci-zamienne\/filtr-oleju-silnika-steyr-xiv-2\/#primaryimage\",\"url\":\"https:\/\/amatech.com.pl\/sklep\/wp-content\/uploads\/2023\/11\/FILTR-OLEJU-SILNIKA-STEYR-XIV-2-scaled.jpg\",\"contentUrl\":\"https:\/\/amatech.com.pl\/sklep\/wp-content\/uploads\/2023\/11\/FILTR-OLEJU-SILNIKA-STEYR-XIV-2-scaled.jpg\",\"width\":2560,\"height\":1920,\"caption\":\"FILTR OLEJU SILNIKA STEYR XIV-2\"},{\"@type\":\"BreadcrumbList\",\"@id\":\"https:\/\/amatech.com.pl\/sklep\/czesci-zamienne\/filtr-oleju-silnika-steyr-xiv-2\/#breadcrumb\",\"itemListElement\":[{\"@type\":\"ListItem\",\"position\":1,\"name\":\"Strona g\u0142\u00f3wna\",\"item\":\"https:\/\/amatech.com.pl\/sklep\/\"},{\"@type\":\"ListItem\",\"position\":2,\"name\":\"Sklep\",\"item\":\"https:\/\/amatech.com.pl\/sklep\/\"},{\"@type\":\"ListItem\",\"position\":3,\"name\":\"FILTR OLEJU SILNIKA STEYR L2-4\"}]},{\"@type\":\"WebSite\",\"@id\":\"https:\/\/amatech.com.pl\/sklep\/#website\",\"url\":\"https:\/\/amatech.com.pl\/sklep\/\",\"name\":\"AMATECH - Maszyny rolnicze, cz\u0119\u015bci zamienne, serwis\",\"description\":\"AMATECH - Jaros\u0142aw Pozna\u0144ski - Zajmujemy si\u0119 sprzeda\u017c\u0105 maszyn i urz\u0105dze\u0144 rolniczych budowlanych oraz oryginalnych cz\u0119\u015bci zamiennych. Sklep on-line.\",\"publisher\":{\"@id\":\"https:\/\/amatech.com.pl\/sklep\/#organization\"},\"potentialAction\":[{\"@type\":\"SearchAction\",\"target\":{\"@type\":\"EntryPoint\",\"urlTemplate\":\"https:\/\/amatech.com.pl\/sklep\/?s={search_term_string}\"},\"query-input\":{\"@type\":\"PropertyValueSpecification\",\"valueRequired\":true,\"valueName\":\"search_term_string\"}}],\"inLanguage\":\"pl-PL\"},{\"@type\":\"Organization\",\"@id\":\"https:\/\/amatech.com.pl\/sklep\/#organization\",\"name\":\"AMATECH - Maszyny rolnicze, cz\u0119\u015bci zamienne, amazone, krone\",\"url\":\"https:\/\/amatech.com.pl\/sklep\/\",\"logo\":{\"@type\":\"ImageObject\",\"inLanguage\":\"pl-PL\",\"@id\":\"https:\/\/amatech.com.pl\/sklep\/#\/schema\/logo\/image\/\",\"url\":\"https:\/\/amatech.com.pl\/sklep\/wp-content\/uploads\/2021\/11\/amatech-logo.png\",\"contentUrl\":\"https:\/\/amatech.com.pl\/sklep\/wp-content\/uploads\/2021\/11\/amatech-logo.png\",\"width\":266,\"height\":57,\"caption\":\"AMATECH - Maszyny rolnicze, cz\u0119\u015bci zamienne, amazone, krone\"},\"image\":{\"@id\":\"https:\/\/amatech.com.pl\/sklep\/#\/schema\/logo\/image\/\"},\"sameAs\":[\"https:\/\/www.facebook.com\/amatech.poznanski\/\"]}]}<\/script>\n<!-- \/ Yoast SEO plugin. -->","yoast_head_json":{"title":"FILTR OLEJU SILNIKA STEYR   L2-4 - AMATECH - Maszyny rolnicze, cz\u0119\u015bci zamienne, serwis","robots":{"index":"index","follow":"follow","max-snippet":"max-snippet:-1","max-image-preview":"max-image-preview:large","max-video-preview":"max-video-preview:-1"},"canonical":"https:\/\/amatech.com.pl\/sklep\/czesci-zamienne\/filtr-oleju-silnika-steyr-xiv-2\/","og_locale":"pl_PL","og_type":"article","og_title":"FILTR OLEJU SILNIKA STEYR   L2-4 - AMATECH - Maszyny rolnicze, cz\u0119\u015bci zamienne, serwis","og_description":"Wyst&#281;puje m.in. New Holland Ci&#261;gniki T4.XXF: T4.75F, T4.85F, T4.95F, T4.105F T4.XXLP: T4.75LP, T4.85LP, T4.95LP, T4.105LP T4.XXX TRACTORS: T4.55, T4.65, T4.75, T4.85, T4.95, T4.105, T4.115 T4000: T4020, T4030 T4000F: T4030F, T4040F, T4050F, T4060F TD4000F: TD4020F, TD4030F, TD4040F, TD4.70F, TD4.80F, TD4.90F TD5: TD5.65, TD5.75, TD5.85, TD5.95, TD5.105, TD5.115 TD5000: TD5010, TD5020, TD5030 TDF: TD65F, TD75F, TD85F &#321;adowarki...","og_url":"https:\/\/amatech.com.pl\/sklep\/czesci-zamienne\/filtr-oleju-silnika-steyr-xiv-2\/","og_site_name":"AMATECH - Maszyny rolnicze, cz\u0119\u015bci zamienne, serwis","article_publisher":"https:\/\/www.facebook.com\/amatech.poznanski\/","article_modified_time":"2026-05-06T13:01:26+00:00","og_image":[{"width":2560,"height":1920,"url":"https:\/\/amatech.com.pl\/sklep\/wp-content\/uploads\/2023\/11\/FILTR-OLEJU-SILNIKA-STEYR-XIV-2-scaled.jpg","type":"image\/jpeg"}],"twitter_card":"summary_large_image","twitter_misc":{"Szacowany czas czytania":"1 minuta"},"schema":{"@context":"https:\/\/schema.org","@graph":[{"@type":"WebPage","@id":"https:\/\/amatech.com.pl\/sklep\/czesci-zamienne\/filtr-oleju-silnika-steyr-xiv-2\/","url":"https:\/\/amatech.com.pl\/sklep\/czesci-zamienne\/filtr-oleju-silnika-steyr-xiv-2\/","name":"FILTR OLEJU SILNIKA STEYR L2-4 - AMATECH - Maszyny rolnicze, cz\u0119\u015bci zamienne, serwis","isPartOf":{"@id":"https:\/\/amatech.com.pl\/sklep\/#website"},"primaryImageOfPage":{"@id":"https:\/\/amatech.com.pl\/sklep\/czesci-zamienne\/filtr-oleju-silnika-steyr-xiv-2\/#primaryimage"},"image":{"@id":"https:\/\/amatech.com.pl\/sklep\/czesci-zamienne\/filtr-oleju-silnika-steyr-xiv-2\/#primaryimage"},"thumbnailUrl":"https:\/\/amatech.com.pl\/sklep\/wp-content\/uploads\/2023\/11\/FILTR-OLEJU-SILNIKA-STEYR-XIV-2-scaled.jpg","datePublished":"2023-04-04T12:56:14+00:00","dateModified":"2026-05-06T13:01:26+00:00","breadcrumb":{"@id":"https:\/\/amatech.com.pl\/sklep\/czesci-zamienne\/filtr-oleju-silnika-steyr-xiv-2\/#breadcrumb"},"inLanguage":"pl-PL","potentialAction":[{"@type":"ReadAction","target":["https:\/\/amatech.com.pl\/sklep\/czesci-zamienne\/filtr-oleju-silnika-steyr-xiv-2\/"]}]},{"@type":"ImageObject","inLanguage":"pl-PL","@id":"https:\/\/amatech.com.pl\/sklep\/czesci-zamienne\/filtr-oleju-silnika-steyr-xiv-2\/#primaryimage","url":"https:\/\/amatech.com.pl\/sklep\/wp-content\/uploads\/2023\/11\/FILTR-OLEJU-SILNIKA-STEYR-XIV-2-scaled.jpg","contentUrl":"https:\/\/amatech.com.pl\/sklep\/wp-content\/uploads\/2023\/11\/FILTR-OLEJU-SILNIKA-STEYR-XIV-2-scaled.jpg","width":2560,"height":1920,"caption":"FILTR OLEJU SILNIKA STEYR XIV-2"},{"@type":"BreadcrumbList","@id":"https:\/\/amatech.com.pl\/sklep\/czesci-zamienne\/filtr-oleju-silnika-steyr-xiv-2\/#breadcrumb","itemListElement":[{"@type":"ListItem","position":1,"name":"Strona g\u0142\u00f3wna","item":"https:\/\/amatech.com.pl\/sklep\/"},{"@type":"ListItem","position":2,"name":"Sklep","item":"https:\/\/amatech.com.pl\/sklep\/"},{"@type":"ListItem","position":3,"name":"FILTR OLEJU SILNIKA STEYR L2-4"}]},{"@type":"WebSite","@id":"https:\/\/amatech.com.pl\/sklep\/#website","url":"https:\/\/amatech.com.pl\/sklep\/","name":"AMATECH - Maszyny rolnicze, cz\u0119\u015bci zamienne, serwis","description":"AMATECH - Jaros\u0142aw Pozna\u0144ski - Zajmujemy si\u0119 sprzeda\u017c\u0105 maszyn i urz\u0105dze\u0144 rolniczych budowlanych oraz oryginalnych cz\u0119\u015bci zamiennych. Sklep on-line.","publisher":{"@id":"https:\/\/amatech.com.pl\/sklep\/#organization"},"potentialAction":[{"@type":"SearchAction","target":{"@type":"EntryPoint","urlTemplate":"https:\/\/amatech.com.pl\/sklep\/?s={search_term_string}"},"query-input":{"@type":"PropertyValueSpecification","valueRequired":true,"valueName":"search_term_string"}}],"inLanguage":"pl-PL"},{"@type":"Organization","@id":"https:\/\/amatech.com.pl\/sklep\/#organization","name":"AMATECH - Maszyny rolnicze, cz\u0119\u015bci zamienne, amazone, krone","url":"https:\/\/amatech.com.pl\/sklep\/","logo":{"@type":"ImageObject","inLanguage":"pl-PL","@id":"https:\/\/amatech.com.pl\/sklep\/#\/schema\/logo\/image\/","url":"https:\/\/amatech.com.pl\/sklep\/wp-content\/uploads\/2021\/11\/amatech-logo.png","contentUrl":"https:\/\/amatech.com.pl\/sklep\/wp-content\/uploads\/2021\/11\/amatech-logo.png","width":266,"height":57,"caption":"AMATECH - Maszyny rolnicze, cz\u0119\u015bci zamienne, amazone, krone"},"image":{"@id":"https:\/\/amatech.com.pl\/sklep\/#\/schema\/logo\/image\/"},"sameAs":["https:\/\/www.facebook.com\/amatech.poznanski\/"]}]}},"_links":{"self":[{"href":"https:\/\/amatech.com.pl\/sklep\/wp-json\/wp\/v2\/product\/13244"}],"collection":[{"href":"https:\/\/amatech.com.pl\/sklep\/wp-json\/wp\/v2\/product"}],"about":[{"href":"https:\/\/amatech.com.pl\/sklep\/wp-json\/wp\/v2\/types\/product"}],"wp:featuredmedia":[{"embeddable":true,"href":"https:\/\/amatech.com.pl\/sklep\/wp-json\/wp\/v2\/media\/15547"}],"wp:attachment":[{"href":"https:\/\/amatech.com.pl\/sklep\/wp-json\/wp\/v2\/media?parent=13244"}],"wp:term":[{"taxonomy":"product_cat","embeddable":true,"href":"https:\/\/amatech.com.pl\/sklep\/wp-json\/wp\/v2\/product_cat?post=13244"},{"taxonomy":"product_tag","embeddable":true,"href":"https:\/\/amatech.com.pl\/sklep\/wp-json\/wp\/v2\/product_tag?post=13244"}],"curies":[{"name":"wp","href":"https:\/\/api.w.org\/{rel}","templated":true}]}}