{"id":13247,"date":"2023-04-04T14:56:22","date_gmt":"2023-04-04T12:56:22","guid":{"rendered":"https:\/\/amatech.com.pl\/sklep\/czesci-zamienne\/filtr-hydrauliczny-seria-impuls\/"},"modified":"2026-05-06T15:01:26","modified_gmt":"2026-05-06T13:01:26","slug":"filtr-hydrauliczny-seria-impuls","status":"publish","type":"product","link":"https:\/\/amatech.com.pl\/sklep\/czesci-zamienne\/filtr-hydrauliczny-seria-impuls\/","title":{"rendered":"FILTR HYDRAULICZNY SERIA IMPULS    L1-6"},"content":{"rendered":"<h1>FILTR OLEJU HYDRAULICZNEGO CNH NEW HOLLAND CASE 48131202<\/h1>\n<p>FILTR OLEJU HYDRAULICZNEGO CNH NEW HOLLAND CASE 48131202<\/p>\n<p>INDEKS: 48131202<\/p>\n<p>CASE<\/p>\n<p>MAXXUM: MAXXUM 110, MAXXUM 115, MAXXUM 120, MAXXUM 125, MAXXUM 130, MAXXUM 135, MAXXUM 145 PUMA CVT 130 &#8211; 160: PUMA 130, PUMA 145, PUMA 160 PUMA CVT 165 &#8211; 230: PUMA 165, PUMA 170, PUMA 180, PUMA 185, PUMA 195, PUMA 200, PUMA 210, PUMA 215, PUMA 225, PUMA 230 PUMA CVT TIER 4B: PUMA 150 CVT, PUMA 165 CVT, PUMA 180 CVT, PUMA 185 CVT, PUMA 200 CVT, PUMA 220 CVT, PUMA 240 CVT PUMA CVX 130 &#8211; 160: PUMA 130, PUMA 145, PUMA 160 PUMA CVX 165 &#8211; 230: PUMA 165, PUMA 170, PUMA 180, PUMA 185, PUMA 195, PUMA 200, PUMA 210, PUMA 215, PUMA 225, PUMA 230 PUMA CVX TIER 4B: PUMA 150 CVX, PUMA 165 CVX, PUMA 175 CVX, PUMA 185 CVX, PUMA 200 CVX, PUMA 220 CVX, PUMA 240 CVX PUMA TIER 4B: PUMA 150, PUMA 165, PUMA 185, PUMA 200, PUMA 220<\/p>\n","protected":false},"excerpt":{"rendered":"<p>FILTR OLEJU HYDRAULICZNEGO CNH NEW HOLLAND CASE 48131202 FILTR OLEJU HYDRAULICZNEGO CNH NEW HOLLAND CASE 48131202 INDEKS: 48131202 CASE MAXXUM: MAXXUM 110, MAXXUM 115, MAXXUM 120, MAXXUM 125, MAXXUM 130, MAXXUM 135, MAXXUM 145 PUMA CVT 130 &#8211; 160: PUMA 130, PUMA 145, PUMA 160 PUMA CVT 165 &#8211; 230: PUMA 165, PUMA 170, PUMA&#8230;<\/p>\n","protected":false},"featured_media":15550,"template":"","meta":{"_kad_post_transparent":"default","_kad_post_title":"","_kad_post_layout":"default","_kad_post_sidebar_id":"","_kad_post_content_style":"default","_kad_post_vertical_padding":"default","_kad_post_feature":"","_kad_post_feature_position":"","_kad_post_header":false,"_kad_post_footer":false},"product_cat":[332,333,289,330],"product_tag":[359,357,358],"class_list":{"0":"post-13247","1":"product","2":"type-product","3":"status-publish","4":"has-post-thumbnail","6":"product_cat-case-ciagniki-rolnicze","7":"product_cat-new-holland-ciagniki-rolnicze","8":"product_cat-sklep-internetowy","9":"product_cat-steyr","10":"product_tag-cnh","11":"product_tag-filtr-oleju","12":"product_tag-steyr","14":"first","15":"instock","16":"taxable","17":"shipping-taxable","18":"purchasable","19":"product-type-simple","20":"entry","21":"content-bg","22":"loop-entry"},"yoast_head":"<!-- This site is optimized with the Yoast SEO plugin v24.9 - https:\/\/yoast.com\/wordpress\/plugins\/seo\/ -->\n<title>FILTR HYDRAULICZNY SERIA IMPULS  L1-6 - AMATECH - Maszyny rolnicze, cz\u0119\u015bci zamienne, serwis<\/title>\n<meta name=\"robots\" content=\"index, follow, max-snippet:-1, max-image-preview:large, max-video-preview:-1\" \/>\n<link rel=\"canonical\" href=\"https:\/\/amatech.com.pl\/sklep\/czesci-zamienne\/filtr-hydrauliczny-seria-impuls\/\" \/>\n<meta property=\"og:locale\" content=\"pl_PL\" \/>\n<meta property=\"og:type\" content=\"article\" \/>\n<meta property=\"og:title\" content=\"FILTR HYDRAULICZNY SERIA IMPULS  L1-6 - AMATECH - Maszyny rolnicze, cz\u0119\u015bci zamienne, serwis\" \/>\n<meta property=\"og:description\" content=\"FILTR OLEJU HYDRAULICZNEGO CNH NEW HOLLAND CASE 48131202 FILTR OLEJU HYDRAULICZNEGO CNH NEW HOLLAND CASE 48131202 INDEKS: 48131202 CASE MAXXUM: MAXXUM 110, MAXXUM 115, MAXXUM 120, MAXXUM 125, MAXXUM 130, MAXXUM 135, MAXXUM 145 PUMA CVT 130 &#8211; 160: PUMA 130, PUMA 145, PUMA 160 PUMA CVT 165 &#8211; 230: PUMA 165, PUMA 170, PUMA...\" \/>\n<meta property=\"og:url\" content=\"https:\/\/amatech.com.pl\/sklep\/czesci-zamienne\/filtr-hydrauliczny-seria-impuls\/\" \/>\n<meta property=\"og:site_name\" content=\"AMATECH - Maszyny rolnicze, cz\u0119\u015bci zamienne, serwis\" \/>\n<meta property=\"article:publisher\" content=\"https:\/\/www.facebook.com\/amatech.poznanski\/\" \/>\n<meta property=\"article:modified_time\" content=\"2026-05-06T13:01:26+00:00\" \/>\n<meta property=\"og:image\" content=\"https:\/\/amatech.com.pl\/sklep\/wp-content\/uploads\/2023\/11\/FILTR-HYDRAULICZNY-SERIA-IMPULS-scaled.jpg\" \/>\n\t<meta property=\"og:image:width\" content=\"2560\" \/>\n\t<meta property=\"og:image:height\" content=\"1920\" \/>\n\t<meta property=\"og:image:type\" content=\"image\/jpeg\" \/>\n<meta name=\"twitter:card\" content=\"summary_large_image\" \/>\n<meta name=\"twitter:label1\" content=\"Szacowany czas czytania\" \/>\n\t<meta name=\"twitter:data1\" content=\"1 minuta\" \/>\n<script type=\"application\/ld+json\" class=\"yoast-schema-graph\">{\"@context\":\"https:\/\/schema.org\",\"@graph\":[{\"@type\":\"WebPage\",\"@id\":\"https:\/\/amatech.com.pl\/sklep\/czesci-zamienne\/filtr-hydrauliczny-seria-impuls\/\",\"url\":\"https:\/\/amatech.com.pl\/sklep\/czesci-zamienne\/filtr-hydrauliczny-seria-impuls\/\",\"name\":\"FILTR HYDRAULICZNY SERIA IMPULS L1-6 - AMATECH - Maszyny rolnicze, cz\u0119\u015bci zamienne, serwis\",\"isPartOf\":{\"@id\":\"https:\/\/amatech.com.pl\/sklep\/#website\"},\"primaryImageOfPage\":{\"@id\":\"https:\/\/amatech.com.pl\/sklep\/czesci-zamienne\/filtr-hydrauliczny-seria-impuls\/#primaryimage\"},\"image\":{\"@id\":\"https:\/\/amatech.com.pl\/sklep\/czesci-zamienne\/filtr-hydrauliczny-seria-impuls\/#primaryimage\"},\"thumbnailUrl\":\"https:\/\/amatech.com.pl\/sklep\/wp-content\/uploads\/2023\/11\/FILTR-HYDRAULICZNY-SERIA-IMPULS-scaled.jpg\",\"datePublished\":\"2023-04-04T12:56:22+00:00\",\"dateModified\":\"2026-05-06T13:01:26+00:00\",\"breadcrumb\":{\"@id\":\"https:\/\/amatech.com.pl\/sklep\/czesci-zamienne\/filtr-hydrauliczny-seria-impuls\/#breadcrumb\"},\"inLanguage\":\"pl-PL\",\"potentialAction\":[{\"@type\":\"ReadAction\",\"target\":[\"https:\/\/amatech.com.pl\/sklep\/czesci-zamienne\/filtr-hydrauliczny-seria-impuls\/\"]}]},{\"@type\":\"ImageObject\",\"inLanguage\":\"pl-PL\",\"@id\":\"https:\/\/amatech.com.pl\/sklep\/czesci-zamienne\/filtr-hydrauliczny-seria-impuls\/#primaryimage\",\"url\":\"https:\/\/amatech.com.pl\/sklep\/wp-content\/uploads\/2023\/11\/FILTR-HYDRAULICZNY-SERIA-IMPULS-scaled.jpg\",\"contentUrl\":\"https:\/\/amatech.com.pl\/sklep\/wp-content\/uploads\/2023\/11\/FILTR-HYDRAULICZNY-SERIA-IMPULS-scaled.jpg\",\"width\":2560,\"height\":1920,\"caption\":\"FILTR HYDRAULICZNY SERIA IMPULS\"},{\"@type\":\"BreadcrumbList\",\"@id\":\"https:\/\/amatech.com.pl\/sklep\/czesci-zamienne\/filtr-hydrauliczny-seria-impuls\/#breadcrumb\",\"itemListElement\":[{\"@type\":\"ListItem\",\"position\":1,\"name\":\"Strona g\u0142\u00f3wna\",\"item\":\"https:\/\/amatech.com.pl\/sklep\/\"},{\"@type\":\"ListItem\",\"position\":2,\"name\":\"Sklep\",\"item\":\"https:\/\/amatech.com.pl\/sklep\/\"},{\"@type\":\"ListItem\",\"position\":3,\"name\":\"FILTR HYDRAULICZNY SERIA IMPULS L1-6\"}]},{\"@type\":\"WebSite\",\"@id\":\"https:\/\/amatech.com.pl\/sklep\/#website\",\"url\":\"https:\/\/amatech.com.pl\/sklep\/\",\"name\":\"AMATECH - Maszyny rolnicze, cz\u0119\u015bci zamienne, serwis\",\"description\":\"AMATECH - Jaros\u0142aw Pozna\u0144ski - Zajmujemy si\u0119 sprzeda\u017c\u0105 maszyn i urz\u0105dze\u0144 rolniczych budowlanych oraz oryginalnych cz\u0119\u015bci zamiennych. Sklep on-line.\",\"publisher\":{\"@id\":\"https:\/\/amatech.com.pl\/sklep\/#organization\"},\"potentialAction\":[{\"@type\":\"SearchAction\",\"target\":{\"@type\":\"EntryPoint\",\"urlTemplate\":\"https:\/\/amatech.com.pl\/sklep\/?s={search_term_string}\"},\"query-input\":{\"@type\":\"PropertyValueSpecification\",\"valueRequired\":true,\"valueName\":\"search_term_string\"}}],\"inLanguage\":\"pl-PL\"},{\"@type\":\"Organization\",\"@id\":\"https:\/\/amatech.com.pl\/sklep\/#organization\",\"name\":\"AMATECH - Maszyny rolnicze, cz\u0119\u015bci zamienne, amazone, krone\",\"url\":\"https:\/\/amatech.com.pl\/sklep\/\",\"logo\":{\"@type\":\"ImageObject\",\"inLanguage\":\"pl-PL\",\"@id\":\"https:\/\/amatech.com.pl\/sklep\/#\/schema\/logo\/image\/\",\"url\":\"https:\/\/amatech.com.pl\/sklep\/wp-content\/uploads\/2021\/11\/amatech-logo.png\",\"contentUrl\":\"https:\/\/amatech.com.pl\/sklep\/wp-content\/uploads\/2021\/11\/amatech-logo.png\",\"width\":266,\"height\":57,\"caption\":\"AMATECH - Maszyny rolnicze, cz\u0119\u015bci zamienne, amazone, krone\"},\"image\":{\"@id\":\"https:\/\/amatech.com.pl\/sklep\/#\/schema\/logo\/image\/\"},\"sameAs\":[\"https:\/\/www.facebook.com\/amatech.poznanski\/\"]}]}<\/script>\n<!-- \/ Yoast SEO plugin. -->","yoast_head_json":{"title":"FILTR HYDRAULICZNY SERIA IMPULS  L1-6 - AMATECH - Maszyny rolnicze, cz\u0119\u015bci zamienne, serwis","robots":{"index":"index","follow":"follow","max-snippet":"max-snippet:-1","max-image-preview":"max-image-preview:large","max-video-preview":"max-video-preview:-1"},"canonical":"https:\/\/amatech.com.pl\/sklep\/czesci-zamienne\/filtr-hydrauliczny-seria-impuls\/","og_locale":"pl_PL","og_type":"article","og_title":"FILTR HYDRAULICZNY SERIA IMPULS  L1-6 - AMATECH - Maszyny rolnicze, cz\u0119\u015bci zamienne, serwis","og_description":"FILTR OLEJU HYDRAULICZNEGO CNH NEW HOLLAND CASE 48131202 FILTR OLEJU HYDRAULICZNEGO CNH NEW HOLLAND CASE 48131202 INDEKS: 48131202 CASE MAXXUM: MAXXUM 110, MAXXUM 115, MAXXUM 120, MAXXUM 125, MAXXUM 130, MAXXUM 135, MAXXUM 145 PUMA CVT 130 &#8211; 160: PUMA 130, PUMA 145, PUMA 160 PUMA CVT 165 &#8211; 230: PUMA 165, PUMA 170, PUMA...","og_url":"https:\/\/amatech.com.pl\/sklep\/czesci-zamienne\/filtr-hydrauliczny-seria-impuls\/","og_site_name":"AMATECH - Maszyny rolnicze, cz\u0119\u015bci zamienne, serwis","article_publisher":"https:\/\/www.facebook.com\/amatech.poznanski\/","article_modified_time":"2026-05-06T13:01:26+00:00","og_image":[{"width":2560,"height":1920,"url":"https:\/\/amatech.com.pl\/sklep\/wp-content\/uploads\/2023\/11\/FILTR-HYDRAULICZNY-SERIA-IMPULS-scaled.jpg","type":"image\/jpeg"}],"twitter_card":"summary_large_image","twitter_misc":{"Szacowany czas czytania":"1 minuta"},"schema":{"@context":"https:\/\/schema.org","@graph":[{"@type":"WebPage","@id":"https:\/\/amatech.com.pl\/sklep\/czesci-zamienne\/filtr-hydrauliczny-seria-impuls\/","url":"https:\/\/amatech.com.pl\/sklep\/czesci-zamienne\/filtr-hydrauliczny-seria-impuls\/","name":"FILTR HYDRAULICZNY SERIA IMPULS L1-6 - AMATECH - Maszyny rolnicze, cz\u0119\u015bci zamienne, serwis","isPartOf":{"@id":"https:\/\/amatech.com.pl\/sklep\/#website"},"primaryImageOfPage":{"@id":"https:\/\/amatech.com.pl\/sklep\/czesci-zamienne\/filtr-hydrauliczny-seria-impuls\/#primaryimage"},"image":{"@id":"https:\/\/amatech.com.pl\/sklep\/czesci-zamienne\/filtr-hydrauliczny-seria-impuls\/#primaryimage"},"thumbnailUrl":"https:\/\/amatech.com.pl\/sklep\/wp-content\/uploads\/2023\/11\/FILTR-HYDRAULICZNY-SERIA-IMPULS-scaled.jpg","datePublished":"2023-04-04T12:56:22+00:00","dateModified":"2026-05-06T13:01:26+00:00","breadcrumb":{"@id":"https:\/\/amatech.com.pl\/sklep\/czesci-zamienne\/filtr-hydrauliczny-seria-impuls\/#breadcrumb"},"inLanguage":"pl-PL","potentialAction":[{"@type":"ReadAction","target":["https:\/\/amatech.com.pl\/sklep\/czesci-zamienne\/filtr-hydrauliczny-seria-impuls\/"]}]},{"@type":"ImageObject","inLanguage":"pl-PL","@id":"https:\/\/amatech.com.pl\/sklep\/czesci-zamienne\/filtr-hydrauliczny-seria-impuls\/#primaryimage","url":"https:\/\/amatech.com.pl\/sklep\/wp-content\/uploads\/2023\/11\/FILTR-HYDRAULICZNY-SERIA-IMPULS-scaled.jpg","contentUrl":"https:\/\/amatech.com.pl\/sklep\/wp-content\/uploads\/2023\/11\/FILTR-HYDRAULICZNY-SERIA-IMPULS-scaled.jpg","width":2560,"height":1920,"caption":"FILTR HYDRAULICZNY SERIA IMPULS"},{"@type":"BreadcrumbList","@id":"https:\/\/amatech.com.pl\/sklep\/czesci-zamienne\/filtr-hydrauliczny-seria-impuls\/#breadcrumb","itemListElement":[{"@type":"ListItem","position":1,"name":"Strona g\u0142\u00f3wna","item":"https:\/\/amatech.com.pl\/sklep\/"},{"@type":"ListItem","position":2,"name":"Sklep","item":"https:\/\/amatech.com.pl\/sklep\/"},{"@type":"ListItem","position":3,"name":"FILTR HYDRAULICZNY SERIA IMPULS L1-6"}]},{"@type":"WebSite","@id":"https:\/\/amatech.com.pl\/sklep\/#website","url":"https:\/\/amatech.com.pl\/sklep\/","name":"AMATECH - Maszyny rolnicze, cz\u0119\u015bci zamienne, serwis","description":"AMATECH - Jaros\u0142aw Pozna\u0144ski - Zajmujemy si\u0119 sprzeda\u017c\u0105 maszyn i urz\u0105dze\u0144 rolniczych budowlanych oraz oryginalnych cz\u0119\u015bci zamiennych. Sklep on-line.","publisher":{"@id":"https:\/\/amatech.com.pl\/sklep\/#organization"},"potentialAction":[{"@type":"SearchAction","target":{"@type":"EntryPoint","urlTemplate":"https:\/\/amatech.com.pl\/sklep\/?s={search_term_string}"},"query-input":{"@type":"PropertyValueSpecification","valueRequired":true,"valueName":"search_term_string"}}],"inLanguage":"pl-PL"},{"@type":"Organization","@id":"https:\/\/amatech.com.pl\/sklep\/#organization","name":"AMATECH - Maszyny rolnicze, cz\u0119\u015bci zamienne, amazone, krone","url":"https:\/\/amatech.com.pl\/sklep\/","logo":{"@type":"ImageObject","inLanguage":"pl-PL","@id":"https:\/\/amatech.com.pl\/sklep\/#\/schema\/logo\/image\/","url":"https:\/\/amatech.com.pl\/sklep\/wp-content\/uploads\/2021\/11\/amatech-logo.png","contentUrl":"https:\/\/amatech.com.pl\/sklep\/wp-content\/uploads\/2021\/11\/amatech-logo.png","width":266,"height":57,"caption":"AMATECH - Maszyny rolnicze, cz\u0119\u015bci zamienne, amazone, krone"},"image":{"@id":"https:\/\/amatech.com.pl\/sklep\/#\/schema\/logo\/image\/"},"sameAs":["https:\/\/www.facebook.com\/amatech.poznanski\/"]}]}},"_links":{"self":[{"href":"https:\/\/amatech.com.pl\/sklep\/wp-json\/wp\/v2\/product\/13247"}],"collection":[{"href":"https:\/\/amatech.com.pl\/sklep\/wp-json\/wp\/v2\/product"}],"about":[{"href":"https:\/\/amatech.com.pl\/sklep\/wp-json\/wp\/v2\/types\/product"}],"wp:featuredmedia":[{"embeddable":true,"href":"https:\/\/amatech.com.pl\/sklep\/wp-json\/wp\/v2\/media\/15550"}],"wp:attachment":[{"href":"https:\/\/amatech.com.pl\/sklep\/wp-json\/wp\/v2\/media?parent=13247"}],"wp:term":[{"taxonomy":"product_cat","embeddable":true,"href":"https:\/\/amatech.com.pl\/sklep\/wp-json\/wp\/v2\/product_cat?post=13247"},{"taxonomy":"product_tag","embeddable":true,"href":"https:\/\/amatech.com.pl\/sklep\/wp-json\/wp\/v2\/product_tag?post=13247"}],"curies":[{"name":"wp","href":"https:\/\/api.w.org\/{rel}","templated":true}]}}