{"id":13256,"date":"2023-04-04T14:56:46","date_gmt":"2023-04-04T12:56:46","guid":{"rendered":"https:\/\/amatech.com.pl\/sklep\/czesci-zamienne\/filtr-paliwowy\/"},"modified":"2026-05-06T15:01:30","modified_gmt":"2026-05-06T13:01:30","slug":"filtr-paliwowy","status":"publish","type":"product","link":"https:\/\/amatech.com.pl\/sklep\/czesci-zamienne\/filtr-paliwowy\/","title":{"rendered":"FILTR PALIWOWY    L1-2"},"content":{"rendered":"<p><b>Filtr paliwa 5802726987 New Holland, Case, Steyer CNH ORYGINALNY<\/b><\/p>\n<p><\/p>\n<p><b>Nr kat.:<\/b>&nbsp;<b>5802726987<\/b><\/p>\n<p><b>&nbsp;<\/b><\/p>\n<p><b>New Holland<\/b><\/p>\n<ul>\n<li>T6<\/li>\n<li>T7 &nbsp;&nbsp;<b>Numery por\u00f3wnawcze:<\/b>&nbsp;5802726987,&nbsp;42579930, 5802462138, 5802541169 &nbsp; &nbsp;&nbsp;<b>Producent: CNH<\/b><\/li>\n<\/ul>\n","protected":false},"excerpt":{"rendered":"<p>Filtr paliwa 5802726987 New Holland, Case, Steyer CNH ORYGINALNY Nr kat.:&nbsp;5802726987 &nbsp; New Holland T6 T7 &nbsp;&nbsp;Numery por\u00f3wnawcze:&nbsp;5802726987,&nbsp;42579930, 5802462138, 5802541169 &nbsp; &nbsp;&nbsp;Producent: CNH<\/p>\n","protected":false},"featured_media":15603,"template":"","meta":{"_kad_post_transparent":"","_kad_post_title":"","_kad_post_layout":"","_kad_post_sidebar_id":"","_kad_post_content_style":"","_kad_post_vertical_padding":"","_kad_post_feature":"","_kad_post_feature_position":"","_kad_post_header":false,"_kad_post_footer":false},"product_cat":[332,333,289,330],"product_tag":[],"class_list":{"0":"post-13256","1":"product","2":"type-product","3":"status-publish","4":"has-post-thumbnail","6":"product_cat-case-ciagniki-rolnicze","7":"product_cat-new-holland-ciagniki-rolnicze","8":"product_cat-sklep-internetowy","9":"product_cat-steyr","11":"first","12":"instock","13":"taxable","14":"shipping-taxable","15":"purchasable","16":"product-type-simple","17":"entry","18":"content-bg","19":"loop-entry"},"yoast_head":"<!-- This site is optimized with the Yoast SEO plugin v24.9 - https:\/\/yoast.com\/wordpress\/plugins\/seo\/ -->\n<title>FILTR PALIWOWY  L1-2 - AMATECH - Maszyny rolnicze, cz\u0119\u015bci zamienne, serwis<\/title>\n<meta name=\"robots\" content=\"index, follow, max-snippet:-1, max-image-preview:large, max-video-preview:-1\" \/>\n<link rel=\"canonical\" href=\"https:\/\/amatech.com.pl\/sklep\/czesci-zamienne\/filtr-paliwowy\/\" \/>\n<meta property=\"og:locale\" content=\"pl_PL\" \/>\n<meta property=\"og:type\" content=\"article\" \/>\n<meta property=\"og:title\" content=\"FILTR PALIWOWY  L1-2 - AMATECH - Maszyny rolnicze, cz\u0119\u015bci zamienne, serwis\" \/>\n<meta property=\"og:description\" content=\"Filtr paliwa 5802726987 New Holland, Case, Steyer CNH ORYGINALNY Nr kat.:&nbsp;5802726987 &nbsp; New Holland T6 T7 &nbsp;&nbsp;Numery por\u00f3wnawcze:&nbsp;5802726987,&nbsp;42579930, 5802462138, 5802541169 &nbsp; &nbsp;&nbsp;Producent: CNH\" \/>\n<meta property=\"og:url\" content=\"https:\/\/amatech.com.pl\/sklep\/czesci-zamienne\/filtr-paliwowy\/\" \/>\n<meta property=\"og:site_name\" content=\"AMATECH - Maszyny rolnicze, cz\u0119\u015bci zamienne, serwis\" \/>\n<meta property=\"article:publisher\" content=\"https:\/\/www.facebook.com\/amatech.poznanski\/\" \/>\n<meta property=\"article:modified_time\" content=\"2026-05-06T13:01:30+00:00\" \/>\n<meta property=\"og:image\" content=\"https:\/\/amatech.com.pl\/sklep\/wp-content\/uploads\/2023\/11\/FILTR-PALIWOWY-scaled.jpg\" \/>\n\t<meta property=\"og:image:width\" content=\"2560\" \/>\n\t<meta property=\"og:image:height\" content=\"1920\" \/>\n\t<meta property=\"og:image:type\" content=\"image\/jpeg\" \/>\n<meta name=\"twitter:card\" content=\"summary_large_image\" \/>\n<script type=\"application\/ld+json\" class=\"yoast-schema-graph\">{\"@context\":\"https:\/\/schema.org\",\"@graph\":[{\"@type\":\"WebPage\",\"@id\":\"https:\/\/amatech.com.pl\/sklep\/czesci-zamienne\/filtr-paliwowy\/\",\"url\":\"https:\/\/amatech.com.pl\/sklep\/czesci-zamienne\/filtr-paliwowy\/\",\"name\":\"FILTR PALIWOWY L1-2 - AMATECH - Maszyny rolnicze, cz\u0119\u015bci zamienne, serwis\",\"isPartOf\":{\"@id\":\"https:\/\/amatech.com.pl\/sklep\/#website\"},\"primaryImageOfPage\":{\"@id\":\"https:\/\/amatech.com.pl\/sklep\/czesci-zamienne\/filtr-paliwowy\/#primaryimage\"},\"image\":{\"@id\":\"https:\/\/amatech.com.pl\/sklep\/czesci-zamienne\/filtr-paliwowy\/#primaryimage\"},\"thumbnailUrl\":\"https:\/\/amatech.com.pl\/sklep\/wp-content\/uploads\/2023\/11\/FILTR-PALIWOWY-scaled.jpg\",\"datePublished\":\"2023-04-04T12:56:46+00:00\",\"dateModified\":\"2026-05-06T13:01:30+00:00\",\"breadcrumb\":{\"@id\":\"https:\/\/amatech.com.pl\/sklep\/czesci-zamienne\/filtr-paliwowy\/#breadcrumb\"},\"inLanguage\":\"pl-PL\",\"potentialAction\":[{\"@type\":\"ReadAction\",\"target\":[\"https:\/\/amatech.com.pl\/sklep\/czesci-zamienne\/filtr-paliwowy\/\"]}]},{\"@type\":\"ImageObject\",\"inLanguage\":\"pl-PL\",\"@id\":\"https:\/\/amatech.com.pl\/sklep\/czesci-zamienne\/filtr-paliwowy\/#primaryimage\",\"url\":\"https:\/\/amatech.com.pl\/sklep\/wp-content\/uploads\/2023\/11\/FILTR-PALIWOWY-scaled.jpg\",\"contentUrl\":\"https:\/\/amatech.com.pl\/sklep\/wp-content\/uploads\/2023\/11\/FILTR-PALIWOWY-scaled.jpg\",\"width\":2560,\"height\":1920,\"caption\":\"FILTR PALIWOWY\"},{\"@type\":\"BreadcrumbList\",\"@id\":\"https:\/\/amatech.com.pl\/sklep\/czesci-zamienne\/filtr-paliwowy\/#breadcrumb\",\"itemListElement\":[{\"@type\":\"ListItem\",\"position\":1,\"name\":\"Strona g\u0142\u00f3wna\",\"item\":\"https:\/\/amatech.com.pl\/sklep\/\"},{\"@type\":\"ListItem\",\"position\":2,\"name\":\"Sklep\",\"item\":\"https:\/\/amatech.com.pl\/sklep\/\"},{\"@type\":\"ListItem\",\"position\":3,\"name\":\"FILTR PALIWOWY L1-2\"}]},{\"@type\":\"WebSite\",\"@id\":\"https:\/\/amatech.com.pl\/sklep\/#website\",\"url\":\"https:\/\/amatech.com.pl\/sklep\/\",\"name\":\"AMATECH - Maszyny rolnicze, cz\u0119\u015bci zamienne, serwis\",\"description\":\"AMATECH - Jaros\u0142aw Pozna\u0144ski - Zajmujemy si\u0119 sprzeda\u017c\u0105 maszyn i urz\u0105dze\u0144 rolniczych budowlanych oraz oryginalnych cz\u0119\u015bci zamiennych. Sklep on-line.\",\"publisher\":{\"@id\":\"https:\/\/amatech.com.pl\/sklep\/#organization\"},\"potentialAction\":[{\"@type\":\"SearchAction\",\"target\":{\"@type\":\"EntryPoint\",\"urlTemplate\":\"https:\/\/amatech.com.pl\/sklep\/?s={search_term_string}\"},\"query-input\":{\"@type\":\"PropertyValueSpecification\",\"valueRequired\":true,\"valueName\":\"search_term_string\"}}],\"inLanguage\":\"pl-PL\"},{\"@type\":\"Organization\",\"@id\":\"https:\/\/amatech.com.pl\/sklep\/#organization\",\"name\":\"AMATECH - Maszyny rolnicze, cz\u0119\u015bci zamienne, amazone, krone\",\"url\":\"https:\/\/amatech.com.pl\/sklep\/\",\"logo\":{\"@type\":\"ImageObject\",\"inLanguage\":\"pl-PL\",\"@id\":\"https:\/\/amatech.com.pl\/sklep\/#\/schema\/logo\/image\/\",\"url\":\"https:\/\/amatech.com.pl\/sklep\/wp-content\/uploads\/2021\/11\/amatech-logo.png\",\"contentUrl\":\"https:\/\/amatech.com.pl\/sklep\/wp-content\/uploads\/2021\/11\/amatech-logo.png\",\"width\":266,\"height\":57,\"caption\":\"AMATECH - Maszyny rolnicze, cz\u0119\u015bci zamienne, amazone, krone\"},\"image\":{\"@id\":\"https:\/\/amatech.com.pl\/sklep\/#\/schema\/logo\/image\/\"},\"sameAs\":[\"https:\/\/www.facebook.com\/amatech.poznanski\/\"]}]}<\/script>\n<!-- \/ Yoast SEO plugin. -->","yoast_head_json":{"title":"FILTR PALIWOWY  L1-2 - AMATECH - Maszyny rolnicze, cz\u0119\u015bci zamienne, serwis","robots":{"index":"index","follow":"follow","max-snippet":"max-snippet:-1","max-image-preview":"max-image-preview:large","max-video-preview":"max-video-preview:-1"},"canonical":"https:\/\/amatech.com.pl\/sklep\/czesci-zamienne\/filtr-paliwowy\/","og_locale":"pl_PL","og_type":"article","og_title":"FILTR PALIWOWY  L1-2 - AMATECH - Maszyny rolnicze, cz\u0119\u015bci zamienne, serwis","og_description":"Filtr paliwa 5802726987 New Holland, Case, Steyer CNH ORYGINALNY Nr kat.:&nbsp;5802726987 &nbsp; New Holland T6 T7 &nbsp;&nbsp;Numery por\u00f3wnawcze:&nbsp;5802726987,&nbsp;42579930, 5802462138, 5802541169 &nbsp; &nbsp;&nbsp;Producent: CNH","og_url":"https:\/\/amatech.com.pl\/sklep\/czesci-zamienne\/filtr-paliwowy\/","og_site_name":"AMATECH - Maszyny rolnicze, cz\u0119\u015bci zamienne, serwis","article_publisher":"https:\/\/www.facebook.com\/amatech.poznanski\/","article_modified_time":"2026-05-06T13:01:30+00:00","og_image":[{"width":2560,"height":1920,"url":"https:\/\/amatech.com.pl\/sklep\/wp-content\/uploads\/2023\/11\/FILTR-PALIWOWY-scaled.jpg","type":"image\/jpeg"}],"twitter_card":"summary_large_image","schema":{"@context":"https:\/\/schema.org","@graph":[{"@type":"WebPage","@id":"https:\/\/amatech.com.pl\/sklep\/czesci-zamienne\/filtr-paliwowy\/","url":"https:\/\/amatech.com.pl\/sklep\/czesci-zamienne\/filtr-paliwowy\/","name":"FILTR PALIWOWY L1-2 - AMATECH - Maszyny rolnicze, cz\u0119\u015bci zamienne, serwis","isPartOf":{"@id":"https:\/\/amatech.com.pl\/sklep\/#website"},"primaryImageOfPage":{"@id":"https:\/\/amatech.com.pl\/sklep\/czesci-zamienne\/filtr-paliwowy\/#primaryimage"},"image":{"@id":"https:\/\/amatech.com.pl\/sklep\/czesci-zamienne\/filtr-paliwowy\/#primaryimage"},"thumbnailUrl":"https:\/\/amatech.com.pl\/sklep\/wp-content\/uploads\/2023\/11\/FILTR-PALIWOWY-scaled.jpg","datePublished":"2023-04-04T12:56:46+00:00","dateModified":"2026-05-06T13:01:30+00:00","breadcrumb":{"@id":"https:\/\/amatech.com.pl\/sklep\/czesci-zamienne\/filtr-paliwowy\/#breadcrumb"},"inLanguage":"pl-PL","potentialAction":[{"@type":"ReadAction","target":["https:\/\/amatech.com.pl\/sklep\/czesci-zamienne\/filtr-paliwowy\/"]}]},{"@type":"ImageObject","inLanguage":"pl-PL","@id":"https:\/\/amatech.com.pl\/sklep\/czesci-zamienne\/filtr-paliwowy\/#primaryimage","url":"https:\/\/amatech.com.pl\/sklep\/wp-content\/uploads\/2023\/11\/FILTR-PALIWOWY-scaled.jpg","contentUrl":"https:\/\/amatech.com.pl\/sklep\/wp-content\/uploads\/2023\/11\/FILTR-PALIWOWY-scaled.jpg","width":2560,"height":1920,"caption":"FILTR PALIWOWY"},{"@type":"BreadcrumbList","@id":"https:\/\/amatech.com.pl\/sklep\/czesci-zamienne\/filtr-paliwowy\/#breadcrumb","itemListElement":[{"@type":"ListItem","position":1,"name":"Strona g\u0142\u00f3wna","item":"https:\/\/amatech.com.pl\/sklep\/"},{"@type":"ListItem","position":2,"name":"Sklep","item":"https:\/\/amatech.com.pl\/sklep\/"},{"@type":"ListItem","position":3,"name":"FILTR PALIWOWY L1-2"}]},{"@type":"WebSite","@id":"https:\/\/amatech.com.pl\/sklep\/#website","url":"https:\/\/amatech.com.pl\/sklep\/","name":"AMATECH - Maszyny rolnicze, cz\u0119\u015bci zamienne, serwis","description":"AMATECH - Jaros\u0142aw Pozna\u0144ski - Zajmujemy si\u0119 sprzeda\u017c\u0105 maszyn i urz\u0105dze\u0144 rolniczych budowlanych oraz oryginalnych cz\u0119\u015bci zamiennych. Sklep on-line.","publisher":{"@id":"https:\/\/amatech.com.pl\/sklep\/#organization"},"potentialAction":[{"@type":"SearchAction","target":{"@type":"EntryPoint","urlTemplate":"https:\/\/amatech.com.pl\/sklep\/?s={search_term_string}"},"query-input":{"@type":"PropertyValueSpecification","valueRequired":true,"valueName":"search_term_string"}}],"inLanguage":"pl-PL"},{"@type":"Organization","@id":"https:\/\/amatech.com.pl\/sklep\/#organization","name":"AMATECH - Maszyny rolnicze, cz\u0119\u015bci zamienne, amazone, krone","url":"https:\/\/amatech.com.pl\/sklep\/","logo":{"@type":"ImageObject","inLanguage":"pl-PL","@id":"https:\/\/amatech.com.pl\/sklep\/#\/schema\/logo\/image\/","url":"https:\/\/amatech.com.pl\/sklep\/wp-content\/uploads\/2021\/11\/amatech-logo.png","contentUrl":"https:\/\/amatech.com.pl\/sklep\/wp-content\/uploads\/2021\/11\/amatech-logo.png","width":266,"height":57,"caption":"AMATECH - Maszyny rolnicze, cz\u0119\u015bci zamienne, amazone, krone"},"image":{"@id":"https:\/\/amatech.com.pl\/sklep\/#\/schema\/logo\/image\/"},"sameAs":["https:\/\/www.facebook.com\/amatech.poznanski\/"]}]}},"_links":{"self":[{"href":"https:\/\/amatech.com.pl\/sklep\/wp-json\/wp\/v2\/product\/13256"}],"collection":[{"href":"https:\/\/amatech.com.pl\/sklep\/wp-json\/wp\/v2\/product"}],"about":[{"href":"https:\/\/amatech.com.pl\/sklep\/wp-json\/wp\/v2\/types\/product"}],"wp:featuredmedia":[{"embeddable":true,"href":"https:\/\/amatech.com.pl\/sklep\/wp-json\/wp\/v2\/media\/15603"}],"wp:attachment":[{"href":"https:\/\/amatech.com.pl\/sklep\/wp-json\/wp\/v2\/media?parent=13256"}],"wp:term":[{"taxonomy":"product_cat","embeddable":true,"href":"https:\/\/amatech.com.pl\/sklep\/wp-json\/wp\/v2\/product_cat?post=13256"},{"taxonomy":"product_tag","embeddable":true,"href":"https:\/\/amatech.com.pl\/sklep\/wp-json\/wp\/v2\/product_tag?post=13256"}],"curies":[{"name":"wp","href":"https:\/\/api.w.org\/{rel}","templated":true}]}}