{"id":13280,"date":"2023-04-04T14:57:52","date_gmt":"2023-04-04T12:57:52","guid":{"rendered":"https:\/\/amatech.com.pl\/sklep\/czesci-zamienne\/filtr-kabinowy-steyr-profi-kabina-std-xiv-2\/"},"modified":"2026-05-06T15:01:35","modified_gmt":"2026-05-06T13:01:35","slug":"filtr-kabinowy-steyr-profi-kabina-std-xiv-2","status":"publish","type":"product","link":"https:\/\/amatech.com.pl\/sklep\/czesci-zamienne\/filtr-kabinowy-steyr-profi-kabina-std-xiv-2\/","title":{"rendered":"FILTR KABINOWY STEYR PROFI KABINA STD  ( NOWY NR. 47863571 )    XIV-2"},"content":{"rendered":"<p><span style=\"font-size:16px\"><b>Filtr powietrza 87726675New Holland, Case, Steyer CNH ORYGINALNY<\/b><\/span><\/p>\n<p><span style=\"font-size:16px\">&nbsp;<b>Nr kat.: 87726675<\/b><\/span><\/p>\n<p><span style=\"font-size:16px\"><b>New Holland<\/b>&nbsp;<\/span><\/p>\n<ul>\n<li>T6.120 &#8211; 180 DUAL\/ELECTRO COMMAND: T6.120, T6.125, T6.140, T6.145, T6.150, T6.155, T6.160, T6.165, T6.175, T6.180<\/li>\n<li>T6.140 &#8211; 160 AUTOCOMMAND: T6.140, T6.145, T6.150, T6.155, T6.160, T6.165, T6.175<\/li>\n<li>T6000: T6010, T6020, T6030, T6040, T6050, T6060, T6070, T6080, T6090<\/li>\n<li>T7.170-210 AUTOCOMMAND: T7.170, T7.185, T7.200, T7.210<\/li>\n<li>T7.170-210 RANGE-\/POWERCOMMAND: T7.170, T7.185, T7.200, T7.210<\/li>\n<li>T7.220-260 POWER COMMAND: T7.220, T7.235, T7.250, T7.260<\/li>\n<li>T7.220-270 AUTOCOMMAND: T7.220, T7.235, T7.250, T7.260, T7.270<\/li>\n<li>T7.XXX AUTOCOMMAND TIER 4B: T7.175, T7.190, T7.210, T7.225, T7.230, T7.245, T7.260, T7.270, T7.290, T7.315<\/li>\n<li>T7.XXX TIER 4B: T7.175, T7.190, T7.210, T7.230, T7.245, T7.260<\/li>\n<li>T7000: T7030, T7040, T7050, T7060, T1804, T2104, T2304<\/li>\n<li>T7000 AUTOCOMMAND: T7030, T7040, T7050, T7060, T7070<\/li>\n<li>T7000 FPS: T7030, T7040, T7050, T7060<\/li>\n<li>T7500: T7510, T7520, T7530, T7540, T75050<\/li>\n<li>TSA: TS100A, TS115A, TS125A, TS135A<\/li>\n<li>TSA DELTA: TS110A, TS115A, TS130A&nbsp;<b>CASE<\/b><\/li>\n<\/ul>\n<ul>\n<li>CS: CS80 PRO, CS85 PRO, CS90 PRO, CS95 PRO, CS100 PRO, CS105 PRO<\/li>\n<li>CVX: CVX140, CVX150, CVX160, CVX175, CVX195<\/li>\n<li>MAXXUM: MAXXUM 100, MAXXUM 110, MAXXUM 115, MAXXUM 120, MAXXUM 125, MAXXUM130, MAXXUM 135, MAXXUM 140, MAXXUM 145, MAXXUM 150<\/li>\n<li>MXU: MXU100, MXU110, MXU115, MXU125, MXU130, MXU135<\/li>\n<li>OPTUM CVX: OPTUM 270 CVX, OPTUM 300 CVX<\/li>\n<li>PUMA 115 &#8211; 160: PUMA 115, PUMA 125, PUMA 130, PUMA 140, PUMA 145, PUMA 155, PUMA 160<\/li>\n<li>PUMA 165 &#8211; 215: PUMA 165, PUMA 170, PUMA 180, PUMA 185, PUMA 195, PUMA 200, PUMA 210, PUMA 215, PUMA1854, PUMA2104, PUMA 2304<\/li>\n<li>PUMA CVT 130 &#8211; 160: PUMA 130, PUMA 145, PUMA 160<\/li>\n<li>PUMA CVT 165 &#8211; 230: PUMA 165, PUMA 170, PUMA 180, PUMA 185, PUMA 195, PUMA 200, PUMA 210, PUMA 215, PUMA 225, PUMA 230<\/li>\n<li>PUMA CVT TIER 4B: PUMA 150 CVT, PUMA 165 CVT, PUMA 180 CVT, PUMA 185 CVT, PUMA 200 CVT, PUMA 220 CVT, PUMA 240 CVT<\/li>\n<li>PUMA CVX 130 &#8211; 160: PUMA 130, PUMA 145, PUMA 160<\/li>\n<li>PUMA CVX 165 &#8211; 230: PUMA 165, PUMA 170, PUMA 180, PUMA 185, PUMA 195, PUMA 200, PUMA 210, PUMA 215, PUMA 225, PUMA 230<\/li>\n<li>PUMA CVX TIER 4B: PUMA 150 CVX, PUMA 165 CVX, PUMA 175 CVX, PUMA 185 CVX, PUMA 200 CVX, PUMA 220 CVX, PUMA 240 CVX<\/li>\n<li>PUMA TIER 4B: PUMA 150, PUMA 165, PUMA 185, PUMA 200, PUMA 220&nbsp;<b>STEYR<\/b><\/li>\n<\/ul>\n<ul>\n<li>9000 SERIES: 9080MT, 9085MT, 9090MT, 9095MT<\/li>\n<li>9100 SERIES: 9100MT, 9105MT<\/li>\n<li>CVT 6130-6160: 6115 PROFI, 6125 PROFI, 6130 CVT, 6140 PROFI, 6145 CVT, 6160 CVT<\/li>\n<li>CVT 6165-6230: 6165, 6170 CVT, 6175, 6180, 6185 CVT, 6200, 6205 CVT, 6210, 6215 CVT, 6225, 6230 CVT<\/li>\n<li>CVT TIER 4B: 6150 CVT, 6165 CVT, 6175 CVT, 6185 CVT, 6200 CVT, 6220 CVT, 6240 CVT<\/li>\n<li>PROFI &#8211; TIER 3: 4110 PROFI, 4115 PROFI, 4120 PROFI, 4130 PROFI, 6115 PROFI, 6125 PROFI, 6140 PROFI<\/li>\n<li>PROFI &#8211; TIER 4: 4110 PROFI, 4120 PROFI, 4130 PROFI<\/li>\n<li>PROFI ECOTECH: 4110 ET PROFI, 4120 ET PROFI, 4130 ET PROFI, 6125 ET PROFI, 6140 ET PROFI<\/li>\n<li>TERRUS CVT: 6270 TERRUS CVT, 6300 TERRUS CVT &nbsp;&nbsp;<b>D&#322;ugo&#347;&#263; filtra 550mm<\/b>&nbsp;&nbsp;&nbsp;<b>Numery por\u00f3wnawcze:<\/b>&nbsp;82022328 , 82034664 , 82034665 , 82034666 , 87726675 &nbsp;&nbsp;<b>Producent: CN<\/b><\/li>\n<\/ul>\n","protected":false},"excerpt":{"rendered":"<p>Filtr powietrza 87726675New Holland, Case, Steyer CNH ORYGINALNY &nbsp;Nr kat.: 87726675 New Holland&nbsp; T6.120 &#8211; 180 DUAL\/ELECTRO COMMAND: T6.120, T6.125, T6.140, T6.145, T6.150, T6.155, T6.160, T6.165, T6.175, T6.180 T6.140 &#8211; 160 AUTOCOMMAND: T6.140, T6.145, T6.150, T6.155, T6.160, T6.165, T6.175 T6000: T6010, T6020, T6030, T6040, T6050, T6060, T6070, T6080, T6090 T7.170-210 AUTOCOMMAND: T7.170, T7.185, T7.200, T7.210&#8230;<\/p>\n","protected":false},"featured_media":15720,"template":"","meta":{"_kad_post_transparent":"","_kad_post_title":"","_kad_post_layout":"","_kad_post_sidebar_id":"","_kad_post_content_style":"","_kad_post_vertical_padding":"","_kad_post_feature":"","_kad_post_feature_position":"","_kad_post_header":false,"_kad_post_footer":false},"product_cat":[332,333,289,330],"product_tag":[],"class_list":{"0":"post-13280","1":"product","2":"type-product","3":"status-publish","4":"has-post-thumbnail","6":"product_cat-case-ciagniki-rolnicze","7":"product_cat-new-holland-ciagniki-rolnicze","8":"product_cat-sklep-internetowy","9":"product_cat-steyr","11":"first","12":"outofstock","13":"taxable","14":"shipping-taxable","15":"purchasable","16":"product-type-simple","17":"entry","18":"content-bg","19":"loop-entry"},"yoast_head":"<!-- This site is optimized with the Yoast SEO plugin v24.9 - https:\/\/yoast.com\/wordpress\/plugins\/seo\/ -->\n<title>FILTR KABINOWY STEYR PROFI KABINA STD ( NOWY NR. 47863571 )  XIV-2 - AMATECH - Maszyny rolnicze, cz\u0119\u015bci zamienne, serwis<\/title>\n<meta name=\"robots\" content=\"index, follow, max-snippet:-1, max-image-preview:large, max-video-preview:-1\" \/>\n<link rel=\"canonical\" href=\"https:\/\/amatech.com.pl\/sklep\/czesci-zamienne\/filtr-kabinowy-steyr-profi-kabina-std-xiv-2\/\" \/>\n<meta property=\"og:locale\" content=\"pl_PL\" \/>\n<meta property=\"og:type\" content=\"article\" \/>\n<meta property=\"og:title\" content=\"FILTR KABINOWY STEYR PROFI KABINA STD ( NOWY NR. 47863571 )  XIV-2 - AMATECH - Maszyny rolnicze, cz\u0119\u015bci zamienne, serwis\" \/>\n<meta property=\"og:description\" content=\"Filtr powietrza 87726675New Holland, Case, Steyer CNH ORYGINALNY &nbsp;Nr kat.: 87726675 New Holland&nbsp; T6.120 &#8211; 180 DUAL\/ELECTRO COMMAND: T6.120, T6.125, T6.140, T6.145, T6.150, T6.155, T6.160, T6.165, T6.175, T6.180 T6.140 &#8211; 160 AUTOCOMMAND: T6.140, T6.145, T6.150, T6.155, T6.160, T6.165, T6.175 T6000: T6010, T6020, T6030, T6040, T6050, T6060, T6070, T6080, T6090 T7.170-210 AUTOCOMMAND: T7.170, T7.185, T7.200, T7.210...\" \/>\n<meta property=\"og:url\" content=\"https:\/\/amatech.com.pl\/sklep\/czesci-zamienne\/filtr-kabinowy-steyr-profi-kabina-std-xiv-2\/\" \/>\n<meta property=\"og:site_name\" content=\"AMATECH - Maszyny rolnicze, cz\u0119\u015bci zamienne, serwis\" \/>\n<meta property=\"article:publisher\" content=\"https:\/\/www.facebook.com\/amatech.poznanski\/\" \/>\n<meta property=\"article:modified_time\" content=\"2026-05-06T13:01:35+00:00\" \/>\n<meta property=\"og:image\" content=\"https:\/\/amatech.com.pl\/sklep\/wp-content\/uploads\/2023\/11\/FILTR-KABINOWY-STEYR-PROFI-KABINA-STD-XIV-2-scaled.jpg\" \/>\n\t<meta property=\"og:image:width\" content=\"2560\" \/>\n\t<meta property=\"og:image:height\" content=\"1920\" \/>\n\t<meta property=\"og:image:type\" content=\"image\/jpeg\" \/>\n<meta name=\"twitter:card\" content=\"summary_large_image\" \/>\n<meta name=\"twitter:label1\" content=\"Szacowany czas czytania\" \/>\n\t<meta name=\"twitter:data1\" content=\"2 minuty\" \/>\n<script type=\"application\/ld+json\" class=\"yoast-schema-graph\">{\"@context\":\"https:\/\/schema.org\",\"@graph\":[{\"@type\":\"WebPage\",\"@id\":\"https:\/\/amatech.com.pl\/sklep\/czesci-zamienne\/filtr-kabinowy-steyr-profi-kabina-std-xiv-2\/\",\"url\":\"https:\/\/amatech.com.pl\/sklep\/czesci-zamienne\/filtr-kabinowy-steyr-profi-kabina-std-xiv-2\/\",\"name\":\"FILTR KABINOWY STEYR PROFI KABINA STD ( NOWY NR. 47863571 ) XIV-2 - AMATECH - Maszyny rolnicze, cz\u0119\u015bci zamienne, serwis\",\"isPartOf\":{\"@id\":\"https:\/\/amatech.com.pl\/sklep\/#website\"},\"primaryImageOfPage\":{\"@id\":\"https:\/\/amatech.com.pl\/sklep\/czesci-zamienne\/filtr-kabinowy-steyr-profi-kabina-std-xiv-2\/#primaryimage\"},\"image\":{\"@id\":\"https:\/\/amatech.com.pl\/sklep\/czesci-zamienne\/filtr-kabinowy-steyr-profi-kabina-std-xiv-2\/#primaryimage\"},\"thumbnailUrl\":\"https:\/\/amatech.com.pl\/sklep\/wp-content\/uploads\/2023\/11\/FILTR-KABINOWY-STEYR-PROFI-KABINA-STD-XIV-2-scaled.jpg\",\"datePublished\":\"2023-04-04T12:57:52+00:00\",\"dateModified\":\"2026-05-06T13:01:35+00:00\",\"breadcrumb\":{\"@id\":\"https:\/\/amatech.com.pl\/sklep\/czesci-zamienne\/filtr-kabinowy-steyr-profi-kabina-std-xiv-2\/#breadcrumb\"},\"inLanguage\":\"pl-PL\",\"potentialAction\":[{\"@type\":\"ReadAction\",\"target\":[\"https:\/\/amatech.com.pl\/sklep\/czesci-zamienne\/filtr-kabinowy-steyr-profi-kabina-std-xiv-2\/\"]}]},{\"@type\":\"ImageObject\",\"inLanguage\":\"pl-PL\",\"@id\":\"https:\/\/amatech.com.pl\/sklep\/czesci-zamienne\/filtr-kabinowy-steyr-profi-kabina-std-xiv-2\/#primaryimage\",\"url\":\"https:\/\/amatech.com.pl\/sklep\/wp-content\/uploads\/2023\/11\/FILTR-KABINOWY-STEYR-PROFI-KABINA-STD-XIV-2-scaled.jpg\",\"contentUrl\":\"https:\/\/amatech.com.pl\/sklep\/wp-content\/uploads\/2023\/11\/FILTR-KABINOWY-STEYR-PROFI-KABINA-STD-XIV-2-scaled.jpg\",\"width\":2560,\"height\":1920,\"caption\":\"FILTR KABINOWY STEYR PROFI KABINA STD XIV-2\"},{\"@type\":\"BreadcrumbList\",\"@id\":\"https:\/\/amatech.com.pl\/sklep\/czesci-zamienne\/filtr-kabinowy-steyr-profi-kabina-std-xiv-2\/#breadcrumb\",\"itemListElement\":[{\"@type\":\"ListItem\",\"position\":1,\"name\":\"Strona g\u0142\u00f3wna\",\"item\":\"https:\/\/amatech.com.pl\/sklep\/\"},{\"@type\":\"ListItem\",\"position\":2,\"name\":\"Sklep\",\"item\":\"https:\/\/amatech.com.pl\/sklep\/\"},{\"@type\":\"ListItem\",\"position\":3,\"name\":\"FILTR KABINOWY STEYR PROFI KABINA STD ( NOWY NR. 47863571 ) XIV-2\"}]},{\"@type\":\"WebSite\",\"@id\":\"https:\/\/amatech.com.pl\/sklep\/#website\",\"url\":\"https:\/\/amatech.com.pl\/sklep\/\",\"name\":\"AMATECH - Maszyny rolnicze, cz\u0119\u015bci zamienne, serwis\",\"description\":\"AMATECH - Jaros\u0142aw Pozna\u0144ski - Zajmujemy si\u0119 sprzeda\u017c\u0105 maszyn i urz\u0105dze\u0144 rolniczych budowlanych oraz oryginalnych cz\u0119\u015bci zamiennych. Sklep on-line.\",\"publisher\":{\"@id\":\"https:\/\/amatech.com.pl\/sklep\/#organization\"},\"potentialAction\":[{\"@type\":\"SearchAction\",\"target\":{\"@type\":\"EntryPoint\",\"urlTemplate\":\"https:\/\/amatech.com.pl\/sklep\/?s={search_term_string}\"},\"query-input\":{\"@type\":\"PropertyValueSpecification\",\"valueRequired\":true,\"valueName\":\"search_term_string\"}}],\"inLanguage\":\"pl-PL\"},{\"@type\":\"Organization\",\"@id\":\"https:\/\/amatech.com.pl\/sklep\/#organization\",\"name\":\"AMATECH - Maszyny rolnicze, cz\u0119\u015bci zamienne, amazone, krone\",\"url\":\"https:\/\/amatech.com.pl\/sklep\/\",\"logo\":{\"@type\":\"ImageObject\",\"inLanguage\":\"pl-PL\",\"@id\":\"https:\/\/amatech.com.pl\/sklep\/#\/schema\/logo\/image\/\",\"url\":\"https:\/\/amatech.com.pl\/sklep\/wp-content\/uploads\/2021\/11\/amatech-logo.png\",\"contentUrl\":\"https:\/\/amatech.com.pl\/sklep\/wp-content\/uploads\/2021\/11\/amatech-logo.png\",\"width\":266,\"height\":57,\"caption\":\"AMATECH - Maszyny rolnicze, cz\u0119\u015bci zamienne, amazone, krone\"},\"image\":{\"@id\":\"https:\/\/amatech.com.pl\/sklep\/#\/schema\/logo\/image\/\"},\"sameAs\":[\"https:\/\/www.facebook.com\/amatech.poznanski\/\"]}]}<\/script>\n<!-- \/ Yoast SEO plugin. -->","yoast_head_json":{"title":"FILTR KABINOWY STEYR PROFI KABINA STD ( NOWY NR. 47863571 )  XIV-2 - AMATECH - Maszyny rolnicze, cz\u0119\u015bci zamienne, serwis","robots":{"index":"index","follow":"follow","max-snippet":"max-snippet:-1","max-image-preview":"max-image-preview:large","max-video-preview":"max-video-preview:-1"},"canonical":"https:\/\/amatech.com.pl\/sklep\/czesci-zamienne\/filtr-kabinowy-steyr-profi-kabina-std-xiv-2\/","og_locale":"pl_PL","og_type":"article","og_title":"FILTR KABINOWY STEYR PROFI KABINA STD ( NOWY NR. 47863571 )  XIV-2 - AMATECH - Maszyny rolnicze, cz\u0119\u015bci zamienne, serwis","og_description":"Filtr powietrza 87726675New Holland, Case, Steyer CNH ORYGINALNY &nbsp;Nr kat.: 87726675 New Holland&nbsp; T6.120 &#8211; 180 DUAL\/ELECTRO COMMAND: T6.120, T6.125, T6.140, T6.145, T6.150, T6.155, T6.160, T6.165, T6.175, T6.180 T6.140 &#8211; 160 AUTOCOMMAND: T6.140, T6.145, T6.150, T6.155, T6.160, T6.165, T6.175 T6000: T6010, T6020, T6030, T6040, T6050, T6060, T6070, T6080, T6090 T7.170-210 AUTOCOMMAND: T7.170, T7.185, T7.200, T7.210...","og_url":"https:\/\/amatech.com.pl\/sklep\/czesci-zamienne\/filtr-kabinowy-steyr-profi-kabina-std-xiv-2\/","og_site_name":"AMATECH - Maszyny rolnicze, cz\u0119\u015bci zamienne, serwis","article_publisher":"https:\/\/www.facebook.com\/amatech.poznanski\/","article_modified_time":"2026-05-06T13:01:35+00:00","og_image":[{"width":2560,"height":1920,"url":"https:\/\/amatech.com.pl\/sklep\/wp-content\/uploads\/2023\/11\/FILTR-KABINOWY-STEYR-PROFI-KABINA-STD-XIV-2-scaled.jpg","type":"image\/jpeg"}],"twitter_card":"summary_large_image","twitter_misc":{"Szacowany czas czytania":"2 minuty"},"schema":{"@context":"https:\/\/schema.org","@graph":[{"@type":"WebPage","@id":"https:\/\/amatech.com.pl\/sklep\/czesci-zamienne\/filtr-kabinowy-steyr-profi-kabina-std-xiv-2\/","url":"https:\/\/amatech.com.pl\/sklep\/czesci-zamienne\/filtr-kabinowy-steyr-profi-kabina-std-xiv-2\/","name":"FILTR KABINOWY STEYR PROFI KABINA STD ( NOWY NR. 47863571 ) XIV-2 - AMATECH - Maszyny rolnicze, cz\u0119\u015bci zamienne, serwis","isPartOf":{"@id":"https:\/\/amatech.com.pl\/sklep\/#website"},"primaryImageOfPage":{"@id":"https:\/\/amatech.com.pl\/sklep\/czesci-zamienne\/filtr-kabinowy-steyr-profi-kabina-std-xiv-2\/#primaryimage"},"image":{"@id":"https:\/\/amatech.com.pl\/sklep\/czesci-zamienne\/filtr-kabinowy-steyr-profi-kabina-std-xiv-2\/#primaryimage"},"thumbnailUrl":"https:\/\/amatech.com.pl\/sklep\/wp-content\/uploads\/2023\/11\/FILTR-KABINOWY-STEYR-PROFI-KABINA-STD-XIV-2-scaled.jpg","datePublished":"2023-04-04T12:57:52+00:00","dateModified":"2026-05-06T13:01:35+00:00","breadcrumb":{"@id":"https:\/\/amatech.com.pl\/sklep\/czesci-zamienne\/filtr-kabinowy-steyr-profi-kabina-std-xiv-2\/#breadcrumb"},"inLanguage":"pl-PL","potentialAction":[{"@type":"ReadAction","target":["https:\/\/amatech.com.pl\/sklep\/czesci-zamienne\/filtr-kabinowy-steyr-profi-kabina-std-xiv-2\/"]}]},{"@type":"ImageObject","inLanguage":"pl-PL","@id":"https:\/\/amatech.com.pl\/sklep\/czesci-zamienne\/filtr-kabinowy-steyr-profi-kabina-std-xiv-2\/#primaryimage","url":"https:\/\/amatech.com.pl\/sklep\/wp-content\/uploads\/2023\/11\/FILTR-KABINOWY-STEYR-PROFI-KABINA-STD-XIV-2-scaled.jpg","contentUrl":"https:\/\/amatech.com.pl\/sklep\/wp-content\/uploads\/2023\/11\/FILTR-KABINOWY-STEYR-PROFI-KABINA-STD-XIV-2-scaled.jpg","width":2560,"height":1920,"caption":"FILTR KABINOWY STEYR PROFI KABINA STD XIV-2"},{"@type":"BreadcrumbList","@id":"https:\/\/amatech.com.pl\/sklep\/czesci-zamienne\/filtr-kabinowy-steyr-profi-kabina-std-xiv-2\/#breadcrumb","itemListElement":[{"@type":"ListItem","position":1,"name":"Strona g\u0142\u00f3wna","item":"https:\/\/amatech.com.pl\/sklep\/"},{"@type":"ListItem","position":2,"name":"Sklep","item":"https:\/\/amatech.com.pl\/sklep\/"},{"@type":"ListItem","position":3,"name":"FILTR KABINOWY STEYR PROFI KABINA STD ( NOWY NR. 47863571 ) XIV-2"}]},{"@type":"WebSite","@id":"https:\/\/amatech.com.pl\/sklep\/#website","url":"https:\/\/amatech.com.pl\/sklep\/","name":"AMATECH - Maszyny rolnicze, cz\u0119\u015bci zamienne, serwis","description":"AMATECH - Jaros\u0142aw Pozna\u0144ski - Zajmujemy si\u0119 sprzeda\u017c\u0105 maszyn i urz\u0105dze\u0144 rolniczych budowlanych oraz oryginalnych cz\u0119\u015bci zamiennych. Sklep on-line.","publisher":{"@id":"https:\/\/amatech.com.pl\/sklep\/#organization"},"potentialAction":[{"@type":"SearchAction","target":{"@type":"EntryPoint","urlTemplate":"https:\/\/amatech.com.pl\/sklep\/?s={search_term_string}"},"query-input":{"@type":"PropertyValueSpecification","valueRequired":true,"valueName":"search_term_string"}}],"inLanguage":"pl-PL"},{"@type":"Organization","@id":"https:\/\/amatech.com.pl\/sklep\/#organization","name":"AMATECH - Maszyny rolnicze, cz\u0119\u015bci zamienne, amazone, krone","url":"https:\/\/amatech.com.pl\/sklep\/","logo":{"@type":"ImageObject","inLanguage":"pl-PL","@id":"https:\/\/amatech.com.pl\/sklep\/#\/schema\/logo\/image\/","url":"https:\/\/amatech.com.pl\/sklep\/wp-content\/uploads\/2021\/11\/amatech-logo.png","contentUrl":"https:\/\/amatech.com.pl\/sklep\/wp-content\/uploads\/2021\/11\/amatech-logo.png","width":266,"height":57,"caption":"AMATECH - Maszyny rolnicze, cz\u0119\u015bci zamienne, amazone, krone"},"image":{"@id":"https:\/\/amatech.com.pl\/sklep\/#\/schema\/logo\/image\/"},"sameAs":["https:\/\/www.facebook.com\/amatech.poznanski\/"]}]}},"_links":{"self":[{"href":"https:\/\/amatech.com.pl\/sklep\/wp-json\/wp\/v2\/product\/13280"}],"collection":[{"href":"https:\/\/amatech.com.pl\/sklep\/wp-json\/wp\/v2\/product"}],"about":[{"href":"https:\/\/amatech.com.pl\/sklep\/wp-json\/wp\/v2\/types\/product"}],"wp:featuredmedia":[{"embeddable":true,"href":"https:\/\/amatech.com.pl\/sklep\/wp-json\/wp\/v2\/media\/15720"}],"wp:attachment":[{"href":"https:\/\/amatech.com.pl\/sklep\/wp-json\/wp\/v2\/media?parent=13280"}],"wp:term":[{"taxonomy":"product_cat","embeddable":true,"href":"https:\/\/amatech.com.pl\/sklep\/wp-json\/wp\/v2\/product_cat?post=13280"},{"taxonomy":"product_tag","embeddable":true,"href":"https:\/\/amatech.com.pl\/sklep\/wp-json\/wp\/v2\/product_tag?post=13280"}],"curies":[{"name":"wp","href":"https:\/\/api.w.org\/{rel}","templated":true}]}}