{"id":14002,"date":"2023-05-17T14:45:32","date_gmt":"2023-05-17T12:45:32","guid":{"rendered":"https:\/\/amatech.com.pl\/sklep\/czesci-zamienne\/adapter-viii-4-1\/"},"modified":"2026-03-11T06:47:19","modified_gmt":"2026-03-11T05:47:19","slug":"adapter-viii-4-1","status":"publish","type":"product","link":"https:\/\/amatech.com.pl\/sklep\/czesci-zamienne\/adapter-viii-4-1\/","title":{"rendered":"ADAPTER    B7-1-4"},"content":{"rendered":"<p><strong><span style=\"font-size:22px\">ADAPTER<\/span><\/strong><\/p>\n<p><\/p>\n<h3>Zastosowanie cz&#281;&#347;ci&nbsp;105357<br \/><small>Artyku&#322; 105357 jest tak&#380;e cz&#281;&#347;&#263; nast&#281;pna: 938629 ,<\/small><\/h3>\n<p>Prosz&#281; klikn&#261;&#263; na nazwy podzespo&#322;\u00f3w, aby wywo&#322;a&#263; odpowiedni&#261; ilustracj&#281;.<br \/>Szukan&#261; cz&#281;&#347;&#263; mo&#380;na rozpozna&#263; po numerze pozycji.<\/p>\n<table cellspacing=\"0\" cellpadding=\"1\" border=\"0\" class=\" cke_show_border\">\n<tbody>\n<tr>\n<td align=\"right\" valign=\"bottom\" width=\"30\" nowrap=\"nowrap\"><b>Poz.<\/b><\/td>\n<td valign=\"bottom\" width=\"480\" nowrap=\"nowrap\"><b>&nbsp;w podzespole<\/b><\/td>\n<td valign=\"bottom\" nowrap=\"nowrap\"><b>Produkt<\/b><\/td>\n<\/tr>\n<tr>\n<td align=\"right\" valign=\"bottom\" width=\"30\" nowrap=\"nowrap\">50.2<\/td>\n<td valign=\"bottom\" width=\"480\" nowrap=\"nowrap\">&nbsp;<a data-cke-saved-href=\"https:\/\/et2.amazone.de\/zeige_teil.asp?herst=AMA&amp;fam=02&amp;typ=35&amp;hg=125&amp;pos=50.2\" href=\"https:\/\/et2.amazone.de\/zeige_teil.asp?herst=AMA&amp;fam=02&amp;typ=35&amp;hg=125&amp;pos=50.2\" title=\"Poka&#380; rysunek rozwini&#281;ty\">Br\u00fchearmatur UX Super Druckfilter \/ Druckventil Ab 12.2011<\/a><\/td>\n<td valign=\"bottom\" nowrap=\"nowrap\">UX 3200-6200 Super\/ UX 3200-5200 Special (MH626)&nbsp;<small>&#8211; ab 11-2009&nbsp;<\/small><\/td>\n<\/tr>\n<tr>\n<td align=\"right\" valign=\"bottom\" width=\"30\" nowrap=\"nowrap\">50.1<\/td>\n<td valign=\"bottom\" width=\"480\" nowrap=\"nowrap\">&nbsp;<a data-cke-saved-href=\"https:\/\/et2.amazone.de\/zeige_teil.asp?herst=AMA&amp;fam=02&amp;typ=35&amp;hg=125&amp;pos=50.1\" href=\"https:\/\/et2.amazone.de\/zeige_teil.asp?herst=AMA&amp;fam=02&amp;typ=35&amp;hg=125&amp;pos=50.1\" title=\"Poka&#380; rysunek rozwini&#281;ty\">Br\u00fchearmatur UX Super Druckfilter \/ Druckventil Ab 12.2011<\/a><\/td>\n<td valign=\"bottom\" nowrap=\"nowrap\">UX 3200-6200 Super\/ UX 3200-5200 Special (MH626)&nbsp;<small>&#8211; ab 11-2009&nbsp;<\/small><\/td>\n<\/tr>\n<tr>\n<td align=\"right\" valign=\"bottom\" width=\"30\" nowrap=\"nowrap\">58<\/td>\n<td valign=\"bottom\" width=\"480\" nowrap=\"nowrap\">&nbsp;<a data-cke-saved-href=\"https:\/\/et2.amazone.de\/zeige_teil.asp?herst=AMA&amp;fam=02&amp;typ=36&amp;hg=36&amp;pos=58\" href=\"https:\/\/et2.amazone.de\/zeige_teil.asp?herst=AMA&amp;fam=02&amp;typ=36&amp;hg=36&amp;pos=58\" title=\"Poka&#380; rysunek rozwini&#281;ty\">Br\u00fchearmatur &#8212; Druckarmatur &#8211; Bedieneinheit Druckbegrenzugsventil<\/a><\/td>\n<td valign=\"bottom\" nowrap=\"nowrap\">Pantera 4001 ab Masch.-Nr. PAN 0000100 (ohne Spritzgest\u00e4nge) (MH650)&nbsp;<small>&#8211; ab 10-2010&nbsp;<\/small><\/td>\n<\/tr>\n<tr>\n<td align=\"right\" valign=\"bottom\" width=\"30\" nowrap=\"nowrap\">40.1<\/td>\n<td valign=\"bottom\" width=\"480\" nowrap=\"nowrap\">&nbsp;<a data-cke-saved-href=\"https:\/\/et2.amazone.de\/zeige_teil.asp?herst=AMA&amp;fam=02&amp;typ=37&amp;hg=39&amp;pos=40.1\" href=\"https:\/\/et2.amazone.de\/zeige_teil.asp?herst=AMA&amp;fam=02&amp;typ=37&amp;hg=39&amp;pos=40.1\" title=\"Poka&#380; rysunek rozwini&#281;ty\">Bedieneinheit \/ Regelventil \/ Druckbegrenzungsventil<\/a><\/td>\n<td valign=\"bottom\" nowrap=\"nowrap\">UX 11200 Super ab 03-2012 (MH696)&nbsp;<small>&#8211; ab 03-2012&nbsp;<\/small><\/td>\n<\/tr>\n<tr>\n<td align=\"right\" valign=\"bottom\" width=\"30\" nowrap=\"nowrap\">40.2<\/td>\n<td valign=\"bottom\" width=\"480\" nowrap=\"nowrap\">&nbsp;<a data-cke-saved-href=\"https:\/\/et2.amazone.de\/zeige_teil.asp?herst=AMA&amp;fam=02&amp;typ=37&amp;hg=39&amp;pos=40.2\" href=\"https:\/\/et2.amazone.de\/zeige_teil.asp?herst=AMA&amp;fam=02&amp;typ=37&amp;hg=39&amp;pos=40.2\" title=\"Poka&#380; rysunek rozwini&#281;ty\">Bedieneinheit \/ Regelventil \/ Druckbegrenzungsventil<\/a><\/td>\n<td valign=\"bottom\" nowrap=\"nowrap\">UX 11200 Super ab 03-2012 (MH696)&nbsp;<small>&#8211; ab 03-2012&nbsp;<\/small><\/td>\n<\/tr>\n<tr>\n<td align=\"right\" valign=\"bottom\" width=\"30\" nowrap=\"nowrap\">22<\/td>\n<td valign=\"bottom\" width=\"480\" nowrap=\"nowrap\">&nbsp;<a data-cke-saved-href=\"https:\/\/et2.amazone.de\/zeige_teil.asp?herst=AMA&amp;fam=02&amp;typ=40&amp;hg=86&amp;pos=22\" href=\"https:\/\/et2.amazone.de\/zeige_teil.asp?herst=AMA&amp;fam=02&amp;typ=40&amp;hg=86&amp;pos=22\" title=\"Poka&#380; rysunek rozwini&#281;ty\">Br\u00fchearmatur &#8212; Saugfilter<\/a><\/td>\n<td valign=\"bottom\" nowrap=\"nowrap\">Pantera 4502 Abgasstufe 3A \/ 3B (ohne Spritzgest\u00e4nge) (MH750)&nbsp;<small>&#8211; ab 01-2014&nbsp;<\/small><\/td>\n<\/tr>\n<tr>\n<td align=\"right\" valign=\"bottom\" width=\"30\" nowrap=\"nowrap\">60<\/td>\n<td valign=\"bottom\" width=\"480\" nowrap=\"nowrap\">&nbsp;<a data-cke-saved-href=\"https:\/\/et2.amazone.de\/zeige_teil.asp?herst=AMA&amp;fam=02&amp;typ=45&amp;hg=236&amp;pos=60\" href=\"https:\/\/et2.amazone.de\/zeige_teil.asp?herst=AMA&amp;fam=02&amp;typ=45&amp;hg=236&amp;pos=60\" title=\"Poka&#380; rysunek rozwini&#281;ty\">Druckregelventil ab 12.2020<\/a><\/td>\n<td valign=\"bottom\" nowrap=\"nowrap\">UX 4201-UX 6201 ab 03-2017 und UX 7601\/UX 8601 ab 12-2020 (MH879)&nbsp;<small>&#8211; ab 03-2017&nbsp;<\/small><\/td>\n<\/tr>\n<tr>\n<td align=\"right\" valign=\"bottom\" width=\"30\" nowrap=\"nowrap\">13<\/td>\n<td valign=\"bottom\" width=\"480\" nowrap=\"nowrap\">&nbsp;<a data-cke-saved-href=\"https:\/\/et2.amazone.de\/zeige_teil.asp?herst=AMA&amp;fam=02&amp;typ=45&amp;hg=72&amp;pos=13\" href=\"https:\/\/et2.amazone.de\/zeige_teil.asp?herst=AMA&amp;fam=02&amp;typ=45&amp;hg=72&amp;pos=13\" title=\"Poka&#380; rysunek rozwini&#281;ty\">Super und Super CP &#8211; Druckregelventil<\/a><\/td>\n<td valign=\"bottom\" nowrap=\"nowrap\">UX 4201-UX 6201 ab 03-2017 und UX 7601\/UX 8601 ab 12-2020 (MH879)&nbsp;<small>&#8211; ab 03-2017&nbsp;<\/small><\/td>\n<\/tr>\n<tr>\n<td align=\"right\" valign=\"bottom\" width=\"30\" nowrap=\"nowrap\">13<\/td>\n<td valign=\"bottom\" width=\"480\" nowrap=\"nowrap\">&nbsp;<a data-cke-saved-href=\"https:\/\/et2.amazone.de\/zeige_teil.asp?herst=AMA&amp;fam=02&amp;typ=45&amp;hg=73&amp;pos=13\" href=\"https:\/\/et2.amazone.de\/zeige_teil.asp?herst=AMA&amp;fam=02&amp;typ=45&amp;hg=73&amp;pos=13\" title=\"Poka&#380; rysunek rozwini&#281;ty\">CP Plus &#8211; Druckregelventil bis 11.2020<\/a><\/td>\n<td valign=\"bottom\" nowrap=\"nowrap\">UX 4201-UX 6201 ab 03-2017 und UX 7601\/UX 8601 ab 12-2020 (MH879)&nbsp;<small>&#8211; ab 03-2017&nbsp;<\/small><\/td>\n<\/tr>\n<tr>\n<td align=\"right\" valign=\"bottom\" width=\"30\" nowrap=\"nowrap\">22<\/td>\n<td valign=\"bottom\" width=\"480\" nowrap=\"nowrap\">&nbsp;<a data-cke-saved-href=\"https:\/\/et2.amazone.de\/zeige_teil.asp?herst=AMA&amp;fam=02&amp;typ=46&amp;hg=118&amp;pos=22\" href=\"https:\/\/et2.amazone.de\/zeige_teil.asp?herst=AMA&amp;fam=02&amp;typ=46&amp;hg=118&amp;pos=22\" title=\"Poka&#380; rysunek rozwini&#281;ty\">Br\u00fchearmatur &#8212; Saugfilter<\/a><\/td>\n<td valign=\"bottom\" nowrap=\"nowrap\">Pantera 4502 Abgasstufe Euro 4 (alle) und 3A (ab PAP0000567) (ohne Spritzgest\u00e4nge) (MH880)&nbsp;<small>&#8211; ab 01-2016&nbsp;<\/small><\/td>\n<\/tr>\n<\/tbody>\n<\/table>\n<table cellspacing=\"0\" cellpadding=\"1\" border=\"0\" class=\" cke_show_border\">\n<tbody>\n<tr>\n<td align=\"right\" valign=\"bottom\" width=\"30\" nowrap=\"nowrap\">15<\/td>\n<td valign=\"bottom\" width=\"480\" nowrap=\"nowrap\">&nbsp;<a data-cke-saved-href=\"https:\/\/et2.amazone.de\/zeige_teil.asp?herst=AMA&amp;fam=02&amp;typ=53&amp;hg=168&amp;pos=15\" href=\"https:\/\/et2.amazone.de\/zeige_teil.asp?herst=AMA&amp;fam=02&amp;typ=53&amp;hg=168&amp;pos=15\" title=\"Poka&#380; rysunek rozwini&#281;ty\">Br\u00fchearmatur &#8211; Saugfilter (2)<\/a><\/td>\n<td valign=\"bottom\" nowrap=\"nowrap\">Pantera 4503 (MH935)&nbsp;<small>&#8211; ab 09-2018&nbsp;<\/small><\/td>\n<\/tr>\n<tr>\n<td align=\"right\" valign=\"bottom\" width=\"30\" nowrap=\"nowrap\">410<\/td>\n<td valign=\"bottom\" width=\"480\" nowrap=\"nowrap\">&nbsp;<a data-cke-saved-href=\"https:\/\/et2.amazone.de\/zeige_teil.asp?herst=AMA&amp;fam=02&amp;typ=56&amp;hg=120&amp;pos=410\" href=\"https:\/\/et2.amazone.de\/zeige_teil.asp?herst=AMA&amp;fam=02&amp;typ=56&amp;hg=120&amp;pos=410\" title=\"Poka&#380; rysunek rozwini&#281;ty\">Druckregelventil und Druckbegrenzungsventil<\/a><\/td>\n<td valign=\"bottom\" nowrap=\"nowrap\">UX 11201 Super ab 11.2019 (MH950)&nbsp;<small>&#8211; ab 11-2019&nbsp;<\/small><\/td>\n<\/tr>\n<tr>\n<td align=\"right\" valign=\"bottom\" width=\"30\" nowrap=\"nowrap\">60<\/td>\n<td valign=\"bottom\" width=\"480\" nowrap=\"nowrap\">&nbsp;<a data-cke-saved-href=\"https:\/\/et2.amazone.de\/zeige_teil.asp?herst=AMA&amp;fam=02&amp;typ=59&amp;hg=166&amp;pos=60\" href=\"https:\/\/et2.amazone.de\/zeige_teil.asp?herst=AMA&amp;fam=02&amp;typ=59&amp;hg=166&amp;pos=60\" title=\"Poka&#380; rysunek rozwini&#281;ty\">Druckregelventil CP+<\/a><\/td>\n<td valign=\"bottom\" nowrap=\"nowrap\">Pantera 4504 (MH979)&nbsp;<small>&#8211; ab 07-2020&nbsp;<\/small><\/td>\n<\/tr>\n<tr>\n<td align=\"right\" valign=\"bottom\" width=\"30\" nowrap=\"nowrap\">230<\/td>\n<td valign=\"bottom\" width=\"480\" nowrap=\"nowrap\">&nbsp;<a data-cke-saved-href=\"https:\/\/et2.amazone.de\/zeige_teil.asp?herst=AMA&amp;fam=02&amp;typ=59&amp;hg=22&amp;pos=230\" href=\"https:\/\/et2.amazone.de\/zeige_teil.asp?herst=AMA&amp;fam=02&amp;typ=59&amp;hg=22&amp;pos=230\" title=\"Poka&#380; rysunek rozwini&#281;ty\">Bedienarmatur &#8211; Druckfilter CP (3)<\/a><\/td>\n<td valign=\"bottom\" nowrap=\"nowrap\">Pantera 4504 (MH979)&nbsp;<small>&#8211; ab 07-2020&nbsp;<\/small><\/td>\n<\/tr>\n<\/tbody>\n<\/table>\n","protected":false},"excerpt":{"rendered":"<p>ADAPTER Zastosowanie cz&#281;&#347;ci&nbsp;105357Artyku&#322; 105357 jest tak&#380;e cz&#281;&#347;&#263; nast&#281;pna: 938629 , Prosz&#281; klikn&#261;&#263; na nazwy podzespo&#322;\u00f3w, aby wywo&#322;a&#263; odpowiedni&#261; ilustracj&#281;.Szukan&#261; cz&#281;&#347;&#263; mo&#380;na rozpozna&#263; po numerze pozycji. Poz. &nbsp;w podzespole Produkt 50.2 &nbsp;Br\u00fchearmatur UX Super Druckfilter \/ Druckventil Ab 12.2011 UX 3200-6200 Super\/ UX 3200-5200 Special (MH626)&nbsp;&#8211; ab 11-2009&nbsp; 50.1 &nbsp;Br\u00fchearmatur UX Super Druckfilter \/ Druckventil Ab&#8230;<\/p>\n","protected":false},"featured_media":15306,"template":"","meta":{"_kad_post_transparent":"","_kad_post_title":"","_kad_post_layout":"","_kad_post_sidebar_id":"","_kad_post_content_style":"","_kad_post_vertical_padding":"","_kad_post_feature":"","_kad_post_feature_position":"","_kad_post_header":false,"_kad_post_footer":false},"product_cat":[314,270,289],"product_tag":[],"class_list":{"0":"post-14002","1":"product","2":"type-product","3":"status-publish","4":"has-post-thumbnail","6":"product_cat-amazone-opryskiwacze","7":"product_cat-opryskiwacze","8":"product_cat-sklep-internetowy","10":"first","11":"instock","12":"taxable","13":"shipping-taxable","14":"purchasable","15":"product-type-simple","16":"entry","17":"content-bg","18":"loop-entry"},"yoast_head":"<!-- This site is optimized with the Yoast SEO plugin v24.9 - https:\/\/yoast.com\/wordpress\/plugins\/seo\/ -->\n<title>ADAPTER  B7-1-4 - AMATECH - Maszyny rolnicze, cz\u0119\u015bci zamienne, serwis<\/title>\n<meta name=\"robots\" content=\"index, follow, max-snippet:-1, max-image-preview:large, max-video-preview:-1\" \/>\n<link rel=\"canonical\" href=\"https:\/\/amatech.com.pl\/sklep\/czesci-zamienne\/adapter-viii-4-1\/\" \/>\n<meta property=\"og:locale\" content=\"pl_PL\" \/>\n<meta property=\"og:type\" content=\"article\" \/>\n<meta property=\"og:title\" content=\"ADAPTER  B7-1-4 - AMATECH - Maszyny rolnicze, cz\u0119\u015bci zamienne, serwis\" \/>\n<meta property=\"og:description\" content=\"ADAPTER Zastosowanie cz&#281;&#347;ci&nbsp;105357Artyku&#322; 105357 jest tak&#380;e cz&#281;&#347;&#263; nast&#281;pna: 938629 , Prosz&#281; klikn&#261;&#263; na nazwy podzespo&#322;\u00f3w, aby wywo&#322;a&#263; odpowiedni&#261; ilustracj&#281;.Szukan&#261; cz&#281;&#347;&#263; mo&#380;na rozpozna&#263; po numerze pozycji. Poz. &nbsp;w podzespole Produkt 50.2 &nbsp;Br\u00fchearmatur UX Super Druckfilter \/ Druckventil Ab 12.2011 UX 3200-6200 Super\/ UX 3200-5200 Special (MH626)&nbsp;&#8211; ab 11-2009&nbsp; 50.1 &nbsp;Br\u00fchearmatur UX Super Druckfilter \/ Druckventil Ab...\" \/>\n<meta property=\"og:url\" content=\"https:\/\/amatech.com.pl\/sklep\/czesci-zamienne\/adapter-viii-4-1\/\" \/>\n<meta property=\"og:site_name\" content=\"AMATECH - Maszyny rolnicze, cz\u0119\u015bci zamienne, serwis\" \/>\n<meta property=\"article:publisher\" content=\"https:\/\/www.facebook.com\/amatech.poznanski\/\" \/>\n<meta property=\"article:modified_time\" content=\"2026-03-11T05:47:19+00:00\" \/>\n<meta property=\"og:image\" content=\"https:\/\/amatech.com.pl\/sklep\/wp-content\/uploads\/2023\/11\/ADAPTER-VIII-4-1.jpg\" \/>\n\t<meta property=\"og:image:width\" content=\"640\" \/>\n\t<meta property=\"og:image:height\" content=\"480\" \/>\n\t<meta property=\"og:image:type\" content=\"image\/jpeg\" \/>\n<meta name=\"twitter:card\" content=\"summary_large_image\" \/>\n<meta name=\"twitter:label1\" content=\"Szacowany czas czytania\" \/>\n\t<meta name=\"twitter:data1\" content=\"1 minuta\" \/>\n<script type=\"application\/ld+json\" class=\"yoast-schema-graph\">{\"@context\":\"https:\/\/schema.org\",\"@graph\":[{\"@type\":\"WebPage\",\"@id\":\"https:\/\/amatech.com.pl\/sklep\/czesci-zamienne\/adapter-viii-4-1\/\",\"url\":\"https:\/\/amatech.com.pl\/sklep\/czesci-zamienne\/adapter-viii-4-1\/\",\"name\":\"ADAPTER B7-1-4 - AMATECH - Maszyny rolnicze, cz\u0119\u015bci zamienne, serwis\",\"isPartOf\":{\"@id\":\"https:\/\/amatech.com.pl\/sklep\/#website\"},\"primaryImageOfPage\":{\"@id\":\"https:\/\/amatech.com.pl\/sklep\/czesci-zamienne\/adapter-viii-4-1\/#primaryimage\"},\"image\":{\"@id\":\"https:\/\/amatech.com.pl\/sklep\/czesci-zamienne\/adapter-viii-4-1\/#primaryimage\"},\"thumbnailUrl\":\"https:\/\/amatech.com.pl\/sklep\/wp-content\/uploads\/2023\/11\/ADAPTER-VIII-4-1.jpg\",\"datePublished\":\"2023-05-17T12:45:32+00:00\",\"dateModified\":\"2026-03-11T05:47:19+00:00\",\"breadcrumb\":{\"@id\":\"https:\/\/amatech.com.pl\/sklep\/czesci-zamienne\/adapter-viii-4-1\/#breadcrumb\"},\"inLanguage\":\"pl-PL\",\"potentialAction\":[{\"@type\":\"ReadAction\",\"target\":[\"https:\/\/amatech.com.pl\/sklep\/czesci-zamienne\/adapter-viii-4-1\/\"]}]},{\"@type\":\"ImageObject\",\"inLanguage\":\"pl-PL\",\"@id\":\"https:\/\/amatech.com.pl\/sklep\/czesci-zamienne\/adapter-viii-4-1\/#primaryimage\",\"url\":\"https:\/\/amatech.com.pl\/sklep\/wp-content\/uploads\/2023\/11\/ADAPTER-VIII-4-1.jpg\",\"contentUrl\":\"https:\/\/amatech.com.pl\/sklep\/wp-content\/uploads\/2023\/11\/ADAPTER-VIII-4-1.jpg\",\"width\":640,\"height\":480,\"caption\":\"ADAPTER VIII-4-1\"},{\"@type\":\"BreadcrumbList\",\"@id\":\"https:\/\/amatech.com.pl\/sklep\/czesci-zamienne\/adapter-viii-4-1\/#breadcrumb\",\"itemListElement\":[{\"@type\":\"ListItem\",\"position\":1,\"name\":\"Strona g\u0142\u00f3wna\",\"item\":\"https:\/\/amatech.com.pl\/sklep\/\"},{\"@type\":\"ListItem\",\"position\":2,\"name\":\"Sklep\",\"item\":\"https:\/\/amatech.com.pl\/sklep\/\"},{\"@type\":\"ListItem\",\"position\":3,\"name\":\"ADAPTER B7-1-4\"}]},{\"@type\":\"WebSite\",\"@id\":\"https:\/\/amatech.com.pl\/sklep\/#website\",\"url\":\"https:\/\/amatech.com.pl\/sklep\/\",\"name\":\"AMATECH - Maszyny rolnicze, cz\u0119\u015bci zamienne, serwis\",\"description\":\"AMATECH - Jaros\u0142aw Pozna\u0144ski - Zajmujemy si\u0119 sprzeda\u017c\u0105 maszyn i urz\u0105dze\u0144 rolniczych budowlanych oraz oryginalnych cz\u0119\u015bci zamiennych. Sklep on-line.\",\"publisher\":{\"@id\":\"https:\/\/amatech.com.pl\/sklep\/#organization\"},\"potentialAction\":[{\"@type\":\"SearchAction\",\"target\":{\"@type\":\"EntryPoint\",\"urlTemplate\":\"https:\/\/amatech.com.pl\/sklep\/?s={search_term_string}\"},\"query-input\":{\"@type\":\"PropertyValueSpecification\",\"valueRequired\":true,\"valueName\":\"search_term_string\"}}],\"inLanguage\":\"pl-PL\"},{\"@type\":\"Organization\",\"@id\":\"https:\/\/amatech.com.pl\/sklep\/#organization\",\"name\":\"AMATECH - Maszyny rolnicze, cz\u0119\u015bci zamienne, amazone, krone\",\"url\":\"https:\/\/amatech.com.pl\/sklep\/\",\"logo\":{\"@type\":\"ImageObject\",\"inLanguage\":\"pl-PL\",\"@id\":\"https:\/\/amatech.com.pl\/sklep\/#\/schema\/logo\/image\/\",\"url\":\"https:\/\/amatech.com.pl\/sklep\/wp-content\/uploads\/2021\/11\/amatech-logo.png\",\"contentUrl\":\"https:\/\/amatech.com.pl\/sklep\/wp-content\/uploads\/2021\/11\/amatech-logo.png\",\"width\":266,\"height\":57,\"caption\":\"AMATECH - Maszyny rolnicze, cz\u0119\u015bci zamienne, amazone, krone\"},\"image\":{\"@id\":\"https:\/\/amatech.com.pl\/sklep\/#\/schema\/logo\/image\/\"},\"sameAs\":[\"https:\/\/www.facebook.com\/amatech.poznanski\/\"]}]}<\/script>\n<!-- \/ Yoast SEO plugin. -->","yoast_head_json":{"title":"ADAPTER  B7-1-4 - AMATECH - Maszyny rolnicze, cz\u0119\u015bci zamienne, serwis","robots":{"index":"index","follow":"follow","max-snippet":"max-snippet:-1","max-image-preview":"max-image-preview:large","max-video-preview":"max-video-preview:-1"},"canonical":"https:\/\/amatech.com.pl\/sklep\/czesci-zamienne\/adapter-viii-4-1\/","og_locale":"pl_PL","og_type":"article","og_title":"ADAPTER  B7-1-4 - AMATECH - Maszyny rolnicze, cz\u0119\u015bci zamienne, serwis","og_description":"ADAPTER Zastosowanie cz&#281;&#347;ci&nbsp;105357Artyku&#322; 105357 jest tak&#380;e cz&#281;&#347;&#263; nast&#281;pna: 938629 , Prosz&#281; klikn&#261;&#263; na nazwy podzespo&#322;\u00f3w, aby wywo&#322;a&#263; odpowiedni&#261; ilustracj&#281;.Szukan&#261; cz&#281;&#347;&#263; mo&#380;na rozpozna&#263; po numerze pozycji. Poz. &nbsp;w podzespole Produkt 50.2 &nbsp;Br\u00fchearmatur UX Super Druckfilter \/ Druckventil Ab 12.2011 UX 3200-6200 Super\/ UX 3200-5200 Special (MH626)&nbsp;&#8211; ab 11-2009&nbsp; 50.1 &nbsp;Br\u00fchearmatur UX Super Druckfilter \/ Druckventil Ab...","og_url":"https:\/\/amatech.com.pl\/sklep\/czesci-zamienne\/adapter-viii-4-1\/","og_site_name":"AMATECH - Maszyny rolnicze, cz\u0119\u015bci zamienne, serwis","article_publisher":"https:\/\/www.facebook.com\/amatech.poznanski\/","article_modified_time":"2026-03-11T05:47:19+00:00","og_image":[{"width":640,"height":480,"url":"https:\/\/amatech.com.pl\/sklep\/wp-content\/uploads\/2023\/11\/ADAPTER-VIII-4-1.jpg","type":"image\/jpeg"}],"twitter_card":"summary_large_image","twitter_misc":{"Szacowany czas czytania":"1 minuta"},"schema":{"@context":"https:\/\/schema.org","@graph":[{"@type":"WebPage","@id":"https:\/\/amatech.com.pl\/sklep\/czesci-zamienne\/adapter-viii-4-1\/","url":"https:\/\/amatech.com.pl\/sklep\/czesci-zamienne\/adapter-viii-4-1\/","name":"ADAPTER B7-1-4 - AMATECH - Maszyny rolnicze, cz\u0119\u015bci zamienne, serwis","isPartOf":{"@id":"https:\/\/amatech.com.pl\/sklep\/#website"},"primaryImageOfPage":{"@id":"https:\/\/amatech.com.pl\/sklep\/czesci-zamienne\/adapter-viii-4-1\/#primaryimage"},"image":{"@id":"https:\/\/amatech.com.pl\/sklep\/czesci-zamienne\/adapter-viii-4-1\/#primaryimage"},"thumbnailUrl":"https:\/\/amatech.com.pl\/sklep\/wp-content\/uploads\/2023\/11\/ADAPTER-VIII-4-1.jpg","datePublished":"2023-05-17T12:45:32+00:00","dateModified":"2026-03-11T05:47:19+00:00","breadcrumb":{"@id":"https:\/\/amatech.com.pl\/sklep\/czesci-zamienne\/adapter-viii-4-1\/#breadcrumb"},"inLanguage":"pl-PL","potentialAction":[{"@type":"ReadAction","target":["https:\/\/amatech.com.pl\/sklep\/czesci-zamienne\/adapter-viii-4-1\/"]}]},{"@type":"ImageObject","inLanguage":"pl-PL","@id":"https:\/\/amatech.com.pl\/sklep\/czesci-zamienne\/adapter-viii-4-1\/#primaryimage","url":"https:\/\/amatech.com.pl\/sklep\/wp-content\/uploads\/2023\/11\/ADAPTER-VIII-4-1.jpg","contentUrl":"https:\/\/amatech.com.pl\/sklep\/wp-content\/uploads\/2023\/11\/ADAPTER-VIII-4-1.jpg","width":640,"height":480,"caption":"ADAPTER VIII-4-1"},{"@type":"BreadcrumbList","@id":"https:\/\/amatech.com.pl\/sklep\/czesci-zamienne\/adapter-viii-4-1\/#breadcrumb","itemListElement":[{"@type":"ListItem","position":1,"name":"Strona g\u0142\u00f3wna","item":"https:\/\/amatech.com.pl\/sklep\/"},{"@type":"ListItem","position":2,"name":"Sklep","item":"https:\/\/amatech.com.pl\/sklep\/"},{"@type":"ListItem","position":3,"name":"ADAPTER B7-1-4"}]},{"@type":"WebSite","@id":"https:\/\/amatech.com.pl\/sklep\/#website","url":"https:\/\/amatech.com.pl\/sklep\/","name":"AMATECH - Maszyny rolnicze, cz\u0119\u015bci zamienne, serwis","description":"AMATECH - Jaros\u0142aw Pozna\u0144ski - Zajmujemy si\u0119 sprzeda\u017c\u0105 maszyn i urz\u0105dze\u0144 rolniczych budowlanych oraz oryginalnych cz\u0119\u015bci zamiennych. Sklep on-line.","publisher":{"@id":"https:\/\/amatech.com.pl\/sklep\/#organization"},"potentialAction":[{"@type":"SearchAction","target":{"@type":"EntryPoint","urlTemplate":"https:\/\/amatech.com.pl\/sklep\/?s={search_term_string}"},"query-input":{"@type":"PropertyValueSpecification","valueRequired":true,"valueName":"search_term_string"}}],"inLanguage":"pl-PL"},{"@type":"Organization","@id":"https:\/\/amatech.com.pl\/sklep\/#organization","name":"AMATECH - Maszyny rolnicze, cz\u0119\u015bci zamienne, amazone, krone","url":"https:\/\/amatech.com.pl\/sklep\/","logo":{"@type":"ImageObject","inLanguage":"pl-PL","@id":"https:\/\/amatech.com.pl\/sklep\/#\/schema\/logo\/image\/","url":"https:\/\/amatech.com.pl\/sklep\/wp-content\/uploads\/2021\/11\/amatech-logo.png","contentUrl":"https:\/\/amatech.com.pl\/sklep\/wp-content\/uploads\/2021\/11\/amatech-logo.png","width":266,"height":57,"caption":"AMATECH - Maszyny rolnicze, cz\u0119\u015bci zamienne, amazone, krone"},"image":{"@id":"https:\/\/amatech.com.pl\/sklep\/#\/schema\/logo\/image\/"},"sameAs":["https:\/\/www.facebook.com\/amatech.poznanski\/"]}]}},"_links":{"self":[{"href":"https:\/\/amatech.com.pl\/sklep\/wp-json\/wp\/v2\/product\/14002"}],"collection":[{"href":"https:\/\/amatech.com.pl\/sklep\/wp-json\/wp\/v2\/product"}],"about":[{"href":"https:\/\/amatech.com.pl\/sklep\/wp-json\/wp\/v2\/types\/product"}],"wp:featuredmedia":[{"embeddable":true,"href":"https:\/\/amatech.com.pl\/sklep\/wp-json\/wp\/v2\/media\/15306"}],"wp:attachment":[{"href":"https:\/\/amatech.com.pl\/sklep\/wp-json\/wp\/v2\/media?parent=14002"}],"wp:term":[{"taxonomy":"product_cat","embeddable":true,"href":"https:\/\/amatech.com.pl\/sklep\/wp-json\/wp\/v2\/product_cat?post=14002"},{"taxonomy":"product_tag","embeddable":true,"href":"https:\/\/amatech.com.pl\/sklep\/wp-json\/wp\/v2\/product_tag?post=14002"}],"curies":[{"name":"wp","href":"https:\/\/api.w.org\/{rel}","templated":true}]}}