{"id":14455,"date":"2023-05-22T14:29:24","date_gmt":"2023-05-22T12:29:24","guid":{"rendered":"https:\/\/amatech.com.pl\/sklep\/czesci-zamienne\/kit-montazowy-lopatek-om-18-24-x-5-9-ix-4-10\/"},"modified":"2026-04-17T16:01:29","modified_gmt":"2026-04-17T14:01:29","slug":"kit-montazowy-lopatek-om-18-24-x-5-9-ix-4-10","status":"publish","type":"product","link":"https:\/\/amatech.com.pl\/sklep\/czesci-zamienne\/kit-montazowy-lopatek-om-18-24-x-5-9-ix-4-10\/","title":{"rendered":"KIT MONTA\u017bOWY \u0141OPATEK OM 18-24     B8-1-3"},"content":{"rendered":"<h3>Zastosowanie cz&#281;&#347;ci&nbsp;934850<\/h3>\n<p>Prosz&#281; klikn&#261;&#263; na nazwy podzespo&#322;\u00f3w, aby wywo&#322;a&#263; odpowiedni&#261; ilustracj&#281;.<br \/>Szukan&#261; cz&#281;&#347;&#263; mo&#380;na rozpozna&#263; po numerze pozycji.<\/p>\n<table cellspacing=\"0\" cellpadding=\"1\" border=\"0\" class=\" cke_show_border\">\n<tbody>\n<tr>\n<td align=\"right\" valign=\"bottom\" width=\"30\" nowrap=\"nowrap\"><b>Poz.<\/b><\/td>\n<td valign=\"bottom\" width=\"480\" nowrap=\"nowrap\"><b>&nbsp;w podzespole<\/b><\/td>\n<td valign=\"bottom\" nowrap=\"nowrap\"><b>Produkt<\/b><\/td>\n<\/tr>\n<tr>\n<td align=\"right\" valign=\"bottom\" width=\"30\" nowrap=\"nowrap\">50<\/td>\n<td valign=\"bottom\" width=\"480\" nowrap=\"nowrap\">&nbsp;<a data-cke-saved-href=\"https:\/\/et2.amazone.de\/zeige_teil.asp?herst=AMA&amp;fam=01&amp;typ=27&amp;hg=7&amp;pos=50\" href=\"https:\/\/et2.amazone.de\/zeige_teil.asp?herst=AMA&amp;fam=01&amp;typ=27&amp;hg=7&amp;pos=50\" title=\"Poka&#380; rysunek rozwini&#281;ty\">Grenzstreuscheibe TS 5-9<\/a><\/td>\n<td valign=\"bottom\" nowrap=\"nowrap\">ZA-M 900, 1200, 1500 \/ profis, Hydro (MH451)&nbsp;<small>&#8211; ab 12-2003&nbsp;bis 11-2009<\/small><\/td>\n<\/tr>\n<tr>\n<td align=\"right\" valign=\"bottom\" width=\"30\" nowrap=\"nowrap\">50<\/td>\n<td valign=\"bottom\" width=\"480\" nowrap=\"nowrap\">&nbsp;<a data-cke-saved-href=\"https:\/\/et2.amazone.de\/zeige_teil.asp?herst=AMA&amp;fam=01&amp;typ=27&amp;hg=8&amp;pos=50\" href=\"https:\/\/et2.amazone.de\/zeige_teil.asp?herst=AMA&amp;fam=01&amp;typ=27&amp;hg=8&amp;pos=50\" title=\"Poka&#380; rysunek rozwini&#281;ty\">Grenzstreuscheibe TS 10-14<\/a><\/td>\n<td valign=\"bottom\" nowrap=\"nowrap\">ZA-M 900, 1200, 1500 \/ profis, Hydro (MH451)&nbsp;<small>&#8211; ab 12-2003&nbsp;bis 11-2009<\/small><\/td>\n<\/tr>\n<tr>\n<td align=\"right\" valign=\"bottom\" width=\"30\" nowrap=\"nowrap\">50<\/td>\n<td valign=\"bottom\" width=\"480\" nowrap=\"nowrap\">&nbsp;<a data-cke-saved-href=\"https:\/\/et2.amazone.de\/zeige_teil.asp?herst=AMA&amp;fam=01&amp;typ=27&amp;hg=9&amp;pos=50\" href=\"https:\/\/et2.amazone.de\/zeige_teil.asp?herst=AMA&amp;fam=01&amp;typ=27&amp;hg=9&amp;pos=50\" title=\"Poka&#380; rysunek rozwini&#281;ty\">Grenzstreuscheibe TS 15-18<\/a><\/td>\n<td valign=\"bottom\" nowrap=\"nowrap\">ZA-M 900, 1200, 1500 \/ profis, Hydro (MH451)&nbsp;<small>&#8211; ab 12-2003&nbsp;bis 11-2009<\/small><\/td>\n<\/tr>\n<tr>\n<td align=\"right\" valign=\"bottom\" width=\"30\" nowrap=\"nowrap\">50<\/td>\n<td valign=\"bottom\" width=\"480\" nowrap=\"nowrap\">&nbsp;<a data-cke-saved-href=\"https:\/\/et2.amazone.de\/zeige_teil.asp?herst=AMA&amp;fam=01&amp;typ=27&amp;hg=48&amp;pos=50\" href=\"https:\/\/et2.amazone.de\/zeige_teil.asp?herst=AMA&amp;fam=01&amp;typ=27&amp;hg=48&amp;pos=50\" title=\"Poka&#380; rysunek rozwini&#281;ty\">Streuscheibe OMT 10-28<\/a><\/td>\n<td valign=\"bottom\" nowrap=\"nowrap\">ZA-M 900, 1200, 1500 \/ profis, Hydro (MH451)&nbsp;<small>&#8211; ab 12-2003&nbsp;bis 11-2009<\/small><\/td>\n<\/tr>\n<tr>\n<td align=\"right\" valign=\"bottom\" width=\"30\" nowrap=\"nowrap\">50<\/td>\n<td valign=\"bottom\" width=\"480\" nowrap=\"nowrap\">&nbsp;<a data-cke-saved-href=\"https:\/\/et2.amazone.de\/zeige_teil.asp?herst=AMA&amp;fam=01&amp;typ=27&amp;hg=63&amp;pos=50\" href=\"https:\/\/et2.amazone.de\/zeige_teil.asp?herst=AMA&amp;fam=01&amp;typ=27&amp;hg=63&amp;pos=50\" title=\"Poka&#380; rysunek rozwini&#281;ty\">Streuscheibe OST 10-24<\/a><\/td>\n<td valign=\"bottom\" nowrap=\"nowrap\">ZA-M 900, 1200, 1500 \/ profis, Hydro (MH451)&nbsp;<small>&#8211; ab 12-2003&nbsp;bis 11-2009<\/small><\/td>\n<\/tr>\n<tr>\n<td align=\"right\" valign=\"bottom\" width=\"30\" nowrap=\"nowrap\">50<\/td>\n<td valign=\"bottom\" width=\"480\" nowrap=\"nowrap\">&nbsp;<a data-cke-saved-href=\"https:\/\/et2.amazone.de\/zeige_teil.asp?herst=AMA&amp;fam=01&amp;typ=30&amp;hg=13&amp;pos=50\" href=\"https:\/\/et2.amazone.de\/zeige_teil.asp?herst=AMA&amp;fam=01&amp;typ=30&amp;hg=13&amp;pos=50\" title=\"Poka&#380; rysunek rozwini&#281;ty\">Streuscheibe OMT 10-28<\/a><\/td>\n<td valign=\"bottom\" nowrap=\"nowrap\">ZA-M 1001, 1201, 1501 \/ Special \/ Profis \/ Hydro (MH606)&nbsp;<small>&#8211; ab 11-2009&nbsp;bis 05-2021<\/small><\/td>\n<\/tr>\n<tr>\n<td align=\"right\" valign=\"bottom\" width=\"30\" nowrap=\"nowrap\">50<\/td>\n<td valign=\"bottom\" width=\"480\" nowrap=\"nowrap\">&nbsp;<a data-cke-saved-href=\"https:\/\/et2.amazone.de\/zeige_teil.asp?herst=AMA&amp;fam=01&amp;typ=30&amp;hg=14&amp;pos=50\" href=\"https:\/\/et2.amazone.de\/zeige_teil.asp?herst=AMA&amp;fam=01&amp;typ=30&amp;hg=14&amp;pos=50\" title=\"Poka&#380; rysunek rozwini&#281;ty\">Grenzstreuscheibe TS 5-9<\/a><\/td>\n<td valign=\"bottom\" nowrap=\"nowrap\">ZA-M 1001, 1201, 1501 \/ Special \/ Profis \/ Hydro (MH606)&nbsp;<small>&#8211; ab 11-2009&nbsp;bis 05-2021<\/small><\/td>\n<\/tr>\n<tr>\n<td align=\"right\" valign=\"bottom\" width=\"30\" nowrap=\"nowrap\">50<\/td>\n<td valign=\"bottom\" width=\"480\" nowrap=\"nowrap\">&nbsp;<a data-cke-saved-href=\"https:\/\/et2.amazone.de\/zeige_teil.asp?herst=AMA&amp;fam=01&amp;typ=30&amp;hg=15&amp;pos=50\" href=\"https:\/\/et2.amazone.de\/zeige_teil.asp?herst=AMA&amp;fam=01&amp;typ=30&amp;hg=15&amp;pos=50\" title=\"Poka&#380; rysunek rozwini&#281;ty\">Grenzstreuscheibe TS 10-14<\/a><\/td>\n<td valign=\"bottom\" nowrap=\"nowrap\">ZA-M 1001, 1201, 1501 \/ Special \/ Profis \/ Hydro (MH606)&nbsp;<small>&#8211; ab 11-2009&nbsp;bis 05-2021<\/small><\/td>\n<\/tr>\n<tr>\n<td align=\"right\" valign=\"bottom\" width=\"30\" nowrap=\"nowrap\">50<\/td>\n<td valign=\"bottom\" width=\"480\" nowrap=\"nowrap\">&nbsp;<a data-cke-saved-href=\"https:\/\/et2.amazone.de\/zeige_teil.asp?herst=AMA&amp;fam=01&amp;typ=30&amp;hg=16&amp;pos=50\" href=\"https:\/\/et2.amazone.de\/zeige_teil.asp?herst=AMA&amp;fam=01&amp;typ=30&amp;hg=16&amp;pos=50\" title=\"Poka&#380; rysunek rozwini&#281;ty\">Grenzstreuscheibe TS 15-18<\/a><\/td>\n<td valign=\"bottom\" nowrap=\"nowrap\">ZA-M 1001, 1201, 1501 \/ Special \/ Profis \/ Hydro (MH606)&nbsp;<small>&#8211; ab 11-2009&nbsp;bis 05-2021<\/small><\/td>\n<\/tr>\n<tr>\n<td align=\"right\" valign=\"bottom\" width=\"30\" nowrap=\"nowrap\">50<\/td>\n<td valign=\"bottom\" width=\"480\" nowrap=\"nowrap\">&nbsp;<a data-cke-saved-href=\"https:\/\/et2.amazone.de\/zeige_teil.asp?herst=AMA&amp;fam=01&amp;typ=30&amp;hg=43&amp;pos=50\" href=\"https:\/\/et2.amazone.de\/zeige_teil.asp?herst=AMA&amp;fam=01&amp;typ=30&amp;hg=43&amp;pos=50\" title=\"Poka&#380; rysunek rozwini&#281;ty\">Streuscheibe OST 10-24<\/a><\/td>\n<td valign=\"bottom\" nowrap=\"nowrap\">ZA-M 1001, 1201, 1501 \/ Special \/ Profis \/ Hydro (MH606)&nbsp;<small>&#8211; ab 11-2009&nbsp;bis 05-2021<\/small><\/td>\n<\/tr>\n<\/tbody>\n<\/table>\n","protected":false},"excerpt":{"rendered":"<p>Zastosowanie cz&#281;&#347;ci&nbsp;934850 Prosz&#281; klikn&#261;&#263; na nazwy podzespo&#322;\u00f3w, aby wywo&#322;a&#263; odpowiedni&#261; ilustracj&#281;.Szukan&#261; cz&#281;&#347;&#263; mo&#380;na rozpozna&#263; po numerze pozycji. Poz. &nbsp;w podzespole Produkt 50 &nbsp;Grenzstreuscheibe TS 5-9 ZA-M 900, 1200, 1500 \/ profis, Hydro (MH451)&nbsp;&#8211; ab 12-2003&nbsp;bis 11-2009 50 &nbsp;Grenzstreuscheibe TS 10-14 ZA-M 900, 1200, 1500 \/ profis, Hydro (MH451)&nbsp;&#8211; ab 12-2003&nbsp;bis 11-2009 50 &nbsp;Grenzstreuscheibe TS 15-18&#8230;<\/p>\n","protected":false},"featured_media":15781,"template":"","meta":{"_kad_post_transparent":"default","_kad_post_title":"","_kad_post_layout":"default","_kad_post_sidebar_id":"","_kad_post_content_style":"default","_kad_post_vertical_padding":"default","_kad_post_feature":"","_kad_post_feature_position":"","_kad_post_header":false,"_kad_post_footer":false},"product_cat":[312,269,289],"product_tag":[],"class_list":{"0":"post-14455","1":"product","2":"type-product","3":"status-publish","4":"has-post-thumbnail","6":"product_cat-amazone","7":"product_cat-rozsiewacze","8":"product_cat-sklep-internetowy","10":"first","11":"instock","12":"taxable","13":"shipping-taxable","14":"purchasable","15":"product-type-simple","16":"entry","17":"content-bg","18":"loop-entry"},"yoast_head":"<!-- This site is optimized with the Yoast SEO plugin v24.9 - https:\/\/yoast.com\/wordpress\/plugins\/seo\/ -->\n<title>KIT MONTA\u017bOWY \u0141OPATEK OM 18-24   B8-1-3 - AMATECH - Maszyny rolnicze, cz\u0119\u015bci zamienne, serwis<\/title>\n<meta name=\"robots\" content=\"index, follow, max-snippet:-1, max-image-preview:large, max-video-preview:-1\" \/>\n<link rel=\"canonical\" href=\"https:\/\/amatech.com.pl\/sklep\/czesci-zamienne\/kit-montazowy-lopatek-om-18-24-x-5-9-ix-4-10\/\" \/>\n<meta property=\"og:locale\" content=\"pl_PL\" \/>\n<meta property=\"og:type\" content=\"article\" \/>\n<meta property=\"og:title\" content=\"KIT MONTA\u017bOWY \u0141OPATEK OM 18-24   B8-1-3 - AMATECH - Maszyny rolnicze, cz\u0119\u015bci zamienne, serwis\" \/>\n<meta property=\"og:description\" content=\"Zastosowanie cz&#281;&#347;ci&nbsp;934850 Prosz&#281; klikn&#261;&#263; na nazwy podzespo&#322;\u00f3w, aby wywo&#322;a&#263; odpowiedni&#261; ilustracj&#281;.Szukan&#261; cz&#281;&#347;&#263; mo&#380;na rozpozna&#263; po numerze pozycji. Poz. &nbsp;w podzespole Produkt 50 &nbsp;Grenzstreuscheibe TS 5-9 ZA-M 900, 1200, 1500 \/ profis, Hydro (MH451)&nbsp;&#8211; ab 12-2003&nbsp;bis 11-2009 50 &nbsp;Grenzstreuscheibe TS 10-14 ZA-M 900, 1200, 1500 \/ profis, Hydro (MH451)&nbsp;&#8211; ab 12-2003&nbsp;bis 11-2009 50 &nbsp;Grenzstreuscheibe TS 15-18...\" \/>\n<meta property=\"og:url\" content=\"https:\/\/amatech.com.pl\/sklep\/czesci-zamienne\/kit-montazowy-lopatek-om-18-24-x-5-9-ix-4-10\/\" \/>\n<meta property=\"og:site_name\" content=\"AMATECH - Maszyny rolnicze, cz\u0119\u015bci zamienne, serwis\" \/>\n<meta property=\"article:publisher\" content=\"https:\/\/www.facebook.com\/amatech.poznanski\/\" \/>\n<meta property=\"article:modified_time\" content=\"2026-04-17T14:01:29+00:00\" \/>\n<meta property=\"og:image\" content=\"https:\/\/amatech.com.pl\/sklep\/wp-content\/uploads\/2023\/11\/KIT-MONTAZOWY-LOPATEK-OM-18-24-X-5-9-IX-4-10.jpg\" \/>\n\t<meta property=\"og:image:width\" content=\"640\" \/>\n\t<meta property=\"og:image:height\" content=\"480\" \/>\n\t<meta property=\"og:image:type\" content=\"image\/jpeg\" \/>\n<meta name=\"twitter:card\" content=\"summary_large_image\" \/>\n<meta name=\"twitter:label1\" content=\"Szacowany czas czytania\" \/>\n\t<meta name=\"twitter:data1\" content=\"2 minuty\" \/>\n<script type=\"application\/ld+json\" class=\"yoast-schema-graph\">{\"@context\":\"https:\/\/schema.org\",\"@graph\":[{\"@type\":\"WebPage\",\"@id\":\"https:\/\/amatech.com.pl\/sklep\/czesci-zamienne\/kit-montazowy-lopatek-om-18-24-x-5-9-ix-4-10\/\",\"url\":\"https:\/\/amatech.com.pl\/sklep\/czesci-zamienne\/kit-montazowy-lopatek-om-18-24-x-5-9-ix-4-10\/\",\"name\":\"KIT MONTA\u017bOWY \u0141OPATEK OM 18-24 B8-1-3 - AMATECH - Maszyny rolnicze, cz\u0119\u015bci zamienne, serwis\",\"isPartOf\":{\"@id\":\"https:\/\/amatech.com.pl\/sklep\/#website\"},\"primaryImageOfPage\":{\"@id\":\"https:\/\/amatech.com.pl\/sklep\/czesci-zamienne\/kit-montazowy-lopatek-om-18-24-x-5-9-ix-4-10\/#primaryimage\"},\"image\":{\"@id\":\"https:\/\/amatech.com.pl\/sklep\/czesci-zamienne\/kit-montazowy-lopatek-om-18-24-x-5-9-ix-4-10\/#primaryimage\"},\"thumbnailUrl\":\"https:\/\/amatech.com.pl\/sklep\/wp-content\/uploads\/2023\/11\/KIT-MONTAZOWY-LOPATEK-OM-18-24-X-5-9-IX-4-10.jpg\",\"datePublished\":\"2023-05-22T12:29:24+00:00\",\"dateModified\":\"2026-04-17T14:01:29+00:00\",\"breadcrumb\":{\"@id\":\"https:\/\/amatech.com.pl\/sklep\/czesci-zamienne\/kit-montazowy-lopatek-om-18-24-x-5-9-ix-4-10\/#breadcrumb\"},\"inLanguage\":\"pl-PL\",\"potentialAction\":[{\"@type\":\"ReadAction\",\"target\":[\"https:\/\/amatech.com.pl\/sklep\/czesci-zamienne\/kit-montazowy-lopatek-om-18-24-x-5-9-ix-4-10\/\"]}]},{\"@type\":\"ImageObject\",\"inLanguage\":\"pl-PL\",\"@id\":\"https:\/\/amatech.com.pl\/sklep\/czesci-zamienne\/kit-montazowy-lopatek-om-18-24-x-5-9-ix-4-10\/#primaryimage\",\"url\":\"https:\/\/amatech.com.pl\/sklep\/wp-content\/uploads\/2023\/11\/KIT-MONTAZOWY-LOPATEK-OM-18-24-X-5-9-IX-4-10.jpg\",\"contentUrl\":\"https:\/\/amatech.com.pl\/sklep\/wp-content\/uploads\/2023\/11\/KIT-MONTAZOWY-LOPATEK-OM-18-24-X-5-9-IX-4-10.jpg\",\"width\":640,\"height\":480,\"caption\":\"KIT MONTA\u017bOWY \u0141OPATEK OM 18-24 X-5-9 IX-4-10\"},{\"@type\":\"BreadcrumbList\",\"@id\":\"https:\/\/amatech.com.pl\/sklep\/czesci-zamienne\/kit-montazowy-lopatek-om-18-24-x-5-9-ix-4-10\/#breadcrumb\",\"itemListElement\":[{\"@type\":\"ListItem\",\"position\":1,\"name\":\"Strona g\u0142\u00f3wna\",\"item\":\"https:\/\/amatech.com.pl\/sklep\/\"},{\"@type\":\"ListItem\",\"position\":2,\"name\":\"Sklep\",\"item\":\"https:\/\/amatech.com.pl\/sklep\/\"},{\"@type\":\"ListItem\",\"position\":3,\"name\":\"KIT MONTA\u017bOWY \u0141OPATEK OM 18-24 B8-1-3\"}]},{\"@type\":\"WebSite\",\"@id\":\"https:\/\/amatech.com.pl\/sklep\/#website\",\"url\":\"https:\/\/amatech.com.pl\/sklep\/\",\"name\":\"AMATECH - Maszyny rolnicze, cz\u0119\u015bci zamienne, serwis\",\"description\":\"AMATECH - Jaros\u0142aw Pozna\u0144ski - Zajmujemy si\u0119 sprzeda\u017c\u0105 maszyn i urz\u0105dze\u0144 rolniczych budowlanych oraz oryginalnych cz\u0119\u015bci zamiennych. Sklep on-line.\",\"publisher\":{\"@id\":\"https:\/\/amatech.com.pl\/sklep\/#organization\"},\"potentialAction\":[{\"@type\":\"SearchAction\",\"target\":{\"@type\":\"EntryPoint\",\"urlTemplate\":\"https:\/\/amatech.com.pl\/sklep\/?s={search_term_string}\"},\"query-input\":{\"@type\":\"PropertyValueSpecification\",\"valueRequired\":true,\"valueName\":\"search_term_string\"}}],\"inLanguage\":\"pl-PL\"},{\"@type\":\"Organization\",\"@id\":\"https:\/\/amatech.com.pl\/sklep\/#organization\",\"name\":\"AMATECH - Maszyny rolnicze, cz\u0119\u015bci zamienne, amazone, krone\",\"url\":\"https:\/\/amatech.com.pl\/sklep\/\",\"logo\":{\"@type\":\"ImageObject\",\"inLanguage\":\"pl-PL\",\"@id\":\"https:\/\/amatech.com.pl\/sklep\/#\/schema\/logo\/image\/\",\"url\":\"https:\/\/amatech.com.pl\/sklep\/wp-content\/uploads\/2021\/11\/amatech-logo.png\",\"contentUrl\":\"https:\/\/amatech.com.pl\/sklep\/wp-content\/uploads\/2021\/11\/amatech-logo.png\",\"width\":266,\"height\":57,\"caption\":\"AMATECH - Maszyny rolnicze, cz\u0119\u015bci zamienne, amazone, krone\"},\"image\":{\"@id\":\"https:\/\/amatech.com.pl\/sklep\/#\/schema\/logo\/image\/\"},\"sameAs\":[\"https:\/\/www.facebook.com\/amatech.poznanski\/\"]}]}<\/script>\n<!-- \/ Yoast SEO plugin. -->","yoast_head_json":{"title":"KIT MONTA\u017bOWY \u0141OPATEK OM 18-24   B8-1-3 - AMATECH - Maszyny rolnicze, cz\u0119\u015bci zamienne, serwis","robots":{"index":"index","follow":"follow","max-snippet":"max-snippet:-1","max-image-preview":"max-image-preview:large","max-video-preview":"max-video-preview:-1"},"canonical":"https:\/\/amatech.com.pl\/sklep\/czesci-zamienne\/kit-montazowy-lopatek-om-18-24-x-5-9-ix-4-10\/","og_locale":"pl_PL","og_type":"article","og_title":"KIT MONTA\u017bOWY \u0141OPATEK OM 18-24   B8-1-3 - AMATECH - Maszyny rolnicze, cz\u0119\u015bci zamienne, serwis","og_description":"Zastosowanie cz&#281;&#347;ci&nbsp;934850 Prosz&#281; klikn&#261;&#263; na nazwy podzespo&#322;\u00f3w, aby wywo&#322;a&#263; odpowiedni&#261; ilustracj&#281;.Szukan&#261; cz&#281;&#347;&#263; mo&#380;na rozpozna&#263; po numerze pozycji. Poz. &nbsp;w podzespole Produkt 50 &nbsp;Grenzstreuscheibe TS 5-9 ZA-M 900, 1200, 1500 \/ profis, Hydro (MH451)&nbsp;&#8211; ab 12-2003&nbsp;bis 11-2009 50 &nbsp;Grenzstreuscheibe TS 10-14 ZA-M 900, 1200, 1500 \/ profis, Hydro (MH451)&nbsp;&#8211; ab 12-2003&nbsp;bis 11-2009 50 &nbsp;Grenzstreuscheibe TS 15-18...","og_url":"https:\/\/amatech.com.pl\/sklep\/czesci-zamienne\/kit-montazowy-lopatek-om-18-24-x-5-9-ix-4-10\/","og_site_name":"AMATECH - Maszyny rolnicze, cz\u0119\u015bci zamienne, serwis","article_publisher":"https:\/\/www.facebook.com\/amatech.poznanski\/","article_modified_time":"2026-04-17T14:01:29+00:00","og_image":[{"width":640,"height":480,"url":"https:\/\/amatech.com.pl\/sklep\/wp-content\/uploads\/2023\/11\/KIT-MONTAZOWY-LOPATEK-OM-18-24-X-5-9-IX-4-10.jpg","type":"image\/jpeg"}],"twitter_card":"summary_large_image","twitter_misc":{"Szacowany czas czytania":"2 minuty"},"schema":{"@context":"https:\/\/schema.org","@graph":[{"@type":"WebPage","@id":"https:\/\/amatech.com.pl\/sklep\/czesci-zamienne\/kit-montazowy-lopatek-om-18-24-x-5-9-ix-4-10\/","url":"https:\/\/amatech.com.pl\/sklep\/czesci-zamienne\/kit-montazowy-lopatek-om-18-24-x-5-9-ix-4-10\/","name":"KIT MONTA\u017bOWY \u0141OPATEK OM 18-24 B8-1-3 - AMATECH - Maszyny rolnicze, cz\u0119\u015bci zamienne, serwis","isPartOf":{"@id":"https:\/\/amatech.com.pl\/sklep\/#website"},"primaryImageOfPage":{"@id":"https:\/\/amatech.com.pl\/sklep\/czesci-zamienne\/kit-montazowy-lopatek-om-18-24-x-5-9-ix-4-10\/#primaryimage"},"image":{"@id":"https:\/\/amatech.com.pl\/sklep\/czesci-zamienne\/kit-montazowy-lopatek-om-18-24-x-5-9-ix-4-10\/#primaryimage"},"thumbnailUrl":"https:\/\/amatech.com.pl\/sklep\/wp-content\/uploads\/2023\/11\/KIT-MONTAZOWY-LOPATEK-OM-18-24-X-5-9-IX-4-10.jpg","datePublished":"2023-05-22T12:29:24+00:00","dateModified":"2026-04-17T14:01:29+00:00","breadcrumb":{"@id":"https:\/\/amatech.com.pl\/sklep\/czesci-zamienne\/kit-montazowy-lopatek-om-18-24-x-5-9-ix-4-10\/#breadcrumb"},"inLanguage":"pl-PL","potentialAction":[{"@type":"ReadAction","target":["https:\/\/amatech.com.pl\/sklep\/czesci-zamienne\/kit-montazowy-lopatek-om-18-24-x-5-9-ix-4-10\/"]}]},{"@type":"ImageObject","inLanguage":"pl-PL","@id":"https:\/\/amatech.com.pl\/sklep\/czesci-zamienne\/kit-montazowy-lopatek-om-18-24-x-5-9-ix-4-10\/#primaryimage","url":"https:\/\/amatech.com.pl\/sklep\/wp-content\/uploads\/2023\/11\/KIT-MONTAZOWY-LOPATEK-OM-18-24-X-5-9-IX-4-10.jpg","contentUrl":"https:\/\/amatech.com.pl\/sklep\/wp-content\/uploads\/2023\/11\/KIT-MONTAZOWY-LOPATEK-OM-18-24-X-5-9-IX-4-10.jpg","width":640,"height":480,"caption":"KIT MONTA\u017bOWY \u0141OPATEK OM 18-24 X-5-9 IX-4-10"},{"@type":"BreadcrumbList","@id":"https:\/\/amatech.com.pl\/sklep\/czesci-zamienne\/kit-montazowy-lopatek-om-18-24-x-5-9-ix-4-10\/#breadcrumb","itemListElement":[{"@type":"ListItem","position":1,"name":"Strona g\u0142\u00f3wna","item":"https:\/\/amatech.com.pl\/sklep\/"},{"@type":"ListItem","position":2,"name":"Sklep","item":"https:\/\/amatech.com.pl\/sklep\/"},{"@type":"ListItem","position":3,"name":"KIT MONTA\u017bOWY \u0141OPATEK OM 18-24 B8-1-3"}]},{"@type":"WebSite","@id":"https:\/\/amatech.com.pl\/sklep\/#website","url":"https:\/\/amatech.com.pl\/sklep\/","name":"AMATECH - Maszyny rolnicze, cz\u0119\u015bci zamienne, serwis","description":"AMATECH - Jaros\u0142aw Pozna\u0144ski - Zajmujemy si\u0119 sprzeda\u017c\u0105 maszyn i urz\u0105dze\u0144 rolniczych budowlanych oraz oryginalnych cz\u0119\u015bci zamiennych. Sklep on-line.","publisher":{"@id":"https:\/\/amatech.com.pl\/sklep\/#organization"},"potentialAction":[{"@type":"SearchAction","target":{"@type":"EntryPoint","urlTemplate":"https:\/\/amatech.com.pl\/sklep\/?s={search_term_string}"},"query-input":{"@type":"PropertyValueSpecification","valueRequired":true,"valueName":"search_term_string"}}],"inLanguage":"pl-PL"},{"@type":"Organization","@id":"https:\/\/amatech.com.pl\/sklep\/#organization","name":"AMATECH - Maszyny rolnicze, cz\u0119\u015bci zamienne, amazone, krone","url":"https:\/\/amatech.com.pl\/sklep\/","logo":{"@type":"ImageObject","inLanguage":"pl-PL","@id":"https:\/\/amatech.com.pl\/sklep\/#\/schema\/logo\/image\/","url":"https:\/\/amatech.com.pl\/sklep\/wp-content\/uploads\/2021\/11\/amatech-logo.png","contentUrl":"https:\/\/amatech.com.pl\/sklep\/wp-content\/uploads\/2021\/11\/amatech-logo.png","width":266,"height":57,"caption":"AMATECH - Maszyny rolnicze, cz\u0119\u015bci zamienne, amazone, krone"},"image":{"@id":"https:\/\/amatech.com.pl\/sklep\/#\/schema\/logo\/image\/"},"sameAs":["https:\/\/www.facebook.com\/amatech.poznanski\/"]}]}},"_links":{"self":[{"href":"https:\/\/amatech.com.pl\/sklep\/wp-json\/wp\/v2\/product\/14455"}],"collection":[{"href":"https:\/\/amatech.com.pl\/sklep\/wp-json\/wp\/v2\/product"}],"about":[{"href":"https:\/\/amatech.com.pl\/sklep\/wp-json\/wp\/v2\/types\/product"}],"wp:featuredmedia":[{"embeddable":true,"href":"https:\/\/amatech.com.pl\/sklep\/wp-json\/wp\/v2\/media\/15781"}],"wp:attachment":[{"href":"https:\/\/amatech.com.pl\/sklep\/wp-json\/wp\/v2\/media?parent=14455"}],"wp:term":[{"taxonomy":"product_cat","embeddable":true,"href":"https:\/\/amatech.com.pl\/sklep\/wp-json\/wp\/v2\/product_cat?post=14455"},{"taxonomy":"product_tag","embeddable":true,"href":"https:\/\/amatech.com.pl\/sklep\/wp-json\/wp\/v2\/product_tag?post=14455"}],"curies":[{"name":"wp","href":"https:\/\/api.w.org\/{rel}","templated":true}]}}