{"id":14521,"date":"2023-05-22T14:31:05","date_gmt":"2023-05-22T12:31:05","guid":{"rendered":"https:\/\/amatech.com.pl\/sklep\/czesci-zamienne\/sruba-viii-3-1\/"},"modified":"2026-04-18T12:32:01","modified_gmt":"2026-04-18T10:32:01","slug":"sruba-viii-3-1","status":"publish","type":"product","link":"https:\/\/amatech.com.pl\/sklep\/czesci-zamienne\/sruba-viii-3-1\/","title":{"rendered":"\u015aRUBA    B7-3-3"},"content":{"rendered":"<h3>Zastosowanie cz&#281;&#347;ci&nbsp;DA783<br \/><small>Artyku&#322; DA783 jest tak&#380;e cz&#281;&#347;&#263; nast&#281;pna: DD448 ,<\/small><\/h3>\n<p>Prosz&#281; klikn&#261;&#263; na nazwy podzespo&#322;\u00f3w, aby wywo&#322;a&#263; odpowiedni&#261; ilustracj&#281;.<br \/>Szukan&#261; cz&#281;&#347;&#263; mo&#380;na rozpozna&#263; po numerze pozycji.<\/p>\n<table cellspacing=\"0\" cellpadding=\"1\" border=\"0\" class=\" cke_show_border\">\n<tbody>\n<tr>\n<td align=\"right\" valign=\"bottom\" width=\"30\" nowrap=\"nowrap\"><b>Poz.<\/b><\/td>\n<td valign=\"bottom\" width=\"480\" nowrap=\"nowrap\"><b>&nbsp;w podzespole<\/b><\/td>\n<td valign=\"bottom\" nowrap=\"nowrap\"><b>Produkt<\/b><\/td>\n<\/tr>\n<tr>\n<td align=\"right\" valign=\"bottom\" width=\"30\" nowrap=\"nowrap\">11<\/td>\n<td valign=\"bottom\" width=\"480\" nowrap=\"nowrap\">&nbsp;<a data-cke-saved-href=\"https:\/\/et2.amazone.de\/zeige_teil.asp?herst=AMA&amp;fam=01&amp;typ=29&amp;hg=46&amp;pos=11\" href=\"https:\/\/et2.amazone.de\/zeige_teil.asp?herst=AMA&amp;fam=01&amp;typ=29&amp;hg=46&amp;pos=11\" title=\"Poka&#380; rysunek rozwini&#281;ty\">Kotfl\u00fcgel 540\/1950 \/ Kotfl\u00fcgel 650\/2050 Bis 10.2008 !<\/a><\/td>\n<td valign=\"bottom\" nowrap=\"nowrap\">ZG-B 5500 \/ ZG-B 8200 \/ ZG-TS (MH490)&nbsp;<small>&#8211; ab 11-2004&nbsp;<\/small><\/td>\n<\/tr>\n<tr>\n<td align=\"right\" valign=\"bottom\" width=\"30\" nowrap=\"nowrap\">15<\/td>\n<td valign=\"bottom\" width=\"480\" nowrap=\"nowrap\">&nbsp;<a data-cke-saved-href=\"https:\/\/et2.amazone.de\/zeige_teil.asp?herst=AMA&amp;fam=01&amp;typ=29&amp;hg=84&amp;pos=15\" href=\"https:\/\/et2.amazone.de\/zeige_teil.asp?herst=AMA&amp;fam=01&amp;typ=29&amp;hg=84&amp;pos=15\" title=\"Poka&#380; rysunek rozwini&#281;ty\">Kotfl\u00fcgel 550\/2050 \/ Kotfl\u00fcgel 620\/2050 Ab 11.2008 !<\/a><\/td>\n<td valign=\"bottom\" nowrap=\"nowrap\">ZG-B 5500 \/ ZG-B 8200 \/ ZG-TS (MH490)&nbsp;<small>&#8211; ab 11-2004&nbsp;<\/small><\/td>\n<\/tr>\n<tr>\n<td align=\"right\" valign=\"bottom\" width=\"30\" nowrap=\"nowrap\">15<\/td>\n<td valign=\"bottom\" width=\"480\" nowrap=\"nowrap\">&nbsp;<a data-cke-saved-href=\"https:\/\/et2.amazone.de\/zeige_teil.asp?herst=AMA&amp;fam=01&amp;typ=29&amp;hg=96&amp;pos=15\" href=\"https:\/\/et2.amazone.de\/zeige_teil.asp?herst=AMA&amp;fam=01&amp;typ=29&amp;hg=96&amp;pos=15\" title=\"Poka&#380; rysunek rozwini&#281;ty\">Kotfl\u00fcgel 550\/1750<\/a><\/td>\n<td valign=\"bottom\" nowrap=\"nowrap\">ZG-B 5500 \/ ZG-B 8200 \/ ZG-TS (MH490)&nbsp;<small>&#8211; ab 11-2004&nbsp;<\/small><\/td>\n<\/tr>\n<tr>\n<td align=\"right\" valign=\"bottom\" width=\"30\" nowrap=\"nowrap\">15<\/td>\n<td valign=\"bottom\" width=\"480\" nowrap=\"nowrap\">&nbsp;<a data-cke-saved-href=\"https:\/\/et2.amazone.de\/zeige_teil.asp?herst=AMA&amp;fam=01&amp;typ=32&amp;hg=95&amp;pos=15\" href=\"https:\/\/et2.amazone.de\/zeige_teil.asp?herst=AMA&amp;fam=01&amp;typ=32&amp;hg=95&amp;pos=15\" title=\"Poka&#380; rysunek rozwini&#281;ty\">Kotfl\u00fcgel 550\/2050 und 620\/2050<\/a><\/td>\n<td valign=\"bottom\" nowrap=\"nowrap\">ZG-B 5500\/8200 ZG-TS 5500\/8200 (MH743)&nbsp;<small>&#8211; ab 11-2014&nbsp;<\/small><\/td>\n<\/tr>\n<tr>\n<td align=\"right\" valign=\"bottom\" width=\"30\" nowrap=\"nowrap\">15<\/td>\n<td valign=\"bottom\" width=\"480\" nowrap=\"nowrap\">&nbsp;<a data-cke-saved-href=\"https:\/\/et2.amazone.de\/zeige_teil.asp?herst=AMA&amp;fam=01&amp;typ=32&amp;hg=99&amp;pos=15\" href=\"https:\/\/et2.amazone.de\/zeige_teil.asp?herst=AMA&amp;fam=01&amp;typ=32&amp;hg=99&amp;pos=15\" title=\"Poka&#380; rysunek rozwini&#281;ty\">Kotfl\u00fcgel 550\/1750<\/a><\/td>\n<td valign=\"bottom\" nowrap=\"nowrap\">ZG-B 5500\/8200 ZG-TS 5500\/8200 (MH743)&nbsp;<small>&#8211; ab 11-2014&nbsp;<\/small><\/td>\n<\/tr>\n<tr>\n<td align=\"right\" valign=\"bottom\" width=\"30\" nowrap=\"nowrap\">27<\/td>\n<td valign=\"bottom\" width=\"480\" nowrap=\"nowrap\">&nbsp;<a data-cke-saved-href=\"https:\/\/et2.amazone.de\/zeige_teil.asp?herst=AMA&amp;fam=02&amp;typ=12&amp;hg=23&amp;pos=27\" href=\"https:\/\/et2.amazone.de\/zeige_teil.asp?herst=AMA&amp;fam=02&amp;typ=12&amp;hg=23&amp;pos=27\" title=\"Poka&#380; rysunek rozwini&#281;ty\">Q-plus-Gest\u00e4nge &#8211; Hubrahmen<\/a><\/td>\n<td valign=\"bottom\" nowrap=\"nowrap\">UF 01 (inklusive Spritzgest\u00e4nge) (MH390)&nbsp;<small>&#8211; ab 03-2003&nbsp;bis 12-2007<\/small><\/td>\n<\/tr>\n<tr>\n<td align=\"right\" valign=\"bottom\" width=\"30\" nowrap=\"nowrap\">27<\/td>\n<td valign=\"bottom\" width=\"480\" nowrap=\"nowrap\">&nbsp;<a data-cke-saved-href=\"https:\/\/et2.amazone.de\/zeige_teil.asp?herst=AMA&amp;fam=02&amp;typ=27&amp;hg=87&amp;pos=27\" href=\"https:\/\/et2.amazone.de\/zeige_teil.asp?herst=AMA&amp;fam=02&amp;typ=27&amp;hg=87&amp;pos=27\" title=\"Poka&#380; rysunek rozwini&#281;ty\">H\u00f6heneinstellung Federeinheit \/ Gest\u00e4ngetr\u00e4ger Q-plus<\/a><\/td>\n<td valign=\"bottom\" nowrap=\"nowrap\">Super-S (bis 10. 2015); Super-L (bis 07.2012); Q-plus (bis 04.2018) (MH515)&nbsp;<small>&#8211; ab 07-2006&nbsp;bis 04-2018<\/small><\/td>\n<\/tr>\n<tr>\n<td align=\"right\" valign=\"bottom\" width=\"30\" nowrap=\"nowrap\">52<\/td>\n<td valign=\"bottom\" width=\"480\" nowrap=\"nowrap\">&nbsp;<a data-cke-saved-href=\"https:\/\/et2.amazone.de\/zeige_teil.asp?herst=AMA&amp;fam=02&amp;typ=39&amp;hg=7&amp;pos=52\" href=\"https:\/\/et2.amazone.de\/zeige_teil.asp?herst=AMA&amp;fam=02&amp;typ=39&amp;hg=7&amp;pos=52\" title=\"Poka&#380; rysunek rozwini&#281;ty\">Innenausleger links 21M-28M (Ausleger 3-teilig)<\/a><\/td>\n<td valign=\"bottom\" nowrap=\"nowrap\">Super-L2 (UX 00; PAN; PAP) (MH726)&nbsp;<small>&#8211; ab 08-2012&nbsp;<\/small><\/td>\n<\/tr>\n<tr>\n<td align=\"right\" valign=\"bottom\" width=\"30\" nowrap=\"nowrap\">52<\/td>\n<td valign=\"bottom\" width=\"480\" nowrap=\"nowrap\">&nbsp;<a data-cke-saved-href=\"https:\/\/et2.amazone.de\/zeige_teil.asp?herst=AMA&amp;fam=02&amp;typ=39&amp;hg=8&amp;pos=52\" href=\"https:\/\/et2.amazone.de\/zeige_teil.asp?herst=AMA&amp;fam=02&amp;typ=39&amp;hg=8&amp;pos=52\" title=\"Poka&#380; rysunek rozwini&#281;ty\">Innenausleger rechts 21M-28M (Ausleger 3-teilig)<\/a><\/td>\n<td valign=\"bottom\" nowrap=\"nowrap\">Super-L2 (UX 00; PAN; PAP) (MH726)&nbsp;<small>&#8211; ab 08-2012&nbsp;<\/small><\/td>\n<\/tr>\n<tr>\n<td align=\"right\" valign=\"bottom\" width=\"30\" nowrap=\"nowrap\">52<\/td>\n<td valign=\"bottom\" width=\"480\" nowrap=\"nowrap\">&nbsp;<a data-cke-saved-href=\"https:\/\/et2.amazone.de\/zeige_teil.asp?herst=AMA&amp;fam=02&amp;typ=39&amp;hg=10&amp;pos=52\" href=\"https:\/\/et2.amazone.de\/zeige_teil.asp?herst=AMA&amp;fam=02&amp;typ=39&amp;hg=10&amp;pos=52\" title=\"Poka&#380; rysunek rozwini&#281;ty\">Innenausleger links 27-40M (Ausleger 4-teilig)<\/a><\/td>\n<td valign=\"bottom\" nowrap=\"nowrap\">Super-L2 (UX 00; PAN; PAP) (MH726)&nbsp;<small>&#8211; ab 08-2012&nbsp;<\/small><\/td>\n<\/tr>\n<\/tbody>\n<\/table>\n<table cellspacing=\"0\" cellpadding=\"1\" border=\"0\" class=\" cke_show_border\">\n<tbody>\n<tr>\n<td align=\"right\" valign=\"bottom\" width=\"30\" nowrap=\"nowrap\">52<\/td>\n<td valign=\"bottom\" width=\"480\" nowrap=\"nowrap\">&nbsp;<a data-cke-saved-href=\"https:\/\/et2.amazone.de\/zeige_teil.asp?herst=AMA&amp;fam=02&amp;typ=39&amp;hg=11&amp;pos=52\" href=\"https:\/\/et2.amazone.de\/zeige_teil.asp?herst=AMA&amp;fam=02&amp;typ=39&amp;hg=11&amp;pos=52\" title=\"Poka&#380; rysunek rozwini&#281;ty\">Innenausleger rechts 27-40M (Ausleger 4-teilig)<\/a><\/td>\n<td valign=\"bottom\" nowrap=\"nowrap\">Super-L2 (UX 00; PAN; PAP) (MH726)&nbsp;<small>&#8211; ab 08-2012&nbsp;<\/small><\/td>\n<\/tr>\n<tr>\n<td align=\"right\" valign=\"bottom\" width=\"30\" nowrap=\"nowrap\">42<\/td>\n<td valign=\"bottom\" width=\"480\" nowrap=\"nowrap\">&nbsp;<a data-cke-saved-href=\"https:\/\/et2.amazone.de\/zeige_teil.asp?herst=AMA&amp;fam=02&amp;typ=39&amp;hg=83&amp;pos=42\" href=\"https:\/\/et2.amazone.de\/zeige_teil.asp?herst=AMA&amp;fam=02&amp;typ=39&amp;hg=83&amp;pos=42\" title=\"Poka&#380; rysunek rozwini&#281;ty\">Hubmodul 700 an UX<\/a><\/td>\n<td valign=\"bottom\" nowrap=\"nowrap\">Super-L2 (UX 00; PAN; PAP) (MH726)&nbsp;<small>&#8211; ab 08-2012&nbsp;<\/small><\/td>\n<\/tr>\n<tr>\n<td align=\"right\" valign=\"bottom\" width=\"30\" nowrap=\"nowrap\">27<\/td>\n<td valign=\"bottom\" width=\"480\" nowrap=\"nowrap\">&nbsp;<a data-cke-saved-href=\"https:\/\/et2.amazone.de\/zeige_teil.asp?herst=AMA&amp;fam=02&amp;typ=44&amp;hg=3&amp;pos=27\" href=\"https:\/\/et2.amazone.de\/zeige_teil.asp?herst=AMA&amp;fam=02&amp;typ=44&amp;hg=3&amp;pos=27\" title=\"Poka&#380; rysunek rozwini&#281;ty\">H\u00f6heneinstellung Federeinheit \/ Gest\u00e4ngetr\u00e4ger-Plus<\/a><\/td>\n<td valign=\"bottom\" nowrap=\"nowrap\">Q-plus (UF 12-15m) 18m (MH948)&nbsp;<small>&#8211; ab 05-2018&nbsp;<\/small><\/td>\n<\/tr>\n<\/tbody>\n<\/table>\n","protected":false},"excerpt":{"rendered":"<p>Zastosowanie cz&#281;&#347;ci&nbsp;DA783Artyku&#322; DA783 jest tak&#380;e cz&#281;&#347;&#263; nast&#281;pna: DD448 , Prosz&#281; klikn&#261;&#263; na nazwy podzespo&#322;\u00f3w, aby wywo&#322;a&#263; odpowiedni&#261; ilustracj&#281;.Szukan&#261; cz&#281;&#347;&#263; mo&#380;na rozpozna&#263; po numerze pozycji. Poz. &nbsp;w podzespole Produkt 11 &nbsp;Kotfl\u00fcgel 540\/1950 \/ Kotfl\u00fcgel 650\/2050 Bis 10.2008 ! ZG-B 5500 \/ ZG-B 8200 \/ ZG-TS (MH490)&nbsp;&#8211; ab 11-2004&nbsp; 15 &nbsp;Kotfl\u00fcgel 550\/2050 \/ Kotfl\u00fcgel 620\/2050 Ab 11.2008&#8230;<\/p>\n","protected":false},"featured_media":15906,"template":"","meta":{"_kad_post_transparent":"","_kad_post_title":"","_kad_post_layout":"","_kad_post_sidebar_id":"","_kad_post_content_style":"","_kad_post_vertical_padding":"","_kad_post_feature":"","_kad_post_feature_position":"","_kad_post_header":false,"_kad_post_footer":false},"product_cat":[322,325,312,314,319,273,272,270,269,274,289],"product_tag":[],"class_list":{"0":"post-14521","1":"product","2":"type-product","3":"status-publish","4":"has-post-thumbnail","6":"product_cat-amazone-brony-aktywne","7":"product_cat-amazone-do-kukurydzy","8":"product_cat-amazone","9":"product_cat-amazone-opryskiwacze","10":"product_cat-amazone-brony-talerzowe","11":"product_cat-brony-aktywne","12":"product_cat-brony-talerzowe","13":"product_cat-opryskiwacze","14":"product_cat-rozsiewacze","15":"product_cat-siewniki","16":"product_cat-sklep-internetowy","18":"first","19":"instock","20":"taxable","21":"shipping-taxable","22":"purchasable","23":"product-type-simple","24":"entry","25":"content-bg","26":"loop-entry"},"yoast_head":"<!-- This site is optimized with the Yoast SEO plugin v24.9 - https:\/\/yoast.com\/wordpress\/plugins\/seo\/ -->\n<title>\u015aRUBA  B7-3-3 - AMATECH - Maszyny rolnicze, cz\u0119\u015bci zamienne, serwis<\/title>\n<meta name=\"robots\" content=\"index, follow, max-snippet:-1, max-image-preview:large, max-video-preview:-1\" \/>\n<link rel=\"canonical\" href=\"https:\/\/amatech.com.pl\/sklep\/czesci-zamienne\/sruba-viii-3-1\/\" \/>\n<meta property=\"og:locale\" content=\"pl_PL\" \/>\n<meta property=\"og:type\" content=\"article\" \/>\n<meta property=\"og:title\" content=\"\u015aRUBA  B7-3-3 - AMATECH - Maszyny rolnicze, cz\u0119\u015bci zamienne, serwis\" \/>\n<meta property=\"og:description\" content=\"Zastosowanie cz&#281;&#347;ci&nbsp;DA783Artyku&#322; DA783 jest tak&#380;e cz&#281;&#347;&#263; nast&#281;pna: DD448 , Prosz&#281; klikn&#261;&#263; na nazwy podzespo&#322;\u00f3w, aby wywo&#322;a&#263; odpowiedni&#261; ilustracj&#281;.Szukan&#261; cz&#281;&#347;&#263; mo&#380;na rozpozna&#263; po numerze pozycji. Poz. &nbsp;w podzespole Produkt 11 &nbsp;Kotfl\u00fcgel 540\/1950 \/ Kotfl\u00fcgel 650\/2050 Bis 10.2008 ! ZG-B 5500 \/ ZG-B 8200 \/ ZG-TS (MH490)&nbsp;&#8211; ab 11-2004&nbsp; 15 &nbsp;Kotfl\u00fcgel 550\/2050 \/ Kotfl\u00fcgel 620\/2050 Ab 11.2008...\" \/>\n<meta property=\"og:url\" content=\"https:\/\/amatech.com.pl\/sklep\/czesci-zamienne\/sruba-viii-3-1\/\" \/>\n<meta property=\"og:site_name\" content=\"AMATECH - Maszyny rolnicze, cz\u0119\u015bci zamienne, serwis\" \/>\n<meta property=\"article:publisher\" content=\"https:\/\/www.facebook.com\/amatech.poznanski\/\" \/>\n<meta property=\"article:modified_time\" content=\"2026-04-18T10:32:01+00:00\" \/>\n<meta property=\"og:image\" content=\"https:\/\/amatech.com.pl\/sklep\/wp-content\/uploads\/2023\/11\/SRUBA-VIII-3-1.jpg\" \/>\n\t<meta property=\"og:image:width\" content=\"640\" \/>\n\t<meta property=\"og:image:height\" content=\"480\" \/>\n\t<meta property=\"og:image:type\" content=\"image\/jpeg\" \/>\n<meta name=\"twitter:card\" content=\"summary_large_image\" \/>\n<meta name=\"twitter:label1\" content=\"Szacowany czas czytania\" \/>\n\t<meta name=\"twitter:data1\" content=\"1 minuta\" \/>\n<script type=\"application\/ld+json\" class=\"yoast-schema-graph\">{\"@context\":\"https:\/\/schema.org\",\"@graph\":[{\"@type\":\"WebPage\",\"@id\":\"https:\/\/amatech.com.pl\/sklep\/czesci-zamienne\/sruba-viii-3-1\/\",\"url\":\"https:\/\/amatech.com.pl\/sklep\/czesci-zamienne\/sruba-viii-3-1\/\",\"name\":\"\u015aRUBA B7-3-3 - AMATECH - Maszyny rolnicze, cz\u0119\u015bci zamienne, serwis\",\"isPartOf\":{\"@id\":\"https:\/\/amatech.com.pl\/sklep\/#website\"},\"primaryImageOfPage\":{\"@id\":\"https:\/\/amatech.com.pl\/sklep\/czesci-zamienne\/sruba-viii-3-1\/#primaryimage\"},\"image\":{\"@id\":\"https:\/\/amatech.com.pl\/sklep\/czesci-zamienne\/sruba-viii-3-1\/#primaryimage\"},\"thumbnailUrl\":\"https:\/\/amatech.com.pl\/sklep\/wp-content\/uploads\/2023\/11\/SRUBA-VIII-3-1.jpg\",\"datePublished\":\"2023-05-22T12:31:05+00:00\",\"dateModified\":\"2026-04-18T10:32:01+00:00\",\"breadcrumb\":{\"@id\":\"https:\/\/amatech.com.pl\/sklep\/czesci-zamienne\/sruba-viii-3-1\/#breadcrumb\"},\"inLanguage\":\"pl-PL\",\"potentialAction\":[{\"@type\":\"ReadAction\",\"target\":[\"https:\/\/amatech.com.pl\/sklep\/czesci-zamienne\/sruba-viii-3-1\/\"]}]},{\"@type\":\"ImageObject\",\"inLanguage\":\"pl-PL\",\"@id\":\"https:\/\/amatech.com.pl\/sklep\/czesci-zamienne\/sruba-viii-3-1\/#primaryimage\",\"url\":\"https:\/\/amatech.com.pl\/sklep\/wp-content\/uploads\/2023\/11\/SRUBA-VIII-3-1.jpg\",\"contentUrl\":\"https:\/\/amatech.com.pl\/sklep\/wp-content\/uploads\/2023\/11\/SRUBA-VIII-3-1.jpg\",\"width\":640,\"height\":480,\"caption\":\"\u015aRUBA VIII-3-1\"},{\"@type\":\"BreadcrumbList\",\"@id\":\"https:\/\/amatech.com.pl\/sklep\/czesci-zamienne\/sruba-viii-3-1\/#breadcrumb\",\"itemListElement\":[{\"@type\":\"ListItem\",\"position\":1,\"name\":\"Strona g\u0142\u00f3wna\",\"item\":\"https:\/\/amatech.com.pl\/sklep\/\"},{\"@type\":\"ListItem\",\"position\":2,\"name\":\"Sklep\",\"item\":\"https:\/\/amatech.com.pl\/sklep\/\"},{\"@type\":\"ListItem\",\"position\":3,\"name\":\"\u015aRUBA B7-3-3\"}]},{\"@type\":\"WebSite\",\"@id\":\"https:\/\/amatech.com.pl\/sklep\/#website\",\"url\":\"https:\/\/amatech.com.pl\/sklep\/\",\"name\":\"AMATECH - Maszyny rolnicze, cz\u0119\u015bci zamienne, serwis\",\"description\":\"AMATECH - Jaros\u0142aw Pozna\u0144ski - Zajmujemy si\u0119 sprzeda\u017c\u0105 maszyn i urz\u0105dze\u0144 rolniczych budowlanych oraz oryginalnych cz\u0119\u015bci zamiennych. Sklep on-line.\",\"publisher\":{\"@id\":\"https:\/\/amatech.com.pl\/sklep\/#organization\"},\"potentialAction\":[{\"@type\":\"SearchAction\",\"target\":{\"@type\":\"EntryPoint\",\"urlTemplate\":\"https:\/\/amatech.com.pl\/sklep\/?s={search_term_string}\"},\"query-input\":{\"@type\":\"PropertyValueSpecification\",\"valueRequired\":true,\"valueName\":\"search_term_string\"}}],\"inLanguage\":\"pl-PL\"},{\"@type\":\"Organization\",\"@id\":\"https:\/\/amatech.com.pl\/sklep\/#organization\",\"name\":\"AMATECH - Maszyny rolnicze, cz\u0119\u015bci zamienne, amazone, krone\",\"url\":\"https:\/\/amatech.com.pl\/sklep\/\",\"logo\":{\"@type\":\"ImageObject\",\"inLanguage\":\"pl-PL\",\"@id\":\"https:\/\/amatech.com.pl\/sklep\/#\/schema\/logo\/image\/\",\"url\":\"https:\/\/amatech.com.pl\/sklep\/wp-content\/uploads\/2021\/11\/amatech-logo.png\",\"contentUrl\":\"https:\/\/amatech.com.pl\/sklep\/wp-content\/uploads\/2021\/11\/amatech-logo.png\",\"width\":266,\"height\":57,\"caption\":\"AMATECH - Maszyny rolnicze, cz\u0119\u015bci zamienne, amazone, krone\"},\"image\":{\"@id\":\"https:\/\/amatech.com.pl\/sklep\/#\/schema\/logo\/image\/\"},\"sameAs\":[\"https:\/\/www.facebook.com\/amatech.poznanski\/\"]}]}<\/script>\n<!-- \/ Yoast SEO plugin. -->","yoast_head_json":{"title":"\u015aRUBA  B7-3-3 - AMATECH - Maszyny rolnicze, cz\u0119\u015bci zamienne, serwis","robots":{"index":"index","follow":"follow","max-snippet":"max-snippet:-1","max-image-preview":"max-image-preview:large","max-video-preview":"max-video-preview:-1"},"canonical":"https:\/\/amatech.com.pl\/sklep\/czesci-zamienne\/sruba-viii-3-1\/","og_locale":"pl_PL","og_type":"article","og_title":"\u015aRUBA  B7-3-3 - AMATECH - Maszyny rolnicze, cz\u0119\u015bci zamienne, serwis","og_description":"Zastosowanie cz&#281;&#347;ci&nbsp;DA783Artyku&#322; DA783 jest tak&#380;e cz&#281;&#347;&#263; nast&#281;pna: DD448 , Prosz&#281; klikn&#261;&#263; na nazwy podzespo&#322;\u00f3w, aby wywo&#322;a&#263; odpowiedni&#261; ilustracj&#281;.Szukan&#261; cz&#281;&#347;&#263; mo&#380;na rozpozna&#263; po numerze pozycji. Poz. &nbsp;w podzespole Produkt 11 &nbsp;Kotfl\u00fcgel 540\/1950 \/ Kotfl\u00fcgel 650\/2050 Bis 10.2008 ! ZG-B 5500 \/ ZG-B 8200 \/ ZG-TS (MH490)&nbsp;&#8211; ab 11-2004&nbsp; 15 &nbsp;Kotfl\u00fcgel 550\/2050 \/ Kotfl\u00fcgel 620\/2050 Ab 11.2008...","og_url":"https:\/\/amatech.com.pl\/sklep\/czesci-zamienne\/sruba-viii-3-1\/","og_site_name":"AMATECH - Maszyny rolnicze, cz\u0119\u015bci zamienne, serwis","article_publisher":"https:\/\/www.facebook.com\/amatech.poznanski\/","article_modified_time":"2026-04-18T10:32:01+00:00","og_image":[{"width":640,"height":480,"url":"https:\/\/amatech.com.pl\/sklep\/wp-content\/uploads\/2023\/11\/SRUBA-VIII-3-1.jpg","type":"image\/jpeg"}],"twitter_card":"summary_large_image","twitter_misc":{"Szacowany czas czytania":"1 minuta"},"schema":{"@context":"https:\/\/schema.org","@graph":[{"@type":"WebPage","@id":"https:\/\/amatech.com.pl\/sklep\/czesci-zamienne\/sruba-viii-3-1\/","url":"https:\/\/amatech.com.pl\/sklep\/czesci-zamienne\/sruba-viii-3-1\/","name":"\u015aRUBA B7-3-3 - AMATECH - Maszyny rolnicze, cz\u0119\u015bci zamienne, serwis","isPartOf":{"@id":"https:\/\/amatech.com.pl\/sklep\/#website"},"primaryImageOfPage":{"@id":"https:\/\/amatech.com.pl\/sklep\/czesci-zamienne\/sruba-viii-3-1\/#primaryimage"},"image":{"@id":"https:\/\/amatech.com.pl\/sklep\/czesci-zamienne\/sruba-viii-3-1\/#primaryimage"},"thumbnailUrl":"https:\/\/amatech.com.pl\/sklep\/wp-content\/uploads\/2023\/11\/SRUBA-VIII-3-1.jpg","datePublished":"2023-05-22T12:31:05+00:00","dateModified":"2026-04-18T10:32:01+00:00","breadcrumb":{"@id":"https:\/\/amatech.com.pl\/sklep\/czesci-zamienne\/sruba-viii-3-1\/#breadcrumb"},"inLanguage":"pl-PL","potentialAction":[{"@type":"ReadAction","target":["https:\/\/amatech.com.pl\/sklep\/czesci-zamienne\/sruba-viii-3-1\/"]}]},{"@type":"ImageObject","inLanguage":"pl-PL","@id":"https:\/\/amatech.com.pl\/sklep\/czesci-zamienne\/sruba-viii-3-1\/#primaryimage","url":"https:\/\/amatech.com.pl\/sklep\/wp-content\/uploads\/2023\/11\/SRUBA-VIII-3-1.jpg","contentUrl":"https:\/\/amatech.com.pl\/sklep\/wp-content\/uploads\/2023\/11\/SRUBA-VIII-3-1.jpg","width":640,"height":480,"caption":"\u015aRUBA VIII-3-1"},{"@type":"BreadcrumbList","@id":"https:\/\/amatech.com.pl\/sklep\/czesci-zamienne\/sruba-viii-3-1\/#breadcrumb","itemListElement":[{"@type":"ListItem","position":1,"name":"Strona g\u0142\u00f3wna","item":"https:\/\/amatech.com.pl\/sklep\/"},{"@type":"ListItem","position":2,"name":"Sklep","item":"https:\/\/amatech.com.pl\/sklep\/"},{"@type":"ListItem","position":3,"name":"\u015aRUBA B7-3-3"}]},{"@type":"WebSite","@id":"https:\/\/amatech.com.pl\/sklep\/#website","url":"https:\/\/amatech.com.pl\/sklep\/","name":"AMATECH - Maszyny rolnicze, cz\u0119\u015bci zamienne, serwis","description":"AMATECH - Jaros\u0142aw Pozna\u0144ski - Zajmujemy si\u0119 sprzeda\u017c\u0105 maszyn i urz\u0105dze\u0144 rolniczych budowlanych oraz oryginalnych cz\u0119\u015bci zamiennych. Sklep on-line.","publisher":{"@id":"https:\/\/amatech.com.pl\/sklep\/#organization"},"potentialAction":[{"@type":"SearchAction","target":{"@type":"EntryPoint","urlTemplate":"https:\/\/amatech.com.pl\/sklep\/?s={search_term_string}"},"query-input":{"@type":"PropertyValueSpecification","valueRequired":true,"valueName":"search_term_string"}}],"inLanguage":"pl-PL"},{"@type":"Organization","@id":"https:\/\/amatech.com.pl\/sklep\/#organization","name":"AMATECH - Maszyny rolnicze, cz\u0119\u015bci zamienne, amazone, krone","url":"https:\/\/amatech.com.pl\/sklep\/","logo":{"@type":"ImageObject","inLanguage":"pl-PL","@id":"https:\/\/amatech.com.pl\/sklep\/#\/schema\/logo\/image\/","url":"https:\/\/amatech.com.pl\/sklep\/wp-content\/uploads\/2021\/11\/amatech-logo.png","contentUrl":"https:\/\/amatech.com.pl\/sklep\/wp-content\/uploads\/2021\/11\/amatech-logo.png","width":266,"height":57,"caption":"AMATECH - Maszyny rolnicze, cz\u0119\u015bci zamienne, amazone, krone"},"image":{"@id":"https:\/\/amatech.com.pl\/sklep\/#\/schema\/logo\/image\/"},"sameAs":["https:\/\/www.facebook.com\/amatech.poznanski\/"]}]}},"_links":{"self":[{"href":"https:\/\/amatech.com.pl\/sklep\/wp-json\/wp\/v2\/product\/14521"}],"collection":[{"href":"https:\/\/amatech.com.pl\/sklep\/wp-json\/wp\/v2\/product"}],"about":[{"href":"https:\/\/amatech.com.pl\/sklep\/wp-json\/wp\/v2\/types\/product"}],"wp:featuredmedia":[{"embeddable":true,"href":"https:\/\/amatech.com.pl\/sklep\/wp-json\/wp\/v2\/media\/15906"}],"wp:attachment":[{"href":"https:\/\/amatech.com.pl\/sklep\/wp-json\/wp\/v2\/media?parent=14521"}],"wp:term":[{"taxonomy":"product_cat","embeddable":true,"href":"https:\/\/amatech.com.pl\/sklep\/wp-json\/wp\/v2\/product_cat?post=14521"},{"taxonomy":"product_tag","embeddable":true,"href":"https:\/\/amatech.com.pl\/sklep\/wp-json\/wp\/v2\/product_tag?post=14521"}],"curies":[{"name":"wp","href":"https:\/\/api.w.org\/{rel}","templated":true}]}}