{"id":14609,"date":"2023-05-22T14:32:54","date_gmt":"2023-05-22T12:32:54","guid":{"rendered":"https:\/\/amatech.com.pl\/sklep\/czesci-zamienne\/lampa-kompletna-rozsiewacza-amazone-tylna-z-kablem-ix-3-1\/"},"modified":"2026-03-27T09:34:33","modified_gmt":"2026-03-27T08:34:33","slug":"lampa-kompletna-rozsiewacza-amazone-tylna-z-kablem-ix-3-1","status":"publish","type":"product","link":"https:\/\/amatech.com.pl\/sklep\/czesci-zamienne\/lampa-kompletna-rozsiewacza-amazone-tylna-z-kablem-ix-3-1\/","title":{"rendered":"LAMPA KOMPLETNA ROZSIEWACZA AMAZONE TYLNA Z KABLEM     A6-3-3"},"content":{"rendered":"<h3>Zastosowanie cz&#281;&#347;ci&nbsp;NA222<br \/><small>Artyku&#322; NA222 jest tak&#380;e cz&#281;&#347;&#263; nast&#281;pna: NA115 , NA125 ,<\/small><\/h3>\n<p>Prosz&#281; klikn&#261;&#263; na nazwy podzespo&#322;\u00f3w, aby wywo&#322;a&#263; odpowiedni&#261; ilustracj&#281;.<br \/>Szukan&#261; cz&#281;&#347;&#263; mo&#380;na rozpozna&#263; po numerze pozycji.<\/p>\n<table cellspacing=\"0\" cellpadding=\"1\" border=\"0\" class=\" cke_show_border\">\n<tbody>\n<tr>\n<td align=\"right\" valign=\"bottom\" width=\"30\" nowrap=\"nowrap\"><b>Poz.<\/b><\/td>\n<td valign=\"bottom\" width=\"480\" nowrap=\"nowrap\"><b>&nbsp;w podzespole<\/b><\/td>\n<td valign=\"bottom\" nowrap=\"nowrap\"><b>Produkt<\/b><\/td>\n<\/tr>\n<tr>\n<td align=\"right\" valign=\"bottom\" width=\"30\" nowrap=\"nowrap\">30<\/td>\n<td valign=\"bottom\" width=\"480\" nowrap=\"nowrap\">&nbsp;<a data-cke-saved-href=\"https:\/\/et2.amazone.de\/zeige_teil.asp?herst=AMA&amp;fam=01&amp;typ=05&amp;hg=34&amp;pos=30\" href=\"https:\/\/et2.amazone.de\/zeige_teil.asp?herst=AMA&amp;fam=01&amp;typ=05&amp;hg=34&amp;pos=30\" title=\"Poka&#380; rysunek rozwini&#281;ty\">Heckbeleuchtung ZA-XW 503<\/a><\/td>\n<td valign=\"bottom\" nowrap=\"nowrap\">ZA-X 03 (MH994)&nbsp;<small>&#8211; ab 06-2021&nbsp;<\/small><\/td>\n<\/tr>\n<tr>\n<td align=\"right\" valign=\"bottom\" width=\"30\" nowrap=\"nowrap\">30<\/td>\n<td valign=\"bottom\" width=\"480\" nowrap=\"nowrap\">&nbsp;<a data-cke-saved-href=\"https:\/\/et2.amazone.de\/zeige_teil.asp?herst=AMA&amp;fam=01&amp;typ=05&amp;hg=35&amp;pos=30\" href=\"https:\/\/et2.amazone.de\/zeige_teil.asp?herst=AMA&amp;fam=01&amp;typ=05&amp;hg=35&amp;pos=30\" title=\"Poka&#380; rysunek rozwini&#281;ty\">Heckbeleuchtung ZA-X 603 \/ 1403<\/a><\/td>\n<td valign=\"bottom\" nowrap=\"nowrap\">ZA-X 03 (MH994)&nbsp;<small>&#8211; ab 06-2021&nbsp;<\/small><\/td>\n<\/tr>\n<tr>\n<td align=\"right\" valign=\"bottom\" width=\"30\" nowrap=\"nowrap\">5<\/td>\n<td valign=\"bottom\" width=\"480\" nowrap=\"nowrap\">&nbsp;<a data-cke-saved-href=\"https:\/\/et2.amazone.de\/zeige_teil.asp?herst=AMA&amp;fam=01&amp;typ=10&amp;hg=19&amp;pos=5\" href=\"https:\/\/et2.amazone.de\/zeige_teil.asp?herst=AMA&amp;fam=01&amp;typ=10&amp;hg=19&amp;pos=5\" title=\"Poka&#380; rysunek rozwini&#281;ty\">Beleuchtung Heck<\/a><\/td>\n<td valign=\"bottom\" nowrap=\"nowrap\">ZA-U (MH272)&nbsp;<small>&#8211; &nbsp;bis 12-1993<\/small><\/td>\n<\/tr>\n<tr>\n<td align=\"right\" valign=\"bottom\" width=\"30\" nowrap=\"nowrap\">5<\/td>\n<td valign=\"bottom\" width=\"480\" nowrap=\"nowrap\">&nbsp;<a data-cke-saved-href=\"https:\/\/et2.amazone.de\/zeige_teil.asp?herst=AMA&amp;fam=01&amp;typ=23&amp;hg=34&amp;pos=5\" href=\"https:\/\/et2.amazone.de\/zeige_teil.asp?herst=AMA&amp;fam=01&amp;typ=23&amp;hg=34&amp;pos=5\" title=\"Poka&#380; rysunek rozwini&#281;ty\">Beleuchtung Heck Ab Bj. 2009!<\/a><\/td>\n<td valign=\"bottom\" nowrap=\"nowrap\">ZA-X, ZA-XW Perfect 02 (MH325)&nbsp;<small>&#8211; ab 08-2000&nbsp;bis 05-2021<\/small><\/td>\n<\/tr>\n<tr>\n<td align=\"right\" valign=\"bottom\" width=\"30\" nowrap=\"nowrap\">34<\/td>\n<td valign=\"bottom\" width=\"480\" nowrap=\"nowrap\">&nbsp;<a data-cke-saved-href=\"https:\/\/et2.amazone.de\/zeige_teil.asp?herst=AMA&amp;fam=01&amp;typ=27&amp;hg=49&amp;pos=34\" href=\"https:\/\/et2.amazone.de\/zeige_teil.asp?herst=AMA&amp;fam=01&amp;typ=27&amp;hg=49&amp;pos=34\" title=\"Poka&#380; rysunek rozwini&#281;ty\">Safety-Set bis Bj. 2008 !<\/a><\/td>\n<td valign=\"bottom\" nowrap=\"nowrap\">ZA-M 900, 1200, 1500 \/ profis, Hydro (MH451)&nbsp;<small>&#8211; ab 12-2003&nbsp;bis 11-2009<\/small><\/td>\n<\/tr>\n<tr>\n<td align=\"right\" valign=\"bottom\" width=\"30\" nowrap=\"nowrap\">5<\/td>\n<td valign=\"bottom\" width=\"480\" nowrap=\"nowrap\">&nbsp;<a data-cke-saved-href=\"https:\/\/et2.amazone.de\/zeige_teil.asp?herst=AMA&amp;fam=01&amp;typ=27&amp;hg=53&amp;pos=5\" href=\"https:\/\/et2.amazone.de\/zeige_teil.asp?herst=AMA&amp;fam=01&amp;typ=27&amp;hg=53&amp;pos=5\" title=\"Poka&#380; rysunek rozwini&#281;ty\">Beleuchtung Heck ab Bj. 2009!<\/a><\/td>\n<td valign=\"bottom\" nowrap=\"nowrap\">ZA-M 900, 1200, 1500 \/ profis, Hydro (MH451)&nbsp;<small>&#8211; ab 12-2003&nbsp;bis 11-2009<\/small><\/td>\n<\/tr>\n<tr>\n<td align=\"right\" valign=\"bottom\" width=\"30\" nowrap=\"nowrap\">11<\/td>\n<td valign=\"bottom\" width=\"480\" nowrap=\"nowrap\">&nbsp;<a data-cke-saved-href=\"https:\/\/et2.amazone.de\/zeige_teil.asp?herst=AMA&amp;fam=01&amp;typ=27&amp;hg=54&amp;pos=11\" href=\"https:\/\/et2.amazone.de\/zeige_teil.asp?herst=AMA&amp;fam=01&amp;typ=27&amp;hg=54&amp;pos=11\" title=\"Poka&#380; rysunek rozwini&#281;ty\">Safety-Set ab Bj. 2009 !<\/a><\/td>\n<td valign=\"bottom\" nowrap=\"nowrap\">ZA-M 900, 1200, 1500 \/ profis, Hydro (MH451)&nbsp;<small>&#8211; ab 12-2003&nbsp;bis 11-2009<\/small><\/td>\n<\/tr>\n<tr>\n<td align=\"right\" valign=\"bottom\" width=\"30\" nowrap=\"nowrap\">4<\/td>\n<td valign=\"bottom\" width=\"480\" nowrap=\"nowrap\">&nbsp;<a data-cke-saved-href=\"https:\/\/et2.amazone.de\/zeige_teil.asp?herst=AMA&amp;fam=01&amp;typ=30&amp;hg=4&amp;pos=4\" href=\"https:\/\/et2.amazone.de\/zeige_teil.asp?herst=AMA&amp;fam=01&amp;typ=30&amp;hg=4&amp;pos=4\" title=\"Poka&#380; rysunek rozwini&#281;ty\">Safety-Set<\/a><\/td>\n<td valign=\"bottom\" nowrap=\"nowrap\">ZA-M 1001, 1201, 1501 \/ Special \/ Profis \/ Hydro (MH606)&nbsp;<small>&#8211; ab 11-2009&nbsp;bis 05-2021<\/small><\/td>\n<\/tr>\n<tr>\n<td align=\"right\" valign=\"bottom\" width=\"30\" nowrap=\"nowrap\">210<\/td>\n<td valign=\"bottom\" width=\"480\" nowrap=\"nowrap\">&nbsp;<a data-cke-saved-href=\"https:\/\/et2.amazone.de\/zeige_teil.asp?herst=AMA&amp;fam=01&amp;typ=36&amp;hg=9&amp;pos=210\" href=\"https:\/\/et2.amazone.de\/zeige_teil.asp?herst=AMA&amp;fam=01&amp;typ=36&amp;hg=9&amp;pos=210\" title=\"Poka&#380; rysunek rozwini&#281;ty\">Safety-Set<\/a><\/td>\n<td valign=\"bottom\" nowrap=\"nowrap\">ZA-M 1002, 1202, 1502 (MH989)&nbsp;<small>&#8211; ab 06-2021&nbsp;<\/small><\/td>\n<\/tr>\n<tr>\n<td align=\"right\" valign=\"bottom\" width=\"30\" nowrap=\"nowrap\">17<\/td>\n<td valign=\"bottom\" width=\"480\" nowrap=\"nowrap\">&nbsp;<a data-cke-saved-href=\"https:\/\/et2.amazone.de\/zeige_teil.asp?herst=AMA&amp;fam=05&amp;typ=67&amp;hg=28&amp;pos=17\" href=\"https:\/\/et2.amazone.de\/zeige_teil.asp?herst=AMA&amp;fam=05&amp;typ=67&amp;hg=28&amp;pos=17\" title=\"Poka&#380; rysunek rozwini&#281;ty\">Beleuchtung ab 2011<\/a><\/td>\n<td valign=\"bottom\" nowrap=\"nowrap\">Catros 3001, 3501, 4001 (MH539)&nbsp;<small>&#8211; ab 10-2009&nbsp;<\/small><\/td>\n<\/tr>\n<\/tbody>\n<\/table>\n<table cellspacing=\"0\" cellpadding=\"1\" border=\"0\" class=\" cke_show_border\">\n<tbody>\n<tr>\n<td align=\"right\" valign=\"bottom\" width=\"30\" nowrap=\"nowrap\">17<\/td>\n<td valign=\"bottom\" width=\"480\" nowrap=\"nowrap\">&nbsp;<a data-cke-saved-href=\"https:\/\/et2.amazone.de\/zeige_teil.asp?herst=AMA&amp;fam=05&amp;typ=92&amp;hg=18&amp;pos=17\" href=\"https:\/\/et2.amazone.de\/zeige_teil.asp?herst=AMA&amp;fam=05&amp;typ=92&amp;hg=18&amp;pos=17\" title=\"Poka&#380; rysunek rozwini&#281;ty\">Beleuchtung ab 2011<\/a><\/td>\n<td valign=\"bottom\" nowrap=\"nowrap\">Catros+ 3001, 3501 (MH642)&nbsp;<small>&#8211; ab 03-2010&nbsp;<\/small><\/td>\n<\/tr>\n<tr>\n<td align=\"right\" valign=\"bottom\" width=\"30\" nowrap=\"nowrap\">17<\/td>\n<td valign=\"bottom\" width=\"480\" nowrap=\"nowrap\">&nbsp;<a data-cke-saved-href=\"https:\/\/et2.amazone.de\/zeige_teil.asp?herst=AMA&amp;fam=05&amp;typ=95&amp;hg=7&amp;pos=17\" href=\"https:\/\/et2.amazone.de\/zeige_teil.asp?herst=AMA&amp;fam=05&amp;typ=95&amp;hg=7&amp;pos=17\" title=\"Poka&#380; rysunek rozwini&#281;ty\">Beleuchtung<\/a><\/td>\n<td valign=\"bottom\" nowrap=\"nowrap\">Catros+ 3001, 3501, 4001 (MH656)&nbsp;<small>&#8211; ab 03-2011&nbsp;<\/small><\/td>\n<\/tr>\n<tr>\n<td align=\"right\" valign=\"bottom\" width=\"30\" nowrap=\"nowrap\">5<\/td>\n<td valign=\"bottom\" width=\"480\" nowrap=\"nowrap\">&nbsp;<a data-cke-saved-href=\"https:\/\/et2.amazone.de\/zeige_teil.asp?herst=AMA&amp;fam=06&amp;typ=18&amp;hg=14&amp;pos=5\" href=\"https:\/\/et2.amazone.de\/zeige_teil.asp?herst=AMA&amp;fam=06&amp;typ=18&amp;hg=14&amp;pos=5\" title=\"Poka&#380; rysunek rozwini&#281;ty\">Beleuchtung Heck ab Bj.2009 !<\/a><\/td>\n<td valign=\"bottom\" nowrap=\"nowrap\">E+S 300 \/ 750 (MH529)&nbsp;<small>&#8211; ab 10-2002&nbsp;bis 08-2011<\/small><\/td>\n<\/tr>\n<tr>\n<td align=\"right\" valign=\"bottom\" width=\"30\" nowrap=\"nowrap\">5<\/td>\n<td valign=\"bottom\" width=\"480\" nowrap=\"nowrap\">&nbsp;<a data-cke-saved-href=\"https:\/\/et2.amazone.de\/zeige_teil.asp?herst=AMA&amp;fam=06&amp;typ=28&amp;hg=16&amp;pos=5\" href=\"https:\/\/et2.amazone.de\/zeige_teil.asp?herst=AMA&amp;fam=06&amp;typ=28&amp;hg=16&amp;pos=5\" title=\"Poka&#380; rysunek rozwini&#281;ty\">Beleuchtung E+S<\/a><\/td>\n<td valign=\"bottom\" nowrap=\"nowrap\">E+S und E+S H (MH673)&nbsp;<small>&#8211; ab 09-2011&nbsp;bis 10-2017<\/small><\/td>\n<\/tr>\n<\/tbody>\n<\/table>\n","protected":false},"excerpt":{"rendered":"<p>Zastosowanie cz&#281;&#347;ci&nbsp;NA222Artyku&#322; NA222 jest tak&#380;e cz&#281;&#347;&#263; nast&#281;pna: NA115 , NA125 , Prosz&#281; klikn&#261;&#263; na nazwy podzespo&#322;\u00f3w, aby wywo&#322;a&#263; odpowiedni&#261; ilustracj&#281;.Szukan&#261; cz&#281;&#347;&#263; mo&#380;na rozpozna&#263; po numerze pozycji. Poz. &nbsp;w podzespole Produkt 30 &nbsp;Heckbeleuchtung ZA-XW 503 ZA-X 03 (MH994)&nbsp;&#8211; ab 06-2021&nbsp; 30 &nbsp;Heckbeleuchtung ZA-X 603 \/ 1403 ZA-X 03 (MH994)&nbsp;&#8211; ab 06-2021&nbsp; 5 &nbsp;Beleuchtung Heck ZA-U (MH272)&nbsp;&#8211;&#8230;<\/p>\n","protected":false},"featured_media":16011,"template":"","meta":{"_kad_post_transparent":"default","_kad_post_title":"","_kad_post_layout":"default","_kad_post_sidebar_id":"","_kad_post_content_style":"default","_kad_post_vertical_padding":"default","_kad_post_feature":"","_kad_post_feature_position":"","_kad_post_header":false,"_kad_post_footer":false},"product_cat":[312,314,319,272,269,289],"product_tag":[],"class_list":{"0":"post-14609","1":"product","2":"type-product","3":"status-publish","4":"has-post-thumbnail","6":"product_cat-amazone","7":"product_cat-amazone-opryskiwacze","8":"product_cat-amazone-brony-talerzowe","9":"product_cat-brony-talerzowe","10":"product_cat-rozsiewacze","11":"product_cat-sklep-internetowy","13":"first","14":"instock","15":"taxable","16":"shipping-taxable","17":"purchasable","18":"product-type-simple","19":"entry","20":"content-bg","21":"loop-entry"},"yoast_head":"<!-- This site is optimized with the Yoast SEO plugin v24.9 - https:\/\/yoast.com\/wordpress\/plugins\/seo\/ -->\n<title>LAMPA KOMPLETNA ROZSIEWACZA AMAZONE TYLNA Z KABLEM   A6-3-3 - AMATECH - Maszyny rolnicze, cz\u0119\u015bci zamienne, serwis<\/title>\n<meta name=\"robots\" content=\"index, follow, max-snippet:-1, max-image-preview:large, max-video-preview:-1\" \/>\n<link rel=\"canonical\" href=\"https:\/\/amatech.com.pl\/sklep\/czesci-zamienne\/lampa-kompletna-rozsiewacza-amazone-tylna-z-kablem-ix-3-1\/\" \/>\n<meta property=\"og:locale\" content=\"pl_PL\" \/>\n<meta property=\"og:type\" content=\"article\" \/>\n<meta property=\"og:title\" content=\"LAMPA KOMPLETNA ROZSIEWACZA AMAZONE TYLNA Z KABLEM   A6-3-3 - AMATECH - Maszyny rolnicze, cz\u0119\u015bci zamienne, serwis\" \/>\n<meta property=\"og:description\" content=\"Zastosowanie cz&#281;&#347;ci&nbsp;NA222Artyku&#322; NA222 jest tak&#380;e cz&#281;&#347;&#263; nast&#281;pna: NA115 , NA125 , Prosz&#281; klikn&#261;&#263; na nazwy podzespo&#322;\u00f3w, aby wywo&#322;a&#263; odpowiedni&#261; ilustracj&#281;.Szukan&#261; cz&#281;&#347;&#263; mo&#380;na rozpozna&#263; po numerze pozycji. Poz. &nbsp;w podzespole Produkt 30 &nbsp;Heckbeleuchtung ZA-XW 503 ZA-X 03 (MH994)&nbsp;&#8211; ab 06-2021&nbsp; 30 &nbsp;Heckbeleuchtung ZA-X 603 \/ 1403 ZA-X 03 (MH994)&nbsp;&#8211; ab 06-2021&nbsp; 5 &nbsp;Beleuchtung Heck ZA-U (MH272)&nbsp;&#8211;...\" \/>\n<meta property=\"og:url\" content=\"https:\/\/amatech.com.pl\/sklep\/czesci-zamienne\/lampa-kompletna-rozsiewacza-amazone-tylna-z-kablem-ix-3-1\/\" \/>\n<meta property=\"og:site_name\" content=\"AMATECH - Maszyny rolnicze, cz\u0119\u015bci zamienne, serwis\" \/>\n<meta property=\"article:publisher\" content=\"https:\/\/www.facebook.com\/amatech.poznanski\/\" \/>\n<meta property=\"article:modified_time\" content=\"2026-03-27T08:34:33+00:00\" \/>\n<meta property=\"og:image\" content=\"https:\/\/amatech.com.pl\/sklep\/wp-content\/uploads\/2023\/11\/LAMPA-KOMPLETNA-ROZSIEWACZA-AMAZONE-TYLNA-Z-KABLEM-IX-3-1.jpg\" \/>\n\t<meta property=\"og:image:width\" content=\"640\" \/>\n\t<meta property=\"og:image:height\" content=\"384\" \/>\n\t<meta property=\"og:image:type\" content=\"image\/jpeg\" \/>\n<meta name=\"twitter:card\" content=\"summary_large_image\" \/>\n<meta name=\"twitter:label1\" content=\"Szacowany czas czytania\" \/>\n\t<meta name=\"twitter:data1\" content=\"2 minuty\" \/>\n<script type=\"application\/ld+json\" class=\"yoast-schema-graph\">{\"@context\":\"https:\/\/schema.org\",\"@graph\":[{\"@type\":\"WebPage\",\"@id\":\"https:\/\/amatech.com.pl\/sklep\/czesci-zamienne\/lampa-kompletna-rozsiewacza-amazone-tylna-z-kablem-ix-3-1\/\",\"url\":\"https:\/\/amatech.com.pl\/sklep\/czesci-zamienne\/lampa-kompletna-rozsiewacza-amazone-tylna-z-kablem-ix-3-1\/\",\"name\":\"LAMPA KOMPLETNA ROZSIEWACZA AMAZONE TYLNA Z KABLEM A6-3-3 - AMATECH - Maszyny rolnicze, cz\u0119\u015bci zamienne, serwis\",\"isPartOf\":{\"@id\":\"https:\/\/amatech.com.pl\/sklep\/#website\"},\"primaryImageOfPage\":{\"@id\":\"https:\/\/amatech.com.pl\/sklep\/czesci-zamienne\/lampa-kompletna-rozsiewacza-amazone-tylna-z-kablem-ix-3-1\/#primaryimage\"},\"image\":{\"@id\":\"https:\/\/amatech.com.pl\/sklep\/czesci-zamienne\/lampa-kompletna-rozsiewacza-amazone-tylna-z-kablem-ix-3-1\/#primaryimage\"},\"thumbnailUrl\":\"https:\/\/amatech.com.pl\/sklep\/wp-content\/uploads\/2023\/11\/LAMPA-KOMPLETNA-ROZSIEWACZA-AMAZONE-TYLNA-Z-KABLEM-IX-3-1.jpg\",\"datePublished\":\"2023-05-22T12:32:54+00:00\",\"dateModified\":\"2026-03-27T08:34:33+00:00\",\"breadcrumb\":{\"@id\":\"https:\/\/amatech.com.pl\/sklep\/czesci-zamienne\/lampa-kompletna-rozsiewacza-amazone-tylna-z-kablem-ix-3-1\/#breadcrumb\"},\"inLanguage\":\"pl-PL\",\"potentialAction\":[{\"@type\":\"ReadAction\",\"target\":[\"https:\/\/amatech.com.pl\/sklep\/czesci-zamienne\/lampa-kompletna-rozsiewacza-amazone-tylna-z-kablem-ix-3-1\/\"]}]},{\"@type\":\"ImageObject\",\"inLanguage\":\"pl-PL\",\"@id\":\"https:\/\/amatech.com.pl\/sklep\/czesci-zamienne\/lampa-kompletna-rozsiewacza-amazone-tylna-z-kablem-ix-3-1\/#primaryimage\",\"url\":\"https:\/\/amatech.com.pl\/sklep\/wp-content\/uploads\/2023\/11\/LAMPA-KOMPLETNA-ROZSIEWACZA-AMAZONE-TYLNA-Z-KABLEM-IX-3-1.jpg\",\"contentUrl\":\"https:\/\/amatech.com.pl\/sklep\/wp-content\/uploads\/2023\/11\/LAMPA-KOMPLETNA-ROZSIEWACZA-AMAZONE-TYLNA-Z-KABLEM-IX-3-1.jpg\",\"width\":640,\"height\":384,\"caption\":\"LAMPA KOMPLETNA ROZSIEWACZA AMAZONE TYLNA Z KABLEM IX-3-1\"},{\"@type\":\"BreadcrumbList\",\"@id\":\"https:\/\/amatech.com.pl\/sklep\/czesci-zamienne\/lampa-kompletna-rozsiewacza-amazone-tylna-z-kablem-ix-3-1\/#breadcrumb\",\"itemListElement\":[{\"@type\":\"ListItem\",\"position\":1,\"name\":\"Strona g\u0142\u00f3wna\",\"item\":\"https:\/\/amatech.com.pl\/sklep\/\"},{\"@type\":\"ListItem\",\"position\":2,\"name\":\"Sklep\",\"item\":\"https:\/\/amatech.com.pl\/sklep\/\"},{\"@type\":\"ListItem\",\"position\":3,\"name\":\"LAMPA KOMPLETNA ROZSIEWACZA AMAZONE TYLNA Z KABLEM A6-3-3\"}]},{\"@type\":\"WebSite\",\"@id\":\"https:\/\/amatech.com.pl\/sklep\/#website\",\"url\":\"https:\/\/amatech.com.pl\/sklep\/\",\"name\":\"AMATECH - Maszyny rolnicze, cz\u0119\u015bci zamienne, serwis\",\"description\":\"AMATECH - Jaros\u0142aw Pozna\u0144ski - Zajmujemy si\u0119 sprzeda\u017c\u0105 maszyn i urz\u0105dze\u0144 rolniczych budowlanych oraz oryginalnych cz\u0119\u015bci zamiennych. Sklep on-line.\",\"publisher\":{\"@id\":\"https:\/\/amatech.com.pl\/sklep\/#organization\"},\"potentialAction\":[{\"@type\":\"SearchAction\",\"target\":{\"@type\":\"EntryPoint\",\"urlTemplate\":\"https:\/\/amatech.com.pl\/sklep\/?s={search_term_string}\"},\"query-input\":{\"@type\":\"PropertyValueSpecification\",\"valueRequired\":true,\"valueName\":\"search_term_string\"}}],\"inLanguage\":\"pl-PL\"},{\"@type\":\"Organization\",\"@id\":\"https:\/\/amatech.com.pl\/sklep\/#organization\",\"name\":\"AMATECH - Maszyny rolnicze, cz\u0119\u015bci zamienne, amazone, krone\",\"url\":\"https:\/\/amatech.com.pl\/sklep\/\",\"logo\":{\"@type\":\"ImageObject\",\"inLanguage\":\"pl-PL\",\"@id\":\"https:\/\/amatech.com.pl\/sklep\/#\/schema\/logo\/image\/\",\"url\":\"https:\/\/amatech.com.pl\/sklep\/wp-content\/uploads\/2021\/11\/amatech-logo.png\",\"contentUrl\":\"https:\/\/amatech.com.pl\/sklep\/wp-content\/uploads\/2021\/11\/amatech-logo.png\",\"width\":266,\"height\":57,\"caption\":\"AMATECH - Maszyny rolnicze, cz\u0119\u015bci zamienne, amazone, krone\"},\"image\":{\"@id\":\"https:\/\/amatech.com.pl\/sklep\/#\/schema\/logo\/image\/\"},\"sameAs\":[\"https:\/\/www.facebook.com\/amatech.poznanski\/\"]}]}<\/script>\n<!-- \/ Yoast SEO plugin. -->","yoast_head_json":{"title":"LAMPA KOMPLETNA ROZSIEWACZA AMAZONE TYLNA Z KABLEM   A6-3-3 - AMATECH - Maszyny rolnicze, cz\u0119\u015bci zamienne, serwis","robots":{"index":"index","follow":"follow","max-snippet":"max-snippet:-1","max-image-preview":"max-image-preview:large","max-video-preview":"max-video-preview:-1"},"canonical":"https:\/\/amatech.com.pl\/sklep\/czesci-zamienne\/lampa-kompletna-rozsiewacza-amazone-tylna-z-kablem-ix-3-1\/","og_locale":"pl_PL","og_type":"article","og_title":"LAMPA KOMPLETNA ROZSIEWACZA AMAZONE TYLNA Z KABLEM   A6-3-3 - AMATECH - Maszyny rolnicze, cz\u0119\u015bci zamienne, serwis","og_description":"Zastosowanie cz&#281;&#347;ci&nbsp;NA222Artyku&#322; NA222 jest tak&#380;e cz&#281;&#347;&#263; nast&#281;pna: NA115 , NA125 , Prosz&#281; klikn&#261;&#263; na nazwy podzespo&#322;\u00f3w, aby wywo&#322;a&#263; odpowiedni&#261; ilustracj&#281;.Szukan&#261; cz&#281;&#347;&#263; mo&#380;na rozpozna&#263; po numerze pozycji. Poz. &nbsp;w podzespole Produkt 30 &nbsp;Heckbeleuchtung ZA-XW 503 ZA-X 03 (MH994)&nbsp;&#8211; ab 06-2021&nbsp; 30 &nbsp;Heckbeleuchtung ZA-X 603 \/ 1403 ZA-X 03 (MH994)&nbsp;&#8211; ab 06-2021&nbsp; 5 &nbsp;Beleuchtung Heck ZA-U (MH272)&nbsp;&#8211;...","og_url":"https:\/\/amatech.com.pl\/sklep\/czesci-zamienne\/lampa-kompletna-rozsiewacza-amazone-tylna-z-kablem-ix-3-1\/","og_site_name":"AMATECH - Maszyny rolnicze, cz\u0119\u015bci zamienne, serwis","article_publisher":"https:\/\/www.facebook.com\/amatech.poznanski\/","article_modified_time":"2026-03-27T08:34:33+00:00","og_image":[{"width":640,"height":384,"url":"https:\/\/amatech.com.pl\/sklep\/wp-content\/uploads\/2023\/11\/LAMPA-KOMPLETNA-ROZSIEWACZA-AMAZONE-TYLNA-Z-KABLEM-IX-3-1.jpg","type":"image\/jpeg"}],"twitter_card":"summary_large_image","twitter_misc":{"Szacowany czas czytania":"2 minuty"},"schema":{"@context":"https:\/\/schema.org","@graph":[{"@type":"WebPage","@id":"https:\/\/amatech.com.pl\/sklep\/czesci-zamienne\/lampa-kompletna-rozsiewacza-amazone-tylna-z-kablem-ix-3-1\/","url":"https:\/\/amatech.com.pl\/sklep\/czesci-zamienne\/lampa-kompletna-rozsiewacza-amazone-tylna-z-kablem-ix-3-1\/","name":"LAMPA KOMPLETNA ROZSIEWACZA AMAZONE TYLNA Z KABLEM A6-3-3 - AMATECH - Maszyny rolnicze, cz\u0119\u015bci zamienne, serwis","isPartOf":{"@id":"https:\/\/amatech.com.pl\/sklep\/#website"},"primaryImageOfPage":{"@id":"https:\/\/amatech.com.pl\/sklep\/czesci-zamienne\/lampa-kompletna-rozsiewacza-amazone-tylna-z-kablem-ix-3-1\/#primaryimage"},"image":{"@id":"https:\/\/amatech.com.pl\/sklep\/czesci-zamienne\/lampa-kompletna-rozsiewacza-amazone-tylna-z-kablem-ix-3-1\/#primaryimage"},"thumbnailUrl":"https:\/\/amatech.com.pl\/sklep\/wp-content\/uploads\/2023\/11\/LAMPA-KOMPLETNA-ROZSIEWACZA-AMAZONE-TYLNA-Z-KABLEM-IX-3-1.jpg","datePublished":"2023-05-22T12:32:54+00:00","dateModified":"2026-03-27T08:34:33+00:00","breadcrumb":{"@id":"https:\/\/amatech.com.pl\/sklep\/czesci-zamienne\/lampa-kompletna-rozsiewacza-amazone-tylna-z-kablem-ix-3-1\/#breadcrumb"},"inLanguage":"pl-PL","potentialAction":[{"@type":"ReadAction","target":["https:\/\/amatech.com.pl\/sklep\/czesci-zamienne\/lampa-kompletna-rozsiewacza-amazone-tylna-z-kablem-ix-3-1\/"]}]},{"@type":"ImageObject","inLanguage":"pl-PL","@id":"https:\/\/amatech.com.pl\/sklep\/czesci-zamienne\/lampa-kompletna-rozsiewacza-amazone-tylna-z-kablem-ix-3-1\/#primaryimage","url":"https:\/\/amatech.com.pl\/sklep\/wp-content\/uploads\/2023\/11\/LAMPA-KOMPLETNA-ROZSIEWACZA-AMAZONE-TYLNA-Z-KABLEM-IX-3-1.jpg","contentUrl":"https:\/\/amatech.com.pl\/sklep\/wp-content\/uploads\/2023\/11\/LAMPA-KOMPLETNA-ROZSIEWACZA-AMAZONE-TYLNA-Z-KABLEM-IX-3-1.jpg","width":640,"height":384,"caption":"LAMPA KOMPLETNA ROZSIEWACZA AMAZONE TYLNA Z KABLEM IX-3-1"},{"@type":"BreadcrumbList","@id":"https:\/\/amatech.com.pl\/sklep\/czesci-zamienne\/lampa-kompletna-rozsiewacza-amazone-tylna-z-kablem-ix-3-1\/#breadcrumb","itemListElement":[{"@type":"ListItem","position":1,"name":"Strona g\u0142\u00f3wna","item":"https:\/\/amatech.com.pl\/sklep\/"},{"@type":"ListItem","position":2,"name":"Sklep","item":"https:\/\/amatech.com.pl\/sklep\/"},{"@type":"ListItem","position":3,"name":"LAMPA KOMPLETNA ROZSIEWACZA AMAZONE TYLNA Z KABLEM A6-3-3"}]},{"@type":"WebSite","@id":"https:\/\/amatech.com.pl\/sklep\/#website","url":"https:\/\/amatech.com.pl\/sklep\/","name":"AMATECH - Maszyny rolnicze, cz\u0119\u015bci zamienne, serwis","description":"AMATECH - Jaros\u0142aw Pozna\u0144ski - Zajmujemy si\u0119 sprzeda\u017c\u0105 maszyn i urz\u0105dze\u0144 rolniczych budowlanych oraz oryginalnych cz\u0119\u015bci zamiennych. Sklep on-line.","publisher":{"@id":"https:\/\/amatech.com.pl\/sklep\/#organization"},"potentialAction":[{"@type":"SearchAction","target":{"@type":"EntryPoint","urlTemplate":"https:\/\/amatech.com.pl\/sklep\/?s={search_term_string}"},"query-input":{"@type":"PropertyValueSpecification","valueRequired":true,"valueName":"search_term_string"}}],"inLanguage":"pl-PL"},{"@type":"Organization","@id":"https:\/\/amatech.com.pl\/sklep\/#organization","name":"AMATECH - Maszyny rolnicze, cz\u0119\u015bci zamienne, amazone, krone","url":"https:\/\/amatech.com.pl\/sklep\/","logo":{"@type":"ImageObject","inLanguage":"pl-PL","@id":"https:\/\/amatech.com.pl\/sklep\/#\/schema\/logo\/image\/","url":"https:\/\/amatech.com.pl\/sklep\/wp-content\/uploads\/2021\/11\/amatech-logo.png","contentUrl":"https:\/\/amatech.com.pl\/sklep\/wp-content\/uploads\/2021\/11\/amatech-logo.png","width":266,"height":57,"caption":"AMATECH - Maszyny rolnicze, cz\u0119\u015bci zamienne, amazone, krone"},"image":{"@id":"https:\/\/amatech.com.pl\/sklep\/#\/schema\/logo\/image\/"},"sameAs":["https:\/\/www.facebook.com\/amatech.poznanski\/"]}]}},"_links":{"self":[{"href":"https:\/\/amatech.com.pl\/sklep\/wp-json\/wp\/v2\/product\/14609"}],"collection":[{"href":"https:\/\/amatech.com.pl\/sklep\/wp-json\/wp\/v2\/product"}],"about":[{"href":"https:\/\/amatech.com.pl\/sklep\/wp-json\/wp\/v2\/types\/product"}],"wp:featuredmedia":[{"embeddable":true,"href":"https:\/\/amatech.com.pl\/sklep\/wp-json\/wp\/v2\/media\/16011"}],"wp:attachment":[{"href":"https:\/\/amatech.com.pl\/sklep\/wp-json\/wp\/v2\/media?parent=14609"}],"wp:term":[{"taxonomy":"product_cat","embeddable":true,"href":"https:\/\/amatech.com.pl\/sklep\/wp-json\/wp\/v2\/product_cat?post=14609"},{"taxonomy":"product_tag","embeddable":true,"href":"https:\/\/amatech.com.pl\/sklep\/wp-json\/wp\/v2\/product_tag?post=14609"}],"curies":[{"name":"wp","href":"https:\/\/api.w.org\/{rel}","templated":true}]}}