{"id":14629,"date":"2023-05-22T14:33:29","date_gmt":"2023-05-22T12:33:29","guid":{"rendered":"https:\/\/amatech.com.pl\/sklep\/czesci-zamienne\/czujnik-cisnienia-0-10-bar-viii-1-3\/"},"modified":"2026-03-11T06:48:05","modified_gmt":"2026-03-11T05:48:05","slug":"czujnik-cisnienia-0-10-bar-viii-1-3","status":"publish","type":"product","link":"https:\/\/amatech.com.pl\/sklep\/czesci-zamienne\/czujnik-cisnienia-0-10-bar-viii-1-3\/","title":{"rendered":"CZUJNIK CI\u015aNIENIA 0-10 BAR     A7-2-3"},"content":{"rendered":"<h3>Zastosowanie cz&#281;&#347;ci&nbsp;NH162<\/h3>\n<p>Prosz&#281; klikn&#261;&#263; na nazwy podzespo&#322;\u00f3w, aby wywo&#322;a&#263; odpowiedni&#261; ilustracj&#281;.<br \/>Szukan&#261; cz&#281;&#347;&#263; mo&#380;na rozpozna&#263; po numerze pozycji.<\/p>\n<table cellspacing=\"0\" cellpadding=\"1\" border=\"0\" class=\" cke_show_border\">\n<tbody>\n<tr>\n<td align=\"right\" valign=\"bottom\" width=\"30\" nowrap=\"nowrap\"><b>Poz.<\/b><\/td>\n<td valign=\"bottom\" width=\"480\" nowrap=\"nowrap\"><b>&nbsp;w podzespole<\/b><\/td>\n<td valign=\"bottom\" nowrap=\"nowrap\"><b>Produkt<\/b><\/td>\n<\/tr>\n<tr>\n<td align=\"right\" valign=\"bottom\" width=\"30\" nowrap=\"nowrap\">31<\/td>\n<td valign=\"bottom\" width=\"480\" nowrap=\"nowrap\">&nbsp;<a data-cke-saved-href=\"https:\/\/et2.amazone.de\/zeige_teil.asp?herst=AMA&amp;fam=02&amp;typ=45&amp;hg=138&amp;pos=31\" href=\"https:\/\/et2.amazone.de\/zeige_teil.asp?herst=AMA&amp;fam=02&amp;typ=45&amp;hg=138&amp;pos=31\" title=\"Poka&#380; rysunek rozwini&#281;ty\">UX 01 Profi-Klappung AmaSelect<\/a><\/td>\n<td valign=\"bottom\" nowrap=\"nowrap\">UX 4201-UX 6201 ab 03-2017 und UX 7601\/UX 8601 ab 12-2020 (MH879)&nbsp;<small>&#8211; ab 03-2017&nbsp;<\/small><\/td>\n<\/tr>\n<tr>\n<td align=\"right\" valign=\"bottom\" width=\"30\" nowrap=\"nowrap\">31<\/td>\n<td valign=\"bottom\" width=\"480\" nowrap=\"nowrap\">&nbsp;<a data-cke-saved-href=\"https:\/\/et2.amazone.de\/zeige_teil.asp?herst=AMA&amp;fam=02&amp;typ=45&amp;hg=139&amp;pos=31\" href=\"https:\/\/et2.amazone.de\/zeige_teil.asp?herst=AMA&amp;fam=02&amp;typ=45&amp;hg=139&amp;pos=31\" title=\"Poka&#380; rysunek rozwini&#281;ty\">UX 01 Profi-Klappung AmaSwitch<\/a><\/td>\n<td valign=\"bottom\" nowrap=\"nowrap\">UX 4201-UX 6201 ab 03-2017 und UX 7601\/UX 8601 ab 12-2020 (MH879)&nbsp;<small>&#8211; ab 03-2017&nbsp;<\/small><\/td>\n<\/tr>\n<tr>\n<td align=\"right\" valign=\"bottom\" width=\"30\" nowrap=\"nowrap\">2<\/td>\n<td valign=\"bottom\" width=\"480\" nowrap=\"nowrap\">&nbsp;<a data-cke-saved-href=\"https:\/\/et2.amazone.de\/zeige_teil.asp?herst=AMA&amp;fam=02&amp;typ=45&amp;hg=345&amp;pos=2\" href=\"https:\/\/et2.amazone.de\/zeige_teil.asp?herst=AMA&amp;fam=02&amp;typ=45&amp;hg=345&amp;pos=2\" title=\"Poka&#380; rysunek rozwini&#281;ty\">TG Armatur-Druckaufnahme frostsicher<\/a><\/td>\n<td valign=\"bottom\" nowrap=\"nowrap\">UX 4201-UX 6201 ab 03-2017 und UX 7601\/UX 8601 ab 12-2020 (MH879)&nbsp;<small>&#8211; ab 03-2017&nbsp;<\/small><\/td>\n<\/tr>\n<tr>\n<td align=\"right\" valign=\"bottom\" width=\"30\" nowrap=\"nowrap\">2<\/td>\n<td valign=\"bottom\" width=\"480\" nowrap=\"nowrap\">&nbsp;<a data-cke-saved-href=\"https:\/\/et2.amazone.de\/zeige_teil.asp?herst=AMA&amp;fam=02&amp;typ=45&amp;hg=78&amp;pos=2\" href=\"https:\/\/et2.amazone.de\/zeige_teil.asp?herst=AMA&amp;fam=02&amp;typ=45&amp;hg=78&amp;pos=2\" title=\"Poka&#380; rysunek rozwini&#281;ty\">CP\/CP Plus &#8211; Druckaufnahme frostsicher<\/a><\/td>\n<td valign=\"bottom\" nowrap=\"nowrap\">UX 4201-UX 6201 ab 03-2017 und UX 7601\/UX 8601 ab 12-2020 (MH879)&nbsp;<small>&#8211; ab 03-2017&nbsp;<\/small><\/td>\n<\/tr>\n<tr>\n<td align=\"right\" valign=\"bottom\" width=\"30\" nowrap=\"nowrap\">40<\/td>\n<td valign=\"bottom\" width=\"480\" nowrap=\"nowrap\">&nbsp;<a data-cke-saved-href=\"https:\/\/et2.amazone.de\/zeige_teil.asp?herst=AMA&amp;fam=02&amp;typ=47&amp;hg=132&amp;pos=40\" href=\"https:\/\/et2.amazone.de\/zeige_teil.asp?herst=AMA&amp;fam=02&amp;typ=47&amp;hg=132&amp;pos=40\" title=\"Poka&#380; rysunek rozwini&#281;ty\">Druckaufnahme frostsicher<\/a><\/td>\n<td valign=\"bottom\" nowrap=\"nowrap\">UF 02 (MH920)&nbsp;<small>&#8211; ab 02-2018&nbsp;<\/small><\/td>\n<\/tr>\n<tr>\n<td align=\"right\" valign=\"bottom\" width=\"30\" nowrap=\"nowrap\">2<\/td>\n<td valign=\"bottom\" width=\"480\" nowrap=\"nowrap\">&nbsp;<a data-cke-saved-href=\"https:\/\/et2.amazone.de\/zeige_teil.asp?herst=AMA&amp;fam=02&amp;typ=47&amp;hg=29&amp;pos=2\" href=\"https:\/\/et2.amazone.de\/zeige_teil.asp?herst=AMA&amp;fam=02&amp;typ=47&amp;hg=29&amp;pos=2\" title=\"Poka&#380; rysunek rozwini&#281;ty\">Druckaufnahme frostsicher<\/a><\/td>\n<td valign=\"bottom\" nowrap=\"nowrap\">UF 02 (MH920)&nbsp;<small>&#8211; ab 02-2018&nbsp;<\/small><\/td>\n<\/tr>\n<tr>\n<td align=\"right\" valign=\"bottom\" width=\"30\" nowrap=\"nowrap\">11<\/td>\n<td valign=\"bottom\" width=\"480\" nowrap=\"nowrap\">&nbsp;<a data-cke-saved-href=\"https:\/\/et2.amazone.de\/zeige_teil.asp?herst=AMA&amp;fam=02&amp;typ=47&amp;hg=92&amp;pos=11\" href=\"https:\/\/et2.amazone.de\/zeige_teil.asp?herst=AMA&amp;fam=02&amp;typ=47&amp;hg=92&amp;pos=11\" title=\"Poka&#380; rysunek rozwini&#281;ty\">ISO Profiklappung AmaSwitch<\/a><\/td>\n<td valign=\"bottom\" nowrap=\"nowrap\">UF 02 (MH920)&nbsp;<small>&#8211; ab 02-2018&nbsp;<\/small><\/td>\n<\/tr>\n<tr>\n<td align=\"right\" valign=\"bottom\" width=\"30\" nowrap=\"nowrap\">13<\/td>\n<td valign=\"bottom\" width=\"480\" nowrap=\"nowrap\">&nbsp;<a data-cke-saved-href=\"https:\/\/et2.amazone.de\/zeige_teil.asp?herst=AMA&amp;fam=02&amp;typ=53&amp;hg=169&amp;pos=13\" href=\"https:\/\/et2.amazone.de\/zeige_teil.asp?herst=AMA&amp;fam=02&amp;typ=53&amp;hg=169&amp;pos=13\" title=\"Poka&#380; rysunek rozwini&#281;ty\">Br\u00fchearmatur &#8211; Ventil R\u00fchrwerk (1)<\/a><\/td>\n<td valign=\"bottom\" nowrap=\"nowrap\">Pantera 4503 (MH935)&nbsp;<small>&#8211; ab 09-2018&nbsp;<\/small><\/td>\n<\/tr>\n<tr>\n<td align=\"right\" valign=\"bottom\" width=\"30\" nowrap=\"nowrap\">2<\/td>\n<td valign=\"bottom\" width=\"480\" nowrap=\"nowrap\">&nbsp;<a data-cke-saved-href=\"https:\/\/et2.amazone.de\/zeige_teil.asp?herst=AMA&amp;fam=02&amp;typ=56&amp;hg=26&amp;pos=2\" href=\"https:\/\/et2.amazone.de\/zeige_teil.asp?herst=AMA&amp;fam=02&amp;typ=56&amp;hg=26&amp;pos=2\" title=\"Poka&#380; rysunek rozwini&#281;ty\">Druckaufnahme frostsicher<\/a><\/td>\n<td valign=\"bottom\" nowrap=\"nowrap\">UX 11201 Super ab 11.2019 (MH950)&nbsp;<small>&#8211; ab 11-2019&nbsp;<\/small><\/td>\n<\/tr>\n<tr>\n<td align=\"right\" valign=\"bottom\" width=\"30\" nowrap=\"nowrap\">31<\/td>\n<td valign=\"bottom\" width=\"480\" nowrap=\"nowrap\">&nbsp;<a data-cke-saved-href=\"https:\/\/et2.amazone.de\/zeige_teil.asp?herst=AMA&amp;fam=02&amp;typ=56&amp;hg=29&amp;pos=31\" href=\"https:\/\/et2.amazone.de\/zeige_teil.asp?herst=AMA&amp;fam=02&amp;typ=56&amp;hg=29&amp;pos=31\" title=\"Poka&#380; rysunek rozwini&#281;ty\">UX11201 Profi-Klappung AmaSelect<\/a><\/td>\n<td valign=\"bottom\" nowrap=\"nowrap\">UX 11201 Super ab 11.2019 (MH950)&nbsp;<small>&#8211; ab 11-2019&nbsp;<\/small><\/td>\n<\/tr>\n<\/tbody>\n<\/table>\n<table cellspacing=\"0\" cellpadding=\"1\" border=\"0\" class=\" cke_show_border\">\n<tbody>\n<tr>\n<td align=\"right\" valign=\"bottom\" width=\"30\" nowrap=\"nowrap\">31<\/td>\n<td valign=\"bottom\" width=\"480\" nowrap=\"nowrap\">&nbsp;<a data-cke-saved-href=\"https:\/\/et2.amazone.de\/zeige_teil.asp?herst=AMA&amp;fam=02&amp;typ=56&amp;hg=30&amp;pos=31\" href=\"https:\/\/et2.amazone.de\/zeige_teil.asp?herst=AMA&amp;fam=02&amp;typ=56&amp;hg=30&amp;pos=31\" title=\"Poka&#380; rysunek rozwini&#281;ty\">UX11201 Profi-Klappung AmaSwitch<\/a><\/td>\n<td valign=\"bottom\" nowrap=\"nowrap\">UX 11201 Super ab 11.2019 (MH950)&nbsp;<small>&#8211; ab 11-2019&nbsp;<\/small><\/td>\n<\/tr>\n<tr>\n<td align=\"right\" valign=\"bottom\" width=\"30\" nowrap=\"nowrap\">100<\/td>\n<td valign=\"bottom\" width=\"480\" nowrap=\"nowrap\">&nbsp;<a data-cke-saved-href=\"https:\/\/et2.amazone.de\/zeige_teil.asp?herst=AMA&amp;fam=02&amp;typ=59&amp;hg=39&amp;pos=100\" href=\"https:\/\/et2.amazone.de\/zeige_teil.asp?herst=AMA&amp;fam=02&amp;typ=59&amp;hg=39&amp;pos=100\" title=\"Poka&#380; rysunek rozwini&#281;ty\">Pumpenausr\u00fcstung (7)<\/a><\/td>\n<td valign=\"bottom\" nowrap=\"nowrap\">Pantera 4504 (MH979)&nbsp;<small>&#8211; ab 07-2020&nbsp;<\/small><\/td>\n<\/tr>\n<tr>\n<td align=\"right\" valign=\"bottom\" width=\"30\" nowrap=\"nowrap\">20<\/td>\n<td valign=\"bottom\" width=\"480\" nowrap=\"nowrap\">&nbsp;<a data-cke-saved-href=\"https:\/\/et2.amazone.de\/zeige_teil.asp?herst=AMA&amp;fam=02&amp;typ=63&amp;hg=61&amp;pos=20\" href=\"https:\/\/et2.amazone.de\/zeige_teil.asp?herst=AMA&amp;fam=02&amp;typ=63&amp;hg=61&amp;pos=20\" title=\"Poka&#380; rysunek rozwini&#281;ty\">Druckaufnahme frostsicher FT-P<\/a><\/td>\n<td valign=\"bottom\" nowrap=\"nowrap\">FT-P 1502 (MH1009)&nbsp;<small>&#8211; ab 02-2022&nbsp;<\/small><\/td>\n<\/tr>\n<tr>\n<td align=\"right\" valign=\"bottom\" width=\"30\" nowrap=\"nowrap\">20<\/td>\n<td valign=\"bottom\" width=\"480\" nowrap=\"nowrap\">&nbsp;<a data-cke-saved-href=\"https:\/\/et2.amazone.de\/zeige_teil.asp?herst=AMA&amp;fam=03&amp;typ=89&amp;hg=154&amp;pos=20\" href=\"https:\/\/et2.amazone.de\/zeige_teil.asp?herst=AMA&amp;fam=03&amp;typ=89&amp;hg=154&amp;pos=20\" title=\"Poka&#380; rysunek rozwini&#281;ty\">Druckaufnahme Frostsicher ab den 01.2022<\/a><\/td>\n<td valign=\"bottom\" nowrap=\"nowrap\">Primera DMC 6000-2 (MH820)&nbsp;<small>&#8211; ab 01-2016&nbsp;<\/small><\/td>\n<\/tr>\n<tr>\n<td align=\"right\" valign=\"bottom\" width=\"30\" nowrap=\"nowrap\">20<\/td>\n<td valign=\"bottom\" width=\"480\" nowrap=\"nowrap\">&nbsp;<a data-cke-saved-href=\"https:\/\/et2.amazone.de\/zeige_teil.asp?herst=AMA&amp;fam=03&amp;typ=96&amp;hg=140&amp;pos=20\" href=\"https:\/\/et2.amazone.de\/zeige_teil.asp?herst=AMA&amp;fam=03&amp;typ=96&amp;hg=140&amp;pos=20\" title=\"Poka&#380; rysunek rozwini&#281;ty\">Druckaufnahme Frostsicher ab den 01.2022<\/a><\/td>\n<td valign=\"bottom\" nowrap=\"nowrap\">Primera DMC 9000-2 (MH859)&nbsp;<small>&#8211; ab 07-2016&nbsp;<\/small><\/td>\n<\/tr>\n<\/tbody>\n<\/table>\n","protected":false},"excerpt":{"rendered":"<p>Zastosowanie cz&#281;&#347;ci&nbsp;NH162 Prosz&#281; klikn&#261;&#263; na nazwy podzespo&#322;\u00f3w, aby wywo&#322;a&#263; odpowiedni&#261; ilustracj&#281;.Szukan&#261; cz&#281;&#347;&#263; mo&#380;na rozpozna&#263; po numerze pozycji. Poz. &nbsp;w podzespole Produkt 31 &nbsp;UX 01 Profi-Klappung AmaSelect UX 4201-UX 6201 ab 03-2017 und UX 7601\/UX 8601 ab 12-2020 (MH879)&nbsp;&#8211; ab 03-2017&nbsp; 31 &nbsp;UX 01 Profi-Klappung AmaSwitch UX 4201-UX 6201 ab 03-2017 und UX 7601\/UX 8601 ab&#8230;<\/p>\n","protected":false},"featured_media":16041,"template":"","meta":{"_kad_post_transparent":"","_kad_post_title":"","_kad_post_layout":"","_kad_post_sidebar_id":"","_kad_post_content_style":"","_kad_post_vertical_padding":"","_kad_post_feature":"","_kad_post_feature_position":"","_kad_post_header":false,"_kad_post_footer":false},"product_cat":[314,270,289],"product_tag":[],"class_list":{"0":"post-14629","1":"product","2":"type-product","3":"status-publish","4":"has-post-thumbnail","6":"product_cat-amazone-opryskiwacze","7":"product_cat-opryskiwacze","8":"product_cat-sklep-internetowy","10":"first","11":"instock","12":"taxable","13":"shipping-taxable","14":"purchasable","15":"product-type-simple","16":"entry","17":"content-bg","18":"loop-entry"},"yoast_head":"<!-- This site is optimized with the Yoast SEO plugin v24.9 - https:\/\/yoast.com\/wordpress\/plugins\/seo\/ -->\n<title>CZUJNIK CI\u015aNIENIA 0-10 BAR   A7-2-3 - AMATECH - Maszyny rolnicze, cz\u0119\u015bci zamienne, serwis<\/title>\n<meta name=\"robots\" content=\"index, follow, max-snippet:-1, max-image-preview:large, max-video-preview:-1\" \/>\n<link rel=\"canonical\" href=\"https:\/\/amatech.com.pl\/sklep\/czesci-zamienne\/czujnik-cisnienia-0-10-bar-viii-1-3\/\" \/>\n<meta property=\"og:locale\" content=\"pl_PL\" \/>\n<meta property=\"og:type\" content=\"article\" \/>\n<meta property=\"og:title\" content=\"CZUJNIK CI\u015aNIENIA 0-10 BAR   A7-2-3 - AMATECH - Maszyny rolnicze, cz\u0119\u015bci zamienne, serwis\" \/>\n<meta property=\"og:description\" content=\"Zastosowanie cz&#281;&#347;ci&nbsp;NH162 Prosz&#281; klikn&#261;&#263; na nazwy podzespo&#322;\u00f3w, aby wywo&#322;a&#263; odpowiedni&#261; ilustracj&#281;.Szukan&#261; cz&#281;&#347;&#263; mo&#380;na rozpozna&#263; po numerze pozycji. Poz. &nbsp;w podzespole Produkt 31 &nbsp;UX 01 Profi-Klappung AmaSelect UX 4201-UX 6201 ab 03-2017 und UX 7601\/UX 8601 ab 12-2020 (MH879)&nbsp;&#8211; ab 03-2017&nbsp; 31 &nbsp;UX 01 Profi-Klappung AmaSwitch UX 4201-UX 6201 ab 03-2017 und UX 7601\/UX 8601 ab...\" \/>\n<meta property=\"og:url\" content=\"https:\/\/amatech.com.pl\/sklep\/czesci-zamienne\/czujnik-cisnienia-0-10-bar-viii-1-3\/\" \/>\n<meta property=\"og:site_name\" content=\"AMATECH - Maszyny rolnicze, cz\u0119\u015bci zamienne, serwis\" \/>\n<meta property=\"article:publisher\" content=\"https:\/\/www.facebook.com\/amatech.poznanski\/\" \/>\n<meta property=\"article:modified_time\" content=\"2026-03-11T05:48:05+00:00\" \/>\n<meta property=\"og:image\" content=\"https:\/\/amatech.com.pl\/sklep\/wp-content\/uploads\/2023\/11\/CZUJNIK-CISNIENIA-0-10-BAR-VIII-1-3.jpg\" \/>\n\t<meta property=\"og:image:width\" content=\"640\" \/>\n\t<meta property=\"og:image:height\" content=\"480\" \/>\n\t<meta property=\"og:image:type\" content=\"image\/jpeg\" \/>\n<meta name=\"twitter:card\" content=\"summary_large_image\" \/>\n<meta name=\"twitter:label1\" content=\"Szacowany czas czytania\" \/>\n\t<meta name=\"twitter:data1\" content=\"1 minuta\" \/>\n<script type=\"application\/ld+json\" class=\"yoast-schema-graph\">{\"@context\":\"https:\/\/schema.org\",\"@graph\":[{\"@type\":\"WebPage\",\"@id\":\"https:\/\/amatech.com.pl\/sklep\/czesci-zamienne\/czujnik-cisnienia-0-10-bar-viii-1-3\/\",\"url\":\"https:\/\/amatech.com.pl\/sklep\/czesci-zamienne\/czujnik-cisnienia-0-10-bar-viii-1-3\/\",\"name\":\"CZUJNIK CI\u015aNIENIA 0-10 BAR A7-2-3 - AMATECH - Maszyny rolnicze, cz\u0119\u015bci zamienne, serwis\",\"isPartOf\":{\"@id\":\"https:\/\/amatech.com.pl\/sklep\/#website\"},\"primaryImageOfPage\":{\"@id\":\"https:\/\/amatech.com.pl\/sklep\/czesci-zamienne\/czujnik-cisnienia-0-10-bar-viii-1-3\/#primaryimage\"},\"image\":{\"@id\":\"https:\/\/amatech.com.pl\/sklep\/czesci-zamienne\/czujnik-cisnienia-0-10-bar-viii-1-3\/#primaryimage\"},\"thumbnailUrl\":\"https:\/\/amatech.com.pl\/sklep\/wp-content\/uploads\/2023\/11\/CZUJNIK-CISNIENIA-0-10-BAR-VIII-1-3.jpg\",\"datePublished\":\"2023-05-22T12:33:29+00:00\",\"dateModified\":\"2026-03-11T05:48:05+00:00\",\"breadcrumb\":{\"@id\":\"https:\/\/amatech.com.pl\/sklep\/czesci-zamienne\/czujnik-cisnienia-0-10-bar-viii-1-3\/#breadcrumb\"},\"inLanguage\":\"pl-PL\",\"potentialAction\":[{\"@type\":\"ReadAction\",\"target\":[\"https:\/\/amatech.com.pl\/sklep\/czesci-zamienne\/czujnik-cisnienia-0-10-bar-viii-1-3\/\"]}]},{\"@type\":\"ImageObject\",\"inLanguage\":\"pl-PL\",\"@id\":\"https:\/\/amatech.com.pl\/sklep\/czesci-zamienne\/czujnik-cisnienia-0-10-bar-viii-1-3\/#primaryimage\",\"url\":\"https:\/\/amatech.com.pl\/sklep\/wp-content\/uploads\/2023\/11\/CZUJNIK-CISNIENIA-0-10-BAR-VIII-1-3.jpg\",\"contentUrl\":\"https:\/\/amatech.com.pl\/sklep\/wp-content\/uploads\/2023\/11\/CZUJNIK-CISNIENIA-0-10-BAR-VIII-1-3.jpg\",\"width\":640,\"height\":480,\"caption\":\"CZUJNIK CI\u015aNIENIA 0-10 BAR VIII-1-3\"},{\"@type\":\"BreadcrumbList\",\"@id\":\"https:\/\/amatech.com.pl\/sklep\/czesci-zamienne\/czujnik-cisnienia-0-10-bar-viii-1-3\/#breadcrumb\",\"itemListElement\":[{\"@type\":\"ListItem\",\"position\":1,\"name\":\"Strona g\u0142\u00f3wna\",\"item\":\"https:\/\/amatech.com.pl\/sklep\/\"},{\"@type\":\"ListItem\",\"position\":2,\"name\":\"Sklep\",\"item\":\"https:\/\/amatech.com.pl\/sklep\/\"},{\"@type\":\"ListItem\",\"position\":3,\"name\":\"CZUJNIK CI\u015aNIENIA 0-10 BAR A7-2-3\"}]},{\"@type\":\"WebSite\",\"@id\":\"https:\/\/amatech.com.pl\/sklep\/#website\",\"url\":\"https:\/\/amatech.com.pl\/sklep\/\",\"name\":\"AMATECH - Maszyny rolnicze, cz\u0119\u015bci zamienne, serwis\",\"description\":\"AMATECH - Jaros\u0142aw Pozna\u0144ski - Zajmujemy si\u0119 sprzeda\u017c\u0105 maszyn i urz\u0105dze\u0144 rolniczych budowlanych oraz oryginalnych cz\u0119\u015bci zamiennych. Sklep on-line.\",\"publisher\":{\"@id\":\"https:\/\/amatech.com.pl\/sklep\/#organization\"},\"potentialAction\":[{\"@type\":\"SearchAction\",\"target\":{\"@type\":\"EntryPoint\",\"urlTemplate\":\"https:\/\/amatech.com.pl\/sklep\/?s={search_term_string}\"},\"query-input\":{\"@type\":\"PropertyValueSpecification\",\"valueRequired\":true,\"valueName\":\"search_term_string\"}}],\"inLanguage\":\"pl-PL\"},{\"@type\":\"Organization\",\"@id\":\"https:\/\/amatech.com.pl\/sklep\/#organization\",\"name\":\"AMATECH - Maszyny rolnicze, cz\u0119\u015bci zamienne, amazone, krone\",\"url\":\"https:\/\/amatech.com.pl\/sklep\/\",\"logo\":{\"@type\":\"ImageObject\",\"inLanguage\":\"pl-PL\",\"@id\":\"https:\/\/amatech.com.pl\/sklep\/#\/schema\/logo\/image\/\",\"url\":\"https:\/\/amatech.com.pl\/sklep\/wp-content\/uploads\/2021\/11\/amatech-logo.png\",\"contentUrl\":\"https:\/\/amatech.com.pl\/sklep\/wp-content\/uploads\/2021\/11\/amatech-logo.png\",\"width\":266,\"height\":57,\"caption\":\"AMATECH - Maszyny rolnicze, cz\u0119\u015bci zamienne, amazone, krone\"},\"image\":{\"@id\":\"https:\/\/amatech.com.pl\/sklep\/#\/schema\/logo\/image\/\"},\"sameAs\":[\"https:\/\/www.facebook.com\/amatech.poznanski\/\"]}]}<\/script>\n<!-- \/ Yoast SEO plugin. -->","yoast_head_json":{"title":"CZUJNIK CI\u015aNIENIA 0-10 BAR   A7-2-3 - AMATECH - Maszyny rolnicze, cz\u0119\u015bci zamienne, serwis","robots":{"index":"index","follow":"follow","max-snippet":"max-snippet:-1","max-image-preview":"max-image-preview:large","max-video-preview":"max-video-preview:-1"},"canonical":"https:\/\/amatech.com.pl\/sklep\/czesci-zamienne\/czujnik-cisnienia-0-10-bar-viii-1-3\/","og_locale":"pl_PL","og_type":"article","og_title":"CZUJNIK CI\u015aNIENIA 0-10 BAR   A7-2-3 - AMATECH - Maszyny rolnicze, cz\u0119\u015bci zamienne, serwis","og_description":"Zastosowanie cz&#281;&#347;ci&nbsp;NH162 Prosz&#281; klikn&#261;&#263; na nazwy podzespo&#322;\u00f3w, aby wywo&#322;a&#263; odpowiedni&#261; ilustracj&#281;.Szukan&#261; cz&#281;&#347;&#263; mo&#380;na rozpozna&#263; po numerze pozycji. Poz. &nbsp;w podzespole Produkt 31 &nbsp;UX 01 Profi-Klappung AmaSelect UX 4201-UX 6201 ab 03-2017 und UX 7601\/UX 8601 ab 12-2020 (MH879)&nbsp;&#8211; ab 03-2017&nbsp; 31 &nbsp;UX 01 Profi-Klappung AmaSwitch UX 4201-UX 6201 ab 03-2017 und UX 7601\/UX 8601 ab...","og_url":"https:\/\/amatech.com.pl\/sklep\/czesci-zamienne\/czujnik-cisnienia-0-10-bar-viii-1-3\/","og_site_name":"AMATECH - Maszyny rolnicze, cz\u0119\u015bci zamienne, serwis","article_publisher":"https:\/\/www.facebook.com\/amatech.poznanski\/","article_modified_time":"2026-03-11T05:48:05+00:00","og_image":[{"width":640,"height":480,"url":"https:\/\/amatech.com.pl\/sklep\/wp-content\/uploads\/2023\/11\/CZUJNIK-CISNIENIA-0-10-BAR-VIII-1-3.jpg","type":"image\/jpeg"}],"twitter_card":"summary_large_image","twitter_misc":{"Szacowany czas czytania":"1 minuta"},"schema":{"@context":"https:\/\/schema.org","@graph":[{"@type":"WebPage","@id":"https:\/\/amatech.com.pl\/sklep\/czesci-zamienne\/czujnik-cisnienia-0-10-bar-viii-1-3\/","url":"https:\/\/amatech.com.pl\/sklep\/czesci-zamienne\/czujnik-cisnienia-0-10-bar-viii-1-3\/","name":"CZUJNIK CI\u015aNIENIA 0-10 BAR A7-2-3 - AMATECH - Maszyny rolnicze, cz\u0119\u015bci zamienne, serwis","isPartOf":{"@id":"https:\/\/amatech.com.pl\/sklep\/#website"},"primaryImageOfPage":{"@id":"https:\/\/amatech.com.pl\/sklep\/czesci-zamienne\/czujnik-cisnienia-0-10-bar-viii-1-3\/#primaryimage"},"image":{"@id":"https:\/\/amatech.com.pl\/sklep\/czesci-zamienne\/czujnik-cisnienia-0-10-bar-viii-1-3\/#primaryimage"},"thumbnailUrl":"https:\/\/amatech.com.pl\/sklep\/wp-content\/uploads\/2023\/11\/CZUJNIK-CISNIENIA-0-10-BAR-VIII-1-3.jpg","datePublished":"2023-05-22T12:33:29+00:00","dateModified":"2026-03-11T05:48:05+00:00","breadcrumb":{"@id":"https:\/\/amatech.com.pl\/sklep\/czesci-zamienne\/czujnik-cisnienia-0-10-bar-viii-1-3\/#breadcrumb"},"inLanguage":"pl-PL","potentialAction":[{"@type":"ReadAction","target":["https:\/\/amatech.com.pl\/sklep\/czesci-zamienne\/czujnik-cisnienia-0-10-bar-viii-1-3\/"]}]},{"@type":"ImageObject","inLanguage":"pl-PL","@id":"https:\/\/amatech.com.pl\/sklep\/czesci-zamienne\/czujnik-cisnienia-0-10-bar-viii-1-3\/#primaryimage","url":"https:\/\/amatech.com.pl\/sklep\/wp-content\/uploads\/2023\/11\/CZUJNIK-CISNIENIA-0-10-BAR-VIII-1-3.jpg","contentUrl":"https:\/\/amatech.com.pl\/sklep\/wp-content\/uploads\/2023\/11\/CZUJNIK-CISNIENIA-0-10-BAR-VIII-1-3.jpg","width":640,"height":480,"caption":"CZUJNIK CI\u015aNIENIA 0-10 BAR VIII-1-3"},{"@type":"BreadcrumbList","@id":"https:\/\/amatech.com.pl\/sklep\/czesci-zamienne\/czujnik-cisnienia-0-10-bar-viii-1-3\/#breadcrumb","itemListElement":[{"@type":"ListItem","position":1,"name":"Strona g\u0142\u00f3wna","item":"https:\/\/amatech.com.pl\/sklep\/"},{"@type":"ListItem","position":2,"name":"Sklep","item":"https:\/\/amatech.com.pl\/sklep\/"},{"@type":"ListItem","position":3,"name":"CZUJNIK CI\u015aNIENIA 0-10 BAR A7-2-3"}]},{"@type":"WebSite","@id":"https:\/\/amatech.com.pl\/sklep\/#website","url":"https:\/\/amatech.com.pl\/sklep\/","name":"AMATECH - Maszyny rolnicze, cz\u0119\u015bci zamienne, serwis","description":"AMATECH - Jaros\u0142aw Pozna\u0144ski - Zajmujemy si\u0119 sprzeda\u017c\u0105 maszyn i urz\u0105dze\u0144 rolniczych budowlanych oraz oryginalnych cz\u0119\u015bci zamiennych. Sklep on-line.","publisher":{"@id":"https:\/\/amatech.com.pl\/sklep\/#organization"},"potentialAction":[{"@type":"SearchAction","target":{"@type":"EntryPoint","urlTemplate":"https:\/\/amatech.com.pl\/sklep\/?s={search_term_string}"},"query-input":{"@type":"PropertyValueSpecification","valueRequired":true,"valueName":"search_term_string"}}],"inLanguage":"pl-PL"},{"@type":"Organization","@id":"https:\/\/amatech.com.pl\/sklep\/#organization","name":"AMATECH - Maszyny rolnicze, cz\u0119\u015bci zamienne, amazone, krone","url":"https:\/\/amatech.com.pl\/sklep\/","logo":{"@type":"ImageObject","inLanguage":"pl-PL","@id":"https:\/\/amatech.com.pl\/sklep\/#\/schema\/logo\/image\/","url":"https:\/\/amatech.com.pl\/sklep\/wp-content\/uploads\/2021\/11\/amatech-logo.png","contentUrl":"https:\/\/amatech.com.pl\/sklep\/wp-content\/uploads\/2021\/11\/amatech-logo.png","width":266,"height":57,"caption":"AMATECH - Maszyny rolnicze, cz\u0119\u015bci zamienne, amazone, krone"},"image":{"@id":"https:\/\/amatech.com.pl\/sklep\/#\/schema\/logo\/image\/"},"sameAs":["https:\/\/www.facebook.com\/amatech.poznanski\/"]}]}},"_links":{"self":[{"href":"https:\/\/amatech.com.pl\/sklep\/wp-json\/wp\/v2\/product\/14629"}],"collection":[{"href":"https:\/\/amatech.com.pl\/sklep\/wp-json\/wp\/v2\/product"}],"about":[{"href":"https:\/\/amatech.com.pl\/sklep\/wp-json\/wp\/v2\/types\/product"}],"wp:featuredmedia":[{"embeddable":true,"href":"https:\/\/amatech.com.pl\/sklep\/wp-json\/wp\/v2\/media\/16041"}],"wp:attachment":[{"href":"https:\/\/amatech.com.pl\/sklep\/wp-json\/wp\/v2\/media?parent=14629"}],"wp:term":[{"taxonomy":"product_cat","embeddable":true,"href":"https:\/\/amatech.com.pl\/sklep\/wp-json\/wp\/v2\/product_cat?post=14629"},{"taxonomy":"product_tag","embeddable":true,"href":"https:\/\/amatech.com.pl\/sklep\/wp-json\/wp\/v2\/product_tag?post=14629"}],"curies":[{"name":"wp","href":"https:\/\/api.w.org\/{rel}","templated":true}]}}