{"id":15149,"date":"2023-07-18T07:41:31","date_gmt":"2023-07-18T05:41:31","guid":{"rendered":"https:\/\/amatech.com.pl\/sklep\/czesci-zamienne\/filtr-oleju-hydraulicznego-steyr-profi\/"},"modified":"2026-05-06T15:01:26","modified_gmt":"2026-05-06T13:01:26","slug":"filtr-oleju-hydraulicznego-steyr-profi","status":"publish","type":"product","link":"https:\/\/amatech.com.pl\/sklep\/czesci-zamienne\/filtr-oleju-hydraulicznego-steyr-profi\/","title":{"rendered":"FILTR OLEJU HYDRAULICZNEGO STEYR PROFI      L2-5"},"content":{"rendered":"<p><strong><span style=\"font-size:20px\">FILTR OLEJU HYDRAULICZNEGO 48142231<\/span><\/strong><\/p>\n<p><strong>Wyst&#281;puje m.in.<\/strong><\/p>\n<p><\/p>\n<p><strong>New Holland<\/strong><\/p>\n<p><strong>Ci&#261;gniki<\/strong><\/p>\n<ul>\n<li>60 SERIES: M100, M115, M135, M160, 8160, 8260, 8360, 8560<\/li>\n<li>T5.XXX: T5.95, T5.105, T5.115<\/li>\n<li>T6.120 &#8211; 180 DUAL\/ELECTRO COMMAND: T6.120, T6.125, T6.140, T6.145, T6.150, T6.155, T6.160, T6.165, T6.175, T6.180<\/li>\n<li>T6000: T6010, T6020, T6030, T6040, T6050, T6060, T6070<\/li>\n<li>T7.170-210 RANGE-\/POWERCOMMAND: T7.170, T7.185, T7.200, T7.210<\/li>\n<li>T7.220-260 POWER COMMAND: T7.220, T7.235, T7.250, T7.260<\/li>\n<li>T7.XXX AUTOCOMMAND TIER 4B: T7.175, T7.190, T7.210, T7.225<\/li>\n<li>T7.XXX TIER 4B: T7.175, T7.190, T7.210<\/li>\n<li>T8000: T8010, T8020, T8030, T8040, T8050<\/li>\n<li>TG: TG210, TG230, TG255, TG285<\/li>\n<li>TM: TM115, TM120, TM125, TM130, TM135, TM140, TM150, TM155, TM165, TM175, TM190<\/li>\n<li>TS: TS80, TS90, TS100, TS110, TS115<\/li>\n<li>TSA: TS100A, TS115A, TS125A, TS135A<\/li>\n<li>TSA DELTA: TS110A, TS115A, TS130A<\/li>\n<\/ul>\n<p><strong>Kombajny<\/strong><\/p>\n<ul>\n<li>CR SERIES TIER 2: CR960, CR980<\/li>\n<li>CR SERIES TIER 3: CR7.90, CR9.80, CR9060<\/li>\n<li>CR SERIES TIER 4: CR7.90, CR8.80, CR8.90, CR9.80, CR9.90, CR10.90<\/li>\n<\/ul>\n<p><strong>Opryskiwacze<\/strong><\/p>\n<ul>\n<li>GUARDIAN: SP.255F<\/li>\n<\/ul>\n<p><strong>CASE<\/strong><\/p>\n<p><strong>Ci&#261;gniki<\/strong><\/p>\n<ul>\n<li>MAGNUM: MAGNUM 225, MAGNUM 250, MAGNUM 280, MAGNUM 310, MAGNUM 335<\/li>\n<li>MAXXUM: MAXXUM 100, MAXXUM 110, MAXXUM 115, MAXXUM 120, MAXXUM 125, MAXXUM 130, MAXXUM 135, MAXXUM 140, MAXXUM 145, MAXXUM 150<\/li>\n<li>MXM: MXM120, MXM130, MXM140, MXM155, MXM175, MXM190<\/li>\n<li>MXU: MXU100, MXU110, MXU115, MXU125, MXU130, MXU135<\/li>\n<li>PUMA 115 &#8211; 160: PUMA 115, PUMA 125, PUMA 140, PUMA 155<\/li>\n<li>PUMA CVT TIER 4B: PUMA 150 CVT, PUMA 165 CVT, PUMA 180 CVT<\/li>\n<li>PUMA TIER 4B: PUMA 150, PUMA 165<\/li>\n<\/ul>\n<p><strong>STEYR<\/strong><\/p>\n<p><strong>Ci&#261;gniki<\/strong><\/p>\n<ul>\n<li>CVT 6130-6160: 6115 PROFI, 6125 PROFI, 6135 PROFI<\/li>\n<li>PROFI &#8211; TIER 3: 4100 PROFI, 4110 PROFI, 4115 PROFI, 6125 PROFI, 6140 PROFI<\/li>\n<li>PROFI ECOTECH: 4110 ET PROFI, 4115 ET PROFI, 4120 ET PROFI, 4125 ET PROFI, 4130 ET PROFI, 4135 ET PROFI, 4145 ET PROFI, 6125 ET PROFI, 6140 ET PROFI, 6145 ET PROFI<\/li>\n<\/ul>\n<p><\/p>\n<p><strong>Kod producenta:<\/strong>&nbsp;48142231, 84226258, 84237579, 81863799, P173737, HF6553, 87413810, P164378<\/p>\n<p><\/p>\n<p><strong>Producent:&nbsp;<\/strong>CNH<\/p>\n","protected":false},"excerpt":{"rendered":"<p>FILTR OLEJU HYDRAULICZNEGO 48142231 Wyst&#281;puje m.in. New Holland Ci&#261;gniki 60 SERIES: M100, M115, M135, M160, 8160, 8260, 8360, 8560 T5.XXX: T5.95, T5.105, T5.115 T6.120 &#8211; 180 DUAL\/ELECTRO COMMAND: T6.120, T6.125, T6.140, T6.145, T6.150, T6.155, T6.160, T6.165, T6.175, T6.180 T6000: T6010, T6020, T6030, T6040, T6050, T6060, T6070 T7.170-210 RANGE-\/POWERCOMMAND: T7.170, T7.185, T7.200, T7.210 T7.220-260 POWER COMMAND:&#8230;<\/p>\n","protected":false},"featured_media":15554,"template":"","meta":{"_kad_post_transparent":"default","_kad_post_title":"","_kad_post_layout":"default","_kad_post_sidebar_id":"","_kad_post_content_style":"default","_kad_post_vertical_padding":"default","_kad_post_feature":"","_kad_post_feature_position":"","_kad_post_header":false,"_kad_post_footer":false},"product_cat":[332,333,340,289,330],"product_tag":[],"class_list":{"0":"post-15149","1":"product","2":"type-product","3":"status-publish","4":"has-post-thumbnail","6":"product_cat-case-ciagniki-rolnicze","7":"product_cat-new-holland-ciagniki-rolnicze","8":"product_cat-new-holland-kombajny-zbozowe","9":"product_cat-sklep-internetowy","10":"product_cat-steyr","12":"first","13":"instock","14":"taxable","15":"shipping-taxable","16":"purchasable","17":"product-type-simple","18":"entry","19":"content-bg","20":"loop-entry"},"yoast_head":"<!-- This site is optimized with the Yoast SEO plugin v24.9 - https:\/\/yoast.com\/wordpress\/plugins\/seo\/ -->\n<title>FILTR OLEJU HYDRAULICZNEGO STEYR PROFI   L2-5 - AMATECH - Maszyny rolnicze, cz\u0119\u015bci zamienne, serwis<\/title>\n<meta name=\"robots\" content=\"index, follow, max-snippet:-1, max-image-preview:large, max-video-preview:-1\" \/>\n<link rel=\"canonical\" href=\"https:\/\/amatech.com.pl\/sklep\/czesci-zamienne\/filtr-oleju-hydraulicznego-steyr-profi\/\" \/>\n<meta property=\"og:locale\" content=\"pl_PL\" \/>\n<meta property=\"og:type\" content=\"article\" \/>\n<meta property=\"og:title\" content=\"FILTR OLEJU HYDRAULICZNEGO STEYR PROFI   L2-5 - AMATECH - Maszyny rolnicze, cz\u0119\u015bci zamienne, serwis\" \/>\n<meta property=\"og:description\" content=\"FILTR OLEJU HYDRAULICZNEGO 48142231 Wyst&#281;puje m.in. New Holland Ci&#261;gniki 60 SERIES: M100, M115, M135, M160, 8160, 8260, 8360, 8560 T5.XXX: T5.95, T5.105, T5.115 T6.120 &#8211; 180 DUAL\/ELECTRO COMMAND: T6.120, T6.125, T6.140, T6.145, T6.150, T6.155, T6.160, T6.165, T6.175, T6.180 T6000: T6010, T6020, T6030, T6040, T6050, T6060, T6070 T7.170-210 RANGE-\/POWERCOMMAND: T7.170, T7.185, T7.200, T7.210 T7.220-260 POWER COMMAND:...\" \/>\n<meta property=\"og:url\" content=\"https:\/\/amatech.com.pl\/sklep\/czesci-zamienne\/filtr-oleju-hydraulicznego-steyr-profi\/\" \/>\n<meta property=\"og:site_name\" content=\"AMATECH - Maszyny rolnicze, cz\u0119\u015bci zamienne, serwis\" \/>\n<meta property=\"article:publisher\" content=\"https:\/\/www.facebook.com\/amatech.poznanski\/\" \/>\n<meta property=\"article:modified_time\" content=\"2026-05-06T13:01:26+00:00\" \/>\n<meta property=\"og:image\" content=\"https:\/\/amatech.com.pl\/sklep\/wp-content\/uploads\/2023\/11\/FILTR-OLEJU-HYDRAULICZNEGO-STEYR-PROFI.jpg\" \/>\n\t<meta property=\"og:image:width\" content=\"984\" \/>\n\t<meta property=\"og:image:height\" content=\"1116\" \/>\n\t<meta property=\"og:image:type\" content=\"image\/jpeg\" \/>\n<meta name=\"twitter:card\" content=\"summary_large_image\" \/>\n<meta name=\"twitter:label1\" content=\"Szacowany czas czytania\" \/>\n\t<meta name=\"twitter:data1\" content=\"2 minuty\" \/>\n<script type=\"application\/ld+json\" class=\"yoast-schema-graph\">{\"@context\":\"https:\/\/schema.org\",\"@graph\":[{\"@type\":\"WebPage\",\"@id\":\"https:\/\/amatech.com.pl\/sklep\/czesci-zamienne\/filtr-oleju-hydraulicznego-steyr-profi\/\",\"url\":\"https:\/\/amatech.com.pl\/sklep\/czesci-zamienne\/filtr-oleju-hydraulicznego-steyr-profi\/\",\"name\":\"FILTR OLEJU HYDRAULICZNEGO STEYR PROFI L2-5 - AMATECH - Maszyny rolnicze, cz\u0119\u015bci zamienne, serwis\",\"isPartOf\":{\"@id\":\"https:\/\/amatech.com.pl\/sklep\/#website\"},\"primaryImageOfPage\":{\"@id\":\"https:\/\/amatech.com.pl\/sklep\/czesci-zamienne\/filtr-oleju-hydraulicznego-steyr-profi\/#primaryimage\"},\"image\":{\"@id\":\"https:\/\/amatech.com.pl\/sklep\/czesci-zamienne\/filtr-oleju-hydraulicznego-steyr-profi\/#primaryimage\"},\"thumbnailUrl\":\"https:\/\/amatech.com.pl\/sklep\/wp-content\/uploads\/2023\/11\/FILTR-OLEJU-HYDRAULICZNEGO-STEYR-PROFI.jpg\",\"datePublished\":\"2023-07-18T05:41:31+00:00\",\"dateModified\":\"2026-05-06T13:01:26+00:00\",\"breadcrumb\":{\"@id\":\"https:\/\/amatech.com.pl\/sklep\/czesci-zamienne\/filtr-oleju-hydraulicznego-steyr-profi\/#breadcrumb\"},\"inLanguage\":\"pl-PL\",\"potentialAction\":[{\"@type\":\"ReadAction\",\"target\":[\"https:\/\/amatech.com.pl\/sklep\/czesci-zamienne\/filtr-oleju-hydraulicznego-steyr-profi\/\"]}]},{\"@type\":\"ImageObject\",\"inLanguage\":\"pl-PL\",\"@id\":\"https:\/\/amatech.com.pl\/sklep\/czesci-zamienne\/filtr-oleju-hydraulicznego-steyr-profi\/#primaryimage\",\"url\":\"https:\/\/amatech.com.pl\/sklep\/wp-content\/uploads\/2023\/11\/FILTR-OLEJU-HYDRAULICZNEGO-STEYR-PROFI.jpg\",\"contentUrl\":\"https:\/\/amatech.com.pl\/sklep\/wp-content\/uploads\/2023\/11\/FILTR-OLEJU-HYDRAULICZNEGO-STEYR-PROFI.jpg\",\"width\":984,\"height\":1116,\"caption\":\"FILTR OLEJU HYDRAULICZNEGO STEYR PROFI\"},{\"@type\":\"BreadcrumbList\",\"@id\":\"https:\/\/amatech.com.pl\/sklep\/czesci-zamienne\/filtr-oleju-hydraulicznego-steyr-profi\/#breadcrumb\",\"itemListElement\":[{\"@type\":\"ListItem\",\"position\":1,\"name\":\"Strona g\u0142\u00f3wna\",\"item\":\"https:\/\/amatech.com.pl\/sklep\/\"},{\"@type\":\"ListItem\",\"position\":2,\"name\":\"Sklep\",\"item\":\"https:\/\/amatech.com.pl\/sklep\/\"},{\"@type\":\"ListItem\",\"position\":3,\"name\":\"FILTR OLEJU HYDRAULICZNEGO STEYR PROFI L2-5\"}]},{\"@type\":\"WebSite\",\"@id\":\"https:\/\/amatech.com.pl\/sklep\/#website\",\"url\":\"https:\/\/amatech.com.pl\/sklep\/\",\"name\":\"AMATECH - Maszyny rolnicze, cz\u0119\u015bci zamienne, serwis\",\"description\":\"AMATECH - Jaros\u0142aw Pozna\u0144ski - Zajmujemy si\u0119 sprzeda\u017c\u0105 maszyn i urz\u0105dze\u0144 rolniczych budowlanych oraz oryginalnych cz\u0119\u015bci zamiennych. Sklep on-line.\",\"publisher\":{\"@id\":\"https:\/\/amatech.com.pl\/sklep\/#organization\"},\"potentialAction\":[{\"@type\":\"SearchAction\",\"target\":{\"@type\":\"EntryPoint\",\"urlTemplate\":\"https:\/\/amatech.com.pl\/sklep\/?s={search_term_string}\"},\"query-input\":{\"@type\":\"PropertyValueSpecification\",\"valueRequired\":true,\"valueName\":\"search_term_string\"}}],\"inLanguage\":\"pl-PL\"},{\"@type\":\"Organization\",\"@id\":\"https:\/\/amatech.com.pl\/sklep\/#organization\",\"name\":\"AMATECH - Maszyny rolnicze, cz\u0119\u015bci zamienne, amazone, krone\",\"url\":\"https:\/\/amatech.com.pl\/sklep\/\",\"logo\":{\"@type\":\"ImageObject\",\"inLanguage\":\"pl-PL\",\"@id\":\"https:\/\/amatech.com.pl\/sklep\/#\/schema\/logo\/image\/\",\"url\":\"https:\/\/amatech.com.pl\/sklep\/wp-content\/uploads\/2021\/11\/amatech-logo.png\",\"contentUrl\":\"https:\/\/amatech.com.pl\/sklep\/wp-content\/uploads\/2021\/11\/amatech-logo.png\",\"width\":266,\"height\":57,\"caption\":\"AMATECH - Maszyny rolnicze, cz\u0119\u015bci zamienne, amazone, krone\"},\"image\":{\"@id\":\"https:\/\/amatech.com.pl\/sklep\/#\/schema\/logo\/image\/\"},\"sameAs\":[\"https:\/\/www.facebook.com\/amatech.poznanski\/\"]}]}<\/script>\n<!-- \/ Yoast SEO plugin. -->","yoast_head_json":{"title":"FILTR OLEJU HYDRAULICZNEGO STEYR PROFI   L2-5 - AMATECH - Maszyny rolnicze, cz\u0119\u015bci zamienne, serwis","robots":{"index":"index","follow":"follow","max-snippet":"max-snippet:-1","max-image-preview":"max-image-preview:large","max-video-preview":"max-video-preview:-1"},"canonical":"https:\/\/amatech.com.pl\/sklep\/czesci-zamienne\/filtr-oleju-hydraulicznego-steyr-profi\/","og_locale":"pl_PL","og_type":"article","og_title":"FILTR OLEJU HYDRAULICZNEGO STEYR PROFI   L2-5 - AMATECH - Maszyny rolnicze, cz\u0119\u015bci zamienne, serwis","og_description":"FILTR OLEJU HYDRAULICZNEGO 48142231 Wyst&#281;puje m.in. New Holland Ci&#261;gniki 60 SERIES: M100, M115, M135, M160, 8160, 8260, 8360, 8560 T5.XXX: T5.95, T5.105, T5.115 T6.120 &#8211; 180 DUAL\/ELECTRO COMMAND: T6.120, T6.125, T6.140, T6.145, T6.150, T6.155, T6.160, T6.165, T6.175, T6.180 T6000: T6010, T6020, T6030, T6040, T6050, T6060, T6070 T7.170-210 RANGE-\/POWERCOMMAND: T7.170, T7.185, T7.200, T7.210 T7.220-260 POWER COMMAND:...","og_url":"https:\/\/amatech.com.pl\/sklep\/czesci-zamienne\/filtr-oleju-hydraulicznego-steyr-profi\/","og_site_name":"AMATECH - Maszyny rolnicze, cz\u0119\u015bci zamienne, serwis","article_publisher":"https:\/\/www.facebook.com\/amatech.poznanski\/","article_modified_time":"2026-05-06T13:01:26+00:00","og_image":[{"width":984,"height":1116,"url":"https:\/\/amatech.com.pl\/sklep\/wp-content\/uploads\/2023\/11\/FILTR-OLEJU-HYDRAULICZNEGO-STEYR-PROFI.jpg","type":"image\/jpeg"}],"twitter_card":"summary_large_image","twitter_misc":{"Szacowany czas czytania":"2 minuty"},"schema":{"@context":"https:\/\/schema.org","@graph":[{"@type":"WebPage","@id":"https:\/\/amatech.com.pl\/sklep\/czesci-zamienne\/filtr-oleju-hydraulicznego-steyr-profi\/","url":"https:\/\/amatech.com.pl\/sklep\/czesci-zamienne\/filtr-oleju-hydraulicznego-steyr-profi\/","name":"FILTR OLEJU HYDRAULICZNEGO STEYR PROFI L2-5 - AMATECH - Maszyny rolnicze, cz\u0119\u015bci zamienne, serwis","isPartOf":{"@id":"https:\/\/amatech.com.pl\/sklep\/#website"},"primaryImageOfPage":{"@id":"https:\/\/amatech.com.pl\/sklep\/czesci-zamienne\/filtr-oleju-hydraulicznego-steyr-profi\/#primaryimage"},"image":{"@id":"https:\/\/amatech.com.pl\/sklep\/czesci-zamienne\/filtr-oleju-hydraulicznego-steyr-profi\/#primaryimage"},"thumbnailUrl":"https:\/\/amatech.com.pl\/sklep\/wp-content\/uploads\/2023\/11\/FILTR-OLEJU-HYDRAULICZNEGO-STEYR-PROFI.jpg","datePublished":"2023-07-18T05:41:31+00:00","dateModified":"2026-05-06T13:01:26+00:00","breadcrumb":{"@id":"https:\/\/amatech.com.pl\/sklep\/czesci-zamienne\/filtr-oleju-hydraulicznego-steyr-profi\/#breadcrumb"},"inLanguage":"pl-PL","potentialAction":[{"@type":"ReadAction","target":["https:\/\/amatech.com.pl\/sklep\/czesci-zamienne\/filtr-oleju-hydraulicznego-steyr-profi\/"]}]},{"@type":"ImageObject","inLanguage":"pl-PL","@id":"https:\/\/amatech.com.pl\/sklep\/czesci-zamienne\/filtr-oleju-hydraulicznego-steyr-profi\/#primaryimage","url":"https:\/\/amatech.com.pl\/sklep\/wp-content\/uploads\/2023\/11\/FILTR-OLEJU-HYDRAULICZNEGO-STEYR-PROFI.jpg","contentUrl":"https:\/\/amatech.com.pl\/sklep\/wp-content\/uploads\/2023\/11\/FILTR-OLEJU-HYDRAULICZNEGO-STEYR-PROFI.jpg","width":984,"height":1116,"caption":"FILTR OLEJU HYDRAULICZNEGO STEYR PROFI"},{"@type":"BreadcrumbList","@id":"https:\/\/amatech.com.pl\/sklep\/czesci-zamienne\/filtr-oleju-hydraulicznego-steyr-profi\/#breadcrumb","itemListElement":[{"@type":"ListItem","position":1,"name":"Strona g\u0142\u00f3wna","item":"https:\/\/amatech.com.pl\/sklep\/"},{"@type":"ListItem","position":2,"name":"Sklep","item":"https:\/\/amatech.com.pl\/sklep\/"},{"@type":"ListItem","position":3,"name":"FILTR OLEJU HYDRAULICZNEGO STEYR PROFI L2-5"}]},{"@type":"WebSite","@id":"https:\/\/amatech.com.pl\/sklep\/#website","url":"https:\/\/amatech.com.pl\/sklep\/","name":"AMATECH - Maszyny rolnicze, cz\u0119\u015bci zamienne, serwis","description":"AMATECH - Jaros\u0142aw Pozna\u0144ski - Zajmujemy si\u0119 sprzeda\u017c\u0105 maszyn i urz\u0105dze\u0144 rolniczych budowlanych oraz oryginalnych cz\u0119\u015bci zamiennych. Sklep on-line.","publisher":{"@id":"https:\/\/amatech.com.pl\/sklep\/#organization"},"potentialAction":[{"@type":"SearchAction","target":{"@type":"EntryPoint","urlTemplate":"https:\/\/amatech.com.pl\/sklep\/?s={search_term_string}"},"query-input":{"@type":"PropertyValueSpecification","valueRequired":true,"valueName":"search_term_string"}}],"inLanguage":"pl-PL"},{"@type":"Organization","@id":"https:\/\/amatech.com.pl\/sklep\/#organization","name":"AMATECH - Maszyny rolnicze, cz\u0119\u015bci zamienne, amazone, krone","url":"https:\/\/amatech.com.pl\/sklep\/","logo":{"@type":"ImageObject","inLanguage":"pl-PL","@id":"https:\/\/amatech.com.pl\/sklep\/#\/schema\/logo\/image\/","url":"https:\/\/amatech.com.pl\/sklep\/wp-content\/uploads\/2021\/11\/amatech-logo.png","contentUrl":"https:\/\/amatech.com.pl\/sklep\/wp-content\/uploads\/2021\/11\/amatech-logo.png","width":266,"height":57,"caption":"AMATECH - Maszyny rolnicze, cz\u0119\u015bci zamienne, amazone, krone"},"image":{"@id":"https:\/\/amatech.com.pl\/sklep\/#\/schema\/logo\/image\/"},"sameAs":["https:\/\/www.facebook.com\/amatech.poznanski\/"]}]}},"_links":{"self":[{"href":"https:\/\/amatech.com.pl\/sklep\/wp-json\/wp\/v2\/product\/15149"}],"collection":[{"href":"https:\/\/amatech.com.pl\/sklep\/wp-json\/wp\/v2\/product"}],"about":[{"href":"https:\/\/amatech.com.pl\/sklep\/wp-json\/wp\/v2\/types\/product"}],"wp:featuredmedia":[{"embeddable":true,"href":"https:\/\/amatech.com.pl\/sklep\/wp-json\/wp\/v2\/media\/15554"}],"wp:attachment":[{"href":"https:\/\/amatech.com.pl\/sklep\/wp-json\/wp\/v2\/media?parent=15149"}],"wp:term":[{"taxonomy":"product_cat","embeddable":true,"href":"https:\/\/amatech.com.pl\/sklep\/wp-json\/wp\/v2\/product_cat?post=15149"},{"taxonomy":"product_tag","embeddable":true,"href":"https:\/\/amatech.com.pl\/sklep\/wp-json\/wp\/v2\/product_tag?post=15149"}],"curies":[{"name":"wp","href":"https:\/\/api.w.org\/{rel}","templated":true}]}}