{"id":15206,"date":"2023-11-29T10:59:52","date_gmt":"2023-11-29T09:59:52","guid":{"rendered":"https:\/\/amatech.com.pl\/sklep\/czesci-zamienne\/nozyk-kosiarki-lewy-50x4x118mm\/"},"modified":"2026-04-30T14:51:38","modified_gmt":"2026-04-30T12:51:38","slug":"nozyk-kosiarki-lewy-50x4x118mm","status":"publish","type":"product","link":"https:\/\/amatech.com.pl\/sklep\/czesci-zamienne\/nozyk-kosiarki-lewy-50x4x118mm\/","title":{"rendered":"NO\u017bYK KOSIARKI LEWY (50X4X118MM)   E1"},"content":{"rendered":"<table id=\"productDetails_techSpec_section_1\" role=\"presentation\" class=\" cke_show_border\">\n<tbody>\n<tr>\n<th>Producent<\/th>\n<td>&#8206;Bernard KRONE<\/td>\n<\/tr>\n<tr>\n<th>Marka<\/th>\n<td>&#8206;Bernard KRONE<\/td>\n<\/tr>\n<tr>\n<th>Wymiary opakowania<\/th>\n<td>&#8206;14,5 x 12 x 5,6 cm; 3,81 kg<\/td>\n<\/tr>\n<tr>\n<th>Identyfikator referencyjny producenta<\/th>\n<td>&#8206;1398884<\/td>\n<\/tr>\n<tr>\n<th>Numer cz&#281;&#347;ci producenta<\/th>\n<td>&#8206;1398884<\/td>\n<\/tr>\n<tr>\n<th>Waga przedmiotu<\/th>\n<td>&#8206;3,81 Kilograms<\/td>\n<\/tr>\n<\/tbody>\n<\/table>\n<h2>Opis produktu<\/h2>\n<p>Ostrze\/n\u00f3&#380; 1398884 lewe do kosiarek rotacyjnych EasyCut.<\/p>\n<p>Te oryginalne ostrza do kosiarek rotacyjnych marki Krone pasuj&#261; do wszystkich kosiarek EasyCut i s&#261; dostarczane w praktycznym opakowaniu 25 szt. Otw\u00f3r ma &#347;rednic&#281; 19 mm i wymiary ostrza 112 x 50 x 4 mm.<\/p>\n<p>Z oryginalnymi cz&#281;&#347;ciami marki Krone Excellent Parts mo&#380;esz polega&#263; na d&#322;ugiej &#380;ywotno&#347;ci oraz najlepszej jako&#347;ci. Tylko w ten spos\u00f3b mo&#380;na osi&#261;gn&#261;&#263; najwy&#380;sz&#261; produktywno&#347;&#263;.<\/p>\n","protected":false},"excerpt":{"rendered":"<p>Producent &#8206;Bernard KRONE Marka &#8206;Bernard KRONE Wymiary opakowania &#8206;14,5 x 12 x 5,6 cm; 3,81 kg Identyfikator referencyjny producenta &#8206;1398884 Numer cz&#281;&#347;ci producenta &#8206;1398884 Waga przedmiotu &#8206;3,81 Kilograms Opis produktu Ostrze\/n\u00f3&#380; 1398884 lewe do kosiarek rotacyjnych EasyCut. Te oryginalne ostrza do kosiarek rotacyjnych marki Krone pasuj&#261; do wszystkich kosiarek EasyCut i s&#261; dostarczane w praktycznym&#8230;<\/p>\n","protected":false},"featured_media":15379,"template":"","meta":{"_kad_post_transparent":"default","_kad_post_title":"","_kad_post_layout":"default","_kad_post_sidebar_id":"","_kad_post_content_style":"default","_kad_post_vertical_padding":"default","_kad_post_feature":"","_kad_post_feature_position":"","_kad_post_header":false,"_kad_post_footer":false},"product_cat":[306],"product_tag":[],"class_list":{"0":"post-15206","1":"product","2":"type-product","3":"status-publish","4":"has-post-thumbnail","6":"product_cat-krone-kosiarki-dyskowe","8":"first","9":"instock","10":"taxable","11":"shipping-taxable","12":"purchasable","13":"product-type-simple","14":"entry","15":"content-bg","16":"loop-entry"},"yoast_head":"<!-- This site is optimized with the Yoast SEO plugin v24.9 - https:\/\/yoast.com\/wordpress\/plugins\/seo\/ -->\n<title>NO\u017bYK KOSIARKI LEWY (50X4X118MM)  E1 - AMATECH - Maszyny rolnicze, cz\u0119\u015bci zamienne, serwis<\/title>\n<meta name=\"robots\" content=\"index, follow, max-snippet:-1, max-image-preview:large, max-video-preview:-1\" \/>\n<link rel=\"canonical\" href=\"https:\/\/amatech.com.pl\/sklep\/czesci-zamienne\/nozyk-kosiarki-lewy-50x4x118mm\/\" \/>\n<meta property=\"og:locale\" content=\"pl_PL\" \/>\n<meta property=\"og:type\" content=\"article\" \/>\n<meta property=\"og:title\" content=\"NO\u017bYK KOSIARKI LEWY (50X4X118MM)  E1 - AMATECH - Maszyny rolnicze, cz\u0119\u015bci zamienne, serwis\" \/>\n<meta property=\"og:description\" content=\"Producent &#8206;Bernard KRONE Marka &#8206;Bernard KRONE Wymiary opakowania &#8206;14,5 x 12 x 5,6 cm; 3,81 kg Identyfikator referencyjny producenta &#8206;1398884 Numer cz&#281;&#347;ci producenta &#8206;1398884 Waga przedmiotu &#8206;3,81 Kilograms Opis produktu Ostrze\/n\u00f3&#380; 1398884 lewe do kosiarek rotacyjnych EasyCut. Te oryginalne ostrza do kosiarek rotacyjnych marki Krone pasuj&#261; do wszystkich kosiarek EasyCut i s&#261; dostarczane w praktycznym...\" \/>\n<meta property=\"og:url\" content=\"https:\/\/amatech.com.pl\/sklep\/czesci-zamienne\/nozyk-kosiarki-lewy-50x4x118mm\/\" \/>\n<meta property=\"og:site_name\" content=\"AMATECH - Maszyny rolnicze, cz\u0119\u015bci zamienne, serwis\" \/>\n<meta property=\"article:publisher\" content=\"https:\/\/www.facebook.com\/amatech.poznanski\/\" \/>\n<meta property=\"article:modified_time\" content=\"2026-04-30T12:51:38+00:00\" \/>\n<meta property=\"og:image\" content=\"https:\/\/amatech.com.pl\/sklep\/wp-content\/uploads\/2023\/11\/NOZYK-KOSIARKI-LEWY-50X4X118MM_37483.jpg\" \/>\n\t<meta property=\"og:image:width\" content=\"500\" \/>\n\t<meta property=\"og:image:height\" content=\"291\" \/>\n\t<meta property=\"og:image:type\" content=\"image\/jpeg\" \/>\n<meta name=\"twitter:card\" content=\"summary_large_image\" \/>\n<meta name=\"twitter:label1\" content=\"Szacowany czas czytania\" \/>\n\t<meta name=\"twitter:data1\" content=\"1 minuta\" \/>\n<script type=\"application\/ld+json\" class=\"yoast-schema-graph\">{\"@context\":\"https:\/\/schema.org\",\"@graph\":[{\"@type\":\"WebPage\",\"@id\":\"https:\/\/amatech.com.pl\/sklep\/czesci-zamienne\/nozyk-kosiarki-lewy-50x4x118mm\/\",\"url\":\"https:\/\/amatech.com.pl\/sklep\/czesci-zamienne\/nozyk-kosiarki-lewy-50x4x118mm\/\",\"name\":\"NO\u017bYK KOSIARKI LEWY (50X4X118MM) E1 - AMATECH - Maszyny rolnicze, cz\u0119\u015bci zamienne, serwis\",\"isPartOf\":{\"@id\":\"https:\/\/amatech.com.pl\/sklep\/#website\"},\"primaryImageOfPage\":{\"@id\":\"https:\/\/amatech.com.pl\/sklep\/czesci-zamienne\/nozyk-kosiarki-lewy-50x4x118mm\/#primaryimage\"},\"image\":{\"@id\":\"https:\/\/amatech.com.pl\/sklep\/czesci-zamienne\/nozyk-kosiarki-lewy-50x4x118mm\/#primaryimage\"},\"thumbnailUrl\":\"https:\/\/amatech.com.pl\/sklep\/wp-content\/uploads\/2023\/11\/NOZYK-KOSIARKI-LEWY-50X4X118MM_37483.jpg\",\"datePublished\":\"2023-11-29T09:59:52+00:00\",\"dateModified\":\"2026-04-30T12:51:38+00:00\",\"breadcrumb\":{\"@id\":\"https:\/\/amatech.com.pl\/sklep\/czesci-zamienne\/nozyk-kosiarki-lewy-50x4x118mm\/#breadcrumb\"},\"inLanguage\":\"pl-PL\",\"potentialAction\":[{\"@type\":\"ReadAction\",\"target\":[\"https:\/\/amatech.com.pl\/sklep\/czesci-zamienne\/nozyk-kosiarki-lewy-50x4x118mm\/\"]}]},{\"@type\":\"ImageObject\",\"inLanguage\":\"pl-PL\",\"@id\":\"https:\/\/amatech.com.pl\/sklep\/czesci-zamienne\/nozyk-kosiarki-lewy-50x4x118mm\/#primaryimage\",\"url\":\"https:\/\/amatech.com.pl\/sklep\/wp-content\/uploads\/2023\/11\/NOZYK-KOSIARKI-LEWY-50X4X118MM_37483.jpg\",\"contentUrl\":\"https:\/\/amatech.com.pl\/sklep\/wp-content\/uploads\/2023\/11\/NOZYK-KOSIARKI-LEWY-50X4X118MM_37483.jpg\",\"width\":500,\"height\":291,\"caption\":\"NO\u017bYK KOSIARKI LEWY (50X4X118MM)\"},{\"@type\":\"BreadcrumbList\",\"@id\":\"https:\/\/amatech.com.pl\/sklep\/czesci-zamienne\/nozyk-kosiarki-lewy-50x4x118mm\/#breadcrumb\",\"itemListElement\":[{\"@type\":\"ListItem\",\"position\":1,\"name\":\"Strona g\u0142\u00f3wna\",\"item\":\"https:\/\/amatech.com.pl\/sklep\/\"},{\"@type\":\"ListItem\",\"position\":2,\"name\":\"Sklep\",\"item\":\"https:\/\/amatech.com.pl\/sklep\/\"},{\"@type\":\"ListItem\",\"position\":3,\"name\":\"NO\u017bYK KOSIARKI LEWY (50X4X118MM) E1\"}]},{\"@type\":\"WebSite\",\"@id\":\"https:\/\/amatech.com.pl\/sklep\/#website\",\"url\":\"https:\/\/amatech.com.pl\/sklep\/\",\"name\":\"AMATECH - Maszyny rolnicze, cz\u0119\u015bci zamienne, serwis\",\"description\":\"AMATECH - Jaros\u0142aw Pozna\u0144ski - Zajmujemy si\u0119 sprzeda\u017c\u0105 maszyn i urz\u0105dze\u0144 rolniczych budowlanych oraz oryginalnych cz\u0119\u015bci zamiennych. Sklep on-line.\",\"publisher\":{\"@id\":\"https:\/\/amatech.com.pl\/sklep\/#organization\"},\"potentialAction\":[{\"@type\":\"SearchAction\",\"target\":{\"@type\":\"EntryPoint\",\"urlTemplate\":\"https:\/\/amatech.com.pl\/sklep\/?s={search_term_string}\"},\"query-input\":{\"@type\":\"PropertyValueSpecification\",\"valueRequired\":true,\"valueName\":\"search_term_string\"}}],\"inLanguage\":\"pl-PL\"},{\"@type\":\"Organization\",\"@id\":\"https:\/\/amatech.com.pl\/sklep\/#organization\",\"name\":\"AMATECH - Maszyny rolnicze, cz\u0119\u015bci zamienne, amazone, krone\",\"url\":\"https:\/\/amatech.com.pl\/sklep\/\",\"logo\":{\"@type\":\"ImageObject\",\"inLanguage\":\"pl-PL\",\"@id\":\"https:\/\/amatech.com.pl\/sklep\/#\/schema\/logo\/image\/\",\"url\":\"https:\/\/amatech.com.pl\/sklep\/wp-content\/uploads\/2021\/11\/amatech-logo.png\",\"contentUrl\":\"https:\/\/amatech.com.pl\/sklep\/wp-content\/uploads\/2021\/11\/amatech-logo.png\",\"width\":266,\"height\":57,\"caption\":\"AMATECH - Maszyny rolnicze, cz\u0119\u015bci zamienne, amazone, krone\"},\"image\":{\"@id\":\"https:\/\/amatech.com.pl\/sklep\/#\/schema\/logo\/image\/\"},\"sameAs\":[\"https:\/\/www.facebook.com\/amatech.poznanski\/\"]}]}<\/script>\n<!-- \/ Yoast SEO plugin. -->","yoast_head_json":{"title":"NO\u017bYK KOSIARKI LEWY (50X4X118MM)  E1 - AMATECH - Maszyny rolnicze, cz\u0119\u015bci zamienne, serwis","robots":{"index":"index","follow":"follow","max-snippet":"max-snippet:-1","max-image-preview":"max-image-preview:large","max-video-preview":"max-video-preview:-1"},"canonical":"https:\/\/amatech.com.pl\/sklep\/czesci-zamienne\/nozyk-kosiarki-lewy-50x4x118mm\/","og_locale":"pl_PL","og_type":"article","og_title":"NO\u017bYK KOSIARKI LEWY (50X4X118MM)  E1 - AMATECH - Maszyny rolnicze, cz\u0119\u015bci zamienne, serwis","og_description":"Producent &#8206;Bernard KRONE Marka &#8206;Bernard KRONE Wymiary opakowania &#8206;14,5 x 12 x 5,6 cm; 3,81 kg Identyfikator referencyjny producenta &#8206;1398884 Numer cz&#281;&#347;ci producenta &#8206;1398884 Waga przedmiotu &#8206;3,81 Kilograms Opis produktu Ostrze\/n\u00f3&#380; 1398884 lewe do kosiarek rotacyjnych EasyCut. Te oryginalne ostrza do kosiarek rotacyjnych marki Krone pasuj&#261; do wszystkich kosiarek EasyCut i s&#261; dostarczane w praktycznym...","og_url":"https:\/\/amatech.com.pl\/sklep\/czesci-zamienne\/nozyk-kosiarki-lewy-50x4x118mm\/","og_site_name":"AMATECH - Maszyny rolnicze, cz\u0119\u015bci zamienne, serwis","article_publisher":"https:\/\/www.facebook.com\/amatech.poznanski\/","article_modified_time":"2026-04-30T12:51:38+00:00","og_image":[{"width":500,"height":291,"url":"https:\/\/amatech.com.pl\/sklep\/wp-content\/uploads\/2023\/11\/NOZYK-KOSIARKI-LEWY-50X4X118MM_37483.jpg","type":"image\/jpeg"}],"twitter_card":"summary_large_image","twitter_misc":{"Szacowany czas czytania":"1 minuta"},"schema":{"@context":"https:\/\/schema.org","@graph":[{"@type":"WebPage","@id":"https:\/\/amatech.com.pl\/sklep\/czesci-zamienne\/nozyk-kosiarki-lewy-50x4x118mm\/","url":"https:\/\/amatech.com.pl\/sklep\/czesci-zamienne\/nozyk-kosiarki-lewy-50x4x118mm\/","name":"NO\u017bYK KOSIARKI LEWY (50X4X118MM) E1 - AMATECH - Maszyny rolnicze, cz\u0119\u015bci zamienne, serwis","isPartOf":{"@id":"https:\/\/amatech.com.pl\/sklep\/#website"},"primaryImageOfPage":{"@id":"https:\/\/amatech.com.pl\/sklep\/czesci-zamienne\/nozyk-kosiarki-lewy-50x4x118mm\/#primaryimage"},"image":{"@id":"https:\/\/amatech.com.pl\/sklep\/czesci-zamienne\/nozyk-kosiarki-lewy-50x4x118mm\/#primaryimage"},"thumbnailUrl":"https:\/\/amatech.com.pl\/sklep\/wp-content\/uploads\/2023\/11\/NOZYK-KOSIARKI-LEWY-50X4X118MM_37483.jpg","datePublished":"2023-11-29T09:59:52+00:00","dateModified":"2026-04-30T12:51:38+00:00","breadcrumb":{"@id":"https:\/\/amatech.com.pl\/sklep\/czesci-zamienne\/nozyk-kosiarki-lewy-50x4x118mm\/#breadcrumb"},"inLanguage":"pl-PL","potentialAction":[{"@type":"ReadAction","target":["https:\/\/amatech.com.pl\/sklep\/czesci-zamienne\/nozyk-kosiarki-lewy-50x4x118mm\/"]}]},{"@type":"ImageObject","inLanguage":"pl-PL","@id":"https:\/\/amatech.com.pl\/sklep\/czesci-zamienne\/nozyk-kosiarki-lewy-50x4x118mm\/#primaryimage","url":"https:\/\/amatech.com.pl\/sklep\/wp-content\/uploads\/2023\/11\/NOZYK-KOSIARKI-LEWY-50X4X118MM_37483.jpg","contentUrl":"https:\/\/amatech.com.pl\/sklep\/wp-content\/uploads\/2023\/11\/NOZYK-KOSIARKI-LEWY-50X4X118MM_37483.jpg","width":500,"height":291,"caption":"NO\u017bYK KOSIARKI LEWY (50X4X118MM)"},{"@type":"BreadcrumbList","@id":"https:\/\/amatech.com.pl\/sklep\/czesci-zamienne\/nozyk-kosiarki-lewy-50x4x118mm\/#breadcrumb","itemListElement":[{"@type":"ListItem","position":1,"name":"Strona g\u0142\u00f3wna","item":"https:\/\/amatech.com.pl\/sklep\/"},{"@type":"ListItem","position":2,"name":"Sklep","item":"https:\/\/amatech.com.pl\/sklep\/"},{"@type":"ListItem","position":3,"name":"NO\u017bYK KOSIARKI LEWY (50X4X118MM) E1"}]},{"@type":"WebSite","@id":"https:\/\/amatech.com.pl\/sklep\/#website","url":"https:\/\/amatech.com.pl\/sklep\/","name":"AMATECH - Maszyny rolnicze, cz\u0119\u015bci zamienne, serwis","description":"AMATECH - Jaros\u0142aw Pozna\u0144ski - Zajmujemy si\u0119 sprzeda\u017c\u0105 maszyn i urz\u0105dze\u0144 rolniczych budowlanych oraz oryginalnych cz\u0119\u015bci zamiennych. Sklep on-line.","publisher":{"@id":"https:\/\/amatech.com.pl\/sklep\/#organization"},"potentialAction":[{"@type":"SearchAction","target":{"@type":"EntryPoint","urlTemplate":"https:\/\/amatech.com.pl\/sklep\/?s={search_term_string}"},"query-input":{"@type":"PropertyValueSpecification","valueRequired":true,"valueName":"search_term_string"}}],"inLanguage":"pl-PL"},{"@type":"Organization","@id":"https:\/\/amatech.com.pl\/sklep\/#organization","name":"AMATECH - Maszyny rolnicze, cz\u0119\u015bci zamienne, amazone, krone","url":"https:\/\/amatech.com.pl\/sklep\/","logo":{"@type":"ImageObject","inLanguage":"pl-PL","@id":"https:\/\/amatech.com.pl\/sklep\/#\/schema\/logo\/image\/","url":"https:\/\/amatech.com.pl\/sklep\/wp-content\/uploads\/2021\/11\/amatech-logo.png","contentUrl":"https:\/\/amatech.com.pl\/sklep\/wp-content\/uploads\/2021\/11\/amatech-logo.png","width":266,"height":57,"caption":"AMATECH - Maszyny rolnicze, cz\u0119\u015bci zamienne, amazone, krone"},"image":{"@id":"https:\/\/amatech.com.pl\/sklep\/#\/schema\/logo\/image\/"},"sameAs":["https:\/\/www.facebook.com\/amatech.poznanski\/"]}]}},"_links":{"self":[{"href":"https:\/\/amatech.com.pl\/sklep\/wp-json\/wp\/v2\/product\/15206"}],"collection":[{"href":"https:\/\/amatech.com.pl\/sklep\/wp-json\/wp\/v2\/product"}],"about":[{"href":"https:\/\/amatech.com.pl\/sklep\/wp-json\/wp\/v2\/types\/product"}],"wp:featuredmedia":[{"embeddable":true,"href":"https:\/\/amatech.com.pl\/sklep\/wp-json\/wp\/v2\/media\/15379"}],"wp:attachment":[{"href":"https:\/\/amatech.com.pl\/sklep\/wp-json\/wp\/v2\/media?parent=15206"}],"wp:term":[{"taxonomy":"product_cat","embeddable":true,"href":"https:\/\/amatech.com.pl\/sklep\/wp-json\/wp\/v2\/product_cat?post=15206"},{"taxonomy":"product_tag","embeddable":true,"href":"https:\/\/amatech.com.pl\/sklep\/wp-json\/wp\/v2\/product_tag?post=15206"}],"curies":[{"name":"wp","href":"https:\/\/api.w.org\/{rel}","templated":true}]}}