{"id":15211,"date":"2023-11-29T10:59:56","date_gmt":"2023-11-29T09:59:56","guid":{"rendered":"https:\/\/amatech.com.pl\/sklep\/czesci-zamienne\/nozyk-do-kosiarki-prawy-50x4x118mm\/"},"modified":"2026-04-30T14:51:38","modified_gmt":"2026-04-30T12:51:38","slug":"nozyk-do-kosiarki-prawy-50x4x118mm","status":"publish","type":"product","link":"https:\/\/amatech.com.pl\/sklep\/czesci-zamienne\/nozyk-do-kosiarki-prawy-50x4x118mm\/","title":{"rendered":"NO\u017bYK KOSIARKI PRAWY (50X4X118MM)  E1"},"content":{"rendered":"<table id=\"productDetails_techSpec_section_1\" role=\"presentation\" class=\" cke_show_border\">\n<tbody>\n<tr>\n<th>Producent<\/th>\n<td>&#8206;Bernard KRONE<\/td>\n<\/tr>\n<tr>\n<th>Marka<\/th>\n<td>&#8206;Bernard KRONE<\/td>\n<\/tr>\n<tr>\n<th>Wymiary opakowania<\/th>\n<td>&#8206;15,1 x 13,6 x 5,6 cm; 3,72 kg<\/td>\n<\/tr>\n<tr>\n<th>Identyfikator referencyjny producenta<\/th>\n<td>&#8206;1398894<\/td>\n<\/tr>\n<tr>\n<th>Numer cz&#281;&#347;ci producenta<\/th>\n<td>&#8206;1398894<\/td>\n<\/tr>\n<tr>\n<th>Waga przedmiotu<\/th>\n<td>&#8206;3,72 Kilograms<\/p>\n<\/td>\n<\/tr>\n<\/tbody>\n<\/table>\n<p><\/p>\n<p>Ostrza\/n\u00f3&#380; 1398894 prawa do kosiarek tarczowych EasyCut<\/p>\n<p>Te oryginalne ostrza do koszenia Krone pasuj&#261; do wszystkich kosiarek EasyCut i s&#261; dostarczane w praktycznym opakowaniu 25 sztuk. Otw\u00f3r ma &#347;rednic&#281; 19 mm, a ostrza o wymiarach 112 x 50 x 4 mm.<\/p>\n","protected":false},"excerpt":{"rendered":"<p>Producent &#8206;Bernard KRONE Marka &#8206;Bernard KRONE Wymiary opakowania &#8206;15,1 x 13,6 x 5,6 cm; 3,72 kg Identyfikator referencyjny producenta &#8206;1398894 Numer cz&#281;&#347;ci producenta &#8206;1398894 Waga przedmiotu &#8206;3,72 Kilograms Ostrza\/n\u00f3&#380; 1398894 prawa do kosiarek tarczowych EasyCut Te oryginalne ostrza do koszenia Krone pasuj&#261; do wszystkich kosiarek EasyCut i s&#261; dostarczane w praktycznym opakowaniu 25 sztuk. Otw\u00f3r&#8230;<\/p>\n","protected":false},"featured_media":0,"template":"","meta":{"_kad_post_transparent":"","_kad_post_title":"","_kad_post_layout":"","_kad_post_sidebar_id":"","_kad_post_content_style":"","_kad_post_vertical_padding":"","_kad_post_feature":"","_kad_post_feature_position":"","_kad_post_header":false,"_kad_post_footer":false},"product_cat":[306],"product_tag":[],"class_list":{"0":"post-15211","1":"product","2":"type-product","3":"status-publish","5":"product_cat-krone-kosiarki-dyskowe","7":"first","8":"instock","9":"taxable","10":"shipping-taxable","11":"purchasable","12":"product-type-simple","13":"entry","14":"content-bg","15":"loop-entry"},"yoast_head":"<!-- This site is optimized with the Yoast SEO plugin v24.9 - https:\/\/yoast.com\/wordpress\/plugins\/seo\/ -->\n<title>NO\u017bYK KOSIARKI PRAWY (50X4X118MM) E1 - AMATECH - Maszyny rolnicze, cz\u0119\u015bci zamienne, serwis<\/title>\n<meta name=\"robots\" content=\"index, follow, max-snippet:-1, max-image-preview:large, max-video-preview:-1\" \/>\n<link rel=\"canonical\" href=\"https:\/\/amatech.com.pl\/sklep\/czesci-zamienne\/nozyk-do-kosiarki-prawy-50x4x118mm\/\" \/>\n<meta property=\"og:locale\" content=\"pl_PL\" \/>\n<meta property=\"og:type\" content=\"article\" \/>\n<meta property=\"og:title\" content=\"NO\u017bYK KOSIARKI PRAWY (50X4X118MM) E1 - AMATECH - Maszyny rolnicze, cz\u0119\u015bci zamienne, serwis\" \/>\n<meta property=\"og:description\" content=\"Producent &#8206;Bernard KRONE Marka &#8206;Bernard KRONE Wymiary opakowania &#8206;15,1 x 13,6 x 5,6 cm; 3,72 kg Identyfikator referencyjny producenta &#8206;1398894 Numer cz&#281;&#347;ci producenta &#8206;1398894 Waga przedmiotu &#8206;3,72 Kilograms Ostrza\/n\u00f3&#380; 1398894 prawa do kosiarek tarczowych EasyCut Te oryginalne ostrza do koszenia Krone pasuj&#261; do wszystkich kosiarek EasyCut i s&#261; dostarczane w praktycznym opakowaniu 25 sztuk. Otw\u00f3r...\" \/>\n<meta property=\"og:url\" content=\"https:\/\/amatech.com.pl\/sklep\/czesci-zamienne\/nozyk-do-kosiarki-prawy-50x4x118mm\/\" \/>\n<meta property=\"og:site_name\" content=\"AMATECH - Maszyny rolnicze, cz\u0119\u015bci zamienne, serwis\" \/>\n<meta property=\"article:publisher\" content=\"https:\/\/www.facebook.com\/amatech.poznanski\/\" \/>\n<meta property=\"article:modified_time\" content=\"2026-04-30T12:51:38+00:00\" \/>\n<meta name=\"twitter:card\" content=\"summary_large_image\" \/>\n<script type=\"application\/ld+json\" class=\"yoast-schema-graph\">{\"@context\":\"https:\/\/schema.org\",\"@graph\":[{\"@type\":\"WebPage\",\"@id\":\"https:\/\/amatech.com.pl\/sklep\/czesci-zamienne\/nozyk-do-kosiarki-prawy-50x4x118mm\/\",\"url\":\"https:\/\/amatech.com.pl\/sklep\/czesci-zamienne\/nozyk-do-kosiarki-prawy-50x4x118mm\/\",\"name\":\"NO\u017bYK KOSIARKI PRAWY (50X4X118MM) E1 - AMATECH - Maszyny rolnicze, cz\u0119\u015bci zamienne, serwis\",\"isPartOf\":{\"@id\":\"https:\/\/amatech.com.pl\/sklep\/#website\"},\"datePublished\":\"2023-11-29T09:59:56+00:00\",\"dateModified\":\"2026-04-30T12:51:38+00:00\",\"breadcrumb\":{\"@id\":\"https:\/\/amatech.com.pl\/sklep\/czesci-zamienne\/nozyk-do-kosiarki-prawy-50x4x118mm\/#breadcrumb\"},\"inLanguage\":\"pl-PL\",\"potentialAction\":[{\"@type\":\"ReadAction\",\"target\":[\"https:\/\/amatech.com.pl\/sklep\/czesci-zamienne\/nozyk-do-kosiarki-prawy-50x4x118mm\/\"]}]},{\"@type\":\"BreadcrumbList\",\"@id\":\"https:\/\/amatech.com.pl\/sklep\/czesci-zamienne\/nozyk-do-kosiarki-prawy-50x4x118mm\/#breadcrumb\",\"itemListElement\":[{\"@type\":\"ListItem\",\"position\":1,\"name\":\"Strona g\u0142\u00f3wna\",\"item\":\"https:\/\/amatech.com.pl\/sklep\/\"},{\"@type\":\"ListItem\",\"position\":2,\"name\":\"Sklep\",\"item\":\"https:\/\/amatech.com.pl\/sklep\/\"},{\"@type\":\"ListItem\",\"position\":3,\"name\":\"NO\u017bYK KOSIARKI PRAWY (50X4X118MM) E1\"}]},{\"@type\":\"WebSite\",\"@id\":\"https:\/\/amatech.com.pl\/sklep\/#website\",\"url\":\"https:\/\/amatech.com.pl\/sklep\/\",\"name\":\"AMATECH - Maszyny rolnicze, cz\u0119\u015bci zamienne, serwis\",\"description\":\"AMATECH - Jaros\u0142aw Pozna\u0144ski - Zajmujemy si\u0119 sprzeda\u017c\u0105 maszyn i urz\u0105dze\u0144 rolniczych budowlanych oraz oryginalnych cz\u0119\u015bci zamiennych. Sklep on-line.\",\"publisher\":{\"@id\":\"https:\/\/amatech.com.pl\/sklep\/#organization\"},\"potentialAction\":[{\"@type\":\"SearchAction\",\"target\":{\"@type\":\"EntryPoint\",\"urlTemplate\":\"https:\/\/amatech.com.pl\/sklep\/?s={search_term_string}\"},\"query-input\":{\"@type\":\"PropertyValueSpecification\",\"valueRequired\":true,\"valueName\":\"search_term_string\"}}],\"inLanguage\":\"pl-PL\"},{\"@type\":\"Organization\",\"@id\":\"https:\/\/amatech.com.pl\/sklep\/#organization\",\"name\":\"AMATECH - Maszyny rolnicze, cz\u0119\u015bci zamienne, amazone, krone\",\"url\":\"https:\/\/amatech.com.pl\/sklep\/\",\"logo\":{\"@type\":\"ImageObject\",\"inLanguage\":\"pl-PL\",\"@id\":\"https:\/\/amatech.com.pl\/sklep\/#\/schema\/logo\/image\/\",\"url\":\"https:\/\/amatech.com.pl\/sklep\/wp-content\/uploads\/2021\/11\/amatech-logo.png\",\"contentUrl\":\"https:\/\/amatech.com.pl\/sklep\/wp-content\/uploads\/2021\/11\/amatech-logo.png\",\"width\":266,\"height\":57,\"caption\":\"AMATECH - Maszyny rolnicze, cz\u0119\u015bci zamienne, amazone, krone\"},\"image\":{\"@id\":\"https:\/\/amatech.com.pl\/sklep\/#\/schema\/logo\/image\/\"},\"sameAs\":[\"https:\/\/www.facebook.com\/amatech.poznanski\/\"]}]}<\/script>\n<!-- \/ Yoast SEO plugin. -->","yoast_head_json":{"title":"NO\u017bYK KOSIARKI PRAWY (50X4X118MM) E1 - AMATECH - Maszyny rolnicze, cz\u0119\u015bci zamienne, serwis","robots":{"index":"index","follow":"follow","max-snippet":"max-snippet:-1","max-image-preview":"max-image-preview:large","max-video-preview":"max-video-preview:-1"},"canonical":"https:\/\/amatech.com.pl\/sklep\/czesci-zamienne\/nozyk-do-kosiarki-prawy-50x4x118mm\/","og_locale":"pl_PL","og_type":"article","og_title":"NO\u017bYK KOSIARKI PRAWY (50X4X118MM) E1 - AMATECH - Maszyny rolnicze, cz\u0119\u015bci zamienne, serwis","og_description":"Producent &#8206;Bernard KRONE Marka &#8206;Bernard KRONE Wymiary opakowania &#8206;15,1 x 13,6 x 5,6 cm; 3,72 kg Identyfikator referencyjny producenta &#8206;1398894 Numer cz&#281;&#347;ci producenta &#8206;1398894 Waga przedmiotu &#8206;3,72 Kilograms Ostrza\/n\u00f3&#380; 1398894 prawa do kosiarek tarczowych EasyCut Te oryginalne ostrza do koszenia Krone pasuj&#261; do wszystkich kosiarek EasyCut i s&#261; dostarczane w praktycznym opakowaniu 25 sztuk. Otw\u00f3r...","og_url":"https:\/\/amatech.com.pl\/sklep\/czesci-zamienne\/nozyk-do-kosiarki-prawy-50x4x118mm\/","og_site_name":"AMATECH - Maszyny rolnicze, cz\u0119\u015bci zamienne, serwis","article_publisher":"https:\/\/www.facebook.com\/amatech.poznanski\/","article_modified_time":"2026-04-30T12:51:38+00:00","twitter_card":"summary_large_image","schema":{"@context":"https:\/\/schema.org","@graph":[{"@type":"WebPage","@id":"https:\/\/amatech.com.pl\/sklep\/czesci-zamienne\/nozyk-do-kosiarki-prawy-50x4x118mm\/","url":"https:\/\/amatech.com.pl\/sklep\/czesci-zamienne\/nozyk-do-kosiarki-prawy-50x4x118mm\/","name":"NO\u017bYK KOSIARKI PRAWY (50X4X118MM) E1 - AMATECH - Maszyny rolnicze, cz\u0119\u015bci zamienne, serwis","isPartOf":{"@id":"https:\/\/amatech.com.pl\/sklep\/#website"},"datePublished":"2023-11-29T09:59:56+00:00","dateModified":"2026-04-30T12:51:38+00:00","breadcrumb":{"@id":"https:\/\/amatech.com.pl\/sklep\/czesci-zamienne\/nozyk-do-kosiarki-prawy-50x4x118mm\/#breadcrumb"},"inLanguage":"pl-PL","potentialAction":[{"@type":"ReadAction","target":["https:\/\/amatech.com.pl\/sklep\/czesci-zamienne\/nozyk-do-kosiarki-prawy-50x4x118mm\/"]}]},{"@type":"BreadcrumbList","@id":"https:\/\/amatech.com.pl\/sklep\/czesci-zamienne\/nozyk-do-kosiarki-prawy-50x4x118mm\/#breadcrumb","itemListElement":[{"@type":"ListItem","position":1,"name":"Strona g\u0142\u00f3wna","item":"https:\/\/amatech.com.pl\/sklep\/"},{"@type":"ListItem","position":2,"name":"Sklep","item":"https:\/\/amatech.com.pl\/sklep\/"},{"@type":"ListItem","position":3,"name":"NO\u017bYK KOSIARKI PRAWY (50X4X118MM) E1"}]},{"@type":"WebSite","@id":"https:\/\/amatech.com.pl\/sklep\/#website","url":"https:\/\/amatech.com.pl\/sklep\/","name":"AMATECH - Maszyny rolnicze, cz\u0119\u015bci zamienne, serwis","description":"AMATECH - Jaros\u0142aw Pozna\u0144ski - Zajmujemy si\u0119 sprzeda\u017c\u0105 maszyn i urz\u0105dze\u0144 rolniczych budowlanych oraz oryginalnych cz\u0119\u015bci zamiennych. Sklep on-line.","publisher":{"@id":"https:\/\/amatech.com.pl\/sklep\/#organization"},"potentialAction":[{"@type":"SearchAction","target":{"@type":"EntryPoint","urlTemplate":"https:\/\/amatech.com.pl\/sklep\/?s={search_term_string}"},"query-input":{"@type":"PropertyValueSpecification","valueRequired":true,"valueName":"search_term_string"}}],"inLanguage":"pl-PL"},{"@type":"Organization","@id":"https:\/\/amatech.com.pl\/sklep\/#organization","name":"AMATECH - Maszyny rolnicze, cz\u0119\u015bci zamienne, amazone, krone","url":"https:\/\/amatech.com.pl\/sklep\/","logo":{"@type":"ImageObject","inLanguage":"pl-PL","@id":"https:\/\/amatech.com.pl\/sklep\/#\/schema\/logo\/image\/","url":"https:\/\/amatech.com.pl\/sklep\/wp-content\/uploads\/2021\/11\/amatech-logo.png","contentUrl":"https:\/\/amatech.com.pl\/sklep\/wp-content\/uploads\/2021\/11\/amatech-logo.png","width":266,"height":57,"caption":"AMATECH - Maszyny rolnicze, cz\u0119\u015bci zamienne, amazone, krone"},"image":{"@id":"https:\/\/amatech.com.pl\/sklep\/#\/schema\/logo\/image\/"},"sameAs":["https:\/\/www.facebook.com\/amatech.poznanski\/"]}]}},"_links":{"self":[{"href":"https:\/\/amatech.com.pl\/sklep\/wp-json\/wp\/v2\/product\/15211"}],"collection":[{"href":"https:\/\/amatech.com.pl\/sklep\/wp-json\/wp\/v2\/product"}],"about":[{"href":"https:\/\/amatech.com.pl\/sklep\/wp-json\/wp\/v2\/types\/product"}],"wp:attachment":[{"href":"https:\/\/amatech.com.pl\/sklep\/wp-json\/wp\/v2\/media?parent=15211"}],"wp:term":[{"taxonomy":"product_cat","embeddable":true,"href":"https:\/\/amatech.com.pl\/sklep\/wp-json\/wp\/v2\/product_cat?post=15211"},{"taxonomy":"product_tag","embeddable":true,"href":"https:\/\/amatech.com.pl\/sklep\/wp-json\/wp\/v2\/product_tag?post=15211"}],"curies":[{"name":"wp","href":"https:\/\/api.w.org\/{rel}","templated":true}]}}