{"id":15255,"date":"2023-11-29T11:09:43","date_gmt":"2023-11-29T10:09:43","guid":{"rendered":"https:\/\/amatech.com.pl\/sklep\/czesci-zamienne\/spinka-lancucha-formujacego-vp-9222960-xi-5-4\/"},"modified":"2026-04-30T14:51:58","modified_gmt":"2026-04-30T12:51:58","slug":"spinka-lancucha-formujacego-vp-9222960-xi-5-4","status":"publish","type":"product","link":"https:\/\/amatech.com.pl\/sklep\/czesci-zamienne\/spinka-lancucha-formujacego-vp-9222960-xi-5-4\/","title":{"rendered":"SPINKA \u0141A\u0143CUCHA FORMUJ\u0104CEGO VP 9222960    G3-5-2"},"content":{"rendered":"<p><strong>OGNIWA z zawleczk&#261; (SPINKI) KOMORY ZWIJAJ&#260;CEJ&nbsp;PRAS KRONE;&nbsp;&nbsp;KR-10-16,&nbsp;&nbsp;KR-8-16 Vario-Pack 1500\/1800<\/strong><\/p>\n<p align=\"left\">Prasa Roluj&#261;ca Krone&nbsp;KR-10-16<\/p>\n<ul>\n<li>\n<p align=\"left\">&#321;a&#324;cuch PRZEDNI; 2szt po 28 przy&#322;&#261;czy = 56 szt&nbsp;Spinek<\/p>\n<\/li>\n<li>\n<p align=\"left\">&#321;a&#324;cuch&nbsp;TYLNY; 2szt po 44 przy&#322;&#261;cza =88 szt Spinek<\/p>\n<\/li>\n<\/ul>\n<p align=\"left\">Prasa Roluj&#261;ca Krone&nbsp;KR-8-16 ORAZ Vario-Pack 1500<\/p>\n<ul>\n<li>\n<p align=\"left\">&#321;a&#324;cuch PRZEDNI; 2szt po 28 przy&#322;&#261;czy =56 szt&nbsp;Spinek<\/p>\n<\/li>\n<li>\n<p align=\"left\">&#321;a&#324;cuch TYLNY;&nbsp;2szt po 44 przy&#322;&#261;cza =88 szt&nbsp;Spinek<\/p>\n<\/li>\n<\/ul>\n<p align=\"left\">Prasa Roluj&#261;ca Krone&nbsp;Vario-Pack 1800<\/p>\n<ul>\n<li>\n<p align=\"left\">&#321;a&#324;cuch PRZEDNI; 2szt po 31 przy&#322;&#261;czy =62 szt&nbsp;Spinek<\/p>\n<\/li>\n<li>\n<p align=\"left\">&#321;a&#324;cuch TYLNY;&nbsp;2szt po 56 przy&#322;&#261;czy =112 szt&nbsp;Spinek<\/p>\n<\/li>\n<\/ul>\n","protected":false},"excerpt":{"rendered":"<p>OGNIWA z zawleczk&#261; (SPINKI) KOMORY ZWIJAJ&#260;CEJ&nbsp;PRAS KRONE;&nbsp;&nbsp;KR-10-16,&nbsp;&nbsp;KR-8-16 Vario-Pack 1500\/1800 Prasa Roluj&#261;ca Krone&nbsp;KR-10-16 &#321;a&#324;cuch PRZEDNI; 2szt po 28 przy&#322;&#261;czy = 56 szt&nbsp;Spinek &#321;a&#324;cuch&nbsp;TYLNY; 2szt po 44 przy&#322;&#261;cza =88 szt Spinek Prasa Roluj&#261;ca Krone&nbsp;KR-8-16 ORAZ Vario-Pack 1500 &#321;a&#324;cuch PRZEDNI; 2szt po 28 przy&#322;&#261;czy =56 szt&nbsp;Spinek &#321;a&#324;cuch TYLNY;&nbsp;2szt po 44 przy&#322;&#261;cza =88 szt&nbsp;Spinek Prasa Roluj&#261;ca Krone&nbsp;Vario-Pack 1800 &#321;a&#324;cuch&#8230;<\/p>\n","protected":false},"featured_media":15755,"template":"","meta":{"_kad_post_transparent":"","_kad_post_title":"","_kad_post_layout":"","_kad_post_sidebar_id":"","_kad_post_content_style":"","_kad_post_vertical_padding":"","_kad_post_feature":"","_kad_post_feature_position":"","_kad_post_header":false,"_kad_post_footer":false},"product_cat":[297,306],"product_tag":[],"class_list":{"0":"post-15255","1":"product","2":"type-product","3":"status-publish","4":"has-post-thumbnail","6":"product_cat-krone","7":"product_cat-krone-kosiarki-dyskowe","9":"first","10":"instock","11":"taxable","12":"shipping-taxable","13":"purchasable","14":"product-type-simple","15":"entry","16":"content-bg","17":"loop-entry"},"yoast_head":"<!-- This site is optimized with the Yoast SEO plugin v24.9 - https:\/\/yoast.com\/wordpress\/plugins\/seo\/ -->\n<title>SPINKA \u0141A\u0143CUCHA FORMUJ\u0104CEGO VP 9222960  G3-5-2 - AMATECH - Maszyny rolnicze, cz\u0119\u015bci zamienne, serwis<\/title>\n<meta name=\"robots\" content=\"index, follow, max-snippet:-1, max-image-preview:large, max-video-preview:-1\" \/>\n<link rel=\"canonical\" href=\"https:\/\/amatech.com.pl\/sklep\/czesci-zamienne\/spinka-lancucha-formujacego-vp-9222960-xi-5-4\/\" \/>\n<meta property=\"og:locale\" content=\"pl_PL\" \/>\n<meta property=\"og:type\" content=\"article\" \/>\n<meta property=\"og:title\" content=\"SPINKA \u0141A\u0143CUCHA FORMUJ\u0104CEGO VP 9222960  G3-5-2 - AMATECH - Maszyny rolnicze, cz\u0119\u015bci zamienne, serwis\" \/>\n<meta property=\"og:description\" content=\"OGNIWA z zawleczk&#261; (SPINKI) KOMORY ZWIJAJ&#260;CEJ&nbsp;PRAS KRONE;&nbsp;&nbsp;KR-10-16,&nbsp;&nbsp;KR-8-16 Vario-Pack 1500\/1800 Prasa Roluj&#261;ca Krone&nbsp;KR-10-16 &#321;a&#324;cuch PRZEDNI; 2szt po 28 przy&#322;&#261;czy = 56 szt&nbsp;Spinek &#321;a&#324;cuch&nbsp;TYLNY; 2szt po 44 przy&#322;&#261;cza =88 szt Spinek Prasa Roluj&#261;ca Krone&nbsp;KR-8-16 ORAZ Vario-Pack 1500 &#321;a&#324;cuch PRZEDNI; 2szt po 28 przy&#322;&#261;czy =56 szt&nbsp;Spinek &#321;a&#324;cuch TYLNY;&nbsp;2szt po 44 przy&#322;&#261;cza =88 szt&nbsp;Spinek Prasa Roluj&#261;ca Krone&nbsp;Vario-Pack 1800 &#321;a&#324;cuch...\" \/>\n<meta property=\"og:url\" content=\"https:\/\/amatech.com.pl\/sklep\/czesci-zamienne\/spinka-lancucha-formujacego-vp-9222960-xi-5-4\/\" \/>\n<meta property=\"og:site_name\" content=\"AMATECH - Maszyny rolnicze, cz\u0119\u015bci zamienne, serwis\" \/>\n<meta property=\"article:publisher\" content=\"https:\/\/www.facebook.com\/amatech.poznanski\/\" \/>\n<meta property=\"article:modified_time\" content=\"2026-04-30T12:51:58+00:00\" \/>\n<meta property=\"og:image\" content=\"https:\/\/amatech.com.pl\/sklep\/wp-content\/uploads\/2023\/11\/SPINKA-LANCUCHA-FORMUJACEGO-VP-9222960-XI-5-4_38580.jpg\" \/>\n\t<meta property=\"og:image:width\" content=\"458\" \/>\n\t<meta property=\"og:image:height\" content=\"458\" \/>\n\t<meta property=\"og:image:type\" content=\"image\/jpeg\" \/>\n<meta name=\"twitter:card\" content=\"summary_large_image\" \/>\n<meta name=\"twitter:label1\" content=\"Szacowany czas czytania\" \/>\n\t<meta name=\"twitter:data1\" content=\"1 minuta\" \/>\n<script type=\"application\/ld+json\" class=\"yoast-schema-graph\">{\"@context\":\"https:\/\/schema.org\",\"@graph\":[{\"@type\":\"WebPage\",\"@id\":\"https:\/\/amatech.com.pl\/sklep\/czesci-zamienne\/spinka-lancucha-formujacego-vp-9222960-xi-5-4\/\",\"url\":\"https:\/\/amatech.com.pl\/sklep\/czesci-zamienne\/spinka-lancucha-formujacego-vp-9222960-xi-5-4\/\",\"name\":\"SPINKA \u0141A\u0143CUCHA FORMUJ\u0104CEGO VP 9222960 G3-5-2 - AMATECH - Maszyny rolnicze, cz\u0119\u015bci zamienne, serwis\",\"isPartOf\":{\"@id\":\"https:\/\/amatech.com.pl\/sklep\/#website\"},\"primaryImageOfPage\":{\"@id\":\"https:\/\/amatech.com.pl\/sklep\/czesci-zamienne\/spinka-lancucha-formujacego-vp-9222960-xi-5-4\/#primaryimage\"},\"image\":{\"@id\":\"https:\/\/amatech.com.pl\/sklep\/czesci-zamienne\/spinka-lancucha-formujacego-vp-9222960-xi-5-4\/#primaryimage\"},\"thumbnailUrl\":\"https:\/\/amatech.com.pl\/sklep\/wp-content\/uploads\/2023\/11\/SPINKA-LANCUCHA-FORMUJACEGO-VP-9222960-XI-5-4_38580.jpg\",\"datePublished\":\"2023-11-29T10:09:43+00:00\",\"dateModified\":\"2026-04-30T12:51:58+00:00\",\"breadcrumb\":{\"@id\":\"https:\/\/amatech.com.pl\/sklep\/czesci-zamienne\/spinka-lancucha-formujacego-vp-9222960-xi-5-4\/#breadcrumb\"},\"inLanguage\":\"pl-PL\",\"potentialAction\":[{\"@type\":\"ReadAction\",\"target\":[\"https:\/\/amatech.com.pl\/sklep\/czesci-zamienne\/spinka-lancucha-formujacego-vp-9222960-xi-5-4\/\"]}]},{\"@type\":\"ImageObject\",\"inLanguage\":\"pl-PL\",\"@id\":\"https:\/\/amatech.com.pl\/sklep\/czesci-zamienne\/spinka-lancucha-formujacego-vp-9222960-xi-5-4\/#primaryimage\",\"url\":\"https:\/\/amatech.com.pl\/sklep\/wp-content\/uploads\/2023\/11\/SPINKA-LANCUCHA-FORMUJACEGO-VP-9222960-XI-5-4_38580.jpg\",\"contentUrl\":\"https:\/\/amatech.com.pl\/sklep\/wp-content\/uploads\/2023\/11\/SPINKA-LANCUCHA-FORMUJACEGO-VP-9222960-XI-5-4_38580.jpg\",\"width\":458,\"height\":458,\"caption\":\"SPINKA \u0141A\u0143CUCHA FORMUJ\u0104CEGO VP 9222960 XI-5-4\"},{\"@type\":\"BreadcrumbList\",\"@id\":\"https:\/\/amatech.com.pl\/sklep\/czesci-zamienne\/spinka-lancucha-formujacego-vp-9222960-xi-5-4\/#breadcrumb\",\"itemListElement\":[{\"@type\":\"ListItem\",\"position\":1,\"name\":\"Strona g\u0142\u00f3wna\",\"item\":\"https:\/\/amatech.com.pl\/sklep\/\"},{\"@type\":\"ListItem\",\"position\":2,\"name\":\"Sklep\",\"item\":\"https:\/\/amatech.com.pl\/sklep\/\"},{\"@type\":\"ListItem\",\"position\":3,\"name\":\"SPINKA \u0141A\u0143CUCHA FORMUJ\u0104CEGO VP 9222960 G3-5-2\"}]},{\"@type\":\"WebSite\",\"@id\":\"https:\/\/amatech.com.pl\/sklep\/#website\",\"url\":\"https:\/\/amatech.com.pl\/sklep\/\",\"name\":\"AMATECH - Maszyny rolnicze, cz\u0119\u015bci zamienne, serwis\",\"description\":\"AMATECH - Jaros\u0142aw Pozna\u0144ski - Zajmujemy si\u0119 sprzeda\u017c\u0105 maszyn i urz\u0105dze\u0144 rolniczych budowlanych oraz oryginalnych cz\u0119\u015bci zamiennych. Sklep on-line.\",\"publisher\":{\"@id\":\"https:\/\/amatech.com.pl\/sklep\/#organization\"},\"potentialAction\":[{\"@type\":\"SearchAction\",\"target\":{\"@type\":\"EntryPoint\",\"urlTemplate\":\"https:\/\/amatech.com.pl\/sklep\/?s={search_term_string}\"},\"query-input\":{\"@type\":\"PropertyValueSpecification\",\"valueRequired\":true,\"valueName\":\"search_term_string\"}}],\"inLanguage\":\"pl-PL\"},{\"@type\":\"Organization\",\"@id\":\"https:\/\/amatech.com.pl\/sklep\/#organization\",\"name\":\"AMATECH - Maszyny rolnicze, cz\u0119\u015bci zamienne, amazone, krone\",\"url\":\"https:\/\/amatech.com.pl\/sklep\/\",\"logo\":{\"@type\":\"ImageObject\",\"inLanguage\":\"pl-PL\",\"@id\":\"https:\/\/amatech.com.pl\/sklep\/#\/schema\/logo\/image\/\",\"url\":\"https:\/\/amatech.com.pl\/sklep\/wp-content\/uploads\/2021\/11\/amatech-logo.png\",\"contentUrl\":\"https:\/\/amatech.com.pl\/sklep\/wp-content\/uploads\/2021\/11\/amatech-logo.png\",\"width\":266,\"height\":57,\"caption\":\"AMATECH - Maszyny rolnicze, cz\u0119\u015bci zamienne, amazone, krone\"},\"image\":{\"@id\":\"https:\/\/amatech.com.pl\/sklep\/#\/schema\/logo\/image\/\"},\"sameAs\":[\"https:\/\/www.facebook.com\/amatech.poznanski\/\"]}]}<\/script>\n<!-- \/ Yoast SEO plugin. -->","yoast_head_json":{"title":"SPINKA \u0141A\u0143CUCHA FORMUJ\u0104CEGO VP 9222960  G3-5-2 - AMATECH - Maszyny rolnicze, cz\u0119\u015bci zamienne, serwis","robots":{"index":"index","follow":"follow","max-snippet":"max-snippet:-1","max-image-preview":"max-image-preview:large","max-video-preview":"max-video-preview:-1"},"canonical":"https:\/\/amatech.com.pl\/sklep\/czesci-zamienne\/spinka-lancucha-formujacego-vp-9222960-xi-5-4\/","og_locale":"pl_PL","og_type":"article","og_title":"SPINKA \u0141A\u0143CUCHA FORMUJ\u0104CEGO VP 9222960  G3-5-2 - AMATECH - Maszyny rolnicze, cz\u0119\u015bci zamienne, serwis","og_description":"OGNIWA z zawleczk&#261; (SPINKI) KOMORY ZWIJAJ&#260;CEJ&nbsp;PRAS KRONE;&nbsp;&nbsp;KR-10-16,&nbsp;&nbsp;KR-8-16 Vario-Pack 1500\/1800 Prasa Roluj&#261;ca Krone&nbsp;KR-10-16 &#321;a&#324;cuch PRZEDNI; 2szt po 28 przy&#322;&#261;czy = 56 szt&nbsp;Spinek &#321;a&#324;cuch&nbsp;TYLNY; 2szt po 44 przy&#322;&#261;cza =88 szt Spinek Prasa Roluj&#261;ca Krone&nbsp;KR-8-16 ORAZ Vario-Pack 1500 &#321;a&#324;cuch PRZEDNI; 2szt po 28 przy&#322;&#261;czy =56 szt&nbsp;Spinek &#321;a&#324;cuch TYLNY;&nbsp;2szt po 44 przy&#322;&#261;cza =88 szt&nbsp;Spinek Prasa Roluj&#261;ca Krone&nbsp;Vario-Pack 1800 &#321;a&#324;cuch...","og_url":"https:\/\/amatech.com.pl\/sklep\/czesci-zamienne\/spinka-lancucha-formujacego-vp-9222960-xi-5-4\/","og_site_name":"AMATECH - Maszyny rolnicze, cz\u0119\u015bci zamienne, serwis","article_publisher":"https:\/\/www.facebook.com\/amatech.poznanski\/","article_modified_time":"2026-04-30T12:51:58+00:00","og_image":[{"width":458,"height":458,"url":"https:\/\/amatech.com.pl\/sklep\/wp-content\/uploads\/2023\/11\/SPINKA-LANCUCHA-FORMUJACEGO-VP-9222960-XI-5-4_38580.jpg","type":"image\/jpeg"}],"twitter_card":"summary_large_image","twitter_misc":{"Szacowany czas czytania":"1 minuta"},"schema":{"@context":"https:\/\/schema.org","@graph":[{"@type":"WebPage","@id":"https:\/\/amatech.com.pl\/sklep\/czesci-zamienne\/spinka-lancucha-formujacego-vp-9222960-xi-5-4\/","url":"https:\/\/amatech.com.pl\/sklep\/czesci-zamienne\/spinka-lancucha-formujacego-vp-9222960-xi-5-4\/","name":"SPINKA \u0141A\u0143CUCHA FORMUJ\u0104CEGO VP 9222960 G3-5-2 - AMATECH - Maszyny rolnicze, cz\u0119\u015bci zamienne, serwis","isPartOf":{"@id":"https:\/\/amatech.com.pl\/sklep\/#website"},"primaryImageOfPage":{"@id":"https:\/\/amatech.com.pl\/sklep\/czesci-zamienne\/spinka-lancucha-formujacego-vp-9222960-xi-5-4\/#primaryimage"},"image":{"@id":"https:\/\/amatech.com.pl\/sklep\/czesci-zamienne\/spinka-lancucha-formujacego-vp-9222960-xi-5-4\/#primaryimage"},"thumbnailUrl":"https:\/\/amatech.com.pl\/sklep\/wp-content\/uploads\/2023\/11\/SPINKA-LANCUCHA-FORMUJACEGO-VP-9222960-XI-5-4_38580.jpg","datePublished":"2023-11-29T10:09:43+00:00","dateModified":"2026-04-30T12:51:58+00:00","breadcrumb":{"@id":"https:\/\/amatech.com.pl\/sklep\/czesci-zamienne\/spinka-lancucha-formujacego-vp-9222960-xi-5-4\/#breadcrumb"},"inLanguage":"pl-PL","potentialAction":[{"@type":"ReadAction","target":["https:\/\/amatech.com.pl\/sklep\/czesci-zamienne\/spinka-lancucha-formujacego-vp-9222960-xi-5-4\/"]}]},{"@type":"ImageObject","inLanguage":"pl-PL","@id":"https:\/\/amatech.com.pl\/sklep\/czesci-zamienne\/spinka-lancucha-formujacego-vp-9222960-xi-5-4\/#primaryimage","url":"https:\/\/amatech.com.pl\/sklep\/wp-content\/uploads\/2023\/11\/SPINKA-LANCUCHA-FORMUJACEGO-VP-9222960-XI-5-4_38580.jpg","contentUrl":"https:\/\/amatech.com.pl\/sklep\/wp-content\/uploads\/2023\/11\/SPINKA-LANCUCHA-FORMUJACEGO-VP-9222960-XI-5-4_38580.jpg","width":458,"height":458,"caption":"SPINKA \u0141A\u0143CUCHA FORMUJ\u0104CEGO VP 9222960 XI-5-4"},{"@type":"BreadcrumbList","@id":"https:\/\/amatech.com.pl\/sklep\/czesci-zamienne\/spinka-lancucha-formujacego-vp-9222960-xi-5-4\/#breadcrumb","itemListElement":[{"@type":"ListItem","position":1,"name":"Strona g\u0142\u00f3wna","item":"https:\/\/amatech.com.pl\/sklep\/"},{"@type":"ListItem","position":2,"name":"Sklep","item":"https:\/\/amatech.com.pl\/sklep\/"},{"@type":"ListItem","position":3,"name":"SPINKA \u0141A\u0143CUCHA FORMUJ\u0104CEGO VP 9222960 G3-5-2"}]},{"@type":"WebSite","@id":"https:\/\/amatech.com.pl\/sklep\/#website","url":"https:\/\/amatech.com.pl\/sklep\/","name":"AMATECH - Maszyny rolnicze, cz\u0119\u015bci zamienne, serwis","description":"AMATECH - Jaros\u0142aw Pozna\u0144ski - Zajmujemy si\u0119 sprzeda\u017c\u0105 maszyn i urz\u0105dze\u0144 rolniczych budowlanych oraz oryginalnych cz\u0119\u015bci zamiennych. Sklep on-line.","publisher":{"@id":"https:\/\/amatech.com.pl\/sklep\/#organization"},"potentialAction":[{"@type":"SearchAction","target":{"@type":"EntryPoint","urlTemplate":"https:\/\/amatech.com.pl\/sklep\/?s={search_term_string}"},"query-input":{"@type":"PropertyValueSpecification","valueRequired":true,"valueName":"search_term_string"}}],"inLanguage":"pl-PL"},{"@type":"Organization","@id":"https:\/\/amatech.com.pl\/sklep\/#organization","name":"AMATECH - Maszyny rolnicze, cz\u0119\u015bci zamienne, amazone, krone","url":"https:\/\/amatech.com.pl\/sklep\/","logo":{"@type":"ImageObject","inLanguage":"pl-PL","@id":"https:\/\/amatech.com.pl\/sklep\/#\/schema\/logo\/image\/","url":"https:\/\/amatech.com.pl\/sklep\/wp-content\/uploads\/2021\/11\/amatech-logo.png","contentUrl":"https:\/\/amatech.com.pl\/sklep\/wp-content\/uploads\/2021\/11\/amatech-logo.png","width":266,"height":57,"caption":"AMATECH - Maszyny rolnicze, cz\u0119\u015bci zamienne, amazone, krone"},"image":{"@id":"https:\/\/amatech.com.pl\/sklep\/#\/schema\/logo\/image\/"},"sameAs":["https:\/\/www.facebook.com\/amatech.poznanski\/"]}]}},"_links":{"self":[{"href":"https:\/\/amatech.com.pl\/sklep\/wp-json\/wp\/v2\/product\/15255"}],"collection":[{"href":"https:\/\/amatech.com.pl\/sklep\/wp-json\/wp\/v2\/product"}],"about":[{"href":"https:\/\/amatech.com.pl\/sklep\/wp-json\/wp\/v2\/types\/product"}],"wp:featuredmedia":[{"embeddable":true,"href":"https:\/\/amatech.com.pl\/sklep\/wp-json\/wp\/v2\/media\/15755"}],"wp:attachment":[{"href":"https:\/\/amatech.com.pl\/sklep\/wp-json\/wp\/v2\/media?parent=15255"}],"wp:term":[{"taxonomy":"product_cat","embeddable":true,"href":"https:\/\/amatech.com.pl\/sklep\/wp-json\/wp\/v2\/product_cat?post=15255"},{"taxonomy":"product_tag","embeddable":true,"href":"https:\/\/amatech.com.pl\/sklep\/wp-json\/wp\/v2\/product_tag?post=15255"}],"curies":[{"name":"wp","href":"https:\/\/api.w.org\/{rel}","templated":true}]}}