{"id":15261,"date":"2023-11-29T11:15:40","date_gmt":"2023-11-29T10:15:40","guid":{"rendered":"https:\/\/amatech.com.pl\/sklep\/czesci-zamienne\/noz-high-lift-rh\/"},"modified":"2026-03-27T09:34:33","modified_gmt":"2026-03-27T08:34:33","slug":"noz-high-lift-rh","status":"publish","type":"product","link":"https:\/\/amatech.com.pl\/sklep\/czesci-zamienne\/noz-high-lift-rh\/","title":{"rendered":"N\u00d3\u017b HIGH LIFT RH      L8-7"},"content":{"rendered":"<h2><strong>Cz&#281;&#347;ci do kosiarek Kubota<\/strong><\/h2>\n<p>N\u00f3&#380; lewy Kubota.<\/p>\n<h2>Zastosowanie:<\/h2>\n<ul>\n<li>system tn&#261;cy RCK42<\/li>\n<\/ul>\n<h2>Numery por\u00f3wnawcze:<\/h2>\n<ul>\n<li>K525371830<\/li>\n<li>K524395812<\/li>\n<li>K5243-95810<\/li>\n<li>K5253-71830<\/li>\n<li>K5243-95812<\/li>\n<\/ul>\n<h2>Cz&#281;&#347;ci Kubota &#8211; jako&#347;&#263;<\/h2>\n<p>Zwa&#380;ywszy na wyj&#261;tkowo trudne warunki, w jakich pracuj&#261; maszyny rolnicze, wymagaj&#261; one szczeg\u00f3lnej dba&#322;o&#347;ci o jako&#347;&#263; cz&#281;&#347;ci i materia&#322;\u00f3w eksploatacyjnych. Cz&#281;&#347;ci do ci&#261;gnik\u00f3w Kubota powinna charakteryzowa&#263; wysoka trwa&#322;o&#347;&#263;, gdy&#380; maszyny te cz&#281;sto pracuj&#261; pod ekstremalnymi obci&#261;&#380;eniami. Czasami trudno zweryfikowa&#263; cechy czy gatunek danego podzespo&#322;u, dlatego najlepiej zaopatrywa&#263; si&#281; w cz&#281;&#347;ci Kubota u sprawdzonych, wiarygodnych dostawc\u00f3w.<\/p>\n","protected":false},"excerpt":{"rendered":"<p>Cz&#281;&#347;ci do kosiarek Kubota N\u00f3&#380; lewy Kubota. Zastosowanie: system tn&#261;cy RCK42 Numery por\u00f3wnawcze: K525371830 K524395812 K5243-95810 K5253-71830 K5243-95812 Cz&#281;&#347;ci Kubota &#8211; jako&#347;&#263; Zwa&#380;ywszy na wyj&#261;tkowo trudne warunki, w jakich pracuj&#261; maszyny rolnicze, wymagaj&#261; one szczeg\u00f3lnej dba&#322;o&#347;ci o jako&#347;&#263; cz&#281;&#347;ci i materia&#322;\u00f3w eksploatacyjnych. Cz&#281;&#347;ci do ci&#261;gnik\u00f3w Kubota powinna charakteryzowa&#263; wysoka trwa&#322;o&#347;&#263;, gdy&#380; maszyny te cz&#281;sto pracuj&#261;&#8230;<\/p>\n","protected":false},"featured_media":0,"template":"","meta":{"_kad_post_transparent":"default","_kad_post_title":"","_kad_post_layout":"default","_kad_post_sidebar_id":"","_kad_post_content_style":"default","_kad_post_vertical_padding":"default","_kad_post_feature":"","_kad_post_feature_position":"","_kad_post_header":false,"_kad_post_footer":false},"product_cat":[336,289],"product_tag":[],"class_list":{"0":"post-15261","1":"product","2":"type-product","3":"status-publish","5":"product_cat-kubota-kosiarki-samojezdne-trawnikowe","6":"product_cat-sklep-internetowy","8":"first","9":"instock","10":"taxable","11":"shipping-taxable","12":"purchasable","13":"product-type-simple","14":"entry","15":"content-bg","16":"loop-entry"},"yoast_head":"<!-- This site is optimized with the Yoast SEO plugin v24.9 - https:\/\/yoast.com\/wordpress\/plugins\/seo\/ -->\n<title>N\u00d3\u017b HIGH LIFT RH   L8-7 - AMATECH - Maszyny rolnicze, cz\u0119\u015bci zamienne, serwis<\/title>\n<meta name=\"robots\" content=\"index, follow, max-snippet:-1, max-image-preview:large, max-video-preview:-1\" \/>\n<link rel=\"canonical\" href=\"https:\/\/amatech.com.pl\/sklep\/czesci-zamienne\/noz-high-lift-rh\/\" \/>\n<meta property=\"og:locale\" content=\"pl_PL\" \/>\n<meta property=\"og:type\" content=\"article\" \/>\n<meta property=\"og:title\" content=\"N\u00d3\u017b HIGH LIFT RH   L8-7 - AMATECH - Maszyny rolnicze, cz\u0119\u015bci zamienne, serwis\" \/>\n<meta property=\"og:description\" content=\"Cz&#281;&#347;ci do kosiarek Kubota N\u00f3&#380; lewy Kubota. Zastosowanie: system tn&#261;cy RCK42 Numery por\u00f3wnawcze: K525371830 K524395812 K5243-95810 K5253-71830 K5243-95812 Cz&#281;&#347;ci Kubota &#8211; jako&#347;&#263; Zwa&#380;ywszy na wyj&#261;tkowo trudne warunki, w jakich pracuj&#261; maszyny rolnicze, wymagaj&#261; one szczeg\u00f3lnej dba&#322;o&#347;ci o jako&#347;&#263; cz&#281;&#347;ci i materia&#322;\u00f3w eksploatacyjnych. Cz&#281;&#347;ci do ci&#261;gnik\u00f3w Kubota powinna charakteryzowa&#263; wysoka trwa&#322;o&#347;&#263;, gdy&#380; maszyny te cz&#281;sto pracuj&#261;...\" \/>\n<meta property=\"og:url\" content=\"https:\/\/amatech.com.pl\/sklep\/czesci-zamienne\/noz-high-lift-rh\/\" \/>\n<meta property=\"og:site_name\" content=\"AMATECH - Maszyny rolnicze, cz\u0119\u015bci zamienne, serwis\" \/>\n<meta property=\"article:publisher\" content=\"https:\/\/www.facebook.com\/amatech.poznanski\/\" \/>\n<meta property=\"article:modified_time\" content=\"2026-03-27T08:34:33+00:00\" \/>\n<meta name=\"twitter:card\" content=\"summary_large_image\" \/>\n<meta name=\"twitter:label1\" content=\"Szacowany czas czytania\" \/>\n\t<meta name=\"twitter:data1\" content=\"1 minuta\" \/>\n<script type=\"application\/ld+json\" class=\"yoast-schema-graph\">{\"@context\":\"https:\/\/schema.org\",\"@graph\":[{\"@type\":\"WebPage\",\"@id\":\"https:\/\/amatech.com.pl\/sklep\/czesci-zamienne\/noz-high-lift-rh\/\",\"url\":\"https:\/\/amatech.com.pl\/sklep\/czesci-zamienne\/noz-high-lift-rh\/\",\"name\":\"N\u00d3\u017b HIGH LIFT RH L8-7 - AMATECH - Maszyny rolnicze, cz\u0119\u015bci zamienne, serwis\",\"isPartOf\":{\"@id\":\"https:\/\/amatech.com.pl\/sklep\/#website\"},\"datePublished\":\"2023-11-29T10:15:40+00:00\",\"dateModified\":\"2026-03-27T08:34:33+00:00\",\"breadcrumb\":{\"@id\":\"https:\/\/amatech.com.pl\/sklep\/czesci-zamienne\/noz-high-lift-rh\/#breadcrumb\"},\"inLanguage\":\"pl-PL\",\"potentialAction\":[{\"@type\":\"ReadAction\",\"target\":[\"https:\/\/amatech.com.pl\/sklep\/czesci-zamienne\/noz-high-lift-rh\/\"]}]},{\"@type\":\"BreadcrumbList\",\"@id\":\"https:\/\/amatech.com.pl\/sklep\/czesci-zamienne\/noz-high-lift-rh\/#breadcrumb\",\"itemListElement\":[{\"@type\":\"ListItem\",\"position\":1,\"name\":\"Strona g\u0142\u00f3wna\",\"item\":\"https:\/\/amatech.com.pl\/sklep\/\"},{\"@type\":\"ListItem\",\"position\":2,\"name\":\"Sklep\",\"item\":\"https:\/\/amatech.com.pl\/sklep\/\"},{\"@type\":\"ListItem\",\"position\":3,\"name\":\"N\u00d3\u017b HIGH LIFT RH L8-7\"}]},{\"@type\":\"WebSite\",\"@id\":\"https:\/\/amatech.com.pl\/sklep\/#website\",\"url\":\"https:\/\/amatech.com.pl\/sklep\/\",\"name\":\"AMATECH - Maszyny rolnicze, cz\u0119\u015bci zamienne, serwis\",\"description\":\"AMATECH - Jaros\u0142aw Pozna\u0144ski - Zajmujemy si\u0119 sprzeda\u017c\u0105 maszyn i urz\u0105dze\u0144 rolniczych budowlanych oraz oryginalnych cz\u0119\u015bci zamiennych. Sklep on-line.\",\"publisher\":{\"@id\":\"https:\/\/amatech.com.pl\/sklep\/#organization\"},\"potentialAction\":[{\"@type\":\"SearchAction\",\"target\":{\"@type\":\"EntryPoint\",\"urlTemplate\":\"https:\/\/amatech.com.pl\/sklep\/?s={search_term_string}\"},\"query-input\":{\"@type\":\"PropertyValueSpecification\",\"valueRequired\":true,\"valueName\":\"search_term_string\"}}],\"inLanguage\":\"pl-PL\"},{\"@type\":\"Organization\",\"@id\":\"https:\/\/amatech.com.pl\/sklep\/#organization\",\"name\":\"AMATECH - Maszyny rolnicze, cz\u0119\u015bci zamienne, amazone, krone\",\"url\":\"https:\/\/amatech.com.pl\/sklep\/\",\"logo\":{\"@type\":\"ImageObject\",\"inLanguage\":\"pl-PL\",\"@id\":\"https:\/\/amatech.com.pl\/sklep\/#\/schema\/logo\/image\/\",\"url\":\"https:\/\/amatech.com.pl\/sklep\/wp-content\/uploads\/2021\/11\/amatech-logo.png\",\"contentUrl\":\"https:\/\/amatech.com.pl\/sklep\/wp-content\/uploads\/2021\/11\/amatech-logo.png\",\"width\":266,\"height\":57,\"caption\":\"AMATECH - Maszyny rolnicze, cz\u0119\u015bci zamienne, amazone, krone\"},\"image\":{\"@id\":\"https:\/\/amatech.com.pl\/sklep\/#\/schema\/logo\/image\/\"},\"sameAs\":[\"https:\/\/www.facebook.com\/amatech.poznanski\/\"]}]}<\/script>\n<!-- \/ Yoast SEO plugin. -->","yoast_head_json":{"title":"N\u00d3\u017b HIGH LIFT RH   L8-7 - AMATECH - Maszyny rolnicze, cz\u0119\u015bci zamienne, serwis","robots":{"index":"index","follow":"follow","max-snippet":"max-snippet:-1","max-image-preview":"max-image-preview:large","max-video-preview":"max-video-preview:-1"},"canonical":"https:\/\/amatech.com.pl\/sklep\/czesci-zamienne\/noz-high-lift-rh\/","og_locale":"pl_PL","og_type":"article","og_title":"N\u00d3\u017b HIGH LIFT RH   L8-7 - AMATECH - Maszyny rolnicze, cz\u0119\u015bci zamienne, serwis","og_description":"Cz&#281;&#347;ci do kosiarek Kubota N\u00f3&#380; lewy Kubota. Zastosowanie: system tn&#261;cy RCK42 Numery por\u00f3wnawcze: K525371830 K524395812 K5243-95810 K5253-71830 K5243-95812 Cz&#281;&#347;ci Kubota &#8211; jako&#347;&#263; Zwa&#380;ywszy na wyj&#261;tkowo trudne warunki, w jakich pracuj&#261; maszyny rolnicze, wymagaj&#261; one szczeg\u00f3lnej dba&#322;o&#347;ci o jako&#347;&#263; cz&#281;&#347;ci i materia&#322;\u00f3w eksploatacyjnych. Cz&#281;&#347;ci do ci&#261;gnik\u00f3w Kubota powinna charakteryzowa&#263; wysoka trwa&#322;o&#347;&#263;, gdy&#380; maszyny te cz&#281;sto pracuj&#261;...","og_url":"https:\/\/amatech.com.pl\/sklep\/czesci-zamienne\/noz-high-lift-rh\/","og_site_name":"AMATECH - Maszyny rolnicze, cz\u0119\u015bci zamienne, serwis","article_publisher":"https:\/\/www.facebook.com\/amatech.poznanski\/","article_modified_time":"2026-03-27T08:34:33+00:00","twitter_card":"summary_large_image","twitter_misc":{"Szacowany czas czytania":"1 minuta"},"schema":{"@context":"https:\/\/schema.org","@graph":[{"@type":"WebPage","@id":"https:\/\/amatech.com.pl\/sklep\/czesci-zamienne\/noz-high-lift-rh\/","url":"https:\/\/amatech.com.pl\/sklep\/czesci-zamienne\/noz-high-lift-rh\/","name":"N\u00d3\u017b HIGH LIFT RH L8-7 - AMATECH - Maszyny rolnicze, cz\u0119\u015bci zamienne, serwis","isPartOf":{"@id":"https:\/\/amatech.com.pl\/sklep\/#website"},"datePublished":"2023-11-29T10:15:40+00:00","dateModified":"2026-03-27T08:34:33+00:00","breadcrumb":{"@id":"https:\/\/amatech.com.pl\/sklep\/czesci-zamienne\/noz-high-lift-rh\/#breadcrumb"},"inLanguage":"pl-PL","potentialAction":[{"@type":"ReadAction","target":["https:\/\/amatech.com.pl\/sklep\/czesci-zamienne\/noz-high-lift-rh\/"]}]},{"@type":"BreadcrumbList","@id":"https:\/\/amatech.com.pl\/sklep\/czesci-zamienne\/noz-high-lift-rh\/#breadcrumb","itemListElement":[{"@type":"ListItem","position":1,"name":"Strona g\u0142\u00f3wna","item":"https:\/\/amatech.com.pl\/sklep\/"},{"@type":"ListItem","position":2,"name":"Sklep","item":"https:\/\/amatech.com.pl\/sklep\/"},{"@type":"ListItem","position":3,"name":"N\u00d3\u017b HIGH LIFT RH L8-7"}]},{"@type":"WebSite","@id":"https:\/\/amatech.com.pl\/sklep\/#website","url":"https:\/\/amatech.com.pl\/sklep\/","name":"AMATECH - Maszyny rolnicze, cz\u0119\u015bci zamienne, serwis","description":"AMATECH - Jaros\u0142aw Pozna\u0144ski - Zajmujemy si\u0119 sprzeda\u017c\u0105 maszyn i urz\u0105dze\u0144 rolniczych budowlanych oraz oryginalnych cz\u0119\u015bci zamiennych. Sklep on-line.","publisher":{"@id":"https:\/\/amatech.com.pl\/sklep\/#organization"},"potentialAction":[{"@type":"SearchAction","target":{"@type":"EntryPoint","urlTemplate":"https:\/\/amatech.com.pl\/sklep\/?s={search_term_string}"},"query-input":{"@type":"PropertyValueSpecification","valueRequired":true,"valueName":"search_term_string"}}],"inLanguage":"pl-PL"},{"@type":"Organization","@id":"https:\/\/amatech.com.pl\/sklep\/#organization","name":"AMATECH - Maszyny rolnicze, cz\u0119\u015bci zamienne, amazone, krone","url":"https:\/\/amatech.com.pl\/sklep\/","logo":{"@type":"ImageObject","inLanguage":"pl-PL","@id":"https:\/\/amatech.com.pl\/sklep\/#\/schema\/logo\/image\/","url":"https:\/\/amatech.com.pl\/sklep\/wp-content\/uploads\/2021\/11\/amatech-logo.png","contentUrl":"https:\/\/amatech.com.pl\/sklep\/wp-content\/uploads\/2021\/11\/amatech-logo.png","width":266,"height":57,"caption":"AMATECH - Maszyny rolnicze, cz\u0119\u015bci zamienne, amazone, krone"},"image":{"@id":"https:\/\/amatech.com.pl\/sklep\/#\/schema\/logo\/image\/"},"sameAs":["https:\/\/www.facebook.com\/amatech.poznanski\/"]}]}},"_links":{"self":[{"href":"https:\/\/amatech.com.pl\/sklep\/wp-json\/wp\/v2\/product\/15261"}],"collection":[{"href":"https:\/\/amatech.com.pl\/sklep\/wp-json\/wp\/v2\/product"}],"about":[{"href":"https:\/\/amatech.com.pl\/sklep\/wp-json\/wp\/v2\/types\/product"}],"wp:attachment":[{"href":"https:\/\/amatech.com.pl\/sklep\/wp-json\/wp\/v2\/media?parent=15261"}],"wp:term":[{"taxonomy":"product_cat","embeddable":true,"href":"https:\/\/amatech.com.pl\/sklep\/wp-json\/wp\/v2\/product_cat?post=15261"},{"taxonomy":"product_tag","embeddable":true,"href":"https:\/\/amatech.com.pl\/sklep\/wp-json\/wp\/v2\/product_tag?post=15261"}],"curies":[{"name":"wp","href":"https:\/\/api.w.org\/{rel}","templated":true}]}}