{"id":16254,"date":"2024-01-30T13:35:05","date_gmt":"2024-01-30T12:35:05","guid":{"rendered":"https:\/\/amatech.com.pl\/sklep\/czesci-zamienne\/filtr-hydrauliki-3\/"},"modified":"2026-04-27T14:58:26","modified_gmt":"2026-04-27T12:58:26","slug":"filtr-hydrauliki-3","status":"publish","type":"product","link":"https:\/\/amatech.com.pl\/sklep\/czesci-zamienne\/filtr-hydrauliki-3\/","title":{"rendered":"FILTR HYDRAULIKI    L1-6"},"content":{"rendered":"<h1>Filtr hydrauliczny New Holland Case Steyr&nbsp;48142232 CNH ORYGINA&#321; !!!<\/h1>\n<h1>Wk&#322;ad filtra hydraulicznego New Holland&nbsp;Case Steyr<\/h1>\n<h1>Filtr do hydrauliki New Holland Case Steyr<\/h1>\n<p>Filtr hydrauliczny pasuje do New Holland\u00f3w:<\/p>\n<ul>\n<li><b>T6.:&nbsp;<\/b>T6.120, T6.140, T6.145, T6.150, T6.155, T6.160, T6.165, T6.175, T6.180<\/li>\n<li><b>T6000:<\/b>&nbsp;T6010, T6020, T6030, T6040, T6050, T6060, T6070, T6080, T6090<\/li>\n<li><b>T7.:<\/b>&nbsp;T7.170, T7.175, T7.185, T7.190, T7.200, T7.210, T7.220, T7.225, T7.230, T7.235, T7.245, T7.260, T7.270<\/li>\n<li><b>T7000:<\/b>&nbsp;T7030, T7040, T7050, T7060<\/li>\n<li><b>T9000:<\/b>&nbsp;T9020, T9030, T9040, T9050, T9060<\/li>\n<li><b>TM:<\/b>&nbsp;TM120, TM130, TM140, TM155, TM175, TM190<\/li>\n<li><b>TSA:<\/b>&nbsp;TS100A, TS115A, TS125A, TS135A<\/li>\n<\/ul>\n<p>Filtr hydrauliczny pasuje do Case:<\/p>\n<ul>\n<li><b>MXM:<\/b>&nbsp;120, 130, 140, 155, 175, 190<\/li>\n<li><b>MXU:<\/b>&nbsp;100, 110, 115, 125, 135<\/li>\n<li><b>MAXXUM:<\/b>&nbsp;110, 115, 120, 125, 130, 135, 140, 150, 155<\/li>\n<li><b>PUMA:<\/b>&nbsp;115, 125, 130, 140, 150, 165, 180, 185, 195, 200, 210, 1654, 1804, 1854, 2104, 2304<\/li>\n<li><b>PUMA CVT:<\/b>&nbsp;150, 165, 185, 200, 220<\/li>\n<li><b>PUMA CVX:&nbsp;<\/b>150, 165, 175, 185, 200, 220, 240<\/li>\n<\/ul>\n<p>Filtr hydrauliczny pasuje do Steyr:<\/p>\n<ul>\n<li><b>CVT:<\/b>&nbsp;6150, 6165, 6175, 6185, 6200, 6220, 6240<\/li>\n<li><b>PROFI:<\/b>&nbsp;4110, 4115, 4120, 4125, 4130, 4135, 4145, 6145, 6155<\/li>\n<\/ul>\n<h1>Wymiary:<\/h1>\n<ul>\n<li>Gwint: 1&#8243;3\/8-12UNF<\/li>\n<li>&#346;rednica uszczelki zew.: 70mm<\/li>\n<li>&#346;rednica uszczelki wew. 64mm<\/li>\n<li>&#346;rednica filtra.: 116mm<\/li>\n<li>Wysoko&#347;&#263;: 297mm<\/li>\n<\/ul>\n<h1>Nr kat.: 48142232,&nbsp;84226263, 47131181, 4713118<\/h1>\n<h1>Producent: CNH ORYGINA&#321;<\/h1>\n<h1>Nr por\u00f3wnywawcze:<\/h1>\n<p>BT8432-MPG, SPH12568, P179343, SH66143, 51863, H304W, WH1263<\/p>\n","protected":false},"excerpt":{"rendered":"<p>II-1<\/p>\n","protected":false},"featured_media":16255,"template":"","meta":{"_kad_post_transparent":"default","_kad_post_title":"","_kad_post_layout":"default","_kad_post_sidebar_id":"","_kad_post_content_style":"default","_kad_post_vertical_padding":"default","_kad_post_feature":"","_kad_post_feature_position":"","_kad_post_header":false,"_kad_post_footer":false},"product_cat":[332,281,333,289,330],"product_tag":[],"class_list":{"0":"post-16254","1":"product","2":"type-product","3":"status-publish","4":"has-post-thumbnail","6":"product_cat-case-ciagniki-rolnicze","7":"product_cat-ciagniki-rolnicze","8":"product_cat-new-holland-ciagniki-rolnicze","9":"product_cat-sklep-internetowy","10":"product_cat-steyr","12":"first","13":"instock","14":"taxable","15":"shipping-taxable","16":"purchasable","17":"product-type-simple","18":"entry","19":"content-bg","20":"loop-entry"},"yoast_head":"<!-- This site is optimized with the Yoast SEO plugin v24.9 - https:\/\/yoast.com\/wordpress\/plugins\/seo\/ -->\n<title>FILTR HYDRAULIKI  L1-6 - AMATECH - Maszyny rolnicze, cz\u0119\u015bci zamienne, serwis<\/title>\n<meta name=\"robots\" content=\"index, follow, max-snippet:-1, max-image-preview:large, max-video-preview:-1\" \/>\n<link rel=\"canonical\" href=\"https:\/\/amatech.com.pl\/sklep\/czesci-zamienne\/filtr-hydrauliki-3\/\" \/>\n<meta property=\"og:locale\" content=\"pl_PL\" \/>\n<meta property=\"og:type\" content=\"article\" \/>\n<meta property=\"og:title\" content=\"FILTR HYDRAULIKI  L1-6 - AMATECH - Maszyny rolnicze, cz\u0119\u015bci zamienne, serwis\" \/>\n<meta property=\"og:description\" content=\"II-1\" \/>\n<meta property=\"og:url\" content=\"https:\/\/amatech.com.pl\/sklep\/czesci-zamienne\/filtr-hydrauliki-3\/\" \/>\n<meta property=\"og:site_name\" content=\"AMATECH - Maszyny rolnicze, cz\u0119\u015bci zamienne, serwis\" \/>\n<meta property=\"article:publisher\" content=\"https:\/\/www.facebook.com\/amatech.poznanski\/\" \/>\n<meta property=\"article:modified_time\" content=\"2026-04-27T12:58:26+00:00\" \/>\n<meta property=\"og:image\" content=\"https:\/\/amatech.com.pl\/sklep\/wp-content\/uploads\/2024\/01\/FILTR-HYDRAULIKI-scaled.jpg\" \/>\n\t<meta property=\"og:image:width\" content=\"1920\" \/>\n\t<meta property=\"og:image:height\" content=\"2560\" \/>\n\t<meta property=\"og:image:type\" content=\"image\/jpeg\" \/>\n<meta name=\"twitter:card\" content=\"summary_large_image\" \/>\n<meta name=\"twitter:label1\" content=\"Szacowany czas czytania\" \/>\n\t<meta name=\"twitter:data1\" content=\"2 minuty\" \/>\n<script type=\"application\/ld+json\" class=\"yoast-schema-graph\">{\"@context\":\"https:\/\/schema.org\",\"@graph\":[{\"@type\":\"WebPage\",\"@id\":\"https:\/\/amatech.com.pl\/sklep\/czesci-zamienne\/filtr-hydrauliki-3\/\",\"url\":\"https:\/\/amatech.com.pl\/sklep\/czesci-zamienne\/filtr-hydrauliki-3\/\",\"name\":\"FILTR HYDRAULIKI L1-6 - AMATECH - Maszyny rolnicze, cz\u0119\u015bci zamienne, serwis\",\"isPartOf\":{\"@id\":\"https:\/\/amatech.com.pl\/sklep\/#website\"},\"primaryImageOfPage\":{\"@id\":\"https:\/\/amatech.com.pl\/sklep\/czesci-zamienne\/filtr-hydrauliki-3\/#primaryimage\"},\"image\":{\"@id\":\"https:\/\/amatech.com.pl\/sklep\/czesci-zamienne\/filtr-hydrauliki-3\/#primaryimage\"},\"thumbnailUrl\":\"https:\/\/amatech.com.pl\/sklep\/wp-content\/uploads\/2024\/01\/FILTR-HYDRAULIKI-scaled.jpg\",\"datePublished\":\"2024-01-30T12:35:05+00:00\",\"dateModified\":\"2026-04-27T12:58:26+00:00\",\"breadcrumb\":{\"@id\":\"https:\/\/amatech.com.pl\/sklep\/czesci-zamienne\/filtr-hydrauliki-3\/#breadcrumb\"},\"inLanguage\":\"pl-PL\",\"potentialAction\":[{\"@type\":\"ReadAction\",\"target\":[\"https:\/\/amatech.com.pl\/sklep\/czesci-zamienne\/filtr-hydrauliki-3\/\"]}]},{\"@type\":\"ImageObject\",\"inLanguage\":\"pl-PL\",\"@id\":\"https:\/\/amatech.com.pl\/sklep\/czesci-zamienne\/filtr-hydrauliki-3\/#primaryimage\",\"url\":\"https:\/\/amatech.com.pl\/sklep\/wp-content\/uploads\/2024\/01\/FILTR-HYDRAULIKI-scaled.jpg\",\"contentUrl\":\"https:\/\/amatech.com.pl\/sklep\/wp-content\/uploads\/2024\/01\/FILTR-HYDRAULIKI-scaled.jpg\",\"width\":1920,\"height\":2560,\"caption\":\"FILTR HYDRAULIKI\"},{\"@type\":\"BreadcrumbList\",\"@id\":\"https:\/\/amatech.com.pl\/sklep\/czesci-zamienne\/filtr-hydrauliki-3\/#breadcrumb\",\"itemListElement\":[{\"@type\":\"ListItem\",\"position\":1,\"name\":\"Strona g\u0142\u00f3wna\",\"item\":\"https:\/\/amatech.com.pl\/sklep\/\"},{\"@type\":\"ListItem\",\"position\":2,\"name\":\"Sklep\",\"item\":\"https:\/\/amatech.com.pl\/sklep\/\"},{\"@type\":\"ListItem\",\"position\":3,\"name\":\"FILTR HYDRAULIKI L1-6\"}]},{\"@type\":\"WebSite\",\"@id\":\"https:\/\/amatech.com.pl\/sklep\/#website\",\"url\":\"https:\/\/amatech.com.pl\/sklep\/\",\"name\":\"AMATECH - Maszyny rolnicze, cz\u0119\u015bci zamienne, serwis\",\"description\":\"AMATECH - Jaros\u0142aw Pozna\u0144ski - Zajmujemy si\u0119 sprzeda\u017c\u0105 maszyn i urz\u0105dze\u0144 rolniczych budowlanych oraz oryginalnych cz\u0119\u015bci zamiennych. Sklep on-line.\",\"publisher\":{\"@id\":\"https:\/\/amatech.com.pl\/sklep\/#organization\"},\"potentialAction\":[{\"@type\":\"SearchAction\",\"target\":{\"@type\":\"EntryPoint\",\"urlTemplate\":\"https:\/\/amatech.com.pl\/sklep\/?s={search_term_string}\"},\"query-input\":{\"@type\":\"PropertyValueSpecification\",\"valueRequired\":true,\"valueName\":\"search_term_string\"}}],\"inLanguage\":\"pl-PL\"},{\"@type\":\"Organization\",\"@id\":\"https:\/\/amatech.com.pl\/sklep\/#organization\",\"name\":\"AMATECH - Maszyny rolnicze, cz\u0119\u015bci zamienne, amazone, krone\",\"url\":\"https:\/\/amatech.com.pl\/sklep\/\",\"logo\":{\"@type\":\"ImageObject\",\"inLanguage\":\"pl-PL\",\"@id\":\"https:\/\/amatech.com.pl\/sklep\/#\/schema\/logo\/image\/\",\"url\":\"https:\/\/amatech.com.pl\/sklep\/wp-content\/uploads\/2021\/11\/amatech-logo.png\",\"contentUrl\":\"https:\/\/amatech.com.pl\/sklep\/wp-content\/uploads\/2021\/11\/amatech-logo.png\",\"width\":266,\"height\":57,\"caption\":\"AMATECH - Maszyny rolnicze, cz\u0119\u015bci zamienne, amazone, krone\"},\"image\":{\"@id\":\"https:\/\/amatech.com.pl\/sklep\/#\/schema\/logo\/image\/\"},\"sameAs\":[\"https:\/\/www.facebook.com\/amatech.poznanski\/\"]}]}<\/script>\n<!-- \/ Yoast SEO plugin. -->","yoast_head_json":{"title":"FILTR HYDRAULIKI  L1-6 - AMATECH - Maszyny rolnicze, cz\u0119\u015bci zamienne, serwis","robots":{"index":"index","follow":"follow","max-snippet":"max-snippet:-1","max-image-preview":"max-image-preview:large","max-video-preview":"max-video-preview:-1"},"canonical":"https:\/\/amatech.com.pl\/sklep\/czesci-zamienne\/filtr-hydrauliki-3\/","og_locale":"pl_PL","og_type":"article","og_title":"FILTR HYDRAULIKI  L1-6 - AMATECH - Maszyny rolnicze, cz\u0119\u015bci zamienne, serwis","og_description":"II-1","og_url":"https:\/\/amatech.com.pl\/sklep\/czesci-zamienne\/filtr-hydrauliki-3\/","og_site_name":"AMATECH - Maszyny rolnicze, cz\u0119\u015bci zamienne, serwis","article_publisher":"https:\/\/www.facebook.com\/amatech.poznanski\/","article_modified_time":"2026-04-27T12:58:26+00:00","og_image":[{"width":1920,"height":2560,"url":"https:\/\/amatech.com.pl\/sklep\/wp-content\/uploads\/2024\/01\/FILTR-HYDRAULIKI-scaled.jpg","type":"image\/jpeg"}],"twitter_card":"summary_large_image","twitter_misc":{"Szacowany czas czytania":"2 minuty"},"schema":{"@context":"https:\/\/schema.org","@graph":[{"@type":"WebPage","@id":"https:\/\/amatech.com.pl\/sklep\/czesci-zamienne\/filtr-hydrauliki-3\/","url":"https:\/\/amatech.com.pl\/sklep\/czesci-zamienne\/filtr-hydrauliki-3\/","name":"FILTR HYDRAULIKI L1-6 - AMATECH - Maszyny rolnicze, cz\u0119\u015bci zamienne, serwis","isPartOf":{"@id":"https:\/\/amatech.com.pl\/sklep\/#website"},"primaryImageOfPage":{"@id":"https:\/\/amatech.com.pl\/sklep\/czesci-zamienne\/filtr-hydrauliki-3\/#primaryimage"},"image":{"@id":"https:\/\/amatech.com.pl\/sklep\/czesci-zamienne\/filtr-hydrauliki-3\/#primaryimage"},"thumbnailUrl":"https:\/\/amatech.com.pl\/sklep\/wp-content\/uploads\/2024\/01\/FILTR-HYDRAULIKI-scaled.jpg","datePublished":"2024-01-30T12:35:05+00:00","dateModified":"2026-04-27T12:58:26+00:00","breadcrumb":{"@id":"https:\/\/amatech.com.pl\/sklep\/czesci-zamienne\/filtr-hydrauliki-3\/#breadcrumb"},"inLanguage":"pl-PL","potentialAction":[{"@type":"ReadAction","target":["https:\/\/amatech.com.pl\/sklep\/czesci-zamienne\/filtr-hydrauliki-3\/"]}]},{"@type":"ImageObject","inLanguage":"pl-PL","@id":"https:\/\/amatech.com.pl\/sklep\/czesci-zamienne\/filtr-hydrauliki-3\/#primaryimage","url":"https:\/\/amatech.com.pl\/sklep\/wp-content\/uploads\/2024\/01\/FILTR-HYDRAULIKI-scaled.jpg","contentUrl":"https:\/\/amatech.com.pl\/sklep\/wp-content\/uploads\/2024\/01\/FILTR-HYDRAULIKI-scaled.jpg","width":1920,"height":2560,"caption":"FILTR HYDRAULIKI"},{"@type":"BreadcrumbList","@id":"https:\/\/amatech.com.pl\/sklep\/czesci-zamienne\/filtr-hydrauliki-3\/#breadcrumb","itemListElement":[{"@type":"ListItem","position":1,"name":"Strona g\u0142\u00f3wna","item":"https:\/\/amatech.com.pl\/sklep\/"},{"@type":"ListItem","position":2,"name":"Sklep","item":"https:\/\/amatech.com.pl\/sklep\/"},{"@type":"ListItem","position":3,"name":"FILTR HYDRAULIKI L1-6"}]},{"@type":"WebSite","@id":"https:\/\/amatech.com.pl\/sklep\/#website","url":"https:\/\/amatech.com.pl\/sklep\/","name":"AMATECH - Maszyny rolnicze, cz\u0119\u015bci zamienne, serwis","description":"AMATECH - Jaros\u0142aw Pozna\u0144ski - Zajmujemy si\u0119 sprzeda\u017c\u0105 maszyn i urz\u0105dze\u0144 rolniczych budowlanych oraz oryginalnych cz\u0119\u015bci zamiennych. Sklep on-line.","publisher":{"@id":"https:\/\/amatech.com.pl\/sklep\/#organization"},"potentialAction":[{"@type":"SearchAction","target":{"@type":"EntryPoint","urlTemplate":"https:\/\/amatech.com.pl\/sklep\/?s={search_term_string}"},"query-input":{"@type":"PropertyValueSpecification","valueRequired":true,"valueName":"search_term_string"}}],"inLanguage":"pl-PL"},{"@type":"Organization","@id":"https:\/\/amatech.com.pl\/sklep\/#organization","name":"AMATECH - Maszyny rolnicze, cz\u0119\u015bci zamienne, amazone, krone","url":"https:\/\/amatech.com.pl\/sklep\/","logo":{"@type":"ImageObject","inLanguage":"pl-PL","@id":"https:\/\/amatech.com.pl\/sklep\/#\/schema\/logo\/image\/","url":"https:\/\/amatech.com.pl\/sklep\/wp-content\/uploads\/2021\/11\/amatech-logo.png","contentUrl":"https:\/\/amatech.com.pl\/sklep\/wp-content\/uploads\/2021\/11\/amatech-logo.png","width":266,"height":57,"caption":"AMATECH - Maszyny rolnicze, cz\u0119\u015bci zamienne, amazone, krone"},"image":{"@id":"https:\/\/amatech.com.pl\/sklep\/#\/schema\/logo\/image\/"},"sameAs":["https:\/\/www.facebook.com\/amatech.poznanski\/"]}]}},"_links":{"self":[{"href":"https:\/\/amatech.com.pl\/sklep\/wp-json\/wp\/v2\/product\/16254"}],"collection":[{"href":"https:\/\/amatech.com.pl\/sklep\/wp-json\/wp\/v2\/product"}],"about":[{"href":"https:\/\/amatech.com.pl\/sklep\/wp-json\/wp\/v2\/types\/product"}],"wp:featuredmedia":[{"embeddable":true,"href":"https:\/\/amatech.com.pl\/sklep\/wp-json\/wp\/v2\/media\/16255"}],"wp:attachment":[{"href":"https:\/\/amatech.com.pl\/sklep\/wp-json\/wp\/v2\/media?parent=16254"}],"wp:term":[{"taxonomy":"product_cat","embeddable":true,"href":"https:\/\/amatech.com.pl\/sklep\/wp-json\/wp\/v2\/product_cat?post=16254"},{"taxonomy":"product_tag","embeddable":true,"href":"https:\/\/amatech.com.pl\/sklep\/wp-json\/wp\/v2\/product_tag?post=16254"}],"curies":[{"name":"wp","href":"https:\/\/api.w.org\/{rel}","templated":true}]}}