{"id":16811,"date":"2024-04-12T14:46:10","date_gmt":"2024-04-12T12:46:10","guid":{"rendered":"https:\/\/amatech.com.pl\/sklep\/czesci-zamienne\/ramie-z-piasta-iii-7\/"},"modified":"2026-04-18T12:31:42","modified_gmt":"2026-04-18T10:31:42","slug":"ramie-z-piasta-iii-7","status":"publish","type":"product","link":"https:\/\/amatech.com.pl\/sklep\/czesci-zamienne\/ramie-z-piasta-iii-7\/","title":{"rendered":"RAMIE Z PIAST\u0104   J5"},"content":{"rendered":"<p><span style=\"font-size:20px\"><strong>RAMIE Z PIAST&#260;&nbsp; &nbsp; 78400271<\/p>\n<p>Zastosowanie<br \/>Brona talerzowa<\/strong><\/span><\/p>\n<p>Cenius 3000-6000&nbsp; &nbsp;od 01-2004<br \/>Cenius 3001 Special\/Super&nbsp; &nbsp;od 01-2004<br \/>Centaur 300, 400 X&nbsp; &nbsp;od 01-2001<br \/>Centaur 5000, 6000, 7500&nbsp;&nbsp;od 01-2002<br \/>Cirrus 3000, 4000, 6000&nbsp; od 01-2004<br \/>&nbsp;Cirrus 3001, 4001, 6001 Special&nbsp;&nbsp;od 11-2006<br \/>Cirrus 8001, 9001&nbsp;&nbsp;od 08-2005<br \/>Cirrus 3001, 4001, 6001 Super&nbsp;&nbsp;od 03-2007<\/p>\n<p><span style=\"font-size:20px\"><strong>Producent<br \/>AMAZONE<\/strong><\/span><\/p>\n","protected":false},"excerpt":{"rendered":"<p>RAMIE Z PIAST&#260;&nbsp; &nbsp; 78400271 ZastosowanieBrona talerzowa Cenius 3000-6000&nbsp; &nbsp;od 01-2004Cenius 3001 Special\/Super&nbsp; &nbsp;od 01-2004Centaur 300, 400 X&nbsp; &nbsp;od 01-2001Centaur 5000, 6000, 7500&nbsp;&nbsp;od 01-2002Cirrus 3000, 4000, 6000&nbsp; od 01-2004&nbsp;Cirrus 3001, 4001, 6001 Special&nbsp;&nbsp;od 11-2006Cirrus 8001, 9001&nbsp;&nbsp;od 08-2005Cirrus 3001, 4001, 6001 Super&nbsp;&nbsp;od 03-2007 ProducentAMAZONE<\/p>\n","protected":false},"featured_media":16812,"template":"","meta":{"_kad_post_transparent":"default","_kad_post_title":"","_kad_post_layout":"default","_kad_post_sidebar_id":"","_kad_post_content_style":"default","_kad_post_vertical_padding":"default","_kad_post_feature":"","_kad_post_feature_position":"","_kad_post_header":false,"_kad_post_footer":false},"product_cat":[319,272,289],"product_tag":[],"class_list":{"0":"post-16811","1":"product","2":"type-product","3":"status-publish","4":"has-post-thumbnail","6":"product_cat-amazone-brony-talerzowe","7":"product_cat-brony-talerzowe","8":"product_cat-sklep-internetowy","10":"first","11":"instock","12":"taxable","13":"shipping-taxable","14":"purchasable","15":"product-type-simple","16":"entry","17":"content-bg","18":"loop-entry"},"yoast_head":"<!-- This site is optimized with the Yoast SEO plugin v24.9 - https:\/\/yoast.com\/wordpress\/plugins\/seo\/ -->\n<title>RAMIE Z PIAST\u0104  J5 - AMATECH - Maszyny rolnicze, cz\u0119\u015bci zamienne, serwis<\/title>\n<meta name=\"robots\" content=\"index, follow, max-snippet:-1, max-image-preview:large, max-video-preview:-1\" \/>\n<link rel=\"canonical\" href=\"https:\/\/amatech.com.pl\/sklep\/czesci-zamienne\/ramie-z-piasta-iii-7\/\" \/>\n<meta property=\"og:locale\" content=\"pl_PL\" \/>\n<meta property=\"og:type\" content=\"article\" \/>\n<meta property=\"og:title\" content=\"RAMIE Z PIAST\u0104  J5 - AMATECH - Maszyny rolnicze, cz\u0119\u015bci zamienne, serwis\" \/>\n<meta property=\"og:description\" content=\"RAMIE Z PIAST&#260;&nbsp; &nbsp; 78400271 ZastosowanieBrona talerzowa Cenius 3000-6000&nbsp; &nbsp;od 01-2004Cenius 3001 Special\/Super&nbsp; &nbsp;od 01-2004Centaur 300, 400 X&nbsp; &nbsp;od 01-2001Centaur 5000, 6000, 7500&nbsp;&nbsp;od 01-2002Cirrus 3000, 4000, 6000&nbsp; od 01-2004&nbsp;Cirrus 3001, 4001, 6001 Special&nbsp;&nbsp;od 11-2006Cirrus 8001, 9001&nbsp;&nbsp;od 08-2005Cirrus 3001, 4001, 6001 Super&nbsp;&nbsp;od 03-2007 ProducentAMAZONE\" \/>\n<meta property=\"og:url\" content=\"https:\/\/amatech.com.pl\/sklep\/czesci-zamienne\/ramie-z-piasta-iii-7\/\" \/>\n<meta property=\"og:site_name\" content=\"AMATECH - Maszyny rolnicze, cz\u0119\u015bci zamienne, serwis\" \/>\n<meta property=\"article:publisher\" content=\"https:\/\/www.facebook.com\/amatech.poznanski\/\" \/>\n<meta property=\"article:modified_time\" content=\"2026-04-18T10:31:42+00:00\" \/>\n<meta property=\"og:image\" content=\"https:\/\/amatech.com.pl\/sklep\/wp-content\/uploads\/2024\/04\/RAMIE-Z-PIASTA-III-7.jpg\" \/>\n\t<meta property=\"og:image:width\" content=\"640\" \/>\n\t<meta property=\"og:image:height\" content=\"480\" \/>\n\t<meta property=\"og:image:type\" content=\"image\/jpeg\" \/>\n<meta name=\"twitter:card\" content=\"summary_large_image\" \/>\n<meta name=\"twitter:label1\" content=\"Szacowany czas czytania\" \/>\n\t<meta name=\"twitter:data1\" content=\"1 minuta\" \/>\n<script type=\"application\/ld+json\" class=\"yoast-schema-graph\">{\"@context\":\"https:\/\/schema.org\",\"@graph\":[{\"@type\":\"WebPage\",\"@id\":\"https:\/\/amatech.com.pl\/sklep\/czesci-zamienne\/ramie-z-piasta-iii-7\/\",\"url\":\"https:\/\/amatech.com.pl\/sklep\/czesci-zamienne\/ramie-z-piasta-iii-7\/\",\"name\":\"RAMIE Z PIAST\u0104 J5 - AMATECH - Maszyny rolnicze, cz\u0119\u015bci zamienne, serwis\",\"isPartOf\":{\"@id\":\"https:\/\/amatech.com.pl\/sklep\/#website\"},\"primaryImageOfPage\":{\"@id\":\"https:\/\/amatech.com.pl\/sklep\/czesci-zamienne\/ramie-z-piasta-iii-7\/#primaryimage\"},\"image\":{\"@id\":\"https:\/\/amatech.com.pl\/sklep\/czesci-zamienne\/ramie-z-piasta-iii-7\/#primaryimage\"},\"thumbnailUrl\":\"https:\/\/amatech.com.pl\/sklep\/wp-content\/uploads\/2024\/04\/RAMIE-Z-PIASTA-III-7.jpg\",\"datePublished\":\"2024-04-12T12:46:10+00:00\",\"dateModified\":\"2026-04-18T10:31:42+00:00\",\"breadcrumb\":{\"@id\":\"https:\/\/amatech.com.pl\/sklep\/czesci-zamienne\/ramie-z-piasta-iii-7\/#breadcrumb\"},\"inLanguage\":\"pl-PL\",\"potentialAction\":[{\"@type\":\"ReadAction\",\"target\":[\"https:\/\/amatech.com.pl\/sklep\/czesci-zamienne\/ramie-z-piasta-iii-7\/\"]}]},{\"@type\":\"ImageObject\",\"inLanguage\":\"pl-PL\",\"@id\":\"https:\/\/amatech.com.pl\/sklep\/czesci-zamienne\/ramie-z-piasta-iii-7\/#primaryimage\",\"url\":\"https:\/\/amatech.com.pl\/sklep\/wp-content\/uploads\/2024\/04\/RAMIE-Z-PIASTA-III-7.jpg\",\"contentUrl\":\"https:\/\/amatech.com.pl\/sklep\/wp-content\/uploads\/2024\/04\/RAMIE-Z-PIASTA-III-7.jpg\",\"width\":640,\"height\":480,\"caption\":\"RAMIE Z PIAST\u0104 III-7\"},{\"@type\":\"BreadcrumbList\",\"@id\":\"https:\/\/amatech.com.pl\/sklep\/czesci-zamienne\/ramie-z-piasta-iii-7\/#breadcrumb\",\"itemListElement\":[{\"@type\":\"ListItem\",\"position\":1,\"name\":\"Strona g\u0142\u00f3wna\",\"item\":\"https:\/\/amatech.com.pl\/sklep\/\"},{\"@type\":\"ListItem\",\"position\":2,\"name\":\"Sklep\",\"item\":\"https:\/\/amatech.com.pl\/sklep\/\"},{\"@type\":\"ListItem\",\"position\":3,\"name\":\"RAMIE Z PIAST\u0104 J5\"}]},{\"@type\":\"WebSite\",\"@id\":\"https:\/\/amatech.com.pl\/sklep\/#website\",\"url\":\"https:\/\/amatech.com.pl\/sklep\/\",\"name\":\"AMATECH - Maszyny rolnicze, cz\u0119\u015bci zamienne, serwis\",\"description\":\"AMATECH - Jaros\u0142aw Pozna\u0144ski - Zajmujemy si\u0119 sprzeda\u017c\u0105 maszyn i urz\u0105dze\u0144 rolniczych budowlanych oraz oryginalnych cz\u0119\u015bci zamiennych. Sklep on-line.\",\"publisher\":{\"@id\":\"https:\/\/amatech.com.pl\/sklep\/#organization\"},\"potentialAction\":[{\"@type\":\"SearchAction\",\"target\":{\"@type\":\"EntryPoint\",\"urlTemplate\":\"https:\/\/amatech.com.pl\/sklep\/?s={search_term_string}\"},\"query-input\":{\"@type\":\"PropertyValueSpecification\",\"valueRequired\":true,\"valueName\":\"search_term_string\"}}],\"inLanguage\":\"pl-PL\"},{\"@type\":\"Organization\",\"@id\":\"https:\/\/amatech.com.pl\/sklep\/#organization\",\"name\":\"AMATECH - Maszyny rolnicze, cz\u0119\u015bci zamienne, amazone, krone\",\"url\":\"https:\/\/amatech.com.pl\/sklep\/\",\"logo\":{\"@type\":\"ImageObject\",\"inLanguage\":\"pl-PL\",\"@id\":\"https:\/\/amatech.com.pl\/sklep\/#\/schema\/logo\/image\/\",\"url\":\"https:\/\/amatech.com.pl\/sklep\/wp-content\/uploads\/2021\/11\/amatech-logo.png\",\"contentUrl\":\"https:\/\/amatech.com.pl\/sklep\/wp-content\/uploads\/2021\/11\/amatech-logo.png\",\"width\":266,\"height\":57,\"caption\":\"AMATECH - Maszyny rolnicze, cz\u0119\u015bci zamienne, amazone, krone\"},\"image\":{\"@id\":\"https:\/\/amatech.com.pl\/sklep\/#\/schema\/logo\/image\/\"},\"sameAs\":[\"https:\/\/www.facebook.com\/amatech.poznanski\/\"]}]}<\/script>\n<!-- \/ Yoast SEO plugin. -->","yoast_head_json":{"title":"RAMIE Z PIAST\u0104  J5 - AMATECH - Maszyny rolnicze, cz\u0119\u015bci zamienne, serwis","robots":{"index":"index","follow":"follow","max-snippet":"max-snippet:-1","max-image-preview":"max-image-preview:large","max-video-preview":"max-video-preview:-1"},"canonical":"https:\/\/amatech.com.pl\/sklep\/czesci-zamienne\/ramie-z-piasta-iii-7\/","og_locale":"pl_PL","og_type":"article","og_title":"RAMIE Z PIAST\u0104  J5 - AMATECH - Maszyny rolnicze, cz\u0119\u015bci zamienne, serwis","og_description":"RAMIE Z PIAST&#260;&nbsp; &nbsp; 78400271 ZastosowanieBrona talerzowa Cenius 3000-6000&nbsp; &nbsp;od 01-2004Cenius 3001 Special\/Super&nbsp; &nbsp;od 01-2004Centaur 300, 400 X&nbsp; &nbsp;od 01-2001Centaur 5000, 6000, 7500&nbsp;&nbsp;od 01-2002Cirrus 3000, 4000, 6000&nbsp; od 01-2004&nbsp;Cirrus 3001, 4001, 6001 Special&nbsp;&nbsp;od 11-2006Cirrus 8001, 9001&nbsp;&nbsp;od 08-2005Cirrus 3001, 4001, 6001 Super&nbsp;&nbsp;od 03-2007 ProducentAMAZONE","og_url":"https:\/\/amatech.com.pl\/sklep\/czesci-zamienne\/ramie-z-piasta-iii-7\/","og_site_name":"AMATECH - Maszyny rolnicze, cz\u0119\u015bci zamienne, serwis","article_publisher":"https:\/\/www.facebook.com\/amatech.poznanski\/","article_modified_time":"2026-04-18T10:31:42+00:00","og_image":[{"width":640,"height":480,"url":"https:\/\/amatech.com.pl\/sklep\/wp-content\/uploads\/2024\/04\/RAMIE-Z-PIASTA-III-7.jpg","type":"image\/jpeg"}],"twitter_card":"summary_large_image","twitter_misc":{"Szacowany czas czytania":"1 minuta"},"schema":{"@context":"https:\/\/schema.org","@graph":[{"@type":"WebPage","@id":"https:\/\/amatech.com.pl\/sklep\/czesci-zamienne\/ramie-z-piasta-iii-7\/","url":"https:\/\/amatech.com.pl\/sklep\/czesci-zamienne\/ramie-z-piasta-iii-7\/","name":"RAMIE Z PIAST\u0104 J5 - AMATECH - Maszyny rolnicze, cz\u0119\u015bci zamienne, serwis","isPartOf":{"@id":"https:\/\/amatech.com.pl\/sklep\/#website"},"primaryImageOfPage":{"@id":"https:\/\/amatech.com.pl\/sklep\/czesci-zamienne\/ramie-z-piasta-iii-7\/#primaryimage"},"image":{"@id":"https:\/\/amatech.com.pl\/sklep\/czesci-zamienne\/ramie-z-piasta-iii-7\/#primaryimage"},"thumbnailUrl":"https:\/\/amatech.com.pl\/sklep\/wp-content\/uploads\/2024\/04\/RAMIE-Z-PIASTA-III-7.jpg","datePublished":"2024-04-12T12:46:10+00:00","dateModified":"2026-04-18T10:31:42+00:00","breadcrumb":{"@id":"https:\/\/amatech.com.pl\/sklep\/czesci-zamienne\/ramie-z-piasta-iii-7\/#breadcrumb"},"inLanguage":"pl-PL","potentialAction":[{"@type":"ReadAction","target":["https:\/\/amatech.com.pl\/sklep\/czesci-zamienne\/ramie-z-piasta-iii-7\/"]}]},{"@type":"ImageObject","inLanguage":"pl-PL","@id":"https:\/\/amatech.com.pl\/sklep\/czesci-zamienne\/ramie-z-piasta-iii-7\/#primaryimage","url":"https:\/\/amatech.com.pl\/sklep\/wp-content\/uploads\/2024\/04\/RAMIE-Z-PIASTA-III-7.jpg","contentUrl":"https:\/\/amatech.com.pl\/sklep\/wp-content\/uploads\/2024\/04\/RAMIE-Z-PIASTA-III-7.jpg","width":640,"height":480,"caption":"RAMIE Z PIAST\u0104 III-7"},{"@type":"BreadcrumbList","@id":"https:\/\/amatech.com.pl\/sklep\/czesci-zamienne\/ramie-z-piasta-iii-7\/#breadcrumb","itemListElement":[{"@type":"ListItem","position":1,"name":"Strona g\u0142\u00f3wna","item":"https:\/\/amatech.com.pl\/sklep\/"},{"@type":"ListItem","position":2,"name":"Sklep","item":"https:\/\/amatech.com.pl\/sklep\/"},{"@type":"ListItem","position":3,"name":"RAMIE Z PIAST\u0104 J5"}]},{"@type":"WebSite","@id":"https:\/\/amatech.com.pl\/sklep\/#website","url":"https:\/\/amatech.com.pl\/sklep\/","name":"AMATECH - Maszyny rolnicze, cz\u0119\u015bci zamienne, serwis","description":"AMATECH - Jaros\u0142aw Pozna\u0144ski - Zajmujemy si\u0119 sprzeda\u017c\u0105 maszyn i urz\u0105dze\u0144 rolniczych budowlanych oraz oryginalnych cz\u0119\u015bci zamiennych. Sklep on-line.","publisher":{"@id":"https:\/\/amatech.com.pl\/sklep\/#organization"},"potentialAction":[{"@type":"SearchAction","target":{"@type":"EntryPoint","urlTemplate":"https:\/\/amatech.com.pl\/sklep\/?s={search_term_string}"},"query-input":{"@type":"PropertyValueSpecification","valueRequired":true,"valueName":"search_term_string"}}],"inLanguage":"pl-PL"},{"@type":"Organization","@id":"https:\/\/amatech.com.pl\/sklep\/#organization","name":"AMATECH - Maszyny rolnicze, cz\u0119\u015bci zamienne, amazone, krone","url":"https:\/\/amatech.com.pl\/sklep\/","logo":{"@type":"ImageObject","inLanguage":"pl-PL","@id":"https:\/\/amatech.com.pl\/sklep\/#\/schema\/logo\/image\/","url":"https:\/\/amatech.com.pl\/sklep\/wp-content\/uploads\/2021\/11\/amatech-logo.png","contentUrl":"https:\/\/amatech.com.pl\/sklep\/wp-content\/uploads\/2021\/11\/amatech-logo.png","width":266,"height":57,"caption":"AMATECH - Maszyny rolnicze, cz\u0119\u015bci zamienne, amazone, krone"},"image":{"@id":"https:\/\/amatech.com.pl\/sklep\/#\/schema\/logo\/image\/"},"sameAs":["https:\/\/www.facebook.com\/amatech.poznanski\/"]}]}},"_links":{"self":[{"href":"https:\/\/amatech.com.pl\/sklep\/wp-json\/wp\/v2\/product\/16811"}],"collection":[{"href":"https:\/\/amatech.com.pl\/sklep\/wp-json\/wp\/v2\/product"}],"about":[{"href":"https:\/\/amatech.com.pl\/sklep\/wp-json\/wp\/v2\/types\/product"}],"wp:featuredmedia":[{"embeddable":true,"href":"https:\/\/amatech.com.pl\/sklep\/wp-json\/wp\/v2\/media\/16812"}],"wp:attachment":[{"href":"https:\/\/amatech.com.pl\/sklep\/wp-json\/wp\/v2\/media?parent=16811"}],"wp:term":[{"taxonomy":"product_cat","embeddable":true,"href":"https:\/\/amatech.com.pl\/sklep\/wp-json\/wp\/v2\/product_cat?post=16811"},{"taxonomy":"product_tag","embeddable":true,"href":"https:\/\/amatech.com.pl\/sklep\/wp-json\/wp\/v2\/product_tag?post=16811"}],"curies":[{"name":"wp","href":"https:\/\/api.w.org\/{rel}","templated":true}]}}